{"id":36377,"date":"2025-01-09T16:06:08","date_gmt":"2025-01-09T16:06:08","guid":{"rendered":"https:\/\/reanpackaging.com\/product\/bracelet-necklace-ring-boxes-paperboard-lid-and-base-box-for-jewelry-jewellery-packaging-box\/"},"modified":"2025-01-09T16:23:50","modified_gmt":"2025-01-09T16:23:50","slug":"bracelet-necklace-ring-boxes-paperboard-lid-and-base-box-for-jewelry-jewellery-packaging-box","status":"publish","type":"product","link":"https:\/\/reanpackaging.com\/da\/vare\/bracelet-necklace-ring-boxes-paperboard-lid-and-base-box-for-jewelry-jewellery-packaging-box\/","title":{"rendered":"Armb\u00e5nd halsk\u00e6de ringkasser papl\u00e5g og bundkasse til smykker smykkeemballage kasse"},"content":{"rendered":"<h4>Andre egenskaber<\/h4>\n<table border=\"1\">\n<tbody>\n<tr>\n<td><strong>Smykkeemballage og displaytype<\/strong><\/td>\n<td>Kasser og displays<\/td>\n<\/tr>\n<tr>\n<td><strong>Materiale<\/strong><\/td>\n<td>Smykkeskrin i PU-l\u00e6der<\/td>\n<\/tr>\n<tr>\n<td><strong>Farve<\/strong><\/td>\n<td>Gr\u00f8n, kaffe, bourgogne, tiffle, champagne<\/td>\n<\/tr>\n<tr>\n<td><strong>Anvendelse<\/strong><\/td>\n<td>Overraskende smykkepakke-\u00e6ske<\/td>\n<\/tr>\n<tr>\n<td><strong>Logo<\/strong><\/td>\n<td>Skal tilpasses<\/td>\n<\/tr>\n<tr>\n<td><strong>Design<\/strong><\/td>\n<td>Vinkelrundt guldkantet guldsp\u00e6nde<\/td>\n<\/tr>\n<tr>\n<td><strong>Pr\u00f8vetid<\/strong><\/td>\n<td>5-7 dage<\/td>\n<\/tr>\n<tr>\n<td><strong>Funktion<\/strong><\/td>\n<td>Milj\u00f8venlig smykkeskrin til ringe og \u00f8reringe<\/td>\n<\/tr>\n<tr>\n<td><strong>St\u00f8rrelse<\/strong><\/td>\n<td>Der henvises til f\u00f8lgende<\/td>\n<\/tr>\n<\/tbody>\n<\/table>\n<p><img decoding=\"async\" class=\"detail-desc-decorate-image\" style=\"max-width: 100%; height: auto; display: block; margin: 0 auto;\" src=\"https:\/\/reanpackaging.com\/wp-content\/uploads\/2025\/01\/1-description-Bracelet-necklace-ring-boxes-paperboard-lid-and-base-box-for-jewelry-jewellery-packaging-box.jpg\" \/><br \/>\n<img decoding=\"async\" class=\"detail-desc-decorate-image\" style=\"max-width: 100%; height: auto; display: block; margin: 0 auto;\" src=\"https:\/\/reanpackaging.com\/wp-content\/uploads\/2025\/01\/2-description-Bracelet-necklace-ring-boxes-paperboard-lid-and-base-box-for-jewelry-jewellery-packaging-box.jpg\" \/><br \/>\n<img decoding=\"async\" class=\"detail-desc-decorate-image\" style=\"max-width: 100%; height: auto; display: block; margin: 0 auto;\" src=\"https:\/\/reanpackaging.com\/wp-content\/uploads\/2025\/01\/3-description-Bracelet-necklace-ring-boxes-paperboard-lid-and-base-box-for-jewelry-jewellery-packaging-box.jpg\" \/><br \/>\n<img decoding=\"async\" class=\"detail-desc-decorate-image\" style=\"max-width: 100%; height: auto; display: block; margin: 0 auto;\" src=\"https:\/\/reanpackaging.com\/wp-content\/uploads\/2025\/01\/4-description-Bracelet-necklace-ring-boxes-paperboard-lid-and-base-box-for-jewelry-jewellery-packaging-box.jpg\" \/><br \/>\n<img decoding=\"async\" class=\"detail-desc-decorate-image\" style=\"max-width: 100%; height: auto; display: block; margin: 0 auto;\" src=\"https:\/\/reanpackaging.com\/wp-content\/uploads\/2025\/01\/5-description-Bracelet-necklace-ring-boxes-paperboard-lid-and-base-box-for-jewelry-jewellery-packaging-box.jpg\" \/><br \/>\n<img decoding=\"async\" class=\"detail-desc-decorate-image\" style=\"max-width: 100%; height: auto; display: block; margin: 0 auto;\" src=\"https:\/\/reanpackaging.com\/wp-content\/uploads\/2025\/01\/6-description-Bracelet-necklace-ring-boxes-paperboard-lid-and-base-box-for-jewelry-jewellery-packaging-box.jpg\" \/><\/p>","protected":false},"excerpt":{"rendered":"<p>Other Attributes Jewelry Packaging &amp; Display Type Cases &amp; Displays Material PU leather jewelry box Color Green, coffee, burgundy, tiffle, champagne Usage Surprise Jewelry Package box Logo To be customized Design Angle rounded gold rimmed gold buckle Sample Time 5-7days Feature Eco-friendly jewelry ring earring box Size Refer to the following<\/p>","protected":false},"featured_media":36150,"template":"","meta":{"_seopress_robots_primary_cat":"none","_seopress_titles_title":"Bracelet necklace ring boxes paperboard lid and base box for jewelry jewellery packaging box","_seopress_titles_desc":"","_seopress_robots_index":"","site-sidebar-layout":"default","site-content-layout":"","ast-site-content-layout":"default","site-content-style":"default","site-sidebar-style":"default","ast-global-header-display":"","ast-banner-title-visibility":"","ast-main-header-display":"","ast-hfb-above-header-display":"","ast-hfb-below-header-display":"","ast-hfb-mobile-header-display":"","site-post-title":"","ast-breadcrumbs-content":"","ast-featured-img":"","footer-sml-layout":"","ast-disable-related-posts":"","theme-transparent-header-meta":"default","adv-header-id-meta":"","stick-header-meta":"default","header-above-stick-meta":"","header-main-stick-meta":"","header-below-stick-meta":"","astra-migrate-meta-layouts":"set","ast-page-background-enabled":"default","ast-page-background-meta":{"desktop":{"background-color":"","background-image":"","background-repeat":"repeat","background-position":"center center","background-size":"auto","background-attachment":"scroll","background-type":"","background-media":"","overlay-type":"","overlay-color":"","overlay-opacity":"","overlay-gradient":""},"tablet":{"background-color":"","background-image":"","background-repeat":"repeat","background-position":"center center","background-size":"auto","background-attachment":"scroll","background-type":"","background-media":"","overlay-type":"","overlay-color":"","overlay-opacity":"","overlay-gradient":""},"mobile":{"background-color":"","background-image":"","background-repeat":"repeat","background-position":"center center","background-size":"auto","background-attachment":"scroll","background-type":"","background-media":"","overlay-type":"","overlay-color":"","overlay-opacity":"","overlay-gradient":""}},"ast-content-background-meta":{"desktop":{"background-color":"var(--ast-global-color-5)","background-image":"","background-repeat":"repeat","background-position":"center center","background-size":"auto","background-attachment":"scroll","background-type":"","background-media":"","overlay-type":"","overlay-color":"","overlay-opacity":"","overlay-gradient":""},"tablet":{"background-color":"var(--ast-global-color-5)","background-image":"","background-repeat":"repeat","background-position":"center center","background-size":"auto","background-attachment":"scroll","background-type":"","background-media":"","overlay-type":"","overlay-color":"","overlay-opacity":"","overlay-gradient":""},"mobile":{"background-color":"var(--ast-global-color-5)","background-image":"","background-repeat":"repeat","background-position":"center center","background-size":"auto","background-attachment":"scroll","background-type":"","background-media":"","overlay-type":"","overlay-color":"","overlay-opacity":"","overlay-gradient":""}}},"product_brand":[],"product_cat":[86],"product_tag":[],"class_list":{"0":"post-36377","1":"product","2":"type-product","3":"status-publish","4":"has-post-thumbnail","6":"product_cat-bracelet-box","7":"desktop-align-left","8":"tablet-align-left","9":"mobile-align-left","10":"ast-product-gallery-layout-horizontal","11":"ast-product-tabs-layout-horizontal","13":"first","14":"instock","15":"product-type-simple"},"_links":{"self":[{"href":"https:\/\/reanpackaging.com\/da\/wp-json\/wp\/v2\/product\/36377","targetHints":{"allow":["GET"]}}],"collection":[{"href":"https:\/\/reanpackaging.com\/da\/wp-json\/wp\/v2\/product"}],"about":[{"href":"https:\/\/reanpackaging.com\/da\/wp-json\/wp\/v2\/types\/product"}],"wp:featuredmedia":[{"embeddable":true,"href":"https:\/\/reanpackaging.com\/da\/wp-json\/wp\/v2\/media\/36150"}],"wp:attachment":[{"href":"https:\/\/reanpackaging.com\/da\/wp-json\/wp\/v2\/media?parent=36377"}],"wp:term":[{"taxonomy":"product_brand","embeddable":true,"href":"https:\/\/reanpackaging.com\/da\/wp-json\/wp\/v2\/product_brand?post=36377"},{"taxonomy":"product_cat","embeddable":true,"href":"https:\/\/reanpackaging.com\/da\/wp-json\/wp\/v2\/product_cat?post=36377"},{"taxonomy":"product_tag","embeddable":true,"href":"https:\/\/reanpackaging.com\/da\/wp-json\/wp\/v2\/product_tag?post=36377"}],"curies":[{"name":"wp","href":"https:\/\/api.w.org\/{rel}","templated":true}]}}