{"id":38983,"date":"2025-01-16T14:38:37","date_gmt":"2025-01-16T14:38:37","guid":{"rendered":"https:\/\/reanpackaging.com\/product\/wholesale-luxury-color-velvet-round-dry-flower-box-roses-gift-box-luxury-cardboard-round-flower-box\/"},"modified":"2025-01-16T16:27:32","modified_gmt":"2025-01-16T16:27:32","slug":"wholesale-luxury-color-velvet-round-dry-flower-box-roses-gift-box-luxury-cardboard-round-flower-box","status":"publish","type":"product","link":"https:\/\/reanpackaging.com\/da\/vare\/wholesale-luxury-color-velvet-round-dry-flower-box-roses-gift-box-luxury-cardboard-round-flower-box\/","title":{"rendered":"Engros luksusfarve fl\u00f8jl rund t\u00f8r blomsterkasse roser gave\u00e6ske luksus pap rund blomsterkasse"},"content":{"rendered":"<h4>Branchespecifikke egenskaber<\/h4>\n<table border=\"1\">\n<tbody>\n<tr>\n<td><strong>Industriel anvendelse<\/strong><\/td>\n<td>Gave og h\u00e5ndv\u00e6rk<\/td>\n<\/tr>\n<tr>\n<td><strong>Papirtype<\/strong><\/td>\n<td>Pap<\/td>\n<\/tr>\n<tr>\n<td><strong>Funktion<\/strong><\/td>\n<td>H\u00e5ndlavet<\/td>\n<\/tr>\n<tr>\n<td><strong>Boks-type<\/strong><\/td>\n<td>Stive kasser<\/td>\n<\/tr>\n<\/tbody>\n<\/table>\n<h4>Andre egenskaber<\/h4>\n<table border=\"1\">\n<tbody>\n<tr>\n<td><strong>Form<\/strong><\/td>\n<td>Runde<\/td>\n<\/tr>\n<tr>\n<td><strong>H\u00e5ndtering af udskrivning<\/strong><\/td>\n<td>Pr\u00e6gning, blank laminering, mat laminering, stempling, UV-bel\u00e6gning, lakering, VANISHING, guldfolie<\/td>\n<\/tr>\n<tr>\n<td><strong>Brugerdefineret ordre<\/strong><\/td>\n<td>Accepter<\/td>\n<\/tr>\n<tr>\n<td><strong>Materiale<\/strong><\/td>\n<td>Pap og karton<\/td>\n<\/tr>\n<tr>\n<td><strong>St\u00f8rrelse<\/strong><\/td>\n<td>Blomsterkasse i specialm\u00e5l<\/td>\n<\/tr>\n<tr>\n<td><strong>Farve<\/strong><\/td>\n<td>Alle farver er tilg\u00e6ngelige<\/td>\n<\/tr>\n<tr>\n<td><strong>OEM<\/strong><\/td>\n<td>Tilpassede m\u00e6rker<\/td>\n<\/tr>\n<tr>\n<td><strong>Funktion<\/strong><\/td>\n<td>Omskrevet<\/td>\n<\/tr>\n<tr>\n<td><strong>Pr\u00f8ve<\/strong><\/td>\n<td>JA<\/td>\n<\/tr>\n<tr>\n<td><strong>Certifikat<\/strong><\/td>\n<td>Blomsterkasse af papir<\/td>\n<\/tr>\n<tr>\n<td><strong>Logo<\/strong><\/td>\n<td>Brugerdefineret foliestempling af logo<\/td>\n<\/tr>\n<tr>\n<td><strong>Pakning<\/strong><\/td>\n<td>Standard karton<\/td>\n<\/tr>\n<tr>\n<td><strong>B\u00e5nd<\/strong><\/td>\n<td>Alle slags farver b\u00e5nd<\/td>\n<\/tr>\n<\/tbody>\n<\/table>\n<p><img decoding=\"async\" class=\"detail-desc-decorate-image\" style=\"max-width: 100%; height: auto; display: block; margin: 0 auto;\" src=\"https:\/\/reanpackaging.com\/wp-content\/uploads\/2025\/01\/1-description-Wholesale-Luxury-Color-Velvet-Round-Dry-Flower-Box-Roses-Gift-Box-Luxury-Cardboard-Round-Flower-Box.jpg\" \/><br \/>\n<img decoding=\"async\" class=\"detail-desc-decorate-image\" style=\"max-width: 100%; height: auto; display: block; margin: 0 auto;\" src=\"https:\/\/reanpackaging.com\/wp-content\/uploads\/2025\/01\/2-description-Wholesale-Luxury-Color-Velvet-Round-Dry-Flower-Box-Roses-Gift-Box-Luxury-Cardboard-Round-Flower-Box.jpg\" \/><br \/>\n<img decoding=\"async\" class=\"detail-desc-decorate-image\" style=\"max-width: 100%; height: auto; display: block; margin: 0 auto;\" src=\"https:\/\/reanpackaging.com\/wp-content\/uploads\/2025\/01\/3-description-Wholesale-Luxury-Color-Velvet-Round-Dry-Flower-Box-Roses-Gift-Box-Luxury-Cardboard-Round-Flower-Box.png\" \/><br \/>\n<img decoding=\"async\" class=\"detail-desc-decorate-image\" style=\"max-width: 100%; height: auto; display: block; margin: 0 auto;\" src=\"https:\/\/reanpackaging.com\/wp-content\/uploads\/2025\/01\/4-description-Wholesale-Luxury-Color-Velvet-Round-Dry-Flower-Box-Roses-Gift-Box-Luxury-Cardboard-Round-Flower-Box.png\" \/><br \/>\n<img decoding=\"async\" class=\"detail-desc-decorate-image\" style=\"max-width: 100%; height: auto; display: block; margin: 0 auto;\" src=\"https:\/\/reanpackaging.com\/wp-content\/uploads\/2025\/01\/5-description-Wholesale-Luxury-Color-Velvet-Round-Dry-Flower-Box-Roses-Gift-Box-Luxury-Cardboard-Round-Flower-Box.png\" \/><\/p>","protected":false},"excerpt":{"rendered":"<p>Industry-Specific Attributes Industrial Use Gift &amp; Craft Paper Type Paperboard Feature Handmade box type Rigid Boxes Other Attributes Shape Round Printing Handling Embossing, Glossy Lamination, Matt Lamination, Stamping, UV Coating, Varnishing, VANISHING, Gold Foil Custom Order Accept Material Paper board Size Custom sizes flower box Color Any color is available OEM Custom brands Feature Recyeled [&hellip;]<\/p>\n","protected":false},"featured_media":38911,"template":"","meta":{"_seopress_robots_primary_cat":"none","_seopress_titles_title":"Wholesale Luxury Color Velvet Round Dry Flower Box Roses Gift Box Luxury Cardboard Round Flower Box","_seopress_titles_desc":"","_seopress_robots_index":"","site-sidebar-layout":"default","site-content-layout":"","ast-site-content-layout":"default","site-content-style":"default","site-sidebar-style":"default","ast-global-header-display":"","ast-banner-title-visibility":"","ast-main-header-display":"","ast-hfb-above-header-display":"","ast-hfb-below-header-display":"","ast-hfb-mobile-header-display":"","site-post-title":"","ast-breadcrumbs-content":"","ast-featured-img":"","footer-sml-layout":"","ast-disable-related-posts":"","theme-transparent-header-meta":"default","adv-header-id-meta":"","stick-header-meta":"default","header-above-stick-meta":"","header-main-stick-meta":"","header-below-stick-meta":"","astra-migrate-meta-layouts":"set","ast-page-background-enabled":"default","ast-page-background-meta":{"desktop":{"background-color":"","background-image":"","background-repeat":"repeat","background-position":"center center","background-size":"auto","background-attachment":"scroll","background-type":"","background-media":"","overlay-type":"","overlay-color":"","overlay-opacity":"","overlay-gradient":""},"tablet":{"background-color":"","background-image":"","background-repeat":"repeat","background-position":"center center","background-size":"auto","background-attachment":"scroll","background-type":"","background-media":"","overlay-type":"","overlay-color":"","overlay-opacity":"","overlay-gradient":""},"mobile":{"background-color":"","background-image":"","background-repeat":"repeat","background-position":"center center","background-size":"auto","background-attachment":"scroll","background-type":"","background-media":"","overlay-type":"","overlay-color":"","overlay-opacity":"","overlay-gradient":""}},"ast-content-background-meta":{"desktop":{"background-color":"var(--ast-global-color-5)","background-image":"","background-repeat":"repeat","background-position":"center center","background-size":"auto","background-attachment":"scroll","background-type":"","background-media":"","overlay-type":"","overlay-color":"","overlay-opacity":"","overlay-gradient":""},"tablet":{"background-color":"var(--ast-global-color-5)","background-image":"","background-repeat":"repeat","background-position":"center center","background-size":"auto","background-attachment":"scroll","background-type":"","background-media":"","overlay-type":"","overlay-color":"","overlay-opacity":"","overlay-gradient":""},"mobile":{"background-color":"var(--ast-global-color-5)","background-image":"","background-repeat":"repeat","background-position":"center center","background-size":"auto","background-attachment":"scroll","background-type":"","background-media":"","overlay-type":"","overlay-color":"","overlay-opacity":"","overlay-gradient":""}}},"product_brand":[],"product_cat":[88],"product_tag":[],"class_list":{"0":"post-38983","1":"product","2":"type-product","3":"status-publish","4":"has-post-thumbnail","6":"product_cat-round-gift-boxes","7":"desktop-align-left","8":"tablet-align-left","9":"mobile-align-left","10":"ast-product-gallery-layout-horizontal","11":"ast-product-tabs-layout-horizontal","13":"first","14":"instock","15":"product-type-simple"},"_links":{"self":[{"href":"https:\/\/reanpackaging.com\/da\/wp-json\/wp\/v2\/product\/38983","targetHints":{"allow":["GET"]}}],"collection":[{"href":"https:\/\/reanpackaging.com\/da\/wp-json\/wp\/v2\/product"}],"about":[{"href":"https:\/\/reanpackaging.com\/da\/wp-json\/wp\/v2\/types\/product"}],"wp:featuredmedia":[{"embeddable":true,"href":"https:\/\/reanpackaging.com\/da\/wp-json\/wp\/v2\/media\/38911"}],"wp:attachment":[{"href":"https:\/\/reanpackaging.com\/da\/wp-json\/wp\/v2\/media?parent=38983"}],"wp:term":[{"taxonomy":"product_brand","embeddable":true,"href":"https:\/\/reanpackaging.com\/da\/wp-json\/wp\/v2\/product_brand?post=38983"},{"taxonomy":"product_cat","embeddable":true,"href":"https:\/\/reanpackaging.com\/da\/wp-json\/wp\/v2\/product_cat?post=38983"},{"taxonomy":"product_tag","embeddable":true,"href":"https:\/\/reanpackaging.com\/da\/wp-json\/wp\/v2\/product_tag?post=38983"}],"curies":[{"name":"wp","href":"https:\/\/api.w.org\/{rel}","templated":true}]}}