{"id":38996,"date":"2025-01-16T14:39:27","date_gmt":"2025-01-16T14:39:27","guid":{"rendered":"https:\/\/reanpackaging.com\/product\/wholesale-round-grey-custom-logo-hard-cardboard-gift-paper-box-for-wigs\/"},"modified":"2025-01-16T16:28:51","modified_gmt":"2025-01-16T16:28:51","slug":"wholesale-round-grey-custom-logo-hard-cardboard-gift-paper-box-for-wigs","status":"publish","type":"product","link":"https:\/\/reanpackaging.com\/da\/vare\/wholesale-round-grey-custom-logo-hard-cardboard-gift-paper-box-for-wigs\/","title":{"rendered":"Engros rund gr\u00e5 \u00e6ske med brugerdefineret logo af h\u00e5rdt pap til parykker"},"content":{"rendered":"<h4>Branchespecifikke egenskaber<\/h4>\n<table border=\"1\">\n<tbody>\n<tr>\n<td><strong>Industriel anvendelse<\/strong><\/td>\n<td>Kosmetisk<\/td>\n<\/tr>\n<tr>\n<td><strong>Papirtype<\/strong><\/td>\n<td>Pap<\/td>\n<\/tr>\n<tr>\n<td><strong>Funktion<\/strong><\/td>\n<td>Genbrugte materialer<\/td>\n<\/tr>\n<tr>\n<td><strong>Boks-type<\/strong><\/td>\n<td>Andre<\/td>\n<\/tr>\n<\/tbody>\n<\/table>\n<h4>Andre egenskaber<\/h4>\n<table border=\"1\">\n<tbody>\n<tr>\n<td><strong>Form<\/strong><\/td>\n<td>Runde<\/td>\n<\/tr>\n<tr>\n<td><strong>H\u00e5ndtering af udskrivning<\/strong><\/td>\n<td>Mat laminering, lakering, stempling, blank laminering, UV-bel\u00e6gning, VANISHING, CMYK- og pantonefarver<\/td>\n<\/tr>\n<tr>\n<td><strong>Brugerdefineret ordre<\/strong><\/td>\n<td>Accepter<\/td>\n<\/tr>\n<tr>\n<td><strong>Tilbeh\u00f8r<\/strong><\/td>\n<td>B\u00e5nd<\/td>\n<\/tr>\n<tr>\n<td><strong>Foringstype<\/strong><\/td>\n<td>Pap<\/td>\n<\/tr>\n<tr>\n<td><strong>Produktets navn<\/strong><\/td>\n<td>rund papemballage med satin<\/td>\n<\/tr>\n<tr>\n<td><strong>St\u00f8rrelse<\/strong><\/td>\n<td>17,5*17,5*5,5cm<\/td>\n<\/tr>\n<tr>\n<td><strong>H\u00e5ndtering af udskrivning:<\/strong><\/td>\n<td>CMYK- og pantonefarver<\/td>\n<\/tr>\n<tr>\n<td><strong>Funktion<\/strong><\/td>\n<td>Genanvendelig, genanvendelig<\/td>\n<\/tr>\n<tr>\n<td><strong>Farve<\/strong><\/td>\n<td>CMYK- og pantonefarver<\/td>\n<\/tr>\n<tr>\n<td><strong>Anvendelse<\/strong><\/td>\n<td>Papiremballage til kosmetikflasker<\/td>\n<\/tr>\n<tr>\n<td><strong>Materialestruktur<\/strong><\/td>\n<td>157 g bestr\u00f8get papir + 1400 g karton<\/td>\n<\/tr>\n<tr>\n<td><strong>St\u00f8rrelse p\u00e5 produktemballage<\/strong><\/td>\n<td>22*22*10cm<\/td>\n<\/tr>\n<tr>\n<td><strong>Industriel anvendelse<\/strong><\/td>\n<td>Papiremballage til kosmetikflasker<\/td>\n<\/tr>\n<\/tbody>\n<\/table>\n<p><img decoding=\"async\" class=\"detail-desc-decorate-image\" style=\"max-width: 100%; height: auto; display: block; margin: 0 auto;\" src=\"https:\/\/reanpackaging.com\/wp-content\/uploads\/2025\/01\/1-description-Wholesale-Round-Grey-Custom-Logo-Hard-Cardboard-Gift-Paper-Box-For-Wigs.jpg\" \/><br \/>\n<img decoding=\"async\" class=\"detail-desc-decorate-image\" style=\"max-width: 100%; height: auto; display: block; margin: 0 auto;\" src=\"https:\/\/reanpackaging.com\/wp-content\/uploads\/2025\/01\/2-description-Wholesale-Round-Grey-Custom-Logo-Hard-Cardboard-Gift-Paper-Box-For-Wigs.jpg\" \/><br \/>\n<img decoding=\"async\" class=\"detail-desc-decorate-image\" style=\"max-width: 100%; height: auto; display: block; margin: 0 auto;\" src=\"https:\/\/reanpackaging.com\/wp-content\/uploads\/2025\/01\/3-description-Wholesale-Round-Grey-Custom-Logo-Hard-Cardboard-Gift-Paper-Box-For-Wigs.jpg\" \/><br \/>\n<img decoding=\"async\" class=\"detail-desc-decorate-image\" style=\"max-width: 100%; height: auto; display: block; margin: 0 auto;\" src=\"https:\/\/reanpackaging.com\/wp-content\/uploads\/2025\/01\/4-description-Wholesale-Round-Grey-Custom-Logo-Hard-Cardboard-Gift-Paper-Box-For-Wigs.jpg\" \/><br \/>\n<img decoding=\"async\" class=\"detail-desc-decorate-image\" style=\"max-width: 100%; height: auto; display: block; margin: 0 auto;\" src=\"https:\/\/reanpackaging.com\/wp-content\/uploads\/2025\/01\/5-description-Wholesale-Round-Grey-Custom-Logo-Hard-Cardboard-Gift-Paper-Box-For-Wigs.jpg\" \/><br \/>\n<img decoding=\"async\" class=\"detail-desc-decorate-image\" style=\"max-width: 100%; height: auto; display: block; margin: 0 auto;\" src=\"https:\/\/reanpackaging.com\/wp-content\/uploads\/2025\/01\/6-description-Wholesale-Round-Grey-Custom-Logo-Hard-Cardboard-Gift-Paper-Box-For-Wigs.jpg\" \/><br \/>\n<img decoding=\"async\" class=\"detail-desc-decorate-image\" style=\"max-width: 100%; height: auto; display: block; margin: 0 auto;\" src=\"https:\/\/reanpackaging.com\/wp-content\/uploads\/2025\/01\/7-description-Wholesale-Round-Grey-Custom-Logo-Hard-Cardboard-Gift-Paper-Box-For-Wigs.jpg\" \/><br \/>\n<img decoding=\"async\" class=\"detail-desc-decorate-image\" style=\"max-width: 100%; height: auto; display: block; margin: 0 auto;\" src=\"https:\/\/reanpackaging.com\/wp-content\/uploads\/2025\/01\/8-description-Wholesale-Round-Grey-Custom-Logo-Hard-Cardboard-Gift-Paper-Box-For-Wigs.jpg\" \/><br \/>\n<img decoding=\"async\" class=\"detail-desc-decorate-image\" style=\"max-width: 100%; height: auto; display: block; margin: 0 auto;\" src=\"https:\/\/reanpackaging.com\/wp-content\/uploads\/2025\/01\/9-description-Wholesale-Round-Grey-Custom-Logo-Hard-Cardboard-Gift-Paper-Box-For-Wigs.jpg\" \/><\/p>","protected":false},"excerpt":{"rendered":"<p>Industry-Specific Attributes Industrial Use Cosmetic Paper Type Paperboard Feature Recycled Materials box type Others Other Attributes Shape Round Printing Handling Matt Lamination, Varnishing, Stamping, Glossy Lamination, UV Coating, VANISHING, CMYK and pantone colors Custom Order Accept Accessories Ribbon Liner type Paperboard Product name round cardboard packaging box with satin Size 17.5*17.5*5.5cm Printing Handling: CMYK and [&hellip;]<\/p>\n","protected":false},"featured_media":38917,"template":"","meta":{"_seopress_robots_primary_cat":"none","_seopress_titles_title":"Wholesale Round Grey Custom Logo Hard Cardboard Gift Paper Box For Wigs","_seopress_titles_desc":"","_seopress_robots_index":"","site-sidebar-layout":"default","site-content-layout":"","ast-site-content-layout":"default","site-content-style":"default","site-sidebar-style":"default","ast-global-header-display":"","ast-banner-title-visibility":"","ast-main-header-display":"","ast-hfb-above-header-display":"","ast-hfb-below-header-display":"","ast-hfb-mobile-header-display":"","site-post-title":"","ast-breadcrumbs-content":"","ast-featured-img":"","footer-sml-layout":"","ast-disable-related-posts":"","theme-transparent-header-meta":"default","adv-header-id-meta":"","stick-header-meta":"default","header-above-stick-meta":"","header-main-stick-meta":"","header-below-stick-meta":"","astra-migrate-meta-layouts":"set","ast-page-background-enabled":"default","ast-page-background-meta":{"desktop":{"background-color":"","background-image":"","background-repeat":"repeat","background-position":"center center","background-size":"auto","background-attachment":"scroll","background-type":"","background-media":"","overlay-type":"","overlay-color":"","overlay-opacity":"","overlay-gradient":""},"tablet":{"background-color":"","background-image":"","background-repeat":"repeat","background-position":"center center","background-size":"auto","background-attachment":"scroll","background-type":"","background-media":"","overlay-type":"","overlay-color":"","overlay-opacity":"","overlay-gradient":""},"mobile":{"background-color":"","background-image":"","background-repeat":"repeat","background-position":"center center","background-size":"auto","background-attachment":"scroll","background-type":"","background-media":"","overlay-type":"","overlay-color":"","overlay-opacity":"","overlay-gradient":""}},"ast-content-background-meta":{"desktop":{"background-color":"var(--ast-global-color-5)","background-image":"","background-repeat":"repeat","background-position":"center center","background-size":"auto","background-attachment":"scroll","background-type":"","background-media":"","overlay-type":"","overlay-color":"","overlay-opacity":"","overlay-gradient":""},"tablet":{"background-color":"var(--ast-global-color-5)","background-image":"","background-repeat":"repeat","background-position":"center center","background-size":"auto","background-attachment":"scroll","background-type":"","background-media":"","overlay-type":"","overlay-color":"","overlay-opacity":"","overlay-gradient":""},"mobile":{"background-color":"var(--ast-global-color-5)","background-image":"","background-repeat":"repeat","background-position":"center center","background-size":"auto","background-attachment":"scroll","background-type":"","background-media":"","overlay-type":"","overlay-color":"","overlay-opacity":"","overlay-gradient":""}}},"product_brand":[],"product_cat":[88],"product_tag":[],"class_list":{"0":"post-38996","1":"product","2":"type-product","3":"status-publish","4":"has-post-thumbnail","6":"product_cat-round-gift-boxes","7":"desktop-align-left","8":"tablet-align-left","9":"mobile-align-left","10":"ast-product-gallery-layout-horizontal","11":"ast-product-tabs-layout-horizontal","13":"first","14":"instock","15":"product-type-simple"},"_links":{"self":[{"href":"https:\/\/reanpackaging.com\/da\/wp-json\/wp\/v2\/product\/38996","targetHints":{"allow":["GET"]}}],"collection":[{"href":"https:\/\/reanpackaging.com\/da\/wp-json\/wp\/v2\/product"}],"about":[{"href":"https:\/\/reanpackaging.com\/da\/wp-json\/wp\/v2\/types\/product"}],"wp:featuredmedia":[{"embeddable":true,"href":"https:\/\/reanpackaging.com\/da\/wp-json\/wp\/v2\/media\/38917"}],"wp:attachment":[{"href":"https:\/\/reanpackaging.com\/da\/wp-json\/wp\/v2\/media?parent=38996"}],"wp:term":[{"taxonomy":"product_brand","embeddable":true,"href":"https:\/\/reanpackaging.com\/da\/wp-json\/wp\/v2\/product_brand?post=38996"},{"taxonomy":"product_cat","embeddable":true,"href":"https:\/\/reanpackaging.com\/da\/wp-json\/wp\/v2\/product_cat?post=38996"},{"taxonomy":"product_tag","embeddable":true,"href":"https:\/\/reanpackaging.com\/da\/wp-json\/wp\/v2\/product_tag?post=38996"}],"curies":[{"name":"wp","href":"https:\/\/api.w.org\/{rel}","templated":true}]}}