{"id":50705,"date":"2025-02-03T17:23:39","date_gmt":"2025-02-03T17:23:39","guid":{"rendered":"https:\/\/reanpackaging.com\/product\/luxury-magnetic-small-gift-box-custom-jewelry-box-for-fashion-earings-jewelry-package-box-and-pouch-bag\/"},"modified":"2025-02-03T18:18:47","modified_gmt":"2025-02-03T18:18:47","slug":"luxury-magnetic-small-gift-box-custom-jewelry-box-for-fashion-earings-jewelry-package-box-and-pouch-bag","status":"publish","type":"product","link":"https:\/\/reanpackaging.com\/da\/vare\/luxury-magnetic-small-gift-box-custom-jewelry-box-for-fashion-earings-jewelry-package-box-and-pouch-bag\/","title":{"rendered":"Luksus magnetisk lille gave\u00e6ske brugerdefineret smykkeskrin til mode\u00f8reringe smykkepakke\u00e6ske og posepose"},"content":{"rendered":"<h4>Branchespecifikke egenskaber<\/h4>\n<table border=\"1\">\n<tbody>\n<tr>\n<td><strong>Industriel anvendelse<\/strong><\/td>\n<td>Smykker &amp; ure &amp; briller<\/td>\n<\/tr>\n<tr>\n<td><strong>Papirtype<\/strong><\/td>\n<td>Gr\u00e5t br\u00e6t<\/td>\n<\/tr>\n<tr>\n<td><strong>Funktion<\/strong><\/td>\n<td>Genanvendelig<\/td>\n<\/tr>\n<tr>\n<td><strong>Boks-type<\/strong><\/td>\n<td>Stive kasser<\/td>\n<\/tr>\n<\/tbody>\n<\/table>\n<h4>Andre egenskaber<\/h4>\n<table border=\"1\">\n<tbody>\n<tr>\n<td><strong>H\u00e5ndtering af udskrivning<\/strong><\/td>\n<td>VANISHING, guldfolie, mat laminering, UV-bel\u00e6gning, lakering, blank laminering, pr\u00e6gning, stempling<\/td>\n<\/tr>\n<tr>\n<td><strong>Brugerdefineret ordre<\/strong><\/td>\n<td>Accepter<\/td>\n<\/tr>\n<tr>\n<td><strong>Tilbeh\u00f8r<\/strong><\/td>\n<td>Magnetisk lukning<\/td>\n<\/tr>\n<tr>\n<td><strong>Foringstype<\/strong><\/td>\n<td>Plast, pap, svamp<\/td>\n<\/tr>\n<tr>\n<td><strong>Produktets navn<\/strong><\/td>\n<td>Opbevaringsboks til smykker<\/td>\n<\/tr>\n<tr>\n<td><strong>Materiale<\/strong><\/td>\n<td>1200 g gr\u00e5 karton + 157 g kunstpapir<\/td>\n<\/tr>\n<tr>\n<td><strong>Fordel<\/strong><\/td>\n<td>Anti-ridse-laminering, soft touch-laminering uden fingeraftryk<\/td>\n<\/tr>\n<tr>\n<td><strong>Udskrivning<\/strong><\/td>\n<td>CMYK 4 farver\/Pantone<\/td>\n<\/tr>\n<tr>\n<td><strong>H\u00e5ndv\u00e6rk<\/strong><\/td>\n<td>Offsettryk, UV-tryk, varmstempling<\/td>\n<\/tr>\n<tr>\n<td><strong>Overfladefinish<\/strong><\/td>\n<td>4C\/UV\/laminering\/pr\u00e6gning\/stempling<\/td>\n<\/tr>\n<tr>\n<td><strong>Pr\u00f8vetid<\/strong><\/td>\n<td>5-7 arbejdsdage<\/td>\n<\/tr>\n<tr>\n<td><strong>MOQ<\/strong><\/td>\n<td>500 stk.<\/td>\n<\/tr>\n<\/tbody>\n<\/table>\n<p><img decoding=\"async\" class=\"detail-desc-decorate-image\" style=\"max-width: 100%; height: auto; display: block; margin: 0 auto;\" src=\"https:\/\/reanpackaging.com\/wp-content\/uploads\/2025\/02\/1-description-Luxury-magnetic-small-gift-box-custom-jewelry-box-for-fashion-earings-jewelry-package-box-and-pouch-bag.jpg\" \/><br \/>\n<img decoding=\"async\" class=\"detail-desc-decorate-image\" style=\"max-width: 100%; height: auto; display: block; margin: 0 auto;\" src=\"https:\/\/reanpackaging.com\/wp-content\/uploads\/2025\/02\/2-description-Luxury-magnetic-small-gift-box-custom-jewelry-box-for-fashion-earings-jewelry-package-box-and-pouch-bag.jpg\" \/><br \/>\n<img decoding=\"async\" class=\"detail-desc-decorate-image\" style=\"max-width: 100%; height: auto; display: block; margin: 0 auto;\" src=\"https:\/\/reanpackaging.com\/wp-content\/uploads\/2025\/02\/3-description-Luxury-magnetic-small-gift-box-custom-jewelry-box-for-fashion-earings-jewelry-package-box-and-pouch-bag.jpg\" \/><\/p>","protected":false},"excerpt":{"rendered":"<p>Industry-Specific Attributes Industrial Use Jewelry &amp; Watch &amp; Eyewear Paper Type Grey Board Feature Recyclable box type Rigid Boxes Other Attributes Printing Handling VANISHING, Gold Foil, Matt Lamination, UV Coating, Varnishing, Glossy Lamination, Embossing, Stamping Custom Order Accept Accessories Magnetic closure Liner type Plastics, Paperboard, Sponge Product name Jewelry storage box Material 1200g Grey Board [&hellip;]<\/p>\n","protected":false},"featured_media":50250,"template":"","meta":{"_seopress_robots_primary_cat":"none","_seopress_titles_title":"","_seopress_titles_desc":"","_seopress_robots_index":"","_seopress_analysis_target_kw":"","site-sidebar-layout":"default","site-content-layout":"","ast-site-content-layout":"default","site-content-style":"default","site-sidebar-style":"default","ast-global-header-display":"","ast-banner-title-visibility":"","ast-main-header-display":"","ast-hfb-above-header-display":"","ast-hfb-below-header-display":"","ast-hfb-mobile-header-display":"","site-post-title":"","ast-breadcrumbs-content":"","ast-featured-img":"","footer-sml-layout":"","ast-disable-related-posts":"","theme-transparent-header-meta":"default","adv-header-id-meta":"","stick-header-meta":"default","header-above-stick-meta":"","header-main-stick-meta":"","header-below-stick-meta":"","astra-migrate-meta-layouts":"set","ast-page-background-enabled":"default","ast-page-background-meta":{"desktop":{"background-color":"","background-image":"","background-repeat":"repeat","background-position":"center center","background-size":"auto","background-attachment":"scroll","background-type":"","background-media":"","overlay-type":"","overlay-color":"","overlay-opacity":"","overlay-gradient":""},"tablet":{"background-color":"","background-image":"","background-repeat":"repeat","background-position":"center center","background-size":"auto","background-attachment":"scroll","background-type":"","background-media":"","overlay-type":"","overlay-color":"","overlay-opacity":"","overlay-gradient":""},"mobile":{"background-color":"","background-image":"","background-repeat":"repeat","background-position":"center center","background-size":"auto","background-attachment":"scroll","background-type":"","background-media":"","overlay-type":"","overlay-color":"","overlay-opacity":"","overlay-gradient":""}},"ast-content-background-meta":{"desktop":{"background-color":"var(--ast-global-color-5)","background-image":"","background-repeat":"repeat","background-position":"center center","background-size":"auto","background-attachment":"scroll","background-type":"","background-media":"","overlay-type":"","overlay-color":"","overlay-opacity":"","overlay-gradient":""},"tablet":{"background-color":"var(--ast-global-color-5)","background-image":"","background-repeat":"repeat","background-position":"center center","background-size":"auto","background-attachment":"scroll","background-type":"","background-media":"","overlay-type":"","overlay-color":"","overlay-opacity":"","overlay-gradient":""},"mobile":{"background-color":"var(--ast-global-color-5)","background-image":"","background-repeat":"repeat","background-position":"center center","background-size":"auto","background-attachment":"scroll","background-type":"","background-media":"","overlay-type":"","overlay-color":"","overlay-opacity":"","overlay-gradient":""}}},"product_brand":[],"product_cat":[91],"product_tag":[],"class_list":{"0":"post-50705","1":"product","2":"type-product","3":"status-publish","4":"has-post-thumbnail","6":"product_cat-kraft-jewelry-boxes","7":"desktop-align-left","8":"tablet-align-left","9":"mobile-align-left","10":"ast-product-gallery-layout-horizontal","11":"ast-product-tabs-layout-horizontal","13":"first","14":"instock","15":"product-type-simple"},"_links":{"self":[{"href":"https:\/\/reanpackaging.com\/da\/wp-json\/wp\/v2\/product\/50705","targetHints":{"allow":["GET"]}}],"collection":[{"href":"https:\/\/reanpackaging.com\/da\/wp-json\/wp\/v2\/product"}],"about":[{"href":"https:\/\/reanpackaging.com\/da\/wp-json\/wp\/v2\/types\/product"}],"wp:featuredmedia":[{"embeddable":true,"href":"https:\/\/reanpackaging.com\/da\/wp-json\/wp\/v2\/media\/50250"}],"wp:attachment":[{"href":"https:\/\/reanpackaging.com\/da\/wp-json\/wp\/v2\/media?parent=50705"}],"wp:term":[{"taxonomy":"product_brand","embeddable":true,"href":"https:\/\/reanpackaging.com\/da\/wp-json\/wp\/v2\/product_brand?post=50705"},{"taxonomy":"product_cat","embeddable":true,"href":"https:\/\/reanpackaging.com\/da\/wp-json\/wp\/v2\/product_cat?post=50705"},{"taxonomy":"product_tag","embeddable":true,"href":"https:\/\/reanpackaging.com\/da\/wp-json\/wp\/v2\/product_tag?post=50705"}],"curies":[{"name":"wp","href":"https:\/\/api.w.org\/{rel}","templated":true}]}}