{"id":60204,"date":"2025-02-08T15:09:28","date_gmt":"2025-02-08T15:09:28","guid":{"rendered":"https:\/\/reanpackaging.com\/product\/custom-logo-white-paper-gift-box-packaging-customization-logo-portable-packaging-gable-carton-box-with-handle\/"},"modified":"2025-02-08T15:09:55","modified_gmt":"2025-02-08T15:09:55","slug":"custom-logo-white-paper-gift-box-packaging-customization-logo-portable-packaging-gable-carton-box-with-handle","status":"publish","type":"product","link":"https:\/\/reanpackaging.com\/da\/vare\/custom-logo-white-paper-gift-box-packaging-customization-logo-portable-packaging-gable-carton-box-with-handle\/","title":{"rendered":"Brugerdefineret logo hvidt papir gave\u00e6ske emballage tilpasning logo b\u00e6rbar emballage gavl karton kasse med h\u00e5ndtag"},"content":{"rendered":"<h4>Branchespecifikke egenskaber<\/h4>\n<table border=\"1\">\n<tr>\n<td><strong>Industriel anvendelse<\/strong><\/td>\n<td>F\u00f8devarer<\/td>\n<\/tr>\n<tr>\n<td><strong>Papirtype<\/strong><\/td>\n<td>Kraftpapir<\/td>\n<\/tr>\n<tr>\n<td><strong>Funktion<\/strong><\/td>\n<td>Genanvendelig<\/td>\n<\/tr>\n<tr>\n<td><strong>Boks-type<\/strong><\/td>\n<td>Selvrejsende kasser<\/td>\n<\/tr>\n<\/table>\n<h4>Andre egenskaber<\/h4>\n<table border=\"1\">\n<tr>\n<td><strong>Form<\/strong><\/td>\n<td>Rektangel<\/td>\n<\/tr>\n<tr>\n<td><strong>H\u00e5ndtering af udskrivning<\/strong><\/td>\n<td>Mat laminering, lakering, stempling<\/td>\n<\/tr>\n<tr>\n<td><strong>Brugerdefineret ordre<\/strong><\/td>\n<td>Accepter<\/td>\n<\/tr>\n<tr>\n<td><strong>Brug<\/strong><\/td>\n<td>Kage \/ Cookie \/ Snack \/ Br\u00f8d \/ Anden mad \/ Sukker \/ Kageemballage<\/td>\n<\/tr>\n<tr>\n<td><strong>Industriel anvendelse<\/strong><\/td>\n<td>Mad \/ Slik \/ Gave \/ Drikkevarer \/ Gave\u00e6ske \/ H\u00e5ndv\u00e6rk \/ Display \/ Te<\/td>\n<\/tr>\n<tr>\n<td><strong>Materiale<\/strong><\/td>\n<td>Pap \/ Karton \/ Kraftpapir \/ F\u00f8devaregodkendt papir \/ Elfenbenskarton<\/td>\n<\/tr>\n<tr>\n<td><strong>Funktion<\/strong><\/td>\n<td>Genanvendelig \/ H\u00e5ndlavet \/ Bionedbrydelig \/ Engangsbrug \/ Aseptisk<\/td>\n<\/tr>\n<tr>\n<td><strong>Papirtype<\/strong><\/td>\n<td>Elfenbenskarton \/ Kraftpapir \/ Syntetisk papir \/ Pap<\/td>\n<\/tr>\n<tr>\n<td><strong>Kommerciel k\u00f8ber<\/strong><\/td>\n<td>E-handelsbutikker \/ stormagasiner \/ gavebutikker \/ supermarkeder<\/td>\n<\/tr>\n<tr>\n<td><strong>H\u00e5ndtering af udskrivning<\/strong><\/td>\n<td>Blank laminering \/ UV-bel\u00e6gning \/ mat laminering \/ stempling<\/td>\n<\/tr>\n<tr>\n<td><strong>St\u00f8rrelse<\/strong><\/td>\n<td>Tilpasset st\u00f8rrelse accepteret<\/td>\n<\/tr>\n<tr>\n<td><strong>Udskrivning<\/strong><\/td>\n<td>Tilpasset<\/td>\n<\/tr>\n<tr>\n<td><strong>Anvendelse<\/strong><\/td>\n<td>Emballageartikler<\/td>\n<\/tr>\n<\/table>\n<p><img decoding=\"async\" class=\"detail-desc-decorate-image\" src=\"https:\/\/reanpackaging.com\/wp-content\/uploads\/2025\/02\/1-description-Custom-Logo-White-Paper-gift-box-packaging-customization-logo-portable-Packaging-Gable-Carton-Box-With-Handle.jpg\" slate-data-type=\"image\" style=\"max-width: 100%; height: auto; display: block; margin: 0 auto;\"><br \/>\n<img decoding=\"async\" class=\"detail-desc-decorate-image\" src=\"https:\/\/reanpackaging.com\/wp-content\/uploads\/2025\/02\/2-description-Custom-Logo-White-Paper-gift-box-packaging-customization-logo-portable-Packaging-Gable-Carton-Box-With-Handle.jpg\" slate-data-type=\"image\" style=\"max-width: 100%; height: auto; display: block; margin: 0 auto;\"><br \/>\n<img decoding=\"async\" class=\"detail-desc-decorate-image\" src=\"https:\/\/reanpackaging.com\/wp-content\/uploads\/2025\/02\/3-description-Custom-Logo-White-Paper-gift-box-packaging-customization-logo-portable-Packaging-Gable-Carton-Box-With-Handle.jpg\" slate-data-type=\"image\" style=\"max-width: 100%; height: auto; display: block; margin: 0 auto;\"><br \/>\n<img decoding=\"async\" class=\"detail-desc-decorate-image\" src=\"https:\/\/reanpackaging.com\/wp-content\/uploads\/2025\/02\/4-description-Custom-Logo-White-Paper-gift-box-packaging-customization-logo-portable-Packaging-Gable-Carton-Box-With-Handle.jpg\" slate-data-type=\"image\" style=\"max-width: 100%; height: auto; display: block; margin: 0 auto;\"><br \/>\n<img decoding=\"async\" class=\"detail-desc-decorate-image\" src=\"https:\/\/reanpackaging.com\/wp-content\/uploads\/2025\/02\/5-description-Custom-Logo-White-Paper-gift-box-packaging-customization-logo-portable-Packaging-Gable-Carton-Box-With-Handle.jpg\" slate-data-type=\"image\" style=\"max-width: 100%; height: auto; display: block; margin: 0 auto;\"><br \/>\n<img decoding=\"async\" class=\"detail-desc-decorate-image\" src=\"https:\/\/reanpackaging.com\/wp-content\/uploads\/2025\/02\/6-description-Custom-Logo-White-Paper-gift-box-packaging-customization-logo-portable-Packaging-Gable-Carton-Box-With-Handle.jpg\" slate-data-type=\"image\" style=\"max-width: 100%; height: auto; display: block; margin: 0 auto;\"><br \/>\n<img decoding=\"async\" class=\"detail-desc-decorate-image\" src=\"https:\/\/reanpackaging.com\/wp-content\/uploads\/2025\/02\/7-description-Custom-Logo-White-Paper-gift-box-packaging-customization-logo-portable-Packaging-Gable-Carton-Box-With-Handle.jpg\" slate-data-type=\"image\" style=\"max-width: 100%; height: auto; display: block; margin: 0 auto;\"><br \/>\n<img decoding=\"async\" class=\"detail-desc-decorate-image\" src=\"https:\/\/reanpackaging.com\/wp-content\/uploads\/2025\/02\/8-description-Custom-Logo-White-Paper-gift-box-packaging-customization-logo-portable-Packaging-Gable-Carton-Box-With-Handle.jpg\" slate-data-type=\"image\" style=\"max-width: 100%; height: auto; display: block; margin: 0 auto;\"><\/p>","protected":false},"excerpt":{"rendered":"<p>Industry-Specific Attributes Industrial Use Food Paper Type Kraft Paper Feature Recyclable box type Self Erecting Boxes Other Attributes Shape Rectangle Printing Handling Matt Lamination, Varnishing, Stamping Custom Order Accept Use Cake \/ Cookie \/ Snack \/ Bread \/ Other Food \/ Sugar \/ Cake Packaging Industrial Use Food \/ Candy \/ Gift \/ Beverage \/ [&hellip;]<\/p>\n","protected":false},"featured_media":56693,"template":"","meta":{"_seopress_robots_primary_cat":"","_seopress_titles_title":"","_seopress_titles_desc":"","_seopress_robots_index":"","site-sidebar-layout":"default","site-content-layout":"","ast-site-content-layout":"default","site-content-style":"default","site-sidebar-style":"default","ast-global-header-display":"","ast-banner-title-visibility":"","ast-main-header-display":"","ast-hfb-above-header-display":"","ast-hfb-below-header-display":"","ast-hfb-mobile-header-display":"","site-post-title":"","ast-breadcrumbs-content":"","ast-featured-img":"","footer-sml-layout":"","ast-disable-related-posts":"","theme-transparent-header-meta":"","adv-header-id-meta":"","stick-header-meta":"","header-above-stick-meta":"","header-main-stick-meta":"","header-below-stick-meta":"","astra-migrate-meta-layouts":"default","ast-page-background-enabled":"default","ast-page-background-meta":{"desktop":{"background-color":"","background-image":"","background-repeat":"repeat","background-position":"center center","background-size":"auto","background-attachment":"scroll","background-type":"","background-media":"","overlay-type":"","overlay-color":"","overlay-opacity":"","overlay-gradient":""},"tablet":{"background-color":"","background-image":"","background-repeat":"repeat","background-position":"center center","background-size":"auto","background-attachment":"scroll","background-type":"","background-media":"","overlay-type":"","overlay-color":"","overlay-opacity":"","overlay-gradient":""},"mobile":{"background-color":"","background-image":"","background-repeat":"repeat","background-position":"center center","background-size":"auto","background-attachment":"scroll","background-type":"","background-media":"","overlay-type":"","overlay-color":"","overlay-opacity":"","overlay-gradient":""}},"ast-content-background-meta":{"desktop":{"background-color":"var(--ast-global-color-5)","background-image":"","background-repeat":"repeat","background-position":"center center","background-size":"auto","background-attachment":"scroll","background-type":"","background-media":"","overlay-type":"","overlay-color":"","overlay-opacity":"","overlay-gradient":""},"tablet":{"background-color":"var(--ast-global-color-5)","background-image":"","background-repeat":"repeat","background-position":"center center","background-size":"auto","background-attachment":"scroll","background-type":"","background-media":"","overlay-type":"","overlay-color":"","overlay-opacity":"","overlay-gradient":""},"mobile":{"background-color":"var(--ast-global-color-5)","background-image":"","background-repeat":"repeat","background-position":"center center","background-size":"auto","background-attachment":"scroll","background-type":"","background-media":"","overlay-type":"","overlay-color":"","overlay-opacity":"","overlay-gradient":""}}},"product_brand":[],"product_cat":[92],"product_tag":[],"class_list":{"0":"post-60204","1":"product","2":"type-product","3":"status-publish","4":"has-post-thumbnail","6":"product_cat-gable-boxes","7":"desktop-align-left","8":"tablet-align-left","9":"mobile-align-left","10":"ast-product-gallery-layout-horizontal","11":"ast-product-tabs-layout-horizontal","13":"first","14":"instock","15":"product-type-simple"},"_links":{"self":[{"href":"https:\/\/reanpackaging.com\/da\/wp-json\/wp\/v2\/product\/60204","targetHints":{"allow":["GET"]}}],"collection":[{"href":"https:\/\/reanpackaging.com\/da\/wp-json\/wp\/v2\/product"}],"about":[{"href":"https:\/\/reanpackaging.com\/da\/wp-json\/wp\/v2\/types\/product"}],"wp:featuredmedia":[{"embeddable":true,"href":"https:\/\/reanpackaging.com\/da\/wp-json\/wp\/v2\/media\/56693"}],"wp:attachment":[{"href":"https:\/\/reanpackaging.com\/da\/wp-json\/wp\/v2\/media?parent=60204"}],"wp:term":[{"taxonomy":"product_brand","embeddable":true,"href":"https:\/\/reanpackaging.com\/da\/wp-json\/wp\/v2\/product_brand?post=60204"},{"taxonomy":"product_cat","embeddable":true,"href":"https:\/\/reanpackaging.com\/da\/wp-json\/wp\/v2\/product_cat?post=60204"},{"taxonomy":"product_tag","embeddable":true,"href":"https:\/\/reanpackaging.com\/da\/wp-json\/wp\/v2\/product_tag?post=60204"}],"curies":[{"name":"wp","href":"https:\/\/api.w.org\/{rel}","templated":true}]}}