{"id":6137,"date":"2023-09-17T18:26:21","date_gmt":"2023-09-17T18:26:21","guid":{"rendered":"http:\/\/ibn.wyd.mybluehost.me\/reanpackaging.com\/?post_type=product&#038;p=6137"},"modified":"2024-10-01T17:00:40","modified_gmt":"2024-10-01T17:00:40","slug":"custom-luxury-gift-garment-paper-shopping-bags-with-logo-print","status":"publish","type":"product","link":"https:\/\/reanpackaging.com\/da\/vare\/custom-luxury-gift-garment-paper-shopping-bags-with-logo-print\/","title":{"rendered":"Brugerdefinerede luksusgaveposer af bekl\u00e6dningspapir med logotryk"},"content":{"rendered":"<h4 data-spm-anchor-id=\"a2700.details.0.i42.71f31269Zp6hG7\">Branchespecifikke egenskaber<\/h4>\n<div class=\"structure-table\">\n<div class=\"structure-row\">\n<table class=\"md-table\">\n<tbody>\n<tr class=\"md-end-block md-focus-container\">\n<td><span class=\"td-span md-focus\"><span class=\"md-pair-s md-expand\"><strong><span class=\"md-plain\">Industriel anvendelse<\/span><\/strong><\/span><\/span><\/td>\n<td><span class=\"td-span\"><span class=\"md-plain\">Shopping,Bekl\u00e6dning,Gave,Reklame,Detailhandel,Promotion,Dagligvarer<\/span><\/span><\/td>\n<\/tr>\n<tr class=\"md-end-block\">\n<td><span class=\"td-span\"><span class=\"md-pair-s\"><strong><span class=\"md-plain\">Papirtype<\/span><\/strong><\/span><\/span><\/td>\n<td><span class=\"td-span\"><span class=\"md-plain\">Kunstpapir<\/span><\/span><\/td>\n<\/tr>\n<tr class=\"md-end-block md-focus-container\">\n<td><span class=\"td-span\"><span class=\"md-pair-s\"><strong><span class=\"md-plain\">Funktion<\/span><\/strong><\/span><\/span><\/td>\n<td><span class=\"td-span md-focus\"><span class=\"md-plain md-expand\">Genanvendelig<\/span><\/span><\/td>\n<\/tr>\n<\/tbody>\n<\/table>\n<h4>Andre egenskaber<\/h4>\n<div class=\"structure-table\">\n<div class=\"structure-row\">\n<table class=\"md-table\">\n<tbody>\n<tr class=\"md-end-block md-focus-container\">\n<td><span class=\"td-span md-focus\"><span class=\"md-pair-s md-expand\"><strong><span class=\"md-plain\">H\u00e5ndtering af overflader<\/span><\/strong><\/span><\/span><\/td>\n<td><span class=\"td-span\"><span class=\"md-plain\">Trykning, blank\/mat, guld\/s\u00f8lv varmstempling, spot UV, pr\u00e6gning, ect.<\/span><\/span><\/td>\n<\/tr>\n<tr class=\"md-end-block\">\n<td><span class=\"td-span\"><span class=\"md-pair-s\"><strong><span class=\"md-plain\">Forsegling og h\u00e5ndtag<\/span><\/strong><\/span><\/span><\/td>\n<td><span class=\"td-span\"><span class=\"md-plain\">H\u00e5ndl\u00e6ngde H\u00e5ndtag<\/span><\/span><\/td>\n<\/tr>\n<tr class=\"md-end-block\">\n<td><span class=\"td-span\"><span class=\"md-pair-s\"><strong><span class=\"md-plain\">Brugerdefineret ordre<\/span><\/strong><\/span><\/span><\/td>\n<td><span class=\"td-span\"><span class=\"md-plain\">Accepter<\/span><\/span><\/td>\n<\/tr>\n<tr class=\"md-end-block\">\n<td><span class=\"td-span\"><span class=\"md-pair-s\"><strong><span class=\"md-plain\">Produktets navn<\/span><\/strong><\/span><\/span><\/td>\n<td><span class=\"td-span\"><span class=\"md-plain\">Brugerdefinerede luksusgaveposer af bekl\u00e6dningspapir med logotryk<\/span><\/span><\/td>\n<\/tr>\n<tr class=\"md-end-block\">\n<td><span class=\"td-span\"><span class=\"md-pair-s\"><strong><span class=\"md-plain\">Tykkelse<\/span><\/strong><\/span><\/span><\/td>\n<td><span class=\"td-span\"><span class=\"md-plain\">150gsm,210gsm,250gsm,300gsm eller tilpasset<\/span><\/span><\/td>\n<\/tr>\n<tr class=\"md-end-block\">\n<td><span class=\"td-span\"><span class=\"md-pair-s\"><strong><span class=\"md-plain\">St\u00f8rrelse<\/span><\/strong><\/span><\/span><\/td>\n<td><span class=\"td-span\"><span class=\"md-plain\">Tilpasset st\u00f8rrelse accepteret<\/span><\/span><\/td>\n<\/tr>\n<tr class=\"md-end-block\">\n<td><span class=\"td-span\"><span class=\"md-pair-s\"><strong><span class=\"md-plain\">Logo\/H\u00e5ndtering<\/span><\/strong><\/span><\/span><\/td>\n<td><span class=\"td-span\"><span class=\"md-plain\">Tilpasset st\u00f8rrelse logo \/ udskrivning, Spot UV, guld \/ s\u00f8lv varm stempling, pr\u00e6gning<\/span><\/span><\/td>\n<\/tr>\n<tr class=\"md-end-block\">\n<td><span class=\"td-span\"><span class=\"md-pair-s\"><strong><span class=\"md-plain\">Farver<\/span><\/strong><\/span><\/span><\/td>\n<td><span class=\"td-span\"><span class=\"md-plain\">CMYK, Pantone, 4C<\/span><\/span><\/td>\n<\/tr>\n<tr class=\"md-end-block\">\n<td><span class=\"td-span\"><span class=\"md-pair-s\"><strong><span class=\"md-plain\">Bl\u00e6ktype<\/span><\/strong><\/span><\/span><\/td>\n<td><span class=\"td-span\"><span class=\"md-plain\">Milj\u00f8venligt vandbaseret sojabl\u00e6k<\/span><\/span><\/td>\n<\/tr>\n<tr class=\"md-end-block\">\n<td><span class=\"td-span\"><span class=\"md-pair-s\"><strong><span class=\"md-plain\">Funktion<\/span><\/strong><\/span><\/span><\/td>\n<td><span class=\"td-span\"><span class=\"md-plain\">Genanvendelig, milj\u00f8venlig, holdbar og n\u00f8jagtig udskrivning<\/span><\/span><\/td>\n<\/tr>\n<tr class=\"md-end-block md-focus-container\">\n<td><span class=\"td-span\"><span class=\"md-pair-s\"><strong><span class=\"md-plain\">Pr\u00f8vetid<\/span><\/strong><\/span><\/span><\/td>\n<td><span class=\"td-span md-focus\"><span class=\"md-plain md-expand\">1-2 dage<\/span><\/span><\/td>\n<\/tr>\n<\/tbody>\n<\/table>\n<table width=\"358\">\n<tbody>\n<tr>\n<td colspan=\"4\" width=\"358\"><strong>\u00a0\u00a0\u00a0 Almindelig st\u00f8rrelse til din reference (Bredde*Dybde*H\u00f8jde)<\/strong><\/td>\n<\/tr>\n<tr>\n<td width=\"142\">\u00a0<strong>Lille st\u00f8rrelse (mm)<\/strong><\/td>\n<td><strong>\u00a0Medium st\u00f8rrelse (mm)<\/strong><\/td>\n<td><strong>Stor st\u00f8rrelse (mm)\u00a0<\/strong><\/td>\n<td><strong>Ekstra stor st\u00f8rrelse (mm)\u00a0<\/strong><\/td>\n<\/tr>\n<tr>\n<td width=\"142\">\u00a0110*50*190<\/td>\n<td>190*90*320<\/td>\n<td>300*130*415<\/td>\n<td>435*130*540<\/td>\n<\/tr>\n<tr>\n<td width=\"142\">\u00a0120*60*195<\/td>\n<td>220*100*275<\/td>\n<td>\u00a0310*130*415<\/td>\n<td>350*150*440<\/td>\n<\/tr>\n<tr>\n<td width=\"142\">\u00a0160*80*250<\/td>\n<td>205*100*255<\/td>\n<td>320*140*450<\/td>\n<td>440*160*480<\/td>\n<\/tr>\n<tr>\n<td width=\"142\">180*80*200<\/td>\n<td>250*110*300<\/td>\n<td>305*150*405<\/td>\n<td>460*140*490<\/td>\n<\/tr>\n<tr>\n<td width=\"142\">180*80*250<\/td>\n<td>260*110*415<\/td>\n<td>280*130*350<\/td>\n<td>440*140*540<\/td>\n<\/tr>\n<tr>\n<td colspan=\"4\" width=\"358\">\u00a0\u00a0\u00a0 Bem\u00e6rkning: Denne tabel er kun til reference, vi kan lave alle st\u00f8rrelser til dig.<\/td>\n<\/tr>\n<\/tbody>\n<\/table>\n<div><img fetchpriority=\"high\" decoding=\"async\" class=\"alignnone wp-image-6140\" src=\"http:\/\/ibn.wyd.mybluehost.me\/reanpackaging.com\/wp-content\/uploads\/2023\/09\/H9af2f2ac832f46c9b97d641aca49b222R-300x200.jpg\" alt=\"Indk\u00f8bsposer til luksusgaver i bekl\u00e6dningspapir med logotryk - beskrivelse -1\" width=\"955\" height=\"636\" srcset=\"https:\/\/reanpackaging.com\/wp-content\/uploads\/2023\/09\/H9af2f2ac832f46c9b97d641aca49b222R-300x200.jpg 300w, https:\/\/reanpackaging.com\/wp-content\/uploads\/2023\/09\/H9af2f2ac832f46c9b97d641aca49b222R-600x400.jpg 600w, https:\/\/reanpackaging.com\/wp-content\/uploads\/2023\/09\/H9af2f2ac832f46c9b97d641aca49b222R.jpg 750w\" sizes=\"(max-width: 955px) 100vw, 955px\" \/><\/div>\n<div><img decoding=\"async\" class=\"alignnone wp-image-6146\" src=\"http:\/\/ibn.wyd.mybluehost.me\/reanpackaging.com\/wp-content\/uploads\/2023\/09\/HTB1x0J3bx2rK1RkSnhJq6ykdpXaP-300x271.jpg\" alt=\"Indk\u00f8bsposer til luksusgaver i bekl\u00e6dningspapir med logotryk - beskrivelse -2\" width=\"966\" height=\"873\" srcset=\"https:\/\/reanpackaging.com\/wp-content\/uploads\/2023\/09\/HTB1x0J3bx2rK1RkSnhJq6ykdpXaP-300x271.jpg 300w, https:\/\/reanpackaging.com\/wp-content\/uploads\/2023\/09\/HTB1x0J3bx2rK1RkSnhJq6ykdpXaP-600x542.jpg 600w, https:\/\/reanpackaging.com\/wp-content\/uploads\/2023\/09\/HTB1x0J3bx2rK1RkSnhJq6ykdpXaP.jpg 750w\" sizes=\"(max-width: 966px) 100vw, 966px\" \/><\/div>\n<div><img decoding=\"async\" class=\"alignnone wp-image-6141\" src=\"http:\/\/ibn.wyd.mybluehost.me\/reanpackaging.com\/wp-content\/uploads\/2023\/09\/H3131a36c0d1b44a0bbf4c85a34efe738r-300x199.jpg\" alt=\"Specialfremstillede luksusgaveindk\u00f8bsposer af bekl\u00e6dningspapir med logotryk - beskrivelse -3\" width=\"935\" height=\"620\" srcset=\"https:\/\/reanpackaging.com\/wp-content\/uploads\/2023\/09\/H3131a36c0d1b44a0bbf4c85a34efe738r-300x199.jpg 300w, https:\/\/reanpackaging.com\/wp-content\/uploads\/2023\/09\/H3131a36c0d1b44a0bbf4c85a34efe738r-600x398.jpg 600w, https:\/\/reanpackaging.com\/wp-content\/uploads\/2023\/09\/H3131a36c0d1b44a0bbf4c85a34efe738r.jpg 750w\" sizes=\"(max-width: 935px) 100vw, 935px\" \/><\/div>\n<div><img loading=\"lazy\" decoding=\"async\" class=\"alignnone wp-image-6145\" src=\"http:\/\/ibn.wyd.mybluehost.me\/reanpackaging.com\/wp-content\/uploads\/2023\/09\/HTB1ve2TczfguuRjSspkq6xchpXa3-222x300.jpg\" alt=\"Brugerdefinerede luksusgaveposer af bekl\u00e6dningspapir med logotryk - beskrivelse -4\" width=\"921\" height=\"1245\" srcset=\"https:\/\/reanpackaging.com\/wp-content\/uploads\/2023\/09\/HTB1ve2TczfguuRjSspkq6xchpXa3-222x300.jpg 222w, https:\/\/reanpackaging.com\/wp-content\/uploads\/2023\/09\/HTB1ve2TczfguuRjSspkq6xchpXa3-600x812.jpg 600w, https:\/\/reanpackaging.com\/wp-content\/uploads\/2023\/09\/HTB1ve2TczfguuRjSspkq6xchpXa3.jpg 750w\" sizes=\"(max-width: 921px) 100vw, 921px\" \/><\/div>\n<div><img loading=\"lazy\" decoding=\"async\" class=\"alignnone wp-image-6143\" src=\"http:\/\/ibn.wyd.mybluehost.me\/reanpackaging.com\/wp-content\/uploads\/2023\/09\/HTB1neGjKk9WBuNjSspeq6yz5VXae-201x300.jpg\" alt=\"Indk\u00f8bsposer til luksusgaver i bekl\u00e6dningspapir med logotryk - beskrivelse -5\" width=\"928\" height=\"1385\" srcset=\"https:\/\/reanpackaging.com\/wp-content\/uploads\/2023\/09\/HTB1neGjKk9WBuNjSspeq6yz5VXae-201x300.jpg 201w, https:\/\/reanpackaging.com\/wp-content\/uploads\/2023\/09\/HTB1neGjKk9WBuNjSspeq6yz5VXae-686x1024.jpg 686w, https:\/\/reanpackaging.com\/wp-content\/uploads\/2023\/09\/HTB1neGjKk9WBuNjSspeq6yz5VXae-600x895.jpg 600w, https:\/\/reanpackaging.com\/wp-content\/uploads\/2023\/09\/HTB1neGjKk9WBuNjSspeq6yz5VXae.jpg 750w\" sizes=\"(max-width: 928px) 100vw, 928px\" \/><\/div>\n<div><img loading=\"lazy\" decoding=\"async\" class=\"alignnone wp-image-6144\" src=\"http:\/\/ibn.wyd.mybluehost.me\/reanpackaging.com\/wp-content\/uploads\/2023\/09\/HTB1rXIKKkCWBuNjy0Faq6xUlXXaN-300x298.jpg\" alt=\"Brugerdefinerede luksusgaveposer af bekl\u00e6dningspapir med logotryk - beskrivelse -6\" width=\"950\" height=\"944\" srcset=\"https:\/\/reanpackaging.com\/wp-content\/uploads\/2023\/09\/HTB1rXIKKkCWBuNjy0Faq6xUlXXaN-300x298.jpg 300w, https:\/\/reanpackaging.com\/wp-content\/uploads\/2023\/09\/HTB1rXIKKkCWBuNjy0Faq6xUlXXaN-150x150.jpg 150w, https:\/\/reanpackaging.com\/wp-content\/uploads\/2023\/09\/HTB1rXIKKkCWBuNjy0Faq6xUlXXaN-600x595.jpg 600w, https:\/\/reanpackaging.com\/wp-content\/uploads\/2023\/09\/HTB1rXIKKkCWBuNjy0Faq6xUlXXaN-100x100.jpg 100w, https:\/\/reanpackaging.com\/wp-content\/uploads\/2023\/09\/HTB1rXIKKkCWBuNjy0Faq6xUlXXaN.jpg 750w\" sizes=\"(max-width: 950px) 100vw, 950px\" \/><\/div>\n<div><\/div>\n<div><\/div>\n<\/div>\n<\/div>\n<\/div>\n<\/div>","protected":false},"excerpt":{"rendered":"<p>Industry-Specific Attributes Industrial Use Shopping,Apparel,Gift,Advertising,Retail Merchandise,Promotion,Grocery Paper Type Art Paper Feature Recyclable Other Attributes Surface Handling Printing,Glossy\/Matt,Gold\/Silver Hot Stamping,Spot UV,Embossing,ect Sealing &amp; Handle Hand Length Handle Custom Order Accept Product name Custom Luxury Gift Garment Paper Shopping Bags With Logo Print Thickness 150gsm,210gsm,250gsm,300gsm or Customized Size Custom Size Accepted Logo\/Handling Custom Size Logo\/ Printing,Spot UV,Gold\/Silver [&hellip;]<\/p>\n","protected":false},"featured_media":6148,"template":"","meta":{"_seopress_robots_primary_cat":"none","_seopress_titles_title":"","_seopress_titles_desc":"","_seopress_robots_index":"","site-sidebar-layout":"default","site-content-layout":"default","ast-site-content-layout":"default","site-content-style":"default","site-sidebar-style":"default","ast-global-header-display":"","ast-banner-title-visibility":"","ast-main-header-display":"","ast-hfb-above-header-display":"","ast-hfb-below-header-display":"","ast-hfb-mobile-header-display":"","site-post-title":"","ast-breadcrumbs-content":"","ast-featured-img":"","footer-sml-layout":"","ast-disable-related-posts":"","theme-transparent-header-meta":"default","adv-header-id-meta":"","stick-header-meta":"default","header-above-stick-meta":"","header-main-stick-meta":"","header-below-stick-meta":"","astra-migrate-meta-layouts":"set","ast-page-background-enabled":"default","ast-page-background-meta":{"desktop":{"background-color":"","background-image":"","background-repeat":"repeat","background-position":"center center","background-size":"auto","background-attachment":"scroll","background-type":"","background-media":"","overlay-type":"","overlay-color":"","overlay-opacity":"","overlay-gradient":""},"tablet":{"background-color":"","background-image":"","background-repeat":"repeat","background-position":"center center","background-size":"auto","background-attachment":"scroll","background-type":"","background-media":"","overlay-type":"","overlay-color":"","overlay-opacity":"","overlay-gradient":""},"mobile":{"background-color":"","background-image":"","background-repeat":"repeat","background-position":"center center","background-size":"auto","background-attachment":"scroll","background-type":"","background-media":"","overlay-type":"","overlay-color":"","overlay-opacity":"","overlay-gradient":""}},"ast-content-background-meta":{"desktop":{"background-color":"var(--ast-global-color-5)","background-image":"","background-repeat":"repeat","background-position":"center center","background-size":"auto","background-attachment":"scroll","background-type":"","background-media":"","overlay-type":"","overlay-color":"","overlay-opacity":"","overlay-gradient":""},"tablet":{"background-color":"var(--ast-global-color-5)","background-image":"","background-repeat":"repeat","background-position":"center center","background-size":"auto","background-attachment":"scroll","background-type":"","background-media":"","overlay-type":"","overlay-color":"","overlay-opacity":"","overlay-gradient":""},"mobile":{"background-color":"var(--ast-global-color-5)","background-image":"","background-repeat":"repeat","background-position":"center center","background-size":"auto","background-attachment":"scroll","background-type":"","background-media":"","overlay-type":"","overlay-color":"","overlay-opacity":"","overlay-gradient":""}}},"product_brand":[],"product_cat":[40,44],"product_tag":[],"class_list":{"0":"post-6137","1":"product","2":"type-product","3":"status-publish","4":"has-post-thumbnail","6":"product_cat-gift-bags","7":"product_cat-paper-bags","8":"desktop-align-left","9":"tablet-align-left","10":"mobile-align-left","11":"ast-product-gallery-layout-horizontal","12":"ast-product-tabs-layout-horizontal","14":"first","15":"instock","16":"shipping-taxable","17":"purchasable","18":"product-type-simple"},"_links":{"self":[{"href":"https:\/\/reanpackaging.com\/da\/wp-json\/wp\/v2\/product\/6137","targetHints":{"allow":["GET"]}}],"collection":[{"href":"https:\/\/reanpackaging.com\/da\/wp-json\/wp\/v2\/product"}],"about":[{"href":"https:\/\/reanpackaging.com\/da\/wp-json\/wp\/v2\/types\/product"}],"wp:featuredmedia":[{"embeddable":true,"href":"https:\/\/reanpackaging.com\/da\/wp-json\/wp\/v2\/media\/6148"}],"wp:attachment":[{"href":"https:\/\/reanpackaging.com\/da\/wp-json\/wp\/v2\/media?parent=6137"}],"wp:term":[{"taxonomy":"product_brand","embeddable":true,"href":"https:\/\/reanpackaging.com\/da\/wp-json\/wp\/v2\/product_brand?post=6137"},{"taxonomy":"product_cat","embeddable":true,"href":"https:\/\/reanpackaging.com\/da\/wp-json\/wp\/v2\/product_cat?post=6137"},{"taxonomy":"product_tag","embeddable":true,"href":"https:\/\/reanpackaging.com\/da\/wp-json\/wp\/v2\/product_tag?post=6137"}],"curies":[{"name":"wp","href":"https:\/\/api.w.org\/{rel}","templated":true}]}}