{"id":6190,"date":"2023-09-18T15:30:55","date_gmt":"2023-09-18T15:30:55","guid":{"rendered":"http:\/\/ibn.wyd.mybluehost.me\/reanpackaging.com\/?post_type=product&#038;p=6190"},"modified":"2024-10-01T17:00:38","modified_gmt":"2024-10-01T17:00:38","slug":"manufacturers-personalised-luxury-boutique-gift-paper-bag-packaging-custom-white-pink-paper-thank-you-gift-bags-with-logo-print","status":"publish","type":"product","link":"https:\/\/reanpackaging.com\/da\/vare\/manufacturers-personalised-luxury-boutique-gift-paper-bag-packaging-custom-white-pink-paper-thank-you-gift-bags-with-logo-print\/","title":{"rendered":"Producenter Personlig Luksus Boutique Gavepapirpose Emballage Brugerdefineret Hvid Pink Papir Tak Gaveposer Med Logo Print"},"content":{"rendered":"<h4 class=\"md-end-block md-heading md-focus\"><span class=\"md-plain md-expand\">Branchespecifikke egenskaber<\/span><\/h4>\n<table class=\"md-table\">\n<tbody>\n<tr class=\"md-end-block md-focus-container\">\n<td><span class=\"td-span md-focus\"><span class=\"md-pair-s md-expand\"><strong><span class=\"md-plain\">Industriel anvendelse<\/span><\/strong><\/span><\/span><\/td>\n<td><span class=\"td-span\"><span class=\"md-plain\">Sko og t\u00f8j<\/span><\/span><\/td>\n<\/tr>\n<tr class=\"md-end-block\">\n<td><span class=\"td-span\"><span class=\"md-pair-s\"><strong><span class=\"md-plain\">Papirtype<\/span><\/strong><\/span><\/span><\/td>\n<td><span class=\"td-span\"><span class=\"md-plain\">Kraftpapir<\/span><\/span><\/td>\n<\/tr>\n<tr class=\"md-end-block md-focus-container\">\n<td><span class=\"td-span\"><span class=\"md-pair-s\"><strong><span class=\"md-plain\">Funktion<\/span><\/strong><\/span><\/span><\/td>\n<td><span class=\"td-span md-focus\"><span class=\"md-plain md-expand\">Genbrugte materialer<\/span><\/span><\/td>\n<\/tr>\n<\/tbody>\n<\/table>\n<h4 class=\"md-end-block md-heading md-focus\"><span class=\"md-plain md-expand\">Andre egenskaber<\/span><\/h4>\n<table class=\"md-table\">\n<tbody>\n<tr class=\"md-end-block md-focus-container\">\n<td><span class=\"td-span md-focus\"><span class=\"md-pair-s md-expand\"><strong><span class=\"md-plain\">H\u00e5ndtering af overflader<\/span><\/strong><\/span><\/span><\/td>\n<td><span class=\"td-span\"><span class=\"md-plain\">Flexo-udskrivning<\/span><\/span><\/td>\n<\/tr>\n<tr class=\"md-end-block\">\n<td><span class=\"td-span\"><span class=\"md-pair-s\"><strong><span class=\"md-plain\">Forsegling og h\u00e5ndtag<\/span><\/strong><\/span><\/span><\/td>\n<td><span class=\"td-span\"><span class=\"md-plain\">H\u00e5ndl\u00e6ngde H\u00e5ndtag<\/span><\/span><\/td>\n<\/tr>\n<tr class=\"md-end-block\">\n<td><span class=\"td-span\"><span class=\"md-pair-s\"><strong><span class=\"md-plain\">Brugerdefineret ordre<\/span><\/strong><\/span><\/span><\/td>\n<td><span class=\"td-span\"><span class=\"md-plain\">Accepter<\/span><\/span><\/td>\n<\/tr>\n<tr class=\"md-end-block\">\n<td><span class=\"td-span\"><span class=\"md-pair-s\"><strong><span class=\"md-plain\">Produktets navn<\/span><\/strong><\/span><\/span><\/td>\n<td><span class=\"td-span\"><span class=\"md-plain\">Emballagepose af gavepapir<\/span><\/span><\/td>\n<\/tr>\n<tr class=\"md-end-block\">\n<td><span class=\"td-span\"><span class=\"md-pair-s\"><strong><span class=\"md-plain\">St\u00f8rrelse:<\/span><\/strong><\/span><\/span><\/td>\n<td><span class=\"td-span\"><span class=\"md-plain\">Tilpasset accept<\/span><\/span><\/td>\n<\/tr>\n<tr class=\"md-end-block\">\n<td><span class=\"td-span\"><span class=\"md-pair-s\"><strong><span class=\"md-plain\">Logo:<\/span><\/strong><\/span><\/span><\/td>\n<td><span class=\"td-span\"><span class=\"md-plain\">Accepter tilpasset logo eller m\u00f8nster<\/span><\/span><\/td>\n<\/tr>\n<tr class=\"md-end-block\">\n<td><span class=\"td-span\"><span class=\"md-pair-s\"><strong><span class=\"md-plain\">N\u00f8gleord<\/span><\/strong><\/span><\/span><\/td>\n<td><span class=\"td-span\"><span class=\"md-plain\">indk\u00f8bspose af papir; gavepose af papir; pakkepose til t\u00f8j<\/span><\/span><\/td>\n<\/tr>\n<tr class=\"md-end-block\">\n<td><span class=\"td-span\"><span class=\"md-pair-s\"><strong><span class=\"md-plain\">Anvendelse<\/span><\/strong><\/span><\/span><\/td>\n<td><span class=\"td-span\"><span class=\"md-plain\">Pakke<\/span><\/span><\/td>\n<\/tr>\n<tr class=\"md-end-block\">\n<td><span class=\"td-span\"><span class=\"md-pair-s\"><strong><span class=\"md-plain\">MOQ<\/span><\/strong><\/span><\/span><\/td>\n<td><span class=\"td-span\"><span class=\"md-plain\">100 stk.<\/span><\/span><\/td>\n<\/tr>\n<tr class=\"md-end-block\">\n<td><span class=\"td-span\"><span class=\"md-pair-s\"><strong><span class=\"md-plain\">Industriel anvendelse<\/span><\/strong><\/span><\/span><\/td>\n<td><span class=\"td-span\"><span class=\"md-plain\">take away pepr taske<\/span><\/span><\/td>\n<\/tr>\n<tr class=\"md-end-block\">\n<td><span class=\"td-span\"><span class=\"md-pair-s\"><strong><span class=\"md-plain\">Fabrikstype<\/span><\/strong><\/span><\/span><\/td>\n<td><span class=\"td-span\"><span class=\"md-plain\">OEM- og ODM-service<\/span><\/span><\/td>\n<\/tr>\n<tr class=\"md-end-block md-focus-container\">\n<td><span class=\"td-span\"><span class=\"md-pair-s\"><strong><span class=\"md-plain\">Bl\u00e6ktype<\/span><\/strong><\/span><\/span><\/td>\n<td><span class=\"td-span md-focus\"><span class=\"md-plain md-expand\">Milj\u00f8venligt vandbaseret sojabl\u00e6k<\/span><\/span><\/td>\n<\/tr>\n<\/tbody>\n<\/table>\n<h4 class=\"md-end-block md-heading md-focus\"><span class=\"md-plain md-expand\">Specifikation<\/span><\/h4>\n<table class=\"md-table\">\n<tbody>\n<tr class=\"md-end-block md-focus-container\">\n<td><span class=\"td-span md-focus\"><span class=\"md-pair-s md-expand\"><strong><span class=\"md-plain\">Materiale<\/span><\/strong><\/span><\/span><\/td>\n<td><span class=\"td-span\"><span class=\"md-plain\">hvidt kartonpapir, hvidt pappapir, bestr\u00f8get papir, kraftpapir, b\u00f8lgepap, kunstpapir, pap, specialpapir, tr\u00e6frit papir<\/span><\/span><\/td>\n<\/tr>\n<tr class=\"md-end-block\">\n<td><span class=\"td-span\"><span class=\"md-pair-s\"><strong><span class=\"md-plain\">Kunstpapir<\/span><\/strong><\/span><\/span><\/td>\n<td><span class=\"td-span\"><span class=\"md-plain\">120g- 250g bruges normalt til papirposer<\/span><\/span><\/td>\n<\/tr>\n<tr class=\"md-end-block\">\n<td><span class=\"td-span\"><span class=\"md-pair-s\"><strong><span class=\"md-plain\">Gr\u00e5t karton<\/span><\/strong><\/span><\/span><\/td>\n<td><span class=\"td-span\"><span class=\"md-plain\">Fra 650g til 1600g bruges normalt til emballagekasser<\/span><\/span><\/td>\n<\/tr>\n<tr class=\"md-end-block\">\n<td><span class=\"td-span\"><span class=\"md-pair-s\"><strong><span class=\"md-plain\">Fancy papir<\/span><\/strong><\/span><\/span><\/td>\n<td><span class=\"td-span\"><span class=\"md-plain\">100g,120g,130g, forskelligt design og stil<\/span><\/span><\/td>\n<\/tr>\n<tr class=\"md-end-block\">\n<td><span class=\"td-span\"><span class=\"md-pair-s\"><strong><span class=\"md-plain\">Andet papir<\/span><\/strong><\/span><\/span><\/td>\n<td><span class=\"td-span\"><span class=\"md-plain\">B\u00f8lgepap, kludelinjepapir, pap, foliepapir, genbrugsmateriale<\/span><\/span><\/td>\n<\/tr>\n<tr class=\"md-end-block\">\n<td><span class=\"td-span\"><span class=\"md-pair-s\"><strong><span class=\"md-plain\">Tilbeh\u00f8r<\/span><\/strong><\/span><\/span><\/td>\n<td><span class=\"td-span\"><span class=\"md-plain\">Magnet, b\u00e5nd, EVA-form, plastbakke, svamp, blomster, PVC\/PET\/PP-vindue<\/span><\/span><\/td>\n<\/tr>\n<tr class=\"md-end-block\">\n<td><span class=\"td-span\"><span class=\"md-pair-s\"><strong><span class=\"md-plain\">Udskrivning<\/span><\/strong><\/span><\/span><\/td>\n<td><span class=\"td-span\"><span class=\"md-plain\">CMYK 4-farve offsettryk, serigrafi, Panton-farve, UV-tryk.<\/span><\/span><\/td>\n<\/tr>\n<tr class=\"md-end-block\">\n<td><span class=\"td-span\"><span class=\"md-pair-s\"><strong><span class=\"md-plain\">Efterbehandlingsteknik<\/span><\/strong><\/span><\/span><\/td>\n<td><span class=\"td-span\"><span class=\"md-plain\">UV-bel\u00e6gning, spotlakering, pr\u00e6gning, blank\/mat laminering, foliestempling, udstansning osv.<\/span><\/span><\/td>\n<\/tr>\n<tr class=\"md-end-block\">\n<td><span class=\"td-span\"><span class=\"md-pair-s\"><strong><span class=\"md-plain\">Brand<\/span><\/strong><\/span><\/span><\/td>\n<td><span class=\"td-span\"><span class=\"md-plain\">OEM og ODM er tilg\u00e6ngelige, og vi kan udskrive det LOGO, som kunderne leverer.<\/span><\/span><\/td>\n<\/tr>\n<tr class=\"md-end-block\">\n<td><span class=\"td-span\"><span class=\"md-pair-s\"><strong><span class=\"md-plain\">Udskriftsomr\u00e5de<\/span><\/strong><\/span><\/span><\/td>\n<td><span class=\"td-span\"><span class=\"md-plain\">100% Udskrivning eller ej, som er baseret p\u00e5 anmodning.<\/span><\/span><\/td>\n<\/tr>\n<tr class=\"md-end-block\">\n<td><span class=\"td-span\"><span class=\"md-pair-s\"><strong><span class=\"md-plain\">Emballage<\/span><\/strong><\/span><\/span><\/td>\n<td><span class=\"td-span\"><span class=\"md-plain\">Produkterne pakkes i standard eksportkarton eller i henhold til kundernes krav.<\/span><\/span><\/td>\n<\/tr>\n<tr class=\"md-end-block\">\n<td><span class=\"td-span\"><span class=\"md-pair-s\"><strong><span class=\"md-plain\">Industri<\/span><\/strong><\/span><\/span><\/td>\n<td><span class=\"td-span\"><span class=\"md-plain\">Chokolade, vin, kosmetik, parfume, t\u00f8j, smykker, tobak, mad, gaver, dagligvarer, forlag, leget\u00f8jsgaver, specialvarer og s\u00e5 videre.<\/span><\/span><\/td>\n<\/tr>\n<tr class=\"md-end-block\">\n<td><span class=\"td-span\"><span class=\"md-pair-s\"><strong><span class=\"md-plain\">Pr\u00f8ve<\/span><\/strong><\/span><\/span><\/td>\n<td><span class=\"td-span\"><span class=\"md-plain\">3~5 dage efter at kunstv\u00e6rket er blevet bekr\u00e6ftet.<\/span><\/span><\/td>\n<\/tr>\n<tr class=\"md-end-block md-focus-container\">\n<td><span class=\"td-span\"><span class=\"md-pair-s\"><strong><span class=\"md-plain\">Pris<\/span><\/strong><\/span><\/span><\/td>\n<td><span class=\"td-span md-focus\"><span class=\"md-plain md-expand\">Det afh\u00e6nger af st\u00f8rrelse, materiale, tryk, finish efter tryk, m\u00e6ngde og pakning.<\/span><\/span><\/td>\n<\/tr>\n<\/tbody>\n<\/table>\n<p><img fetchpriority=\"high\" decoding=\"async\" class=\"alignnone wp-image-6207\" src=\"http:\/\/ibn.wyd.mybluehost.me\/reanpackaging.com\/wp-content\/uploads\/2023\/09\/1-2-262x300.jpg\" alt=\"Producenter Personlig luksusbutik Gavepapirpose Emballage Brugerdefineret hvidt lyser\u00f8dt papir Tak gaveposer med logotryk -beskrivelse - 1\" width=\"1336\" height=\"1530\" srcset=\"https:\/\/reanpackaging.com\/wp-content\/uploads\/2023\/09\/1-2-262x300.jpg 262w, https:\/\/reanpackaging.com\/wp-content\/uploads\/2023\/09\/1-2-768x880.jpg 768w, https:\/\/reanpackaging.com\/wp-content\/uploads\/2023\/09\/1-2-600x688.jpg 600w, https:\/\/reanpackaging.com\/wp-content\/uploads\/2023\/09\/1-2.jpg 800w\" sizes=\"(max-width: 1336px) 100vw, 1336px\" \/><\/p>\n<p><img decoding=\"async\" class=\"alignnone wp-image-6208\" src=\"http:\/\/ibn.wyd.mybluehost.me\/reanpackaging.com\/wp-content\/uploads\/2023\/09\/2-2-287x300.jpg\" alt=\"Producenter Personlig luksusbutik Gavepapirpose Emballage Brugerdefineret hvidt lyser\u00f8dt papir Tak gaveposer med logotryk -beskrivelse - 2\" width=\"1336\" height=\"1397\" srcset=\"https:\/\/reanpackaging.com\/wp-content\/uploads\/2023\/09\/2-2-287x300.jpg 287w, https:\/\/reanpackaging.com\/wp-content\/uploads\/2023\/09\/2-2-768x803.jpg 768w, https:\/\/reanpackaging.com\/wp-content\/uploads\/2023\/09\/2-2-600x627.jpg 600w, https:\/\/reanpackaging.com\/wp-content\/uploads\/2023\/09\/2-2.jpg 800w\" sizes=\"(max-width: 1336px) 100vw, 1336px\" \/><\/p>\n<p><img decoding=\"async\" class=\"alignnone wp-image-6210\" src=\"http:\/\/ibn.wyd.mybluehost.me\/reanpackaging.com\/wp-content\/uploads\/2023\/09\/4-1-300x197.jpg\" alt=\"Producenter Personlig luksusbutik Gavepapirpose Emballage Brugerdefineret hvidt lyser\u00f8dt papir Tak gaveposer med logotryk -beskrivelse - 4\" width=\"1246\" height=\"818\" srcset=\"https:\/\/reanpackaging.com\/wp-content\/uploads\/2023\/09\/4-1-300x197.jpg 300w, https:\/\/reanpackaging.com\/wp-content\/uploads\/2023\/09\/4-1-768x503.jpg 768w, https:\/\/reanpackaging.com\/wp-content\/uploads\/2023\/09\/4-1-600x393.jpg 600w, https:\/\/reanpackaging.com\/wp-content\/uploads\/2023\/09\/4-1.jpg 800w\" sizes=\"(max-width: 1246px) 100vw, 1246px\" \/><\/p>\n<p><img loading=\"lazy\" decoding=\"async\" class=\"alignnone wp-image-6211\" src=\"http:\/\/ibn.wyd.mybluehost.me\/reanpackaging.com\/wp-content\/uploads\/2023\/09\/5-2-280x300.jpg\" alt=\"Producenter Personlig luksus boutique gavepapirpose Emballage Brugerdefineret hvidt lyser\u00f8dt papir tak gaveposer med logo print -beskrivelse - 5\" width=\"1208\" height=\"1294\" srcset=\"https:\/\/reanpackaging.com\/wp-content\/uploads\/2023\/09\/5-2-280x300.jpg 280w, https:\/\/reanpackaging.com\/wp-content\/uploads\/2023\/09\/5-2-768x822.jpg 768w, https:\/\/reanpackaging.com\/wp-content\/uploads\/2023\/09\/5-2-600x642.jpg 600w, https:\/\/reanpackaging.com\/wp-content\/uploads\/2023\/09\/5-2.jpg 800w\" sizes=\"(max-width: 1208px) 100vw, 1208px\" \/><\/p>\n<p><img loading=\"lazy\" decoding=\"async\" class=\"alignnone wp-image-6212\" src=\"http:\/\/ibn.wyd.mybluehost.me\/reanpackaging.com\/wp-content\/uploads\/2023\/09\/6-1-256x300.jpg\" alt=\"Producenter Personlig luksus boutique gavepapirpose Emballage Brugerdefineret hvidt lyser\u00f8dt papir tak gaveposer med logo print -beskrivelse - 6\" width=\"1144\" height=\"1341\" srcset=\"https:\/\/reanpackaging.com\/wp-content\/uploads\/2023\/09\/6-1-256x300.jpg 256w, https:\/\/reanpackaging.com\/wp-content\/uploads\/2023\/09\/6-1-768x900.jpg 768w, https:\/\/reanpackaging.com\/wp-content\/uploads\/2023\/09\/6-1-600x703.jpg 600w, https:\/\/reanpackaging.com\/wp-content\/uploads\/2023\/09\/6-1.jpg 800w\" sizes=\"(max-width: 1144px) 100vw, 1144px\" \/><\/p>\n<p><img loading=\"lazy\" decoding=\"async\" class=\"alignnone wp-image-6215\" src=\"http:\/\/ibn.wyd.mybluehost.me\/reanpackaging.com\/wp-content\/uploads\/2023\/09\/9-2-300x292.jpg\" alt=\"Producenter Personlig luksusbutik Gavepapirpose Emballage Brugerdefineret hvidt lyser\u00f8dt papir Tak gaveposer med logotryk -beskrivelse - 9\" width=\"1142\" height=\"1112\" srcset=\"https:\/\/reanpackaging.com\/wp-content\/uploads\/2023\/09\/9-2-300x292.jpg 300w, https:\/\/reanpackaging.com\/wp-content\/uploads\/2023\/09\/9-2-768x748.jpg 768w, https:\/\/reanpackaging.com\/wp-content\/uploads\/2023\/09\/9-2-600x584.jpg 600w, https:\/\/reanpackaging.com\/wp-content\/uploads\/2023\/09\/9-2.jpg 800w\" sizes=\"(max-width: 1142px) 100vw, 1142px\" \/><\/p>\n<p><img loading=\"lazy\" decoding=\"async\" class=\"alignnone wp-image-6216\" src=\"http:\/\/ibn.wyd.mybluehost.me\/reanpackaging.com\/wp-content\/uploads\/2023\/09\/10-300x293.jpg\" alt=\"Producenter Personlig Luksus Boutique Gavepapirpose Emballage Brugerdefineret Hvid Pink Papir Tak Gaveposer Med Logo Print -beskrivelse - 10\" width=\"1092\" height=\"1067\" srcset=\"https:\/\/reanpackaging.com\/wp-content\/uploads\/2023\/09\/10-300x293.jpg 300w, https:\/\/reanpackaging.com\/wp-content\/uploads\/2023\/09\/10-768x751.jpg 768w, https:\/\/reanpackaging.com\/wp-content\/uploads\/2023\/09\/10-600x587.jpg 600w, https:\/\/reanpackaging.com\/wp-content\/uploads\/2023\/09\/10.jpg 800w\" sizes=\"(max-width: 1092px) 100vw, 1092px\" \/><\/p>\n<p><img loading=\"lazy\" decoding=\"async\" class=\"alignnone wp-image-6217\" src=\"http:\/\/ibn.wyd.mybluehost.me\/reanpackaging.com\/wp-content\/uploads\/2023\/09\/11-220x300.jpg\" alt=\"Producenter Personlig luksusbutik Gavepapirpose Emballage Brugerdefineret hvidt lyser\u00f8dt papir Tak gaveposer med logotryk -beskrivelse - 11\" width=\"1099\" height=\"1499\" srcset=\"https:\/\/reanpackaging.com\/wp-content\/uploads\/2023\/09\/11-220x300.jpg 220w, https:\/\/reanpackaging.com\/wp-content\/uploads\/2023\/09\/11-768x1049.jpg 768w\" sizes=\"(max-width: 1099px) 100vw, 1099px\" \/><\/p>","protected":false},"excerpt":{"rendered":"<p>Industry-specific attributes Industrial Use Shoes &amp; clothing Paper Type Kraft Paper Feature Recycled Materials Other Attributes Surface Handling Flexo Printing Sealing &amp; Handle Hand Length Handle Custom Order Accept Product name Gift Paper Packaging Bag Size: Customized Accept Logo: Accept Customized Logo or pattern Keyword paper shopping bag;paper gift bag;clothes packing bag Usage Package MOQ [&hellip;]<\/p>\n","protected":false},"featured_media":6193,"template":"","meta":{"_seopress_robots_primary_cat":"none","_seopress_titles_title":"","_seopress_titles_desc":"","_seopress_robots_index":"","site-sidebar-layout":"default","site-content-layout":"default","ast-site-content-layout":"default","site-content-style":"default","site-sidebar-style":"default","ast-global-header-display":"","ast-banner-title-visibility":"","ast-main-header-display":"","ast-hfb-above-header-display":"","ast-hfb-below-header-display":"","ast-hfb-mobile-header-display":"","site-post-title":"","ast-breadcrumbs-content":"","ast-featured-img":"","footer-sml-layout":"","ast-disable-related-posts":"","theme-transparent-header-meta":"default","adv-header-id-meta":"","stick-header-meta":"default","header-above-stick-meta":"","header-main-stick-meta":"","header-below-stick-meta":"","astra-migrate-meta-layouts":"set","ast-page-background-enabled":"default","ast-page-background-meta":{"desktop":{"background-color":"","background-image":"","background-repeat":"repeat","background-position":"center center","background-size":"auto","background-attachment":"scroll","background-type":"","background-media":"","overlay-type":"","overlay-color":"","overlay-opacity":"","overlay-gradient":""},"tablet":{"background-color":"","background-image":"","background-repeat":"repeat","background-position":"center center","background-size":"auto","background-attachment":"scroll","background-type":"","background-media":"","overlay-type":"","overlay-color":"","overlay-opacity":"","overlay-gradient":""},"mobile":{"background-color":"","background-image":"","background-repeat":"repeat","background-position":"center center","background-size":"auto","background-attachment":"scroll","background-type":"","background-media":"","overlay-type":"","overlay-color":"","overlay-opacity":"","overlay-gradient":""}},"ast-content-background-meta":{"desktop":{"background-color":"var(--ast-global-color-5)","background-image":"","background-repeat":"repeat","background-position":"center center","background-size":"auto","background-attachment":"scroll","background-type":"","background-media":"","overlay-type":"","overlay-color":"","overlay-opacity":"","overlay-gradient":""},"tablet":{"background-color":"var(--ast-global-color-5)","background-image":"","background-repeat":"repeat","background-position":"center center","background-size":"auto","background-attachment":"scroll","background-type":"","background-media":"","overlay-type":"","overlay-color":"","overlay-opacity":"","overlay-gradient":""},"mobile":{"background-color":"var(--ast-global-color-5)","background-image":"","background-repeat":"repeat","background-position":"center center","background-size":"auto","background-attachment":"scroll","background-type":"","background-media":"","overlay-type":"","overlay-color":"","overlay-opacity":"","overlay-gradient":""}}},"product_brand":[],"product_cat":[40,36,44],"product_tag":[],"class_list":{"0":"post-6190","1":"product","2":"type-product","3":"status-publish","4":"has-post-thumbnail","6":"product_cat-gift-bags","7":"product_cat-kraft-bags","8":"product_cat-paper-bags","9":"desktop-align-left","10":"tablet-align-left","11":"mobile-align-left","12":"ast-product-gallery-layout-horizontal","13":"ast-product-tabs-layout-horizontal","15":"first","16":"instock","17":"shipping-taxable","18":"purchasable","19":"product-type-simple"},"_links":{"self":[{"href":"https:\/\/reanpackaging.com\/da\/wp-json\/wp\/v2\/product\/6190","targetHints":{"allow":["GET"]}}],"collection":[{"href":"https:\/\/reanpackaging.com\/da\/wp-json\/wp\/v2\/product"}],"about":[{"href":"https:\/\/reanpackaging.com\/da\/wp-json\/wp\/v2\/types\/product"}],"wp:featuredmedia":[{"embeddable":true,"href":"https:\/\/reanpackaging.com\/da\/wp-json\/wp\/v2\/media\/6193"}],"wp:attachment":[{"href":"https:\/\/reanpackaging.com\/da\/wp-json\/wp\/v2\/media?parent=6190"}],"wp:term":[{"taxonomy":"product_brand","embeddable":true,"href":"https:\/\/reanpackaging.com\/da\/wp-json\/wp\/v2\/product_brand?post=6190"},{"taxonomy":"product_cat","embeddable":true,"href":"https:\/\/reanpackaging.com\/da\/wp-json\/wp\/v2\/product_cat?post=6190"},{"taxonomy":"product_tag","embeddable":true,"href":"https:\/\/reanpackaging.com\/da\/wp-json\/wp\/v2\/product_tag?post=6190"}],"curies":[{"name":"wp","href":"https:\/\/api.w.org\/{rel}","templated":true}]}}