{"id":9022,"date":"2023-09-24T16:19:44","date_gmt":"2023-09-24T16:19:44","guid":{"rendered":"http:\/\/ibn.wyd.mybluehost.me\/reanpackaging.com\/product\/riginal-brown-burger-kraft-paper-bag-printed-sleeve-square-bottom\/"},"modified":"2024-10-01T16:51:53","modified_gmt":"2024-10-01T16:51:53","slug":"riginal-brown-burger-kraft-paper-bag-printed-sleeve-square-bottom","status":"publish","type":"product","link":"https:\/\/reanpackaging.com\/da\/vare\/riginal-brown-burger-kraft-paper-bag-printed-sleeve-square-bottom\/","title":{"rendered":"Riginal Brown Burger Kraft Paper Bag Printed Sleeve Square Bottom"},"content":{"rendered":"<h4>Branchespecifikke egenskaber<\/h4>\n<table border=\"1\">\n<tr>\n<td><strong>Industriel anvendelse<\/strong><\/td>\n<td>F\u00f8devarer<\/td>\n<\/tr>\n<tr>\n<td><strong>Papirtype<\/strong><\/td>\n<td>Kunstpapir<\/td>\n<\/tr>\n<tr>\n<td><strong>Funktion<\/strong><\/td>\n<td>Genanvendelig<\/td>\n<\/tr>\n<\/table>\n<h4>Andre egenskaber<\/h4>\n<table border=\"1\">\n<tr>\n<td><strong>H\u00e5ndtering af overflader<\/strong><\/td>\n<td>Offsettryk<\/td>\n<\/tr>\n<tr>\n<td><strong>Forsegling og h\u00e5ndtag<\/strong><\/td>\n<td>H\u00e5ndl\u00e6ngde H\u00e5ndtag<\/td>\n<\/tr>\n<tr>\n<td><strong>Brugerdefineret ordre<\/strong><\/td>\n<td>Accepter<\/td>\n<\/tr>\n<tr>\n<td><strong>Industriel anvendelse<\/strong><\/td>\n<td>F\u00f8devarer<\/td>\n<\/tr>\n<tr>\n<td><strong>genstand<\/strong><\/td>\n<td>original brun burger kraftpapirpose med trykt \u00e6rme firkantet bund<\/td>\n<\/tr>\n<tr>\n<td><strong>st\u00f8rrelse<\/strong><\/td>\n<td>tilpasset<\/td>\n<\/tr>\n<tr>\n<td><strong>overfladebehandlet<\/strong><\/td>\n<td>glans eller mat<\/td>\n<\/tr>\n<tr>\n<td><strong>Papirtype<\/strong><\/td>\n<td>F\u00f8devaregodkendt papir<\/td>\n<\/tr>\n<tr>\n<td><strong>farve<\/strong><\/td>\n<td>maling efter anmodning<\/td>\n<\/tr>\n<tr>\n<td><strong>logo<\/strong><\/td>\n<td>tilpasset<\/td>\n<\/tr>\n<tr>\n<td><strong>Funktion<\/strong><\/td>\n<td>Anti-fugt og fedtt\u00e6t bel\u00e6gning<\/td>\n<\/tr>\n<tr>\n<td><strong>brug<\/strong><\/td>\n<td>f\u00f8devareemballage, chokoladeemballage<\/td>\n<\/tr>\n<tr>\n<td><strong>MOQ<\/strong><\/td>\n<td>1 stk.<\/td>\n<\/tr>\n<\/table>\n<p><img decoding=\"async\" class=\"detail-desc-decorate-image\" src=\"http:\/\/ibn.wyd.mybluehost.me\/reanpackaging.com\/wp-content\/uploads\/2023\/09\/4-description-Riginal-Brown-Burger-Kraft-Paper-Bag-Printed-Sleeve-Square-Bottom.jpg\" slate-data-type=\"image\" style=\"max-width: 100%; height: auto; display: block; margin: 0 auto;\"><br \/>\n<img decoding=\"async\" class=\"detail-desc-decorate-image\" src=\"http:\/\/ibn.wyd.mybluehost.me\/reanpackaging.com\/wp-content\/uploads\/2023\/09\/5-description-Riginal-Brown-Burger-Kraft-Paper-Bag-Printed-Sleeve-Square-Bottom.jpg\" slate-data-type=\"image\" style=\"max-width: 100%; height: auto; display: block; margin: 0 auto;\"><br \/>\n<img decoding=\"async\" class=\"detail-desc-decorate-image\" src=\"http:\/\/ibn.wyd.mybluehost.me\/reanpackaging.com\/wp-content\/uploads\/2023\/09\/6-description-Riginal-Brown-Burger-Kraft-Paper-Bag-Printed-Sleeve-Square-Bottom.jpg\" slate-data-type=\"image\" style=\"max-width: 100%; height: auto; display: block; margin: 0 auto;\"><br \/>\n<img decoding=\"async\" class=\"detail-desc-decorate-image\" src=\"http:\/\/ibn.wyd.mybluehost.me\/reanpackaging.com\/wp-content\/uploads\/2023\/09\/7-description-Riginal-Brown-Burger-Kraft-Paper-Bag-Printed-Sleeve-Square-Bottom.jpg\" slate-data-type=\"image\" style=\"max-width: 100%; height: auto; display: block; margin: 0 auto;\"><\/p>","protected":false},"excerpt":{"rendered":"<p>Industry-Specific Attributes Industrial Use Food Paper Type Art Paper Feature Recyclable Other Attributes Surface Handling Offset printing Sealing &#038; Handle Hand Length Handle Custom Order Accept Industrial Use Food item original brown burger kraft paper bag printed sleeve square bottom size customized surface finished gloss or mate paper type food grade paper color paint according [&hellip;]<\/p>\n","protected":false},"featured_media":8988,"template":"","meta":{"_seopress_robots_primary_cat":"none","_seopress_titles_title":"","_seopress_titles_desc":"","_seopress_robots_index":"","site-sidebar-layout":"default","site-content-layout":"","ast-site-content-layout":"default","site-content-style":"default","site-sidebar-style":"default","ast-global-header-display":"","ast-banner-title-visibility":"","ast-main-header-display":"","ast-hfb-above-header-display":"","ast-hfb-below-header-display":"","ast-hfb-mobile-header-display":"","site-post-title":"","ast-breadcrumbs-content":"","ast-featured-img":"","footer-sml-layout":"","ast-disable-related-posts":"","theme-transparent-header-meta":"default","adv-header-id-meta":"","stick-header-meta":"default","header-above-stick-meta":"","header-main-stick-meta":"","header-below-stick-meta":"","astra-migrate-meta-layouts":"set","ast-page-background-enabled":"default","ast-page-background-meta":{"desktop":{"background-color":"","background-image":"","background-repeat":"repeat","background-position":"center center","background-size":"auto","background-attachment":"scroll","background-type":"","background-media":"","overlay-type":"","overlay-color":"","overlay-opacity":"","overlay-gradient":""},"tablet":{"background-color":"","background-image":"","background-repeat":"repeat","background-position":"center center","background-size":"auto","background-attachment":"scroll","background-type":"","background-media":"","overlay-type":"","overlay-color":"","overlay-opacity":"","overlay-gradient":""},"mobile":{"background-color":"","background-image":"","background-repeat":"repeat","background-position":"center center","background-size":"auto","background-attachment":"scroll","background-type":"","background-media":"","overlay-type":"","overlay-color":"","overlay-opacity":"","overlay-gradient":""}},"ast-content-background-meta":{"desktop":{"background-color":"var(--ast-global-color-5)","background-image":"","background-repeat":"repeat","background-position":"center center","background-size":"auto","background-attachment":"scroll","background-type":"","background-media":"","overlay-type":"","overlay-color":"","overlay-opacity":"","overlay-gradient":""},"tablet":{"background-color":"var(--ast-global-color-5)","background-image":"","background-repeat":"repeat","background-position":"center center","background-size":"auto","background-attachment":"scroll","background-type":"","background-media":"","overlay-type":"","overlay-color":"","overlay-opacity":"","overlay-gradient":""},"mobile":{"background-color":"var(--ast-global-color-5)","background-image":"","background-repeat":"repeat","background-position":"center center","background-size":"auto","background-attachment":"scroll","background-type":"","background-media":"","overlay-type":"","overlay-color":"","overlay-opacity":"","overlay-gradient":""}}},"product_brand":[],"product_cat":[35,36,44],"product_tag":[],"class_list":{"0":"post-9022","1":"product","2":"type-product","3":"status-publish","4":"has-post-thumbnail","6":"product_cat-brown-paper-bags-bulk","7":"product_cat-kraft-bags","8":"product_cat-paper-bags","9":"desktop-align-left","10":"tablet-align-left","11":"mobile-align-left","12":"ast-product-gallery-layout-horizontal","13":"ast-product-tabs-layout-horizontal","15":"first","16":"instock","17":"purchasable","18":"product-type-simple"},"_links":{"self":[{"href":"https:\/\/reanpackaging.com\/da\/wp-json\/wp\/v2\/product\/9022","targetHints":{"allow":["GET"]}}],"collection":[{"href":"https:\/\/reanpackaging.com\/da\/wp-json\/wp\/v2\/product"}],"about":[{"href":"https:\/\/reanpackaging.com\/da\/wp-json\/wp\/v2\/types\/product"}],"wp:featuredmedia":[{"embeddable":true,"href":"https:\/\/reanpackaging.com\/da\/wp-json\/wp\/v2\/media\/8988"}],"wp:attachment":[{"href":"https:\/\/reanpackaging.com\/da\/wp-json\/wp\/v2\/media?parent=9022"}],"wp:term":[{"taxonomy":"product_brand","embeddable":true,"href":"https:\/\/reanpackaging.com\/da\/wp-json\/wp\/v2\/product_brand?post=9022"},{"taxonomy":"product_cat","embeddable":true,"href":"https:\/\/reanpackaging.com\/da\/wp-json\/wp\/v2\/product_cat?post=9022"},{"taxonomy":"product_tag","embeddable":true,"href":"https:\/\/reanpackaging.com\/da\/wp-json\/wp\/v2\/product_tag?post=9022"}],"curies":[{"name":"wp","href":"https:\/\/api.w.org\/{rel}","templated":true}]}}