{"id":9505,"date":"2023-09-25T15:27:58","date_gmt":"2023-09-25T15:27:58","guid":{"rendered":"http:\/\/ibn.wyd.mybluehost.me\/reanpackaging.com\/product\/bio-pla-biodegradable-black-coffee-bags-with-valve-and-zipper-custom-paper-packaging-flat-bottom-coffee-bean-bag-250gr-250g\/"},"modified":"2023-09-25T15:27:58","modified_gmt":"2023-09-25T15:27:58","slug":"bio-pla-biodegradable-black-coffee-bags-with-valve-and-zipper-custom-paper-packaging-flat-bottom-coffee-bean-bag-250gr-250g","status":"publish","type":"product","link":"https:\/\/reanpackaging.com\/da\/vare\/bio-pla-biodegradable-black-coffee-bags-with-valve-and-zipper-custom-paper-packaging-flat-bottom-coffee-bean-bag-250gr-250g\/","title":{"rendered":"Bio Pla Bionedbrydelige sorte kaffeposer med ventil og lynl\u00e5s Brugerdefineret papiremballage Flad bund kaffeb\u00f8nnepose 250Gr 250G"},"content":{"rendered":"<\/table>\n<h4>Andre egenskaber<\/h4>\n<table border=\"1\">\n<tr>\n<td><strong>Materiale<\/strong><\/td>\n<td>PET\/LLDPE, kraftpapir\/PE osv.<\/td>\n<\/tr>\n<tr>\n<td><strong>Industriel anvendelse<\/strong><\/td>\n<td>Emballage til kaffe<\/td>\n<\/tr>\n<tr>\n<td><strong>H\u00e5ndtering af overflader<\/strong><\/td>\n<td>Mat eller skinnende finish<\/td>\n<\/tr>\n<tr>\n<td><strong>Vare<\/strong><\/td>\n<td>100gr 100g 150 g 250g 500g 1kg Kaffepose med ventil og lynl\u00e5s<\/td>\n<\/tr>\n<tr>\n<td><strong>Valg af stil<\/strong><\/td>\n<td>Flad bund, st\u00e5 op, sidekile, firdobbelt forsegling, mellemforsegling osv.<\/td>\n<\/tr>\n<tr>\n<td><strong>Bl\u00e6ktype<\/strong><\/td>\n<td>Milj\u00f8venligt sojabl\u00e6k af f\u00f8devarestandard<\/td>\n<\/tr>\n<tr>\n<td><strong>Tilg\u00e6ngeligt tilbeh\u00f8r<\/strong><\/td>\n<td>Ziplock, pull tab lynl\u00e5s, tear notch, hang hole, ventil, tin tie osv.<\/td>\n<\/tr>\n<tr>\n<td><strong>Brug<\/strong><\/td>\n<td>Kaffeb\u00f8nner, kaffepulver, malet kaffe, te osv.<\/td>\n<\/tr>\n<tr>\n<td><strong>Funktion<\/strong><\/td>\n<td>F\u00f8devarekvalitet, h\u00f8j barriere, st\u00e6rk forsegling, perfekt tryk<\/td>\n<\/tr>\n<tr>\n<td><strong>CTN-st\u00f8rrelse<\/strong><\/td>\n<td>Tilpasset eller baseret p\u00e5 faktisk v\u00e6gt og volumen.<\/td>\n<\/tr>\n<tr>\n<td><strong>Kapacitet<\/strong><\/td>\n<td>250g,340g,500g,1kg,2kg,3kg,5kg; 8oz,16oz,32oz; 1lb,2lb,5lb eller brugerdefineret<\/td>\n<\/tr>\n<\/table>\n<p><img decoding=\"async\" class=\"detail-desc-decorate-image\" src=\"http:\/\/ibn.wyd.mybluehost.me\/reanpackaging.com\/wp-content\/uploads\/2023\/09\/3-description-Bio-Pla-Biodegradable-Black-Coffee-Bags-With-Valve-And-Zipper-Custom-Paper-Packaging-Flat-Bottom-Coffee-Bean-Bag-250Gr-250G.jpg\" slate-data-type=\"image\" style=\"max-width: 100%; height: auto; display: block; margin: 0 auto;\"><\/p>","protected":false},"excerpt":{"rendered":"<p>Other Attributes Material PET\/LLDPE, Kraft Paper\/PE, etc. Industrial Use coffee packaging Surface Handling Matt or Shiny Finishing Item 100gr 100g 150 g 250g 500g 1kg Coffee Bag With Valve And Zipper Style Options Flat Bottom, Stand Up, Side Gusset, Quad Seal, Middle Seal, etc. Ink type Eco-friendly Food Standard Soy Ink Accessory Available Ziplock, Pull [&hellip;]<\/p>\n","protected":false},"featured_media":9388,"template":"","meta":{"_seopress_robots_primary_cat":"","_seopress_titles_title":"","_seopress_titles_desc":"","_seopress_robots_index":"","site-sidebar-layout":"default","site-content-layout":"","ast-site-content-layout":"default","site-content-style":"default","site-sidebar-style":"default","ast-global-header-display":"","ast-banner-title-visibility":"","ast-main-header-display":"","ast-hfb-above-header-display":"","ast-hfb-below-header-display":"","ast-hfb-mobile-header-display":"","site-post-title":"","ast-breadcrumbs-content":"","ast-featured-img":"","footer-sml-layout":"","ast-disable-related-posts":"","theme-transparent-header-meta":"","adv-header-id-meta":"","stick-header-meta":"","header-above-stick-meta":"","header-main-stick-meta":"","header-below-stick-meta":"","astra-migrate-meta-layouts":"default","ast-page-background-enabled":"default","ast-page-background-meta":{"desktop":{"background-color":"","background-image":"","background-repeat":"repeat","background-position":"center center","background-size":"auto","background-attachment":"scroll","background-type":"","background-media":"","overlay-type":"","overlay-color":"","overlay-opacity":"","overlay-gradient":""},"tablet":{"background-color":"","background-image":"","background-repeat":"repeat","background-position":"center center","background-size":"auto","background-attachment":"scroll","background-type":"","background-media":"","overlay-type":"","overlay-color":"","overlay-opacity":"","overlay-gradient":""},"mobile":{"background-color":"","background-image":"","background-repeat":"repeat","background-position":"center center","background-size":"auto","background-attachment":"scroll","background-type":"","background-media":"","overlay-type":"","overlay-color":"","overlay-opacity":"","overlay-gradient":""}},"ast-content-background-meta":{"desktop":{"background-color":"var(--ast-global-color-5)","background-image":"","background-repeat":"repeat","background-position":"center center","background-size":"auto","background-attachment":"scroll","background-type":"","background-media":"","overlay-type":"","overlay-color":"","overlay-opacity":"","overlay-gradient":""},"tablet":{"background-color":"var(--ast-global-color-5)","background-image":"","background-repeat":"repeat","background-position":"center center","background-size":"auto","background-attachment":"scroll","background-type":"","background-media":"","overlay-type":"","overlay-color":"","overlay-opacity":"","overlay-gradient":""},"mobile":{"background-color":"var(--ast-global-color-5)","background-image":"","background-repeat":"repeat","background-position":"center center","background-size":"auto","background-attachment":"scroll","background-type":"","background-media":"","overlay-type":"","overlay-color":"","overlay-opacity":"","overlay-gradient":""}}},"product_brand":[],"product_cat":[50,44],"product_tag":[],"class_list":{"0":"post-9505","1":"product","2":"type-product","3":"status-publish","4":"has-post-thumbnail","6":"product_cat-custom-paper-bags","7":"product_cat-paper-bags","8":"desktop-align-left","9":"tablet-align-left","10":"mobile-align-left","11":"ast-product-gallery-layout-horizontal","12":"ast-product-tabs-layout-horizontal","14":"first","15":"instock","16":"product-type-simple"},"_links":{"self":[{"href":"https:\/\/reanpackaging.com\/da\/wp-json\/wp\/v2\/product\/9505","targetHints":{"allow":["GET"]}}],"collection":[{"href":"https:\/\/reanpackaging.com\/da\/wp-json\/wp\/v2\/product"}],"about":[{"href":"https:\/\/reanpackaging.com\/da\/wp-json\/wp\/v2\/types\/product"}],"wp:featuredmedia":[{"embeddable":true,"href":"https:\/\/reanpackaging.com\/da\/wp-json\/wp\/v2\/media\/9388"}],"wp:attachment":[{"href":"https:\/\/reanpackaging.com\/da\/wp-json\/wp\/v2\/media?parent=9505"}],"wp:term":[{"taxonomy":"product_brand","embeddable":true,"href":"https:\/\/reanpackaging.com\/da\/wp-json\/wp\/v2\/product_brand?post=9505"},{"taxonomy":"product_cat","embeddable":true,"href":"https:\/\/reanpackaging.com\/da\/wp-json\/wp\/v2\/product_cat?post=9505"},{"taxonomy":"product_tag","embeddable":true,"href":"https:\/\/reanpackaging.com\/da\/wp-json\/wp\/v2\/product_tag?post=9505"}],"curies":[{"name":"wp","href":"https:\/\/api.w.org\/{rel}","templated":true}]}}