{"id":16552,"date":"2024-04-25T16:53:04","date_gmt":"2024-04-25T16:53:04","guid":{"rendered":"https:\/\/reanpackaging.com\/product\/large-capacity-gift-box-lined-cork-box-packaging-cork-wrapping-paper-storage-box-with-lid\/"},"modified":"2024-10-01T16:33:50","modified_gmt":"2024-10-01T16:33:50","slug":"large-capacity-gift-box-lined-cork-box-packaging-cork-wrapping-paper-storage-box-with-lid","status":"publish","type":"product","link":"https:\/\/reanpackaging.com\/de\/produkt\/geschenkbox-mit-grosem-fassungsvermogen-gefuttert-mit-kork-verpackung-aus-kork-geschenkpapier-aufbewahrungsbox-mit-deckel\/","title":{"rendered":"Gro\u00dfe Kapazit\u00e4t Geschenk-Box gef\u00fcttert Kork-Box Verpackung Kork Verpackung Papier Storage Box mit Deckel"},"content":{"rendered":"<h4>Branchenspezifische Attribute<\/h4>\n<table border=\"1\">\n<tbody>\n<tr>\n<td><strong>Industrielle Nutzung<\/strong><\/td>\n<td>Haushaltsprodukt<\/td>\n<\/tr>\n<tr>\n<td><strong>Papierart<\/strong><\/td>\n<td>Pappe<\/td>\n<\/tr>\n<tr>\n<td><strong>Merkmal<\/strong><\/td>\n<td>Wiederverwertbar<\/td>\n<\/tr>\n<\/tbody>\n<\/table>\n<h4>Andere Attribute<\/h4>\n<table border=\"1\">\n<tbody>\n<tr>\n<td><strong>Ort der Herkunft<\/strong><\/td>\n<td>Guangdong, China<\/td>\n<\/tr>\n<tr>\n<td><strong>Box Typ<\/strong><\/td>\n<td>Andere<\/td>\n<\/tr>\n<tr>\n<td><strong>Markenname<\/strong><\/td>\n<td>\/<\/td>\n<\/tr>\n<tr>\n<td><strong>Modellnummer<\/strong><\/td>\n<td>kks-bzh005<\/td>\n<\/tr>\n<tr>\n<td><strong>Drucken Handhabung<\/strong><\/td>\n<td>Mattlaminierung, Pr\u00e4gung<\/td>\n<\/tr>\n<tr>\n<td><strong>Individuelle Bestellung<\/strong><\/td>\n<td>Akzeptieren<\/td>\n<\/tr>\n<tr>\n<td><strong>Form<\/strong><\/td>\n<td>kubisch<\/td>\n<\/tr>\n<tr>\n<td><strong>Name des Produkts<\/strong><\/td>\n<td>Kork eingewickeltes Papier Aufbewahrungsbox Papier Geschenkboxen<\/td>\n<\/tr>\n<tr>\n<td><strong>Logo<\/strong><\/td>\n<td>Laser\/Siebdruck<\/td>\n<\/tr>\n<tr>\n<td><strong>Verwendung<\/strong><\/td>\n<td>Geschenkverpackung\/Lagerung<\/td>\n<\/tr>\n<tr>\n<td><strong>Zertifikat<\/strong><\/td>\n<td>ISO9001\/BSCI\/ROHS\/REACH<\/td>\n<\/tr>\n<tr>\n<td><strong>MOQ<\/strong><\/td>\n<td>5000St\u00fcck<\/td>\n<\/tr>\n<tr>\n<td><strong>Muster<\/strong><\/td>\n<td>Erh\u00e4ltlich<\/td>\n<\/tr>\n<tr>\n<td><strong>Dimension<\/strong><\/td>\n<td>16.3*16.3*16.3cm<\/td>\n<\/tr>\n<tr>\n<td><strong>Materielle Struktur<\/strong><\/td>\n<td>Kork+Karton<\/td>\n<\/tr>\n<tr>\n<td><strong>Vorteil<\/strong><\/td>\n<td>100% nat\u00fcrliche und umweltfreundliche Verpackung<\/td>\n<\/tr>\n<tr>\n<td><strong>Probezeit<\/strong><\/td>\n<td>7Tage<\/td>\n<\/tr>\n<\/tbody>\n<\/table>\n<p><img decoding=\"async\" class=\"detail-desc-decorate-image\" style=\"max-width: 100%; height: auto; display: block; margin: 0 auto;\" src=\"https:\/\/reanpackaging.com\/wp-content\/uploads\/2024\/04\/1-description-Large-Capacity-Gift-Box-Lined-Cork-Box-Packaging-Cork-Wrapping-Paper-Storage-Box-With-Lid.jpg\" \/><br \/>\n<img decoding=\"async\" class=\"detail-desc-decorate-image\" style=\"max-width: 100%; height: auto; display: block; margin: 0 auto;\" src=\"https:\/\/reanpackaging.com\/wp-content\/uploads\/2024\/04\/2-description-Large-Capacity-Gift-Box-Lined-Cork-Box-Packaging-Cork-Wrapping-Paper-Storage-Box-With-Lid.jpg\" \/><br \/>\n<img decoding=\"async\" class=\"detail-desc-decorate-image\" style=\"max-width: 100%; height: auto; display: block; margin: 0 auto;\" src=\"https:\/\/reanpackaging.com\/wp-content\/uploads\/2024\/04\/3-description-Large-Capacity-Gift-Box-Lined-Cork-Box-Packaging-Cork-Wrapping-Paper-Storage-Box-With-Lid.jpg\" \/><br \/>\n<img decoding=\"async\" class=\"detail-desc-decorate-image\" style=\"max-width: 100%; height: auto; display: block; margin: 0 auto;\" src=\"https:\/\/reanpackaging.com\/wp-content\/uploads\/2024\/04\/4-description-Large-Capacity-Gift-Box-Lined-Cork-Box-Packaging-Cork-Wrapping-Paper-Storage-Box-With-Lid.jpg\" \/><br \/>\n<img decoding=\"async\" class=\"detail-desc-decorate-image\" style=\"max-width: 100%; height: auto; display: block; margin: 0 auto;\" src=\"https:\/\/reanpackaging.com\/wp-content\/uploads\/2024\/04\/5-description-Large-Capacity-Gift-Box-Lined-Cork-Box-Packaging-Cork-Wrapping-Paper-Storage-Box-With-Lid.jpg\" \/><br \/>\n<img decoding=\"async\" class=\"detail-desc-decorate-image\" style=\"max-width: 100%; height: auto; display: block; margin: 0 auto;\" src=\"https:\/\/reanpackaging.com\/wp-content\/uploads\/2024\/04\/6-description-Large-Capacity-Gift-Box-Lined-Cork-Box-Packaging-Cork-Wrapping-Paper-Storage-Box-With-Lid.jpg\" \/><br \/>\n<img decoding=\"async\" class=\"detail-desc-decorate-image\" style=\"max-width: 100%; height: auto; display: block; margin: 0 auto;\" src=\"https:\/\/reanpackaging.com\/wp-content\/uploads\/2024\/04\/7-description-Large-Capacity-Gift-Box-Lined-Cork-Box-Packaging-Cork-Wrapping-Paper-Storage-Box-With-Lid.jpg\" \/><br \/>\n<img decoding=\"async\" class=\"detail-desc-decorate-image\" style=\"max-width: 100%; height: auto; display: block; margin: 0 auto;\" src=\"https:\/\/reanpackaging.com\/wp-content\/uploads\/2024\/04\/8-description-Large-Capacity-Gift-Box-Lined-Cork-Box-Packaging-Cork-Wrapping-Paper-Storage-Box-With-Lid.jpg\" \/><br \/>\n<img decoding=\"async\" class=\"detail-desc-decorate-image\" style=\"max-width: 100%; height: auto; display: block; margin: 0 auto;\" src=\"https:\/\/reanpackaging.com\/wp-content\/uploads\/2024\/04\/9-description-Large-Capacity-Gift-Box-Lined-Cork-Box-Packaging-Cork-Wrapping-Paper-Storage-Box-With-Lid.jpg\" \/><\/p>","protected":false},"excerpt":{"rendered":"<p>Industry-Specific Attributes Industrial Use household product Paper Type Paperboard Feature Recyclable Other Attributes Place of Origin Guangdong, China Box Type Others Brand Name \/ Model Number kks-bzh005 Printing Handling Matt Lamination, Stamping Custom Order Accept Shape cubic Product name Cork Wrapped Paper Storage Box Paper Gift Boxes Logo laser\/silk screen Usage Gift Packaging\/Storage Certificate ISO9001\/BSCI\/ROHS\/REACH [&hellip;]<\/p>\n","protected":false},"featured_media":16442,"template":"","meta":{"_seopress_robots_primary_cat":"none","_seopress_titles_title":"","_seopress_titles_desc":"","_seopress_robots_index":"","site-sidebar-layout":"default","site-content-layout":"","ast-site-content-layout":"default","site-content-style":"default","site-sidebar-style":"default","ast-global-header-display":"","ast-banner-title-visibility":"","ast-main-header-display":"","ast-hfb-above-header-display":"","ast-hfb-below-header-display":"","ast-hfb-mobile-header-display":"","site-post-title":"","ast-breadcrumbs-content":"","ast-featured-img":"","footer-sml-layout":"","ast-disable-related-posts":"","theme-transparent-header-meta":"default","adv-header-id-meta":"","stick-header-meta":"default","header-above-stick-meta":"","header-main-stick-meta":"","header-below-stick-meta":"","astra-migrate-meta-layouts":"set","ast-page-background-enabled":"default","ast-page-background-meta":{"desktop":{"background-color":"","background-image":"","background-repeat":"repeat","background-position":"center center","background-size":"auto","background-attachment":"scroll","background-type":"","background-media":"","overlay-type":"","overlay-color":"","overlay-opacity":"","overlay-gradient":""},"tablet":{"background-color":"","background-image":"","background-repeat":"repeat","background-position":"center center","background-size":"auto","background-attachment":"scroll","background-type":"","background-media":"","overlay-type":"","overlay-color":"","overlay-opacity":"","overlay-gradient":""},"mobile":{"background-color":"","background-image":"","background-repeat":"repeat","background-position":"center center","background-size":"auto","background-attachment":"scroll","background-type":"","background-media":"","overlay-type":"","overlay-color":"","overlay-opacity":"","overlay-gradient":""}},"ast-content-background-meta":{"desktop":{"background-color":"var(--ast-global-color-5)","background-image":"","background-repeat":"repeat","background-position":"center center","background-size":"auto","background-attachment":"scroll","background-type":"","background-media":"","overlay-type":"","overlay-color":"","overlay-opacity":"","overlay-gradient":""},"tablet":{"background-color":"var(--ast-global-color-5)","background-image":"","background-repeat":"repeat","background-position":"center center","background-size":"auto","background-attachment":"scroll","background-type":"","background-media":"","overlay-type":"","overlay-color":"","overlay-opacity":"","overlay-gradient":""},"mobile":{"background-color":"var(--ast-global-color-5)","background-image":"","background-repeat":"repeat","background-position":"center center","background-size":"auto","background-attachment":"scroll","background-type":"","background-media":"","overlay-type":"","overlay-color":"","overlay-opacity":"","overlay-gradient":""}}},"product_brand":[],"product_cat":[57,39],"product_tag":[],"class_list":{"0":"post-16552","1":"product","2":"type-product","3":"status-publish","4":"has-post-thumbnail","6":"product_cat-gift-box-with-lid","7":"product_cat-gift-boxes","8":"desktop-align-left","9":"tablet-align-left","10":"mobile-align-left","11":"ast-product-gallery-layout-horizontal","12":"ast-product-tabs-layout-horizontal","14":"first","15":"instock","16":"purchasable","17":"product-type-simple"},"_links":{"self":[{"href":"https:\/\/reanpackaging.com\/de\/wp-json\/wp\/v2\/product\/16552","targetHints":{"allow":["GET"]}}],"collection":[{"href":"https:\/\/reanpackaging.com\/de\/wp-json\/wp\/v2\/product"}],"about":[{"href":"https:\/\/reanpackaging.com\/de\/wp-json\/wp\/v2\/types\/product"}],"wp:featuredmedia":[{"embeddable":true,"href":"https:\/\/reanpackaging.com\/de\/wp-json\/wp\/v2\/media\/16442"}],"wp:attachment":[{"href":"https:\/\/reanpackaging.com\/de\/wp-json\/wp\/v2\/media?parent=16552"}],"wp:term":[{"taxonomy":"product_brand","embeddable":true,"href":"https:\/\/reanpackaging.com\/de\/wp-json\/wp\/v2\/product_brand?post=16552"},{"taxonomy":"product_cat","embeddable":true,"href":"https:\/\/reanpackaging.com\/de\/wp-json\/wp\/v2\/product_cat?post=16552"},{"taxonomy":"product_tag","embeddable":true,"href":"https:\/\/reanpackaging.com\/de\/wp-json\/wp\/v2\/product_tag?post=16552"}],"curies":[{"name":"wp","href":"https:\/\/api.w.org\/{rel}","templated":true}]}}