{"id":20151,"date":"2024-07-11T15:31:12","date_gmt":"2024-07-11T15:31:12","guid":{"rendered":"https:\/\/reanpackaging.com\/product\/wholesale-party-favor-gable-christmas-gift-treat-box-custom-print-cake-candy-packaging-christmas-paper-box\/"},"modified":"2024-11-26T13:20:53","modified_gmt":"2024-11-26T13:20:53","slug":"wholesale-party-favor-gable-christmas-gift-treat-box-custom-print-cake-candy-packaging-christmas-paper-box","status":"publish","type":"product","link":"https:\/\/reanpackaging.com\/de\/produkt\/groshandel-party-gunst-gable-weihnachtsgeschenk-behandeln-box-benutzerdefinierten-druck-kuchen-susigkeiten-verpackung-weihnachten-papierkasten\/","title":{"rendered":"Gro\u00dfhandel Party Favor Gable Weihnachten Geschenk Treat Box benutzerdefinierte Druck Kuchen S\u00fc\u00dfigkeiten Verpackung Weihnachten Papier Box"},"content":{"rendered":"<h4>Branchenspezifische Attribute<\/h4>\n<table border=\"1\">\n<tbody>\n<tr>\n<td><strong>Industrielle Nutzung<\/strong><\/td>\n<td>Verpacken<\/td>\n<\/tr>\n<tr>\n<td><strong>Papierart<\/strong><\/td>\n<td>Kraftpapier<\/td>\n<\/tr>\n<tr>\n<td><strong>Merkmal<\/strong><\/td>\n<td>Biologisch abbaubar<\/td>\n<\/tr>\n<\/tbody>\n<\/table>\n<h4>Andere Attribute<\/h4>\n<table border=\"1\">\n<tbody>\n<tr>\n<td><strong>Ort der Herkunft<\/strong><\/td>\n<td>Fujian, China<\/td>\n<\/tr>\n<tr>\n<td><strong>Box Typ<\/strong><\/td>\n<td>Andere<\/td>\n<\/tr>\n<tr>\n<td><strong>Markenname<\/strong><\/td>\n<td>FZSL<\/td>\n<\/tr>\n<tr>\n<td><strong>Modellnummer<\/strong><\/td>\n<td>z13<\/td>\n<\/tr>\n<tr>\n<td><strong>Drucken Handhabung<\/strong><\/td>\n<td>Mattlaminierung, Pr\u00e4gung<\/td>\n<\/tr>\n<tr>\n<td><strong>Individuelle Bestellung<\/strong><\/td>\n<td>Akzeptieren<\/td>\n<\/tr>\n<tr>\n<td><strong>Industrielle Nutzung<\/strong><\/td>\n<td>Geschenkbox<\/td>\n<\/tr>\n<tr>\n<td><strong>Name des Produkts<\/strong><\/td>\n<td>Weihnachtsgeschenkbox<\/td>\n<\/tr>\n<tr>\n<td><strong>Gr\u00f6\u00dfe<\/strong><\/td>\n<td>Benutzerdefinierte Gr\u00f6\u00dfe akzeptiert<\/td>\n<\/tr>\n<tr>\n<td><strong>Logo<\/strong><\/td>\n<td>Akzeptables Kundenlogo<\/td>\n<\/tr>\n<tr>\n<td><strong>Drucken<\/strong><\/td>\n<td>1-4-farbiger Offsetdruck<\/td>\n<\/tr>\n<tr>\n<td><strong>Anmeldung<\/strong><\/td>\n<td>herausnehmen<\/td>\n<\/tr>\n<tr>\n<td><strong>Zahlung<\/strong><\/td>\n<td>30% T\/T Anzahlung<\/td>\n<\/tr>\n<tr>\n<td><strong>Muster<\/strong><\/td>\n<td>Erh\u00e4ltlich<\/td>\n<\/tr>\n<tr>\n<td><strong>Material<\/strong><\/td>\n<td>braunes Kraftpapier +Wellpappe<\/td>\n<\/tr>\n<tr>\n<td><strong>OEM<\/strong><\/td>\n<td>Herzlich willkommen<\/td>\n<\/tr>\n<tr>\n<td><strong>Lieferf\u00e4higkeit<\/strong><\/td>\n<td>Lieferf\u00e4higkeit<\/td>\n<\/tr>\n<tr>\n<td><strong>200000 St\u00fcck\/St\u00fcck pro Monat<\/strong><\/td>\n<td>Mehr anzeigen<\/td>\n<\/tr>\n<\/tbody>\n<\/table>\n<p><img decoding=\"async\" class=\"detail-desc-decorate-image\" style=\"max-width: 100%; height: auto; display: block; margin: 0 auto;\" src=\"https:\/\/reanpackaging.com\/wp-content\/uploads\/2024\/07\/1-description-Wholesale-Party-Favor-Gable-Christmas-Gift-Treat-Box-Custom-Print-Cake-Candy-Packaging-Christmas-Paper-Box.jpg\" \/><br \/>\n<img decoding=\"async\" class=\"detail-desc-decorate-image\" style=\"max-width: 100%; height: auto; display: block; margin: 0 auto;\" src=\"https:\/\/reanpackaging.com\/wp-content\/uploads\/2024\/07\/5-description-Wholesale-Party-Favor-Gable-Christmas-Gift-Treat-Box-Custom-Print-Cake-Candy-Packaging-Christmas-Paper-Box.jpg\" \/><br \/>\n<img decoding=\"async\" class=\"detail-desc-decorate-image\" style=\"max-width: 100%; height: auto; display: block; margin: 0 auto;\" src=\"https:\/\/reanpackaging.com\/wp-content\/uploads\/2024\/07\/6-description-Wholesale-Party-Favor-Gable-Christmas-Gift-Treat-Box-Custom-Print-Cake-Candy-Packaging-Christmas-Paper-Box.jpg\" \/><br \/>\n<img decoding=\"async\" class=\"detail-desc-decorate-image\" style=\"max-width: 100%; height: auto; display: block; margin: 0 auto;\" src=\"https:\/\/reanpackaging.com\/wp-content\/uploads\/2024\/07\/7-description-Wholesale-Party-Favor-Gable-Christmas-Gift-Treat-Box-Custom-Print-Cake-Candy-Packaging-Christmas-Paper-Box.jpg\" \/><\/p>","protected":false},"excerpt":{"rendered":"<p>Industry-Specific Attributes Industrial Use Packing Paper Type Kraft Paper Feature Bio-degradable Other Attributes Place of Origin Fujian, China Box Type Others Brand Name FZSL Model Number z13 Printing Handling Matt Lamination, Stamping Custom Order Accept Industrial Use Gift Box Product name Christmas Gift Box Size Custom Size Accepted Logo Acceptable Customer&#8217;s Logo Printing 1-4 color [&hellip;]<\/p>\n","protected":false},"featured_media":20145,"template":"","meta":{"_seopress_robots_primary_cat":"none","_seopress_titles_title":"","_seopress_titles_desc":"","_seopress_robots_index":"","site-sidebar-layout":"default","site-content-layout":"","ast-site-content-layout":"default","site-content-style":"default","site-sidebar-style":"default","ast-global-header-display":"","ast-banner-title-visibility":"","ast-main-header-display":"","ast-hfb-above-header-display":"","ast-hfb-below-header-display":"","ast-hfb-mobile-header-display":"","site-post-title":"","ast-breadcrumbs-content":"","ast-featured-img":"","footer-sml-layout":"","ast-disable-related-posts":"","theme-transparent-header-meta":"default","adv-header-id-meta":"","stick-header-meta":"default","header-above-stick-meta":"","header-main-stick-meta":"","header-below-stick-meta":"","astra-migrate-meta-layouts":"set","ast-page-background-enabled":"default","ast-page-background-meta":{"desktop":{"background-color":"","background-image":"","background-repeat":"repeat","background-position":"center center","background-size":"auto","background-attachment":"scroll","background-type":"","background-media":"","overlay-type":"","overlay-color":"","overlay-opacity":"","overlay-gradient":""},"tablet":{"background-color":"","background-image":"","background-repeat":"repeat","background-position":"center center","background-size":"auto","background-attachment":"scroll","background-type":"","background-media":"","overlay-type":"","overlay-color":"","overlay-opacity":"","overlay-gradient":""},"mobile":{"background-color":"","background-image":"","background-repeat":"repeat","background-position":"center center","background-size":"auto","background-attachment":"scroll","background-type":"","background-media":"","overlay-type":"","overlay-color":"","overlay-opacity":"","overlay-gradient":""}},"ast-content-background-meta":{"desktop":{"background-color":"var(--ast-global-color-5)","background-image":"","background-repeat":"repeat","background-position":"center center","background-size":"auto","background-attachment":"scroll","background-type":"","background-media":"","overlay-type":"","overlay-color":"","overlay-opacity":"","overlay-gradient":""},"tablet":{"background-color":"var(--ast-global-color-5)","background-image":"","background-repeat":"repeat","background-position":"center center","background-size":"auto","background-attachment":"scroll","background-type":"","background-media":"","overlay-type":"","overlay-color":"","overlay-opacity":"","overlay-gradient":""},"mobile":{"background-color":"var(--ast-global-color-5)","background-image":"","background-repeat":"repeat","background-position":"center center","background-size":"auto","background-attachment":"scroll","background-type":"","background-media":"","overlay-type":"","overlay-color":"","overlay-opacity":"","overlay-gradient":""}}},"product_brand":[],"product_cat":[63],"product_tag":[],"class_list":{"0":"post-20151","1":"product","2":"type-product","3":"status-publish","4":"has-post-thumbnail","6":"product_cat-christmas-gift-boxes","7":"desktop-align-left","8":"tablet-align-left","9":"mobile-align-left","10":"ast-product-gallery-layout-horizontal","11":"ast-product-tabs-layout-horizontal","13":"first","14":"instock","15":"product-type-simple"},"_links":{"self":[{"href":"https:\/\/reanpackaging.com\/de\/wp-json\/wp\/v2\/product\/20151","targetHints":{"allow":["GET"]}}],"collection":[{"href":"https:\/\/reanpackaging.com\/de\/wp-json\/wp\/v2\/product"}],"about":[{"href":"https:\/\/reanpackaging.com\/de\/wp-json\/wp\/v2\/types\/product"}],"wp:featuredmedia":[{"embeddable":true,"href":"https:\/\/reanpackaging.com\/de\/wp-json\/wp\/v2\/media\/20145"}],"wp:attachment":[{"href":"https:\/\/reanpackaging.com\/de\/wp-json\/wp\/v2\/media?parent=20151"}],"wp:term":[{"taxonomy":"product_brand","embeddable":true,"href":"https:\/\/reanpackaging.com\/de\/wp-json\/wp\/v2\/product_brand?post=20151"},{"taxonomy":"product_cat","embeddable":true,"href":"https:\/\/reanpackaging.com\/de\/wp-json\/wp\/v2\/product_cat?post=20151"},{"taxonomy":"product_tag","embeddable":true,"href":"https:\/\/reanpackaging.com\/de\/wp-json\/wp\/v2\/product_tag?post=20151"}],"curies":[{"name":"wp","href":"https:\/\/api.w.org\/{rel}","templated":true}]}}