{"id":21459,"date":"2024-07-18T16:49:39","date_gmt":"2024-07-18T16:49:39","guid":{"rendered":"https:\/\/reanpackaging.com\/product\/kraft-soap-boxes-packaging-for-homemade-soap-mini-square-gift-box-with-custom-luxury-kraft-cardboard-paper-boxes-soap-packaging\/"},"modified":"2024-10-01T16:20:17","modified_gmt":"2024-10-01T16:20:17","slug":"kraft-soap-boxes-packaging-for-homemade-soap-mini-square-gift-box-with-custom-luxury-kraft-cardboard-paper-boxes-soap-packaging","status":"publish","type":"product","link":"https:\/\/reanpackaging.com\/de\/produkt\/kraft-seife-boxen-verpackung-fur-hausgemachte-seife-mini-quadratische-geschenk-box-mit-benutzerdefinierten-luxus-kraft-karton-papier-boxen-seife-verpackung\/","title":{"rendered":"Kraft Seife Boxen Verpackung f\u00fcr hausgemachte Seife Mini Square Gift Box mit benutzerdefinierten Luxus Kraft Karton Papier Boxen Seife Verpackung"},"content":{"rendered":"<h4>Branchenspezifische Attribute<\/h4>\n<table border=\"1\">\n<tbody>\n<tr>\n<td><strong>Industrielle Nutzung<\/strong><\/td>\n<td>Business&amp;Shopping<\/td>\n<\/tr>\n<tr>\n<td><strong>Papierart<\/strong><\/td>\n<td>Pappe<\/td>\n<\/tr>\n<tr>\n<td><strong>Merkmal<\/strong><\/td>\n<td>Recycelte Materialien<\/td>\n<\/tr>\n<\/tbody>\n<\/table>\n<h4>Andere Attribute<\/h4>\n<table border=\"1\">\n<tbody>\n<tr>\n<td><strong>Drucken Handhabung<\/strong><\/td>\n<td>Mattes Laminieren, Pr\u00e4gen, Gl\u00e4nzendes Laminieren<\/td>\n<\/tr>\n<tr>\n<td><strong>Individuelle Bestellung<\/strong><\/td>\n<td>Akzeptieren<\/td>\n<\/tr>\n<tr>\n<td><strong>Form<\/strong><\/td>\n<td>Benutzerdefinierte andere Form<\/td>\n<\/tr>\n<tr>\n<td><strong>Produktname<\/strong><\/td>\n<td>Spr\u00fchdose<\/td>\n<\/tr>\n<tr>\n<td><strong>Typ<\/strong><\/td>\n<td>Kreative Papierverpackungsbox<\/td>\n<\/tr>\n<tr>\n<td><strong>Lieferf\u00e4higkeit<\/strong><\/td>\n<td>Lieferf\u00e4higkeit<\/td>\n<\/tr>\n<tr>\n<td><strong>200000 Kartons\/Kartons pro Woche<\/strong><\/td>\n<td><\/td>\n<\/tr>\n<\/tbody>\n<\/table>","protected":false},"excerpt":{"rendered":"<p>Branchenspezifische Eigenschaften Industrieller Einsatz Business&amp;Shopping Papierart Pappe Eigenschaft Recycelte Materialien Andere Attribute Druckverarbeitung Mattlaminierung, Pr\u00e4gung, Glanzlaminierung Kundenspezifische Bestellung Akzeptieren Form Kundenspezifische Verschiedene Form Produktname Spr\u00fchdose Typ Kreative Papierverpackungsschachtel Lieferf\u00e4higkeit Lieferf\u00e4higkeit 200000 Karton\/Kartons pro Woche<\/p>","protected":false},"featured_media":21425,"template":"","meta":{"_seopress_robots_primary_cat":"none","_seopress_titles_title":"","_seopress_titles_desc":"","_seopress_robots_index":"","site-sidebar-layout":"default","site-content-layout":"","ast-site-content-layout":"default","site-content-style":"default","site-sidebar-style":"default","ast-global-header-display":"","ast-banner-title-visibility":"","ast-main-header-display":"","ast-hfb-above-header-display":"","ast-hfb-below-header-display":"","ast-hfb-mobile-header-display":"","site-post-title":"","ast-breadcrumbs-content":"","ast-featured-img":"","footer-sml-layout":"","ast-disable-related-posts":"","theme-transparent-header-meta":"default","adv-header-id-meta":"","stick-header-meta":"default","header-above-stick-meta":"","header-main-stick-meta":"","header-below-stick-meta":"","astra-migrate-meta-layouts":"set","ast-page-background-enabled":"default","ast-page-background-meta":{"desktop":{"background-color":"","background-image":"","background-repeat":"repeat","background-position":"center center","background-size":"auto","background-attachment":"scroll","background-type":"","background-media":"","overlay-type":"","overlay-color":"","overlay-opacity":"","overlay-gradient":""},"tablet":{"background-color":"","background-image":"","background-repeat":"repeat","background-position":"center center","background-size":"auto","background-attachment":"scroll","background-type":"","background-media":"","overlay-type":"","overlay-color":"","overlay-opacity":"","overlay-gradient":""},"mobile":{"background-color":"","background-image":"","background-repeat":"repeat","background-position":"center center","background-size":"auto","background-attachment":"scroll","background-type":"","background-media":"","overlay-type":"","overlay-color":"","overlay-opacity":"","overlay-gradient":""}},"ast-content-background-meta":{"desktop":{"background-color":"var(--ast-global-color-5)","background-image":"","background-repeat":"repeat","background-position":"center center","background-size":"auto","background-attachment":"scroll","background-type":"","background-media":"","overlay-type":"","overlay-color":"","overlay-opacity":"","overlay-gradient":""},"tablet":{"background-color":"var(--ast-global-color-5)","background-image":"","background-repeat":"repeat","background-position":"center center","background-size":"auto","background-attachment":"scroll","background-type":"","background-media":"","overlay-type":"","overlay-color":"","overlay-opacity":"","overlay-gradient":""},"mobile":{"background-color":"var(--ast-global-color-5)","background-image":"","background-repeat":"repeat","background-position":"center center","background-size":"auto","background-attachment":"scroll","background-type":"","background-media":"","overlay-type":"","overlay-color":"","overlay-opacity":"","overlay-gradient":""}}},"product_brand":[],"product_cat":[66],"product_tag":[],"class_list":{"0":"post-21459","1":"product","2":"type-product","3":"status-publish","4":"has-post-thumbnail","6":"product_cat-soap-boxes","7":"desktop-align-left","8":"tablet-align-left","9":"mobile-align-left","10":"ast-product-gallery-layout-horizontal","11":"ast-product-tabs-layout-horizontal","13":"first","14":"instock","15":"purchasable","16":"product-type-simple"},"_links":{"self":[{"href":"https:\/\/reanpackaging.com\/de\/wp-json\/wp\/v2\/product\/21459","targetHints":{"allow":["GET"]}}],"collection":[{"href":"https:\/\/reanpackaging.com\/de\/wp-json\/wp\/v2\/product"}],"about":[{"href":"https:\/\/reanpackaging.com\/de\/wp-json\/wp\/v2\/types\/product"}],"wp:featuredmedia":[{"embeddable":true,"href":"https:\/\/reanpackaging.com\/de\/wp-json\/wp\/v2\/media\/21425"}],"wp:attachment":[{"href":"https:\/\/reanpackaging.com\/de\/wp-json\/wp\/v2\/media?parent=21459"}],"wp:term":[{"taxonomy":"product_brand","embeddable":true,"href":"https:\/\/reanpackaging.com\/de\/wp-json\/wp\/v2\/product_brand?post=21459"},{"taxonomy":"product_cat","embeddable":true,"href":"https:\/\/reanpackaging.com\/de\/wp-json\/wp\/v2\/product_cat?post=21459"},{"taxonomy":"product_tag","embeddable":true,"href":"https:\/\/reanpackaging.com\/de\/wp-json\/wp\/v2\/product_tag?post=21459"}],"curies":[{"name":"wp","href":"https:\/\/api.w.org\/{rel}","templated":true}]}}