{"id":21911,"date":"2024-07-19T14:17:03","date_gmt":"2024-07-19T14:17:03","guid":{"rendered":"https:\/\/reanpackaging.com\/product\/custom-cake-candy-baking-packaging-gift-laser-kraft-paper-box-for-wedding-giving-baby-shower-birthday-party-decoration\/"},"modified":"2024-10-01T16:17:52","modified_gmt":"2024-10-01T16:17:52","slug":"custom-cake-candy-baking-packaging-gift-laser-kraft-paper-box-for-wedding-giving-baby-shower-birthday-party-decoration","status":"publish","type":"product","link":"https:\/\/reanpackaging.com\/de\/produkt\/benutzerdefinierte-kuchen-susigkeiten-backen-verpackung-geschenk-laser-kraftpapier-box-fur-hochzeit-geben-baby-dusche-geburtstag-party-dekoration\/","title":{"rendered":"Benutzerdefinierte Kuchen S\u00fc\u00dfigkeiten Backen Verpackung Geschenk Laser Kraftpapier Box f\u00fcr Hochzeit Schenken Baby Dusche Geburtstag Party Dekoration"},"content":{"rendered":"<h4>Branchenspezifische Attribute<\/h4>\n<table border=\"1\">\n<tr>\n<td><strong>Industrielle Nutzung<\/strong><\/td>\n<td>Lebensmittel<\/td>\n<\/tr>\n<tr>\n<td><strong>Papierart<\/strong><\/td>\n<td>Beschichtetes Papier<\/td>\n<\/tr>\n<tr>\n<td><strong>Merkmal<\/strong><\/td>\n<td>Wiederverwertbar<\/td>\n<\/tr>\n<\/table>\n<h4>Andere Attribute<\/h4>\n<table border=\"1\">\n<tr>\n<td><strong>Box Typ<\/strong><\/td>\n<td>Ordner<\/td>\n<\/tr>\n<tr>\n<td><strong>Drucken Handhabung<\/strong><\/td>\n<td>Mattes Laminieren, Lackieren, Stanzen, Pr\u00e4gen, gl\u00e4nzendes Laminieren, UV-Lackierung, VANISHING, Goldfolie<\/td>\n<\/tr>\n<tr>\n<td><strong>Individuelle Bestellung<\/strong><\/td>\n<td>Akzeptieren<\/td>\n<\/tr>\n<tr>\n<td><strong>Form<\/strong><\/td>\n<td>Kundenspezifische unterschiedliche Form, kundenspezifische Form<\/td>\n<\/tr>\n<tr>\n<td><strong>Name des Produkts<\/strong><\/td>\n<td>Lebensmittel-Box<\/td>\n<\/tr>\n<tr>\n<td><strong>Material<\/strong><\/td>\n<td>Wei\u00dfer Karton<\/td>\n<\/tr>\n<tr>\n<td><strong>Verwendung<\/strong><\/td>\n<td>Lebensmittel-Container<\/td>\n<\/tr>\n<tr>\n<td><strong>Gr\u00f6\u00dfe<\/strong><\/td>\n<td>Benutzerdefinierte Gr\u00f6\u00dfe akzeptiert<\/td>\n<\/tr>\n<tr>\n<td><strong>Farbe<\/strong><\/td>\n<td>Benutzerdefinierte Farben<\/td>\n<\/tr>\n<tr>\n<td><strong>Logo<\/strong><\/td>\n<td>Logo des Kunden<\/td>\n<\/tr>\n<tr>\n<td><strong>Schl\u00fcsselwort<\/strong><\/td>\n<td>Papier-Snackbox f\u00fcr Lebensmittel<\/td>\n<\/tr>\n<tr>\n<td><strong>Form &amp; Stil<\/strong><\/td>\n<td>Trapezf\u00f6rmig<\/td>\n<\/tr>\n<tr>\n<td><strong>MOQ<\/strong><\/td>\n<td>100St\u00fcck<\/td>\n<\/tr>\n<tr>\n<td><strong>Verwenden Sie<\/strong><\/td>\n<td>Lebensmittelverpackungen<\/td>\n<\/tr>\n<\/table>\n<p><img decoding=\"async\" class=\"detail-desc-decorate-image\" src=\"https:\/\/reanpackaging.com\/wp-content\/uploads\/2024\/07\/1-description-Custom-Cake-Candy-Baking-Packaging-Gift-Laser-Kraft-Paper-box-for-Wedding-Giving-Baby-Shower-Birthday-Party-Decoration.jpg\" slate-data-type=\"image\" style=\"max-width: 100%; height: auto; display: block; margin: 0 auto;\"><br \/>\n<img decoding=\"async\" class=\"detail-desc-decorate-image\" src=\"https:\/\/reanpackaging.com\/wp-content\/uploads\/2024\/07\/2-description-Custom-Cake-Candy-Baking-Packaging-Gift-Laser-Kraft-Paper-box-for-Wedding-Giving-Baby-Shower-Birthday-Party-Decoration.jpg\" slate-data-type=\"image\" style=\"max-width: 100%; height: auto; display: block; margin: 0 auto;\"><br \/>\n<img decoding=\"async\" class=\"detail-desc-decorate-image\" src=\"https:\/\/reanpackaging.com\/wp-content\/uploads\/2024\/07\/3-description-Custom-Cake-Candy-Baking-Packaging-Gift-Laser-Kraft-Paper-box-for-Wedding-Giving-Baby-Shower-Birthday-Party-Decoration.jpg\" slate-data-type=\"image\" style=\"max-width: 100%; height: auto; display: block; margin: 0 auto;\"><br \/>\n<img decoding=\"async\" class=\"detail-desc-decorate-image\" src=\"https:\/\/reanpackaging.com\/wp-content\/uploads\/2024\/07\/4-description-Custom-Cake-Candy-Baking-Packaging-Gift-Laser-Kraft-Paper-box-for-Wedding-Giving-Baby-Shower-Birthday-Party-Decoration.jpg\" slate-data-type=\"image\" style=\"max-width: 100%; height: auto; display: block; margin: 0 auto;\"><br \/>\n<img decoding=\"async\" class=\"detail-desc-decorate-image\" src=\"https:\/\/reanpackaging.com\/wp-content\/uploads\/2024\/07\/5-description-Custom-Cake-Candy-Baking-Packaging-Gift-Laser-Kraft-Paper-box-for-Wedding-Giving-Baby-Shower-Birthday-Party-Decoration.jpg\" slate-data-type=\"image\" style=\"max-width: 100%; height: auto; display: block; margin: 0 auto;\"><br \/>\n<img decoding=\"async\" class=\"detail-desc-decorate-image\" src=\"https:\/\/reanpackaging.com\/wp-content\/uploads\/2024\/07\/6-description-Custom-Cake-Candy-Baking-Packaging-Gift-Laser-Kraft-Paper-box-for-Wedding-Giving-Baby-Shower-Birthday-Party-Decoration.jpg\" slate-data-type=\"image\" style=\"max-width: 100%; height: auto; display: block; margin: 0 auto;\"><br \/>\n<img decoding=\"async\" class=\"detail-desc-decorate-image\" src=\"https:\/\/reanpackaging.com\/wp-content\/uploads\/2024\/07\/7-description-Custom-Cake-Candy-Baking-Packaging-Gift-Laser-Kraft-Paper-box-for-Wedding-Giving-Baby-Shower-Birthday-Party-Decoration.jpg\" slate-data-type=\"image\" style=\"max-width: 100%; height: auto; display: block; margin: 0 auto;\"><br \/>\n<img decoding=\"async\" class=\"detail-desc-decorate-image\" src=\"https:\/\/reanpackaging.com\/wp-content\/uploads\/2024\/07\/8-description-Custom-Cake-Candy-Baking-Packaging-Gift-Laser-Kraft-Paper-box-for-Wedding-Giving-Baby-Shower-Birthday-Party-Decoration.jpg\" slate-data-type=\"image\" style=\"max-width: 100%; height: auto; display: block; margin: 0 auto;\"><\/p>","protected":false},"excerpt":{"rendered":"<p>Industry-Specific Attributes Industrial Use Food Paper Type Coated Paper Feature Recyclable Other Attributes Box Type Folders Printing Handling Matt Lamination, Varnishing, Stamping, Embossing, Glossy Lamination, UV Coating, VANISHING, Gold Foil Custom Order Accept Shape Customized Different Shape, Customized Shape Product name Food Box Material White Cardboard Usage Food Container Size Custom Size Accepted Color Custom [&hellip;]<\/p>\n","protected":false},"featured_media":21738,"template":"","meta":{"_seopress_robots_primary_cat":"","_seopress_titles_title":"","_seopress_titles_desc":"","_seopress_robots_index":"","site-sidebar-layout":"default","site-content-layout":"","ast-site-content-layout":"default","site-content-style":"default","site-sidebar-style":"default","ast-global-header-display":"","ast-banner-title-visibility":"","ast-main-header-display":"","ast-hfb-above-header-display":"","ast-hfb-below-header-display":"","ast-hfb-mobile-header-display":"","site-post-title":"","ast-breadcrumbs-content":"","ast-featured-img":"","footer-sml-layout":"","ast-disable-related-posts":"","theme-transparent-header-meta":"","adv-header-id-meta":"","stick-header-meta":"","header-above-stick-meta":"","header-main-stick-meta":"","header-below-stick-meta":"","astra-migrate-meta-layouts":"default","ast-page-background-enabled":"default","ast-page-background-meta":{"desktop":{"background-color":"","background-image":"","background-repeat":"repeat","background-position":"center center","background-size":"auto","background-attachment":"scroll","background-type":"","background-media":"","overlay-type":"","overlay-color":"","overlay-opacity":"","overlay-gradient":""},"tablet":{"background-color":"","background-image":"","background-repeat":"repeat","background-position":"center center","background-size":"auto","background-attachment":"scroll","background-type":"","background-media":"","overlay-type":"","overlay-color":"","overlay-opacity":"","overlay-gradient":""},"mobile":{"background-color":"","background-image":"","background-repeat":"repeat","background-position":"center center","background-size":"auto","background-attachment":"scroll","background-type":"","background-media":"","overlay-type":"","overlay-color":"","overlay-opacity":"","overlay-gradient":""}},"ast-content-background-meta":{"desktop":{"background-color":"var(--ast-global-color-5)","background-image":"","background-repeat":"repeat","background-position":"center center","background-size":"auto","background-attachment":"scroll","background-type":"","background-media":"","overlay-type":"","overlay-color":"","overlay-opacity":"","overlay-gradient":""},"tablet":{"background-color":"var(--ast-global-color-5)","background-image":"","background-repeat":"repeat","background-position":"center center","background-size":"auto","background-attachment":"scroll","background-type":"","background-media":"","overlay-type":"","overlay-color":"","overlay-opacity":"","overlay-gradient":""},"mobile":{"background-color":"var(--ast-global-color-5)","background-image":"","background-repeat":"repeat","background-position":"center center","background-size":"auto","background-attachment":"scroll","background-type":"","background-media":"","overlay-type":"","overlay-color":"","overlay-opacity":"","overlay-gradient":""}}},"product_brand":[],"product_cat":[67],"product_tag":[],"class_list":{"0":"post-21911","1":"product","2":"type-product","3":"status-publish","4":"has-post-thumbnail","6":"product_cat-cake-boxes","7":"desktop-align-left","8":"tablet-align-left","9":"mobile-align-left","10":"ast-product-gallery-layout-horizontal","11":"ast-product-tabs-layout-horizontal","13":"first","14":"instock","15":"purchasable","16":"product-type-simple"},"_links":{"self":[{"href":"https:\/\/reanpackaging.com\/de\/wp-json\/wp\/v2\/product\/21911","targetHints":{"allow":["GET"]}}],"collection":[{"href":"https:\/\/reanpackaging.com\/de\/wp-json\/wp\/v2\/product"}],"about":[{"href":"https:\/\/reanpackaging.com\/de\/wp-json\/wp\/v2\/types\/product"}],"wp:featuredmedia":[{"embeddable":true,"href":"https:\/\/reanpackaging.com\/de\/wp-json\/wp\/v2\/media\/21738"}],"wp:attachment":[{"href":"https:\/\/reanpackaging.com\/de\/wp-json\/wp\/v2\/media?parent=21911"}],"wp:term":[{"taxonomy":"product_brand","embeddable":true,"href":"https:\/\/reanpackaging.com\/de\/wp-json\/wp\/v2\/product_brand?post=21911"},{"taxonomy":"product_cat","embeddable":true,"href":"https:\/\/reanpackaging.com\/de\/wp-json\/wp\/v2\/product_cat?post=21911"},{"taxonomy":"product_tag","embeddable":true,"href":"https:\/\/reanpackaging.com\/de\/wp-json\/wp\/v2\/product_tag?post=21911"}],"curies":[{"name":"wp","href":"https:\/\/api.w.org\/{rel}","templated":true}]}}