{"id":27322,"date":"2024-10-28T16:43:43","date_gmt":"2024-10-28T16:43:43","guid":{"rendered":"https:\/\/reanpackaging.com\/product\/green-velvet-jewelry-gift-boxes\/"},"modified":"2024-10-28T16:47:51","modified_gmt":"2024-10-28T16:47:51","slug":"green-velvet-jewelry-gift-boxes","status":"publish","type":"product","link":"https:\/\/reanpackaging.com\/de\/produkt\/green-velvet-jewelry-gift-boxes\/","title":{"rendered":"Gr\u00fcne Samt-Geschenkboxen f\u00fcr Schmuck"},"content":{"rendered":"<h4>Branchenspezifische Attribute<\/h4>\n<table border=\"1\">\n<tbody>\n<tr>\n<td><strong>Schmuckk\u00e4stchen Material<\/strong><\/td>\n<td>Samt<\/td>\n<\/tr>\n<\/tbody>\n<\/table>\n<h4>Andere Attribute<\/h4>\n<table border=\"1\">\n<tbody>\n<tr>\n<td><strong>Schmuckk\u00e4stchen-Set-Vorr\u00e4tig<\/strong><\/td>\n<td>Ring\/Anh\u00e4nger\/Armband\/Ohrringe\/Halskette\/Perlenbox<\/td>\n<\/tr>\n<tr>\n<td><strong>Material&amp;Farbe-Auf Lager<\/strong><\/td>\n<td>Samt&amp;Gr\u00fcn ohne LOGO<\/td>\n<\/tr>\n<tr>\n<td><strong>Ohrringe Box-In Stock<\/strong><\/td>\n<td>Earrings\u20137*7*5cm\u2013N.W70.2g<\/td>\n<\/tr>\n<tr>\n<td><strong>Ringgr\u00f6\u00dfe - vorr\u00e4tig<\/strong><\/td>\n<td>Ring- 7*7*5cm-N.W71.3g<\/td>\n<\/tr>\n<tr>\n<td><strong>Gr\u00f6\u00dfe des Anh\u00e4ngers - Vorr\u00e4tig<\/strong><\/td>\n<td>Pendant\u201310*10*4.5cm\u2013N.W113.2g<\/td>\n<\/tr>\n<tr>\n<td><strong>Armband Gr\u00f6\u00dfe- Vorr\u00e4tig<\/strong><\/td>\n<td>Bracelet\u201310*10*4.5cm\u2013N.W115g<\/td>\n<\/tr>\n<tr>\n<td><strong>Halskette Gr\u00f6\u00dfe-auf Lager<\/strong><\/td>\n<td>Necklace\u201322.8*5.5*4cm\u2013N.W136g<\/td>\n<\/tr>\n<tr>\n<td><strong>Ma\u00dfgeschneiderte Dienstleistungen<\/strong><\/td>\n<td>Jeder Stil\/ Material\/ Farbe\/ Gr\u00f6\u00dfe\/ LOGO, etc<\/td>\n<\/tr>\n<\/tbody>\n<\/table>\n<p><img decoding=\"async\" class=\"detail-desc-decorate-image\" style=\"max-width: 100%; height: auto; display: block; margin: 0 auto;\" src=\"https:\/\/reanpackaging.com\/wp-content\/uploads\/2024\/10\/1-description-Green-Velvet-Jewelry-Gift-Boxes.jpg\" \/><br \/>\n<img decoding=\"async\" class=\"detail-desc-decorate-image\" style=\"max-width: 100%; height: auto; display: block; margin: 0 auto;\" src=\"https:\/\/reanpackaging.com\/wp-content\/uploads\/2024\/10\/2-description-Green-Velvet-Jewelry-Gift-Boxes.jpg\" \/><br \/>\n<img decoding=\"async\" class=\"detail-desc-decorate-image\" style=\"max-width: 100%; height: auto; display: block; margin: 0 auto;\" src=\"https:\/\/reanpackaging.com\/wp-content\/uploads\/2024\/10\/3-description-Green-Velvet-Jewelry-Gift-Boxes.jpg\" \/><br \/>\n<img decoding=\"async\" class=\"detail-desc-decorate-image\" style=\"max-width: 100%; height: auto; display: block; margin: 0 auto;\" src=\"https:\/\/reanpackaging.com\/wp-content\/uploads\/2024\/10\/4-description-Green-Velvet-Jewelry-Gift-Boxes.jpg\" \/><\/p>","protected":false},"excerpt":{"rendered":"<p>Industry-Specific Attributes Jewelry Boxes Material Velvet Other Attributes Jewelry Box Set-In stock Ring\/Pendant\/Bracelet\/Earrings\/Necklace\/Pearl Box Material&amp;Color-In Stock Velvet&amp;Green Without LOGO Earrings Box&#8211;In Stock Earrings&#8211;7*7*5cm&#8211;N.W70.2g Ring Size&#8211;In Stock Ring&#8211; 7*7*5cm&#8211;N.W71.3g Pendant Size- In Stock Pendant&#8211;10*10*4.5cm&#8211;N.W113.2g Bracelet Size- In Stock Bracelet&#8211;10*10*4.5cm&#8211;N.W115g Necklace Size-In Stock Necklace&#8211;22.8*5.5*4cm&#8211;N.W136g Customized Services Any Style\/ Material\/ Color\/ Size\/ LOGO,etc<\/p>","protected":false},"featured_media":27279,"template":"","meta":{"_seopress_robots_primary_cat":"none","_seopress_titles_title":"","_seopress_titles_desc":"","_seopress_robots_index":"","site-sidebar-layout":"default","site-content-layout":"","ast-site-content-layout":"default","site-content-style":"default","site-sidebar-style":"default","ast-global-header-display":"","ast-banner-title-visibility":"","ast-main-header-display":"","ast-hfb-above-header-display":"","ast-hfb-below-header-display":"","ast-hfb-mobile-header-display":"","site-post-title":"","ast-breadcrumbs-content":"","ast-featured-img":"","footer-sml-layout":"","ast-disable-related-posts":"","theme-transparent-header-meta":"default","adv-header-id-meta":"","stick-header-meta":"default","header-above-stick-meta":"","header-main-stick-meta":"","header-below-stick-meta":"","astra-migrate-meta-layouts":"set","ast-page-background-enabled":"default","ast-page-background-meta":{"desktop":{"background-color":"","background-image":"","background-repeat":"repeat","background-position":"center center","background-size":"auto","background-attachment":"scroll","background-type":"","background-media":"","overlay-type":"","overlay-color":"","overlay-opacity":"","overlay-gradient":""},"tablet":{"background-color":"","background-image":"","background-repeat":"repeat","background-position":"center center","background-size":"auto","background-attachment":"scroll","background-type":"","background-media":"","overlay-type":"","overlay-color":"","overlay-opacity":"","overlay-gradient":""},"mobile":{"background-color":"","background-image":"","background-repeat":"repeat","background-position":"center center","background-size":"auto","background-attachment":"scroll","background-type":"","background-media":"","overlay-type":"","overlay-color":"","overlay-opacity":"","overlay-gradient":""}},"ast-content-background-meta":{"desktop":{"background-color":"var(--ast-global-color-5)","background-image":"","background-repeat":"repeat","background-position":"center center","background-size":"auto","background-attachment":"scroll","background-type":"","background-media":"","overlay-type":"","overlay-color":"","overlay-opacity":"","overlay-gradient":""},"tablet":{"background-color":"var(--ast-global-color-5)","background-image":"","background-repeat":"repeat","background-position":"center center","background-size":"auto","background-attachment":"scroll","background-type":"","background-media":"","overlay-type":"","overlay-color":"","overlay-opacity":"","overlay-gradient":""},"mobile":{"background-color":"var(--ast-global-color-5)","background-image":"","background-repeat":"repeat","background-position":"center center","background-size":"auto","background-attachment":"scroll","background-type":"","background-media":"","overlay-type":"","overlay-color":"","overlay-opacity":"","overlay-gradient":""}}},"product_brand":[],"product_cat":[75],"product_tag":[],"class_list":{"0":"post-27322","1":"product","2":"type-product","3":"status-publish","4":"has-post-thumbnail","6":"product_cat-jewelry-gift-box","7":"desktop-align-left","8":"tablet-align-left","9":"mobile-align-left","10":"ast-product-gallery-layout-horizontal","11":"ast-product-tabs-layout-horizontal","13":"first","14":"instock","15":"product-type-simple"},"_links":{"self":[{"href":"https:\/\/reanpackaging.com\/de\/wp-json\/wp\/v2\/product\/27322","targetHints":{"allow":["GET"]}}],"collection":[{"href":"https:\/\/reanpackaging.com\/de\/wp-json\/wp\/v2\/product"}],"about":[{"href":"https:\/\/reanpackaging.com\/de\/wp-json\/wp\/v2\/types\/product"}],"wp:featuredmedia":[{"embeddable":true,"href":"https:\/\/reanpackaging.com\/de\/wp-json\/wp\/v2\/media\/27279"}],"wp:attachment":[{"href":"https:\/\/reanpackaging.com\/de\/wp-json\/wp\/v2\/media?parent=27322"}],"wp:term":[{"taxonomy":"product_brand","embeddable":true,"href":"https:\/\/reanpackaging.com\/de\/wp-json\/wp\/v2\/product_brand?post=27322"},{"taxonomy":"product_cat","embeddable":true,"href":"https:\/\/reanpackaging.com\/de\/wp-json\/wp\/v2\/product_cat?post=27322"},{"taxonomy":"product_tag","embeddable":true,"href":"https:\/\/reanpackaging.com\/de\/wp-json\/wp\/v2\/product_tag?post=27322"}],"curies":[{"name":"wp","href":"https:\/\/api.w.org\/{rel}","templated":true}]}}