{"id":27821,"date":"2024-11-24T16:30:42","date_gmt":"2024-11-24T16:30:42","guid":{"rendered":"https:\/\/reanpackaging.com\/product\/fancy-cardboard-glossy-lamination-ribbon-blue-luxury-packaging-cosmetic-custom-printed-portable-cowhide-jewelry-mini-paper-bag\/"},"modified":"2024-11-24T16:39:21","modified_gmt":"2024-11-24T16:39:21","slug":"fancy-cardboard-glossy-lamination-ribbon-blue-luxury-packaging-cosmetic-custom-printed-portable-cowhide-jewelry-mini-paper-bag","status":"publish","type":"product","link":"https:\/\/reanpackaging.com\/de\/produkt\/fancy-cardboard-glossy-lamination-ribbon-blue-luxury-packaging-cosmetic-custom-printed-portable-cowhide-jewelry-mini-paper-bag\/","title":{"rendered":"fancy Karton gl\u00e4nzende Laminierung Band blau Luxus-Verpackung Kosmetik benutzerdefinierte gedruckt tragbare Kuhfell Schmuck Mini-Papiertasche"},"content":{"rendered":"<h4>Branchenspezifische Attribute<\/h4>\n<table border=\"1\">\n<tbody>\n<tr>\n<td><strong>Industrielle Nutzung<\/strong><\/td>\n<td>Schuhe und Kleidung<\/td>\n<\/tr>\n<tr>\n<td><strong>Papierart<\/strong><\/td>\n<td>Kraftpapier<\/td>\n<\/tr>\n<tr>\n<td><strong>Merkmal<\/strong><\/td>\n<td>Biologisch abbaubar<\/td>\n<\/tr>\n<\/tbody>\n<\/table>\n<h4>Andere Attribute<\/h4>\n<table border=\"1\">\n<tbody>\n<tr>\n<td><strong>Handhabung der Oberfl\u00e4che<\/strong><\/td>\n<td>Hei\u00dfpr\u00e4gen<\/td>\n<\/tr>\n<tr>\n<td><strong>Dichtung &amp; Griff<\/strong><\/td>\n<td>Schulterlange Griffe<\/td>\n<\/tr>\n<tr>\n<td><strong>Individuelle Bestellung<\/strong><\/td>\n<td>Akzeptieren<\/td>\n<\/tr>\n<tr>\n<td><strong>Logo-Druck<\/strong><\/td>\n<td>Benutzerdefiniert<\/td>\n<\/tr>\n<tr>\n<td><strong>Zubeh\u00f6r<\/strong><\/td>\n<td>Farbband, Handgriff<\/td>\n<\/tr>\n<tr>\n<td><strong>Drucken Handhabung<\/strong><\/td>\n<td>Siebdruck, Offsetdruck, Flexodruck, Pr\u00e4gen\/Entpr\u00e4gen, Digitaldruck, Goldpr\u00e4gung, UV-Druck, LAMINIERUNG, lokale Glasur<\/td>\n<\/tr>\n<tr>\n<td><strong>Gr\u00f6\u00dfe<\/strong><\/td>\n<td>Ma\u00dfgeschneiderte Gr\u00f6\u00dfe<\/td>\n<\/tr>\n<tr>\n<td><strong>Menge<\/strong><\/td>\n<td>MOQ: 500St\u00fcck<\/td>\n<\/tr>\n<tr>\n<td><strong>Material<\/strong><\/td>\n<td>Braunes und wei\u00dfes Kraftpapier\/wei\u00dfes Kartonpapier<\/td>\n<\/tr>\n<tr>\n<td><strong>Logo<\/strong><\/td>\n<td>Logo des Kunden<\/td>\n<\/tr>\n<tr>\n<td><strong>Handgriff<\/strong><\/td>\n<td>Gedrehter Papiergriff<\/td>\n<\/tr>\n<tr>\n<td><strong>Drucken<\/strong><\/td>\n<td>CMYK 4-Farb-Offsetdruck<\/td>\n<\/tr>\n<tr>\n<td><strong>Dicke<\/strong><\/td>\n<td>200gsm\/250gsm\/300gsm\/350gsm<\/td>\n<\/tr>\n<tr>\n<td><strong>Anmeldung<\/strong><\/td>\n<td>Verpacken<\/td>\n<\/tr>\n<tr>\n<td><strong>Produktionszeit<\/strong><\/td>\n<td>5-7 Arbeitstage<\/td>\n<\/tr>\n<tr>\n<td><strong>Logo-Druck<\/strong><\/td>\n<td>Pr\u00e4gung\/Stempelfolie\/UV-Spot<\/td>\n<\/tr>\n<\/tbody>\n<\/table>","protected":false},"excerpt":{"rendered":"<p>Industry-Specific Attributes Industrial Use Shoes &amp; clothing Paper Type Kraft Paper Feature Bio-degradable Other Attributes Surface Handling Hot Stamping Sealing &amp; Handle Shoulder Length Handle Custom Order Accept Logo printing Custom Accessories Ribbon, Handle Printing Handling Silk screen printing, Offset printing, Flexographic Printing, Embossing\/Debossing, Digital printing, Gold Stamp, UV printing, LAMINATION, Local glazing Size Customized [&hellip;]<\/p>\n","protected":false},"featured_media":27714,"template":"","meta":{"_seopress_robots_primary_cat":"none","_seopress_titles_title":"","_seopress_titles_desc":"","_seopress_robots_index":"","site-sidebar-layout":"default","site-content-layout":"","ast-site-content-layout":"default","site-content-style":"default","site-sidebar-style":"default","ast-global-header-display":"","ast-banner-title-visibility":"","ast-main-header-display":"","ast-hfb-above-header-display":"","ast-hfb-below-header-display":"","ast-hfb-mobile-header-display":"","site-post-title":"","ast-breadcrumbs-content":"","ast-featured-img":"","footer-sml-layout":"","ast-disable-related-posts":"","theme-transparent-header-meta":"default","adv-header-id-meta":"","stick-header-meta":"default","header-above-stick-meta":"","header-main-stick-meta":"","header-below-stick-meta":"","astra-migrate-meta-layouts":"set","ast-page-background-enabled":"default","ast-page-background-meta":{"desktop":{"background-color":"","background-image":"","background-repeat":"repeat","background-position":"center center","background-size":"auto","background-attachment":"scroll","background-type":"","background-media":"","overlay-type":"","overlay-color":"","overlay-opacity":"","overlay-gradient":""},"tablet":{"background-color":"","background-image":"","background-repeat":"repeat","background-position":"center center","background-size":"auto","background-attachment":"scroll","background-type":"","background-media":"","overlay-type":"","overlay-color":"","overlay-opacity":"","overlay-gradient":""},"mobile":{"background-color":"","background-image":"","background-repeat":"repeat","background-position":"center center","background-size":"auto","background-attachment":"scroll","background-type":"","background-media":"","overlay-type":"","overlay-color":"","overlay-opacity":"","overlay-gradient":""}},"ast-content-background-meta":{"desktop":{"background-color":"var(--ast-global-color-5)","background-image":"","background-repeat":"repeat","background-position":"center center","background-size":"auto","background-attachment":"scroll","background-type":"","background-media":"","overlay-type":"","overlay-color":"","overlay-opacity":"","overlay-gradient":""},"tablet":{"background-color":"var(--ast-global-color-5)","background-image":"","background-repeat":"repeat","background-position":"center center","background-size":"auto","background-attachment":"scroll","background-type":"","background-media":"","overlay-type":"","overlay-color":"","overlay-opacity":"","overlay-gradient":""},"mobile":{"background-color":"var(--ast-global-color-5)","background-image":"","background-repeat":"repeat","background-position":"center center","background-size":"auto","background-attachment":"scroll","background-type":"","background-media":"","overlay-type":"","overlay-color":"","overlay-opacity":"","overlay-gradient":""}}},"product_brand":[],"product_cat":[76],"product_tag":[],"class_list":{"0":"post-27821","1":"product","2":"type-product","3":"status-publish","4":"has-post-thumbnail","6":"product_cat-white-paper-bags-with-handels","7":"desktop-align-left","8":"tablet-align-left","9":"mobile-align-left","10":"ast-product-gallery-layout-horizontal","11":"ast-product-tabs-layout-horizontal","13":"first","14":"instock","15":"product-type-simple"},"_links":{"self":[{"href":"https:\/\/reanpackaging.com\/de\/wp-json\/wp\/v2\/product\/27821","targetHints":{"allow":["GET"]}}],"collection":[{"href":"https:\/\/reanpackaging.com\/de\/wp-json\/wp\/v2\/product"}],"about":[{"href":"https:\/\/reanpackaging.com\/de\/wp-json\/wp\/v2\/types\/product"}],"wp:featuredmedia":[{"embeddable":true,"href":"https:\/\/reanpackaging.com\/de\/wp-json\/wp\/v2\/media\/27714"}],"wp:attachment":[{"href":"https:\/\/reanpackaging.com\/de\/wp-json\/wp\/v2\/media?parent=27821"}],"wp:term":[{"taxonomy":"product_brand","embeddable":true,"href":"https:\/\/reanpackaging.com\/de\/wp-json\/wp\/v2\/product_brand?post=27821"},{"taxonomy":"product_cat","embeddable":true,"href":"https:\/\/reanpackaging.com\/de\/wp-json\/wp\/v2\/product_cat?post=27821"},{"taxonomy":"product_tag","embeddable":true,"href":"https:\/\/reanpackaging.com\/de\/wp-json\/wp\/v2\/product_tag?post=27821"}],"curies":[{"name":"wp","href":"https:\/\/api.w.org\/{rel}","templated":true}]}}