{"id":28164,"date":"2024-11-26T12:43:56","date_gmt":"2024-11-26T12:43:56","guid":{"rendered":"https:\/\/reanpackaging.com\/product\/imee-luxury-square-sweet-box-with-inserts-dessert-pastry-cake-box-with-clear-lid-for-birthday-christmas-valentines-day\/"},"modified":"2024-11-26T13:00:02","modified_gmt":"2024-11-26T13:00:02","slug":"imee-luxury-square-sweet-box-with-inserts-dessert-pastry-cake-box-with-clear-lid-for-birthday-christmas-valentines-day","status":"publish","type":"product","link":"https:\/\/reanpackaging.com\/de\/produkt\/imee-luxury-square-sweet-box-with-inserts-dessert-pastry-cake-box-with-clear-lid-for-birthday-christmas-valentines-day\/","title":{"rendered":"Luxus Square Sweet Box mit Einlagen Dessert Geb\u00e4ck Kuchen Box mit klaren Deckel f\u00fcr Geburtstag Weihnachten Valentinstag"},"content":{"rendered":"<h4>Branchenspezifische Attribute<\/h4>\n<table border=\"1\">\n<tbody>\n<tr>\n<td><strong>Industrielle Nutzung<\/strong><\/td>\n<td>Lebensmittel<\/td>\n<\/tr>\n<tr>\n<td><strong>Papierart<\/strong><\/td>\n<td>Kunstdruckpapier<\/td>\n<\/tr>\n<tr>\n<td><strong>Merkmal<\/strong><\/td>\n<td>Wiederverwertbar<\/td>\n<\/tr>\n<tr>\n<td><strong>Box-Typ<\/strong><\/td>\n<td>Faltschachtel<\/td>\n<\/tr>\n<\/tbody>\n<\/table>\n<h4>Andere Attribute<\/h4>\n<table border=\"1\">\n<tbody>\n<tr>\n<td><strong>Form<\/strong><\/td>\n<td>Platz<\/td>\n<\/tr>\n<tr>\n<td><strong>Drucken Handhabung<\/strong><\/td>\n<td>Mattes Laminieren, Lackieren, Stanzen, Pr\u00e4gen, gl\u00e4nzendes Laminieren, UV-Lackierung, VANISHING, Goldfolie<\/td>\n<\/tr>\n<tr>\n<td><strong>Individuelle Bestellung<\/strong><\/td>\n<td>Akzeptieren<\/td>\n<\/tr>\n<tr>\n<td><strong>MOQ<\/strong><\/td>\n<td>100 St\u00fcck<\/td>\n<\/tr>\n<tr>\n<td><strong>Material<\/strong><\/td>\n<td>PP\/PET + Kartonpapier<\/td>\n<\/tr>\n<tr>\n<td><strong>Logo<\/strong><\/td>\n<td>OEM<\/td>\n<\/tr>\n<tr>\n<td><strong>Drucken<\/strong><\/td>\n<td>Benutzerdefiniert<\/td>\n<\/tr>\n<tr>\n<td><strong>Verwendung<\/strong><\/td>\n<td>Lebensmittel-Verpackung<\/td>\n<\/tr>\n<tr>\n<td><strong>Versand<\/strong><\/td>\n<td>Verhandlungsf\u00e4hig<\/td>\n<\/tr>\n<tr>\n<td><strong>Muster<\/strong><\/td>\n<td>Verf\u00fcgbar<\/td>\n<\/tr>\n<tr>\n<td><strong>Probezeit<\/strong><\/td>\n<td>3-7 Arbeitstage<\/td>\n<\/tr>\n<tr>\n<td><strong>Zahlungsbedingungen<\/strong><\/td>\n<td>T\/T, PayPal, L\/C etc.<\/td>\n<\/tr>\n<\/tbody>\n<\/table>\n<p><img fetchpriority=\"high\" decoding=\"async\" class=\"alignnone size-medium wp-image-28185\" src=\"https:\/\/reanpackaging.com\/wp-content\/uploads\/2024\/11\/1-description-IMEE-Luxury-Square-Sweet-Box-with-Inserts-Dessert-Pastry-Cake-Box-With-Clear-Lid-for-Birthday-Christmas-Valentines-Day-1-300x229.jpg\" alt=\"imee Luxus quadratischen s\u00fc\u00dfen Box mit Eins\u00e4tzen Dessert Geb\u00e4ck Kuchen Box mit klaren Deckel f\u00fcr Geburtstag Weihnachten Valentinstag\" width=\"750\" height=\"748\" srcset=\"https:\/\/reanpackaging.com\/wp-content\/uploads\/2024\/11\/1-description-IMEE-Luxury-Square-Sweet-Box-with-Inserts-Dessert-Pastry-Cake-Box-With-Clear-Lid-for-Birthday-Christmas-Valentines-Day-1-150x150.jpg 150w, https:\/\/reanpackaging.com\/wp-content\/uploads\/2024\/11\/1-description-IMEE-Luxury-Square-Sweet-Box-with-Inserts-Dessert-Pastry-Cake-Box-With-Clear-Lid-for-Birthday-Christmas-Valentines-Day-1-300x300.jpg 300w, https:\/\/reanpackaging.com\/wp-content\/uploads\/2024\/11\/1-description-IMEE-Luxury-Square-Sweet-Box-with-Inserts-Dessert-Pastry-Cake-Box-With-Clear-Lid-for-Birthday-Christmas-Valentines-Day-1-100x100.jpg 100w\" sizes=\"(max-width: 750px) 100vw, 750px\" \/><\/p>\n<p><img decoding=\"async\" class=\"alignnone size-medium wp-image-28186\" src=\"https:\/\/reanpackaging.com\/wp-content\/uploads\/2024\/11\/2-description-IMEE-Luxury-Square-Sweet-Box-with-Inserts-Dessert-Pastry-Cake-Box-With-Clear-Lid-for-Birthday-Christmas-Valentines-Day-1-300x300.jpg\" alt=\"imee Luxus quadratischen s\u00fc\u00dfen Box mit Eins\u00e4tzen Dessert Geb\u00e4ck Kuchen Box mit klaren Deckel f\u00fcr Geburtstag Weihnachten Valentinstag\" width=\"750\" height=\"750\" srcset=\"https:\/\/reanpackaging.com\/wp-content\/uploads\/2024\/11\/2-description-IMEE-Luxury-Square-Sweet-Box-with-Inserts-Dessert-Pastry-Cake-Box-With-Clear-Lid-for-Birthday-Christmas-Valentines-Day-1-300x300.jpg 300w, https:\/\/reanpackaging.com\/wp-content\/uploads\/2024\/11\/2-description-IMEE-Luxury-Square-Sweet-Box-with-Inserts-Dessert-Pastry-Cake-Box-With-Clear-Lid-for-Birthday-Christmas-Valentines-Day-1-150x150.jpg 150w, https:\/\/reanpackaging.com\/wp-content\/uploads\/2024\/11\/2-description-IMEE-Luxury-Square-Sweet-Box-with-Inserts-Dessert-Pastry-Cake-Box-With-Clear-Lid-for-Birthday-Christmas-Valentines-Day-1-768x768.jpg 768w, https:\/\/reanpackaging.com\/wp-content\/uploads\/2024\/11\/2-description-IMEE-Luxury-Square-Sweet-Box-with-Inserts-Dessert-Pastry-Cake-Box-With-Clear-Lid-for-Birthday-Christmas-Valentines-Day-1-12x12.jpg 12w, https:\/\/reanpackaging.com\/wp-content\/uploads\/2024\/11\/2-description-IMEE-Luxury-Square-Sweet-Box-with-Inserts-Dessert-Pastry-Cake-Box-With-Clear-Lid-for-Birthday-Christmas-Valentines-Day-1-600x600.jpg 600w, https:\/\/reanpackaging.com\/wp-content\/uploads\/2024\/11\/2-description-IMEE-Luxury-Square-Sweet-Box-with-Inserts-Dessert-Pastry-Cake-Box-With-Clear-Lid-for-Birthday-Christmas-Valentines-Day-1-100x100.jpg 100w, https:\/\/reanpackaging.com\/wp-content\/uploads\/2024\/11\/2-description-IMEE-Luxury-Square-Sweet-Box-with-Inserts-Dessert-Pastry-Cake-Box-With-Clear-Lid-for-Birthday-Christmas-Valentines-Day-1.jpg 800w\" sizes=\"(max-width: 750px) 100vw, 750px\" \/><\/p>\n<p><img decoding=\"async\" class=\"alignnone size-medium wp-image-28188\" src=\"https:\/\/reanpackaging.com\/wp-content\/uploads\/2024\/11\/3-description-IMEE-Luxury-Square-Sweet-Box-with-Inserts-Dessert-Pastry-Cake-Box-With-Clear-Lid-for-Birthday-Christmas-Valentines-Day-1-300x300.jpg\" alt=\"imee Luxus quadratischen s\u00fc\u00dfen Box mit Eins\u00e4tzen Dessert Geb\u00e4ck Kuchen Box mit klaren Deckel f\u00fcr Geburtstag Weihnachten Valentinstag\" width=\"750\" height=\"750\" srcset=\"https:\/\/reanpackaging.com\/wp-content\/uploads\/2024\/11\/3-description-IMEE-Luxury-Square-Sweet-Box-with-Inserts-Dessert-Pastry-Cake-Box-With-Clear-Lid-for-Birthday-Christmas-Valentines-Day-1-300x300.jpg 300w, https:\/\/reanpackaging.com\/wp-content\/uploads\/2024\/11\/3-description-IMEE-Luxury-Square-Sweet-Box-with-Inserts-Dessert-Pastry-Cake-Box-With-Clear-Lid-for-Birthday-Christmas-Valentines-Day-1-150x150.jpg 150w, https:\/\/reanpackaging.com\/wp-content\/uploads\/2024\/11\/3-description-IMEE-Luxury-Square-Sweet-Box-with-Inserts-Dessert-Pastry-Cake-Box-With-Clear-Lid-for-Birthday-Christmas-Valentines-Day-1-768x768.jpg 768w, https:\/\/reanpackaging.com\/wp-content\/uploads\/2024\/11\/3-description-IMEE-Luxury-Square-Sweet-Box-with-Inserts-Dessert-Pastry-Cake-Box-With-Clear-Lid-for-Birthday-Christmas-Valentines-Day-1-12x12.jpg 12w, https:\/\/reanpackaging.com\/wp-content\/uploads\/2024\/11\/3-description-IMEE-Luxury-Square-Sweet-Box-with-Inserts-Dessert-Pastry-Cake-Box-With-Clear-Lid-for-Birthday-Christmas-Valentines-Day-1-600x600.jpg 600w, https:\/\/reanpackaging.com\/wp-content\/uploads\/2024\/11\/3-description-IMEE-Luxury-Square-Sweet-Box-with-Inserts-Dessert-Pastry-Cake-Box-With-Clear-Lid-for-Birthday-Christmas-Valentines-Day-1-100x100.jpg 100w, https:\/\/reanpackaging.com\/wp-content\/uploads\/2024\/11\/3-description-IMEE-Luxury-Square-Sweet-Box-with-Inserts-Dessert-Pastry-Cake-Box-With-Clear-Lid-for-Birthday-Christmas-Valentines-Day-1.jpg 800w\" sizes=\"(max-width: 750px) 100vw, 750px\" \/><\/p>\n<p><img loading=\"lazy\" decoding=\"async\" class=\"alignnone size-medium wp-image-28189\" src=\"https:\/\/reanpackaging.com\/wp-content\/uploads\/2024\/11\/4-description-IMEE-Luxury-Square-Sweet-Box-with-Inserts-Dessert-Pastry-Cake-Box-With-Clear-Lid-for-Birthday-Christmas-Valentines-Day-1-203x300.jpg\" alt=\"imee Luxus quadratischen s\u00fc\u00dfen Box mit Eins\u00e4tzen Dessert Geb\u00e4ck Kuchen Box mit klaren Deckel f\u00fcr Geburtstag Weihnachten Valentinstag\" width=\"750\" height=\"1109\" srcset=\"https:\/\/reanpackaging.com\/wp-content\/uploads\/2024\/11\/4-description-IMEE-Luxury-Square-Sweet-Box-with-Inserts-Dessert-Pastry-Cake-Box-With-Clear-Lid-for-Birthday-Christmas-Valentines-Day-1-203x300.jpg 203w, https:\/\/reanpackaging.com\/wp-content\/uploads\/2024\/11\/4-description-IMEE-Luxury-Square-Sweet-Box-with-Inserts-Dessert-Pastry-Cake-Box-With-Clear-Lid-for-Birthday-Christmas-Valentines-Day-1-693x1024.jpg 693w, https:\/\/reanpackaging.com\/wp-content\/uploads\/2024\/11\/4-description-IMEE-Luxury-Square-Sweet-Box-with-Inserts-Dessert-Pastry-Cake-Box-With-Clear-Lid-for-Birthday-Christmas-Valentines-Day-1-8x12.jpg 8w, https:\/\/reanpackaging.com\/wp-content\/uploads\/2024\/11\/4-description-IMEE-Luxury-Square-Sweet-Box-with-Inserts-Dessert-Pastry-Cake-Box-With-Clear-Lid-for-Birthday-Christmas-Valentines-Day-1-600x886.jpg 600w, https:\/\/reanpackaging.com\/wp-content\/uploads\/2024\/11\/4-description-IMEE-Luxury-Square-Sweet-Box-with-Inserts-Dessert-Pastry-Cake-Box-With-Clear-Lid-for-Birthday-Christmas-Valentines-Day-1.jpg 750w\" sizes=\"(max-width: 750px) 100vw, 750px\" \/><\/p>\n<p><img loading=\"lazy\" decoding=\"async\" class=\"alignnone size-medium wp-image-28190\" src=\"https:\/\/reanpackaging.com\/wp-content\/uploads\/2024\/11\/5-description-IMEE-Luxury-Square-Sweet-Box-with-Inserts-Dessert-Pastry-Cake-Box-With-Clear-Lid-for-Birthday-Christmas-Valentines-Day-1-300x300.jpg\" alt=\"imee Luxus quadratischen s\u00fc\u00dfen Box mit Eins\u00e4tzen Dessert Geb\u00e4ck Kuchen Box mit klaren Deckel f\u00fcr Geburtstag Weihnachten Valentinstag\" width=\"750\" height=\"750\" srcset=\"https:\/\/reanpackaging.com\/wp-content\/uploads\/2024\/11\/5-description-IMEE-Luxury-Square-Sweet-Box-with-Inserts-Dessert-Pastry-Cake-Box-With-Clear-Lid-for-Birthday-Christmas-Valentines-Day-1-300x300.jpg 300w, https:\/\/reanpackaging.com\/wp-content\/uploads\/2024\/11\/5-description-IMEE-Luxury-Square-Sweet-Box-with-Inserts-Dessert-Pastry-Cake-Box-With-Clear-Lid-for-Birthday-Christmas-Valentines-Day-1-150x150.jpg 150w, https:\/\/reanpackaging.com\/wp-content\/uploads\/2024\/11\/5-description-IMEE-Luxury-Square-Sweet-Box-with-Inserts-Dessert-Pastry-Cake-Box-With-Clear-Lid-for-Birthday-Christmas-Valentines-Day-1-768x768.jpg 768w, https:\/\/reanpackaging.com\/wp-content\/uploads\/2024\/11\/5-description-IMEE-Luxury-Square-Sweet-Box-with-Inserts-Dessert-Pastry-Cake-Box-With-Clear-Lid-for-Birthday-Christmas-Valentines-Day-1-12x12.jpg 12w, https:\/\/reanpackaging.com\/wp-content\/uploads\/2024\/11\/5-description-IMEE-Luxury-Square-Sweet-Box-with-Inserts-Dessert-Pastry-Cake-Box-With-Clear-Lid-for-Birthday-Christmas-Valentines-Day-1-600x600.jpg 600w, https:\/\/reanpackaging.com\/wp-content\/uploads\/2024\/11\/5-description-IMEE-Luxury-Square-Sweet-Box-with-Inserts-Dessert-Pastry-Cake-Box-With-Clear-Lid-for-Birthday-Christmas-Valentines-Day-1-100x100.jpg 100w, https:\/\/reanpackaging.com\/wp-content\/uploads\/2024\/11\/5-description-IMEE-Luxury-Square-Sweet-Box-with-Inserts-Dessert-Pastry-Cake-Box-With-Clear-Lid-for-Birthday-Christmas-Valentines-Day-1.jpg 800w\" sizes=\"(max-width: 750px) 100vw, 750px\" \/><\/p>\n<p><img loading=\"lazy\" decoding=\"async\" class=\"alignnone size-medium wp-image-28191\" src=\"https:\/\/reanpackaging.com\/wp-content\/uploads\/2024\/11\/6-description-IMEE-Luxury-Square-Sweet-Box-with-Inserts-Dessert-Pastry-Cake-Box-With-Clear-Lid-for-Birthday-Christmas-Valentines-Day-1-300x300.jpg\" alt=\"imee Luxus quadratischen s\u00fc\u00dfen Box mit Eins\u00e4tzen Dessert Geb\u00e4ck Kuchen Box mit klaren Deckel f\u00fcr Geburtstag Weihnachten Valentinstag\" width=\"750\" height=\"750\" srcset=\"https:\/\/reanpackaging.com\/wp-content\/uploads\/2024\/11\/6-description-IMEE-Luxury-Square-Sweet-Box-with-Inserts-Dessert-Pastry-Cake-Box-With-Clear-Lid-for-Birthday-Christmas-Valentines-Day-1-300x300.jpg 300w, https:\/\/reanpackaging.com\/wp-content\/uploads\/2024\/11\/6-description-IMEE-Luxury-Square-Sweet-Box-with-Inserts-Dessert-Pastry-Cake-Box-With-Clear-Lid-for-Birthday-Christmas-Valentines-Day-1-150x150.jpg 150w, https:\/\/reanpackaging.com\/wp-content\/uploads\/2024\/11\/6-description-IMEE-Luxury-Square-Sweet-Box-with-Inserts-Dessert-Pastry-Cake-Box-With-Clear-Lid-for-Birthday-Christmas-Valentines-Day-1-768x768.jpg 768w, https:\/\/reanpackaging.com\/wp-content\/uploads\/2024\/11\/6-description-IMEE-Luxury-Square-Sweet-Box-with-Inserts-Dessert-Pastry-Cake-Box-With-Clear-Lid-for-Birthday-Christmas-Valentines-Day-1-12x12.jpg 12w, https:\/\/reanpackaging.com\/wp-content\/uploads\/2024\/11\/6-description-IMEE-Luxury-Square-Sweet-Box-with-Inserts-Dessert-Pastry-Cake-Box-With-Clear-Lid-for-Birthday-Christmas-Valentines-Day-1-600x600.jpg 600w, https:\/\/reanpackaging.com\/wp-content\/uploads\/2024\/11\/6-description-IMEE-Luxury-Square-Sweet-Box-with-Inserts-Dessert-Pastry-Cake-Box-With-Clear-Lid-for-Birthday-Christmas-Valentines-Day-1-100x100.jpg 100w, https:\/\/reanpackaging.com\/wp-content\/uploads\/2024\/11\/6-description-IMEE-Luxury-Square-Sweet-Box-with-Inserts-Dessert-Pastry-Cake-Box-With-Clear-Lid-for-Birthday-Christmas-Valentines-Day-1.jpg 800w\" sizes=\"(max-width: 750px) 100vw, 750px\" \/><\/p>\n<p><img loading=\"lazy\" decoding=\"async\" class=\"alignnone size-medium wp-image-28192\" src=\"https:\/\/reanpackaging.com\/wp-content\/uploads\/2024\/11\/7-description-IMEE-Luxury-Square-Sweet-Box-with-Inserts-Dessert-Pastry-Cake-Box-With-Clear-Lid-for-Birthday-Christmas-Valentines-Day-1-217x300.jpg\" alt=\"imee Luxus quadratischen s\u00fc\u00dfen Box mit Eins\u00e4tzen Dessert Geb\u00e4ck Kuchen Box mit klaren Deckel f\u00fcr Geburtstag Weihnachten Valentinstag\" width=\"750\" height=\"1110\" \/><\/p>","protected":false},"excerpt":{"rendered":"<p>Industry-Specific Attributes Industrial Use Food Paper Type Art Paper Feature Recyclable box type Folding box Other Attributes Shape Square Printing Handling Matt Lamination, Varnishing, Stamping, Embossing, Glossy Lamination, UV Coating, VANISHING, Gold Foil Custom Order Accept MOQ 100 pcs Material PP\/PET + Cardboard paper Logo OEM Printing Custom Usage Food Packing Shipping Negotiatable Sample Available [&hellip;]<\/p>\n","protected":false},"featured_media":28179,"template":"","meta":{"_seopress_robots_primary_cat":"none","_seopress_titles_title":"","_seopress_titles_desc":"","_seopress_robots_index":"","site-sidebar-layout":"default","site-content-layout":"","ast-site-content-layout":"default","site-content-style":"default","site-sidebar-style":"default","ast-global-header-display":"","ast-banner-title-visibility":"","ast-main-header-display":"","ast-hfb-above-header-display":"","ast-hfb-below-header-display":"","ast-hfb-mobile-header-display":"","site-post-title":"","ast-breadcrumbs-content":"","ast-featured-img":"","footer-sml-layout":"","ast-disable-related-posts":"","theme-transparent-header-meta":"default","adv-header-id-meta":"","stick-header-meta":"default","header-above-stick-meta":"","header-main-stick-meta":"","header-below-stick-meta":"","astra-migrate-meta-layouts":"set","ast-page-background-enabled":"default","ast-page-background-meta":{"desktop":{"background-color":"","background-image":"","background-repeat":"repeat","background-position":"center center","background-size":"auto","background-attachment":"scroll","background-type":"","background-media":"","overlay-type":"","overlay-color":"","overlay-opacity":"","overlay-gradient":""},"tablet":{"background-color":"","background-image":"","background-repeat":"repeat","background-position":"center center","background-size":"auto","background-attachment":"scroll","background-type":"","background-media":"","overlay-type":"","overlay-color":"","overlay-opacity":"","overlay-gradient":""},"mobile":{"background-color":"","background-image":"","background-repeat":"repeat","background-position":"center center","background-size":"auto","background-attachment":"scroll","background-type":"","background-media":"","overlay-type":"","overlay-color":"","overlay-opacity":"","overlay-gradient":""}},"ast-content-background-meta":{"desktop":{"background-color":"var(--ast-global-color-5)","background-image":"","background-repeat":"repeat","background-position":"center center","background-size":"auto","background-attachment":"scroll","background-type":"","background-media":"","overlay-type":"","overlay-color":"","overlay-opacity":"","overlay-gradient":""},"tablet":{"background-color":"var(--ast-global-color-5)","background-image":"","background-repeat":"repeat","background-position":"center center","background-size":"auto","background-attachment":"scroll","background-type":"","background-media":"","overlay-type":"","overlay-color":"","overlay-opacity":"","overlay-gradient":""},"mobile":{"background-color":"var(--ast-global-color-5)","background-image":"","background-repeat":"repeat","background-position":"center center","background-size":"auto","background-attachment":"scroll","background-type":"","background-media":"","overlay-type":"","overlay-color":"","overlay-opacity":"","overlay-gradient":""}}},"product_brand":[],"product_cat":[77],"product_tag":[],"class_list":{"0":"post-28164","1":"product","2":"type-product","3":"status-publish","4":"has-post-thumbnail","6":"product_cat-gift-boxes-with-clear-lids","7":"desktop-align-left","8":"tablet-align-left","9":"mobile-align-left","10":"ast-product-gallery-layout-horizontal","11":"ast-product-tabs-layout-horizontal","13":"first","14":"instock","15":"product-type-simple"},"_links":{"self":[{"href":"https:\/\/reanpackaging.com\/de\/wp-json\/wp\/v2\/product\/28164","targetHints":{"allow":["GET"]}}],"collection":[{"href":"https:\/\/reanpackaging.com\/de\/wp-json\/wp\/v2\/product"}],"about":[{"href":"https:\/\/reanpackaging.com\/de\/wp-json\/wp\/v2\/types\/product"}],"wp:featuredmedia":[{"embeddable":true,"href":"https:\/\/reanpackaging.com\/de\/wp-json\/wp\/v2\/media\/28179"}],"wp:attachment":[{"href":"https:\/\/reanpackaging.com\/de\/wp-json\/wp\/v2\/media?parent=28164"}],"wp:term":[{"taxonomy":"product_brand","embeddable":true,"href":"https:\/\/reanpackaging.com\/de\/wp-json\/wp\/v2\/product_brand?post=28164"},{"taxonomy":"product_cat","embeddable":true,"href":"https:\/\/reanpackaging.com\/de\/wp-json\/wp\/v2\/product_cat?post=28164"},{"taxonomy":"product_tag","embeddable":true,"href":"https:\/\/reanpackaging.com\/de\/wp-json\/wp\/v2\/product_tag?post=28164"}],"curies":[{"name":"wp","href":"https:\/\/api.w.org\/{rel}","templated":true}]}}