{"id":29135,"date":"2024-12-16T09:00:31","date_gmt":"2024-12-16T09:00:31","guid":{"rendered":"https:\/\/reanpackaging.com\/product\/wholesale-recycle-premium-beautiful-boxes-gift-packaging-creative-elegant-rigid-cardboard-valentine-magnetic-folding-flower-box\/"},"modified":"2024-12-16T09:01:09","modified_gmt":"2024-12-16T09:01:09","slug":"wholesale-recycle-premium-beautiful-boxes-gift-packaging-creative-elegant-rigid-cardboard-valentine-magnetic-folding-flower-box","status":"publish","type":"product","link":"https:\/\/reanpackaging.com\/de\/produkt\/wholesale-recycle-premium-beautiful-boxes-gift-packaging-creative-elegant-rigid-cardboard-valentine-magnetic-folding-flower-box\/","title":{"rendered":"Gro\u00dfhandel recyceln Premium sch\u00f6ne Boxen Geschenkverpackungen kreative elegante starre Karton valentine magnetische Faltung Blume Box"},"content":{"rendered":"<h4>Branchenspezifische Attribute<\/h4>\n<table border=\"1\">\n<tr>\n<td><strong>Industrielle Nutzung<\/strong><\/td>\n<td>Geschenk &amp; Kunsthandwerk<\/td>\n<\/tr>\n<tr>\n<td><strong>Papierart<\/strong><\/td>\n<td>Pappe<\/td>\n<\/tr>\n<tr>\n<td><strong>Merkmal<\/strong><\/td>\n<td>Recycelte Materialien<\/td>\n<\/tr>\n<tr>\n<td><strong>Box-Typ<\/strong><\/td>\n<td>Starre Boxen<\/td>\n<\/tr>\n<\/table>\n<h4>Andere Attribute<\/h4>\n<table border=\"1\">\n<tr>\n<td><strong>Drucken Handhabung<\/strong><\/td>\n<td>Mattes Laminieren, Lackieren, Stanzen, Pr\u00e4gen, gl\u00e4nzendes Laminieren, UV-Lackieren, VANISHING, Goldfolie, Offsetdruck, Pr\u00e4gen\/Debossing, Flexodruck, Siebdruck, Membranae tectoria, Stanzen, Laminat, Kaltpr\u00e4gung, holografische Pr\u00e4gung<\/td>\n<\/tr>\n<tr>\n<td><strong>Individuelle Bestellung<\/strong><\/td>\n<td>Akzeptieren<\/td>\n<\/tr>\n<tr>\n<td><strong>Zubeh\u00f6r<\/strong><\/td>\n<td>Magnetverschluss, Farbband, Handgriff<\/td>\n<\/tr>\n<tr>\n<td><strong>Liner-Typ<\/strong><\/td>\n<td>Pappe, Schwamm<\/td>\n<\/tr>\n<tr>\n<td><strong>Material<\/strong><\/td>\n<td>Papier Karton<\/td>\n<\/tr>\n<tr>\n<td><strong>Format der Gestaltung<\/strong><\/td>\n<td>AI; PDF; CDR; PSD; EPS.<\/td>\n<\/tr>\n<tr>\n<td><strong>Farbe<\/strong><\/td>\n<td>Kundenspezifische Farben<\/td>\n<\/tr>\n<tr>\n<td><strong>entsprechende Szene<\/strong><\/td>\n<td>Kundenspezifischer Logodruck<\/td>\n<\/tr>\n<tr>\n<td><strong>Industrielle Nutzung<\/strong><\/td>\n<td>Geschenk, Kleidung, Schuhe, Kosmetik, Kleidungsst\u00fccke, Schmuck<\/td>\n<\/tr>\n<tr>\n<td><strong>OEM<\/strong><\/td>\n<td>OEM-Service wird akzeptiert<\/td>\n<\/tr>\n<tr>\n<td><strong>Gr\u00f6\u00dfe<\/strong><\/td>\n<td>benutzerdefinierte Gr\u00f6\u00dfe<\/td>\n<\/tr>\n<tr>\n<td><strong>Oberfl\u00e4chenbehandlung<\/strong><\/td>\n<td>Gl\u00e4nzende Laminierung\/Matte Laminierung<\/td>\n<\/tr>\n<tr>\n<td><strong>Drucken<\/strong><\/td>\n<td>Individuell gestaltet<\/td>\n<\/tr>\n<\/table>\n<p><img decoding=\"async\" class=\"detail-desc-decorate-image\" src=\"https:\/\/reanpackaging.com\/wp-content\/uploads\/2024\/12\/1-description-wholesale-recycle-premium-beautiful-boxes-gift-packaging-creative-elegant-rigid-cardboard-valentine-magnetic-folding-flower-box.jpg\" slate-data-type=\"image\" style=\"max-width: 100%; height: auto; display: block; margin: 0 auto;\"><br \/>\n<img decoding=\"async\" class=\"detail-desc-decorate-image\" src=\"https:\/\/reanpackaging.com\/wp-content\/uploads\/2024\/12\/2-description-wholesale-recycle-premium-beautiful-boxes-gift-packaging-creative-elegant-rigid-cardboard-valentine-magnetic-folding-flower-box.jpg\" slate-data-type=\"image\" style=\"max-width: 100%; height: auto; display: block; margin: 0 auto;\"><br \/>\n<img decoding=\"async\" class=\"detail-desc-decorate-image\" src=\"https:\/\/reanpackaging.com\/wp-content\/uploads\/2024\/12\/3-description-wholesale-recycle-premium-beautiful-boxes-gift-packaging-creative-elegant-rigid-cardboard-valentine-magnetic-folding-flower-box.jpg\" slate-data-type=\"image\" style=\"max-width: 100%; height: auto; display: block; margin: 0 auto;\"><br \/>\n<img decoding=\"async\" class=\"detail-desc-decorate-image\" src=\"https:\/\/reanpackaging.com\/wp-content\/uploads\/2024\/12\/4-description-wholesale-recycle-premium-beautiful-boxes-gift-packaging-creative-elegant-rigid-cardboard-valentine-magnetic-folding-flower-box.jpg\" slate-data-type=\"image\" style=\"max-width: 100%; height: auto; display: block; margin: 0 auto;\"><\/p>","protected":false},"excerpt":{"rendered":"<p>Industry-Specific Attributes Industrial Use Gift &#038; Craft Paper Type Paperboard Feature Recycled Materials box type Rigid Boxes Other Attributes Printing Handling Matt Lamination, Varnishing, Stamping, Embossing, Glossy Lamination, UV Coating, VANISHING, Gold Foil, Offset printing, Embossing\/Debossing, Flexographic Printing, Silk screen printing, membranae tectoria, Die Cuts, Laminate, Cold stamping, Holographic stamping Custom Order Accept Accessories Magnetic [&hellip;]<\/p>\n","protected":false},"featured_media":29095,"template":"","meta":{"_seopress_robots_primary_cat":"","_seopress_titles_title":"","_seopress_titles_desc":"","_seopress_robots_index":"","site-sidebar-layout":"default","site-content-layout":"","ast-site-content-layout":"default","site-content-style":"default","site-sidebar-style":"default","ast-global-header-display":"","ast-banner-title-visibility":"","ast-main-header-display":"","ast-hfb-above-header-display":"","ast-hfb-below-header-display":"","ast-hfb-mobile-header-display":"","site-post-title":"","ast-breadcrumbs-content":"","ast-featured-img":"","footer-sml-layout":"","ast-disable-related-posts":"","theme-transparent-header-meta":"","adv-header-id-meta":"","stick-header-meta":"","header-above-stick-meta":"","header-main-stick-meta":"","header-below-stick-meta":"","astra-migrate-meta-layouts":"default","ast-page-background-enabled":"default","ast-page-background-meta":{"desktop":{"background-color":"","background-image":"","background-repeat":"repeat","background-position":"center center","background-size":"auto","background-attachment":"scroll","background-type":"","background-media":"","overlay-type":"","overlay-color":"","overlay-opacity":"","overlay-gradient":""},"tablet":{"background-color":"","background-image":"","background-repeat":"repeat","background-position":"center center","background-size":"auto","background-attachment":"scroll","background-type":"","background-media":"","overlay-type":"","overlay-color":"","overlay-opacity":"","overlay-gradient":""},"mobile":{"background-color":"","background-image":"","background-repeat":"repeat","background-position":"center center","background-size":"auto","background-attachment":"scroll","background-type":"","background-media":"","overlay-type":"","overlay-color":"","overlay-opacity":"","overlay-gradient":""}},"ast-content-background-meta":{"desktop":{"background-color":"var(--ast-global-color-5)","background-image":"","background-repeat":"repeat","background-position":"center center","background-size":"auto","background-attachment":"scroll","background-type":"","background-media":"","overlay-type":"","overlay-color":"","overlay-opacity":"","overlay-gradient":""},"tablet":{"background-color":"var(--ast-global-color-5)","background-image":"","background-repeat":"repeat","background-position":"center center","background-size":"auto","background-attachment":"scroll","background-type":"","background-media":"","overlay-type":"","overlay-color":"","overlay-opacity":"","overlay-gradient":""},"mobile":{"background-color":"var(--ast-global-color-5)","background-image":"","background-repeat":"repeat","background-position":"center center","background-size":"auto","background-attachment":"scroll","background-type":"","background-media":"","overlay-type":"","overlay-color":"","overlay-opacity":"","overlay-gradient":""}}},"product_brand":[],"product_cat":[79],"product_tag":[],"class_list":{"0":"post-29135","1":"product","2":"type-product","3":"status-publish","4":"has-post-thumbnail","6":"product_cat-valentine-gift-boxes","7":"desktop-align-left","8":"tablet-align-left","9":"mobile-align-left","10":"ast-product-gallery-layout-horizontal","11":"ast-product-tabs-layout-horizontal","13":"first","14":"instock","15":"product-type-simple"},"_links":{"self":[{"href":"https:\/\/reanpackaging.com\/de\/wp-json\/wp\/v2\/product\/29135","targetHints":{"allow":["GET"]}}],"collection":[{"href":"https:\/\/reanpackaging.com\/de\/wp-json\/wp\/v2\/product"}],"about":[{"href":"https:\/\/reanpackaging.com\/de\/wp-json\/wp\/v2\/types\/product"}],"wp:featuredmedia":[{"embeddable":true,"href":"https:\/\/reanpackaging.com\/de\/wp-json\/wp\/v2\/media\/29095"}],"wp:attachment":[{"href":"https:\/\/reanpackaging.com\/de\/wp-json\/wp\/v2\/media?parent=29135"}],"wp:term":[{"taxonomy":"product_brand","embeddable":true,"href":"https:\/\/reanpackaging.com\/de\/wp-json\/wp\/v2\/product_brand?post=29135"},{"taxonomy":"product_cat","embeddable":true,"href":"https:\/\/reanpackaging.com\/de\/wp-json\/wp\/v2\/product_cat?post=29135"},{"taxonomy":"product_tag","embeddable":true,"href":"https:\/\/reanpackaging.com\/de\/wp-json\/wp\/v2\/product_tag?post=29135"}],"curies":[{"name":"wp","href":"https:\/\/api.w.org\/{rel}","templated":true}]}}