{"id":30225,"date":"2024-12-21T03:34:55","date_gmt":"2024-12-21T03:34:55","guid":{"rendered":"https:\/\/reanpackaging.com\/product\/custom-logo-green-velvet-lights-lints-flannel-case-necklace-bracelet-bangle-jewelry-packaging-ring-box-jewelry-boxes\/"},"modified":"2024-12-21T03:42:29","modified_gmt":"2024-12-21T03:42:29","slug":"custom-logo-green-velvet-lights-lints-flannel-case-necklace-bracelet-bangle-jewelry-packaging-ring-box-jewelry-boxes","status":"publish","type":"product","link":"https:\/\/reanpackaging.com\/de\/produkt\/custom-logo-green-velvet-lights-lints-flannel-case-necklace-bracelet-bangle-jewelry-packaging-ring-box-jewelry-boxes\/","title":{"rendered":"Benutzerdefinierte Logo Gr\u00fcner Samt Lichter Lints Flanell Fall Halskette Armband Armreif Schmuck Verpackung Ring Box Schmuck Boxen"},"content":{"rendered":"<h4>Branchenspezifische Attribute<\/h4>\n<table border=\"1\">\n<tbody>\n<tr>\n<td><strong>Schmuckk\u00e4stchen Material<\/strong><\/td>\n<td>PU-Leder + Kunststoff<\/td>\n<\/tr>\n<\/tbody>\n<\/table>\n<h4>Andere Attribute<\/h4>\n<table border=\"1\">\n<tbody>\n<tr>\n<td><strong>Gr\u00f6\u00dfe<\/strong><\/td>\n<td>andere<\/td>\n<\/tr>\n<tr>\n<td><strong>Artikel Nr. (Artikel Nummer)<\/strong><\/td>\n<td>pu ring box<\/td>\n<\/tr>\n<tr>\n<td><strong>verwenden.<\/strong><\/td>\n<td>Schmuckverpackungen<\/td>\n<\/tr>\n<tr>\n<td><strong>Farbe<\/strong><\/td>\n<td>Wei\u00df Schwarz Beige (Apricot) Dunkelgr\u00fcn K\u00f6nigsblau<\/td>\n<\/tr>\n<tr>\n<td><strong>Spezifikation<\/strong><\/td>\n<td>50*60*46mm<\/td>\n<\/tr>\n<tr>\n<td><strong>Fehler<\/strong><\/td>\n<td>0,1 mm<\/td>\n<\/tr>\n<tr>\n<td><strong>Wichtigste nachgelagerte Plattform<\/strong><\/td>\n<td>ebay Amazon Wunsch AliExpress unabh\u00e4ngige Station LA<\/td>\n<\/tr>\n<tr>\n<td><strong>Es gibt lizenzierte Eigenmarken<\/strong><\/td>\n<td>ist<\/td>\n<\/tr>\n<tr>\n<td><strong>LOGO-Anpassung<\/strong><\/td>\n<td>Jedes Modell trifft 50, um ma\u00dfgeschneiderte Dienstleistungen anzubieten<\/td>\n<\/tr>\n<tr>\n<td><strong>Farbmaterialanpassung<\/strong><\/td>\n<td>Ein einziges Modell kann 500 anpassbare<\/td>\n<\/tr>\n<tr>\n<td><strong>Art der Verpackung<\/strong><\/td>\n<td>Verpackungskiste<\/td>\n<\/tr>\n<\/tbody>\n<\/table>","protected":false},"excerpt":{"rendered":"<p>Industry-Specific Attributes Jewelry Boxes Material PU leather + plastic Other Attributes size other Article No. (Article number) pu ring box use Jewelry packaging color White Black beige (apricot) dark green royal blue specification 50*60*46mm error 0.1mm Main downstream platform ebay Amazon wish AliExpress independent station LA There are licensed private brands is LOGO customization Each [&hellip;]<\/p>\n","protected":false},"featured_media":30005,"template":"","meta":{"_seopress_robots_primary_cat":"none","_seopress_titles_title":"","_seopress_titles_desc":"","_seopress_robots_index":"","site-sidebar-layout":"default","site-content-layout":"","ast-site-content-layout":"default","site-content-style":"default","site-sidebar-style":"default","ast-global-header-display":"","ast-banner-title-visibility":"","ast-main-header-display":"","ast-hfb-above-header-display":"","ast-hfb-below-header-display":"","ast-hfb-mobile-header-display":"","site-post-title":"","ast-breadcrumbs-content":"","ast-featured-img":"","footer-sml-layout":"","ast-disable-related-posts":"","theme-transparent-header-meta":"default","adv-header-id-meta":"","stick-header-meta":"default","header-above-stick-meta":"","header-main-stick-meta":"","header-below-stick-meta":"","astra-migrate-meta-layouts":"set","ast-page-background-enabled":"default","ast-page-background-meta":{"desktop":{"background-color":"","background-image":"","background-repeat":"repeat","background-position":"center center","background-size":"auto","background-attachment":"scroll","background-type":"","background-media":"","overlay-type":"","overlay-color":"","overlay-opacity":"","overlay-gradient":""},"tablet":{"background-color":"","background-image":"","background-repeat":"repeat","background-position":"center center","background-size":"auto","background-attachment":"scroll","background-type":"","background-media":"","overlay-type":"","overlay-color":"","overlay-opacity":"","overlay-gradient":""},"mobile":{"background-color":"","background-image":"","background-repeat":"repeat","background-position":"center center","background-size":"auto","background-attachment":"scroll","background-type":"","background-media":"","overlay-type":"","overlay-color":"","overlay-opacity":"","overlay-gradient":""}},"ast-content-background-meta":{"desktop":{"background-color":"var(--ast-global-color-5)","background-image":"","background-repeat":"repeat","background-position":"center center","background-size":"auto","background-attachment":"scroll","background-type":"","background-media":"","overlay-type":"","overlay-color":"","overlay-opacity":"","overlay-gradient":""},"tablet":{"background-color":"var(--ast-global-color-5)","background-image":"","background-repeat":"repeat","background-position":"center center","background-size":"auto","background-attachment":"scroll","background-type":"","background-media":"","overlay-type":"","overlay-color":"","overlay-opacity":"","overlay-gradient":""},"mobile":{"background-color":"var(--ast-global-color-5)","background-image":"","background-repeat":"repeat","background-position":"center center","background-size":"auto","background-attachment":"scroll","background-type":"","background-media":"","overlay-type":"","overlay-color":"","overlay-opacity":"","overlay-gradient":""}}},"product_brand":[],"product_cat":[82],"product_tag":[],"class_list":{"0":"post-30225","1":"product","2":"type-product","3":"status-publish","4":"has-post-thumbnail","6":"product_cat-ring-box","7":"desktop-align-left","8":"tablet-align-left","9":"mobile-align-left","10":"ast-product-gallery-layout-horizontal","11":"ast-product-tabs-layout-horizontal","13":"first","14":"instock","15":"product-type-simple"},"_links":{"self":[{"href":"https:\/\/reanpackaging.com\/de\/wp-json\/wp\/v2\/product\/30225","targetHints":{"allow":["GET"]}}],"collection":[{"href":"https:\/\/reanpackaging.com\/de\/wp-json\/wp\/v2\/product"}],"about":[{"href":"https:\/\/reanpackaging.com\/de\/wp-json\/wp\/v2\/types\/product"}],"wp:featuredmedia":[{"embeddable":true,"href":"https:\/\/reanpackaging.com\/de\/wp-json\/wp\/v2\/media\/30005"}],"wp:attachment":[{"href":"https:\/\/reanpackaging.com\/de\/wp-json\/wp\/v2\/media?parent=30225"}],"wp:term":[{"taxonomy":"product_brand","embeddable":true,"href":"https:\/\/reanpackaging.com\/de\/wp-json\/wp\/v2\/product_brand?post=30225"},{"taxonomy":"product_cat","embeddable":true,"href":"https:\/\/reanpackaging.com\/de\/wp-json\/wp\/v2\/product_cat?post=30225"},{"taxonomy":"product_tag","embeddable":true,"href":"https:\/\/reanpackaging.com\/de\/wp-json\/wp\/v2\/product_tag?post=30225"}],"curies":[{"name":"wp","href":"https:\/\/api.w.org\/{rel}","templated":true}]}}