{"id":34814,"date":"2025-01-05T07:16:52","date_gmt":"2025-01-05T07:16:52","guid":{"rendered":"https:\/\/reanpackaging.com\/product\/luxury-wholesale-custom-jewellerypackaging-black-paper-cardboard-gift-packaging-printed-custom-logo-drawer-cardboard-jewelrybox\/"},"modified":"2025-01-05T07:53:05","modified_gmt":"2025-01-05T07:53:05","slug":"luxury-wholesale-custom-jewellerypackaging-black-paper-cardboard-gift-packaging-printed-custom-logo-drawer-cardboard-jewelrybox","status":"publish","type":"product","link":"https:\/\/reanpackaging.com\/de\/produkt\/luxury-wholesale-custom-jewellerypackaging-black-paper-cardboard-gift-packaging-printed-custom-logo-drawer-cardboard-jewelrybox\/","title":{"rendered":"Luxus Gro\u00dfhandel benutzerdefinierte jewellerypackaging Schwarzes Papier Karton Geschenk Verpackung gedruckt benutzerdefinierte Logo Schublade Karton Schmuckkasten"},"content":{"rendered":"<h4>Branchenspezifische Attribute<\/h4>\n<table border=\"1\">\n<tbody>\n<tr>\n<td><strong>Industrielle Nutzung<\/strong><\/td>\n<td>Alle Verpackungsindustrien<\/td>\n<\/tr>\n<tr>\n<td><strong>Papierart<\/strong><\/td>\n<td>Wellpappe<\/td>\n<\/tr>\n<tr>\n<td><strong>Merkmal<\/strong><\/td>\n<td>Wiederverwertbar<\/td>\n<\/tr>\n<tr>\n<td><strong>Box-Typ<\/strong><\/td>\n<td>Geschenkpackung<\/td>\n<\/tr>\n<\/tbody>\n<\/table>\n<h4>Andere Attribute<\/h4>\n<table border=\"1\">\n<tbody>\n<tr>\n<td><strong>Form<\/strong><\/td>\n<td>Rechteck<\/td>\n<\/tr>\n<tr>\n<td><strong>Drucken Handhabung<\/strong><\/td>\n<td>Mattes Laminieren, Lackieren, Stanzen, Pr\u00e4gen, gl\u00e4nzendes Laminieren, UV-Lackieren, VANISHING, Goldfolie, Offsetdruck, Pr\u00e4gen\/Debossing, Flexodruck, Siebdruck, Membranae tectoria, Stanzen, Laminat, Kaltpr\u00e4gung, holografische Pr\u00e4gung<\/td>\n<\/tr>\n<tr>\n<td><strong>Individuelle Bestellung<\/strong><\/td>\n<td>Akzeptieren<\/td>\n<\/tr>\n<tr>\n<td><strong>Liner-Typ<\/strong><\/td>\n<td>Schwamm<\/td>\n<\/tr>\n<tr>\n<td><strong>Material<\/strong><\/td>\n<td>Graukarton<\/td>\n<\/tr>\n<tr>\n<td><strong>Verwendung<\/strong><\/td>\n<td>Schmuck-Paket<\/td>\n<\/tr>\n<tr>\n<td><strong>MOQ<\/strong><\/td>\n<td>100 St\u00fcck<\/td>\n<\/tr>\n<tr>\n<td><strong>Gestaltung<\/strong><\/td>\n<td>Spezifische Anforderung des Kunden<\/td>\n<\/tr>\n<tr>\n<td><strong>Schl\u00fcsselwort<\/strong><\/td>\n<td>Schmuck-Pappschachtel<\/td>\n<\/tr>\n<tr>\n<td><strong>Dicke<\/strong><\/td>\n<td>1,5-3,0 mm Dicke<\/td>\n<\/tr>\n<tr>\n<td><strong>Muster<\/strong><\/td>\n<td>Kostenlose Proben<\/td>\n<\/tr>\n<tr>\n<td><strong>Vorteil<\/strong><\/td>\n<td>100% Hersteller<\/td>\n<\/tr>\n<tr>\n<td><strong>Gr\u00f6\u00dfe<\/strong><\/td>\n<td>Akzeptable kundenspezifische Gr\u00f6\u00dfe<\/td>\n<\/tr>\n<tr>\n<td><strong>Drucken<\/strong><\/td>\n<td>CMYK 4-Farb-Offsetdruck<\/td>\n<\/tr>\n<\/tbody>\n<\/table>\n<p><img decoding=\"async\" class=\"detail-desc-decorate-image\" style=\"max-width: 100%; height: auto; display: block; margin: 0 auto;\" src=\"https:\/\/reanpackaging.com\/wp-content\/uploads\/2025\/01\/1-description-Luxury-Wholesale-custom-jewellerypackaging-Black-Paper-Cardboard-Gift-Packaging-Printed-Custom-Logo-Drawer-cardboard-jewelrybox.jpg\" \/><br \/>\n<img decoding=\"async\" class=\"detail-desc-decorate-image\" style=\"max-width: 100%; height: auto; display: block; margin: 0 auto;\" src=\"https:\/\/reanpackaging.com\/wp-content\/uploads\/2025\/01\/2-description-Luxury-Wholesale-custom-jewellerypackaging-Black-Paper-Cardboard-Gift-Packaging-Printed-Custom-Logo-Drawer-cardboard-jewelrybox.jpg\" \/><br \/>\n<img decoding=\"async\" class=\"detail-desc-decorate-image\" style=\"max-width: 100%; height: auto; display: block; margin: 0 auto;\" src=\"https:\/\/reanpackaging.com\/wp-content\/uploads\/2025\/01\/3-description-Luxury-Wholesale-custom-jewellerypackaging-Black-Paper-Cardboard-Gift-Packaging-Printed-Custom-Logo-Drawer-cardboard-jewelrybox.jpg\" \/><br \/>\n<img decoding=\"async\" class=\"detail-desc-decorate-image\" style=\"max-width: 100%; height: auto; display: block; margin: 0 auto;\" src=\"https:\/\/reanpackaging.com\/wp-content\/uploads\/2025\/01\/4-description-Luxury-Wholesale-custom-jewellerypackaging-Black-Paper-Cardboard-Gift-Packaging-Printed-Custom-Logo-Drawer-cardboard-jewelrybox.jpg\" \/><br \/>\n<img decoding=\"async\" class=\"detail-desc-decorate-image\" style=\"max-width: 100%; height: auto; display: block; margin: 0 auto;\" src=\"https:\/\/reanpackaging.com\/wp-content\/uploads\/2025\/01\/5-description-Luxury-Wholesale-custom-jewellerypackaging-Black-Paper-Cardboard-Gift-Packaging-Printed-Custom-Logo-Drawer-cardboard-jewelrybox.jpg\" \/><br \/>\n<img decoding=\"async\" class=\"detail-desc-decorate-image\" style=\"max-width: 100%; height: auto; display: block; margin: 0 auto;\" src=\"https:\/\/reanpackaging.com\/wp-content\/uploads\/2025\/01\/6-description-Luxury-Wholesale-custom-jewellerypackaging-Black-Paper-Cardboard-Gift-Packaging-Printed-Custom-Logo-Drawer-cardboard-jewelrybox.jpg\" \/><\/p>","protected":false},"excerpt":{"rendered":"<p>Industry-Specific Attributes Industrial Use All packaging industries Paper Type Corrugated Board Feature Recyclable box type Gift box Other Attributes Shape Rectangle Printing Handling Matt Lamination, Varnishing, Stamping, Embossing, Glossy Lamination, UV Coating, VANISHING, Gold Foil, Offset printing, Embossing\/Debossing, Flexographic Printing, Silk screen printing, membranae tectoria, Die Cuts, Laminate, Cold stamping, Holographic stamping Custom Order Accept [&hellip;]<\/p>\n","protected":false},"featured_media":34735,"template":"","meta":{"_seopress_robots_primary_cat":"none","_seopress_titles_title":"","_seopress_titles_desc":"","_seopress_robots_index":"","site-sidebar-layout":"default","site-content-layout":"","ast-site-content-layout":"default","site-content-style":"default","site-sidebar-style":"default","ast-global-header-display":"","ast-banner-title-visibility":"","ast-main-header-display":"","ast-hfb-above-header-display":"","ast-hfb-below-header-display":"","ast-hfb-mobile-header-display":"","site-post-title":"","ast-breadcrumbs-content":"","ast-featured-img":"","footer-sml-layout":"","ast-disable-related-posts":"","theme-transparent-header-meta":"default","adv-header-id-meta":"","stick-header-meta":"default","header-above-stick-meta":"","header-main-stick-meta":"","header-below-stick-meta":"","astra-migrate-meta-layouts":"set","ast-page-background-enabled":"default","ast-page-background-meta":{"desktop":{"background-color":"","background-image":"","background-repeat":"repeat","background-position":"center center","background-size":"auto","background-attachment":"scroll","background-type":"","background-media":"","overlay-type":"","overlay-color":"","overlay-opacity":"","overlay-gradient":""},"tablet":{"background-color":"","background-image":"","background-repeat":"repeat","background-position":"center center","background-size":"auto","background-attachment":"scroll","background-type":"","background-media":"","overlay-type":"","overlay-color":"","overlay-opacity":"","overlay-gradient":""},"mobile":{"background-color":"","background-image":"","background-repeat":"repeat","background-position":"center center","background-size":"auto","background-attachment":"scroll","background-type":"","background-media":"","overlay-type":"","overlay-color":"","overlay-opacity":"","overlay-gradient":""}},"ast-content-background-meta":{"desktop":{"background-color":"var(--ast-global-color-5)","background-image":"","background-repeat":"repeat","background-position":"center center","background-size":"auto","background-attachment":"scroll","background-type":"","background-media":"","overlay-type":"","overlay-color":"","overlay-opacity":"","overlay-gradient":""},"tablet":{"background-color":"var(--ast-global-color-5)","background-image":"","background-repeat":"repeat","background-position":"center center","background-size":"auto","background-attachment":"scroll","background-type":"","background-media":"","overlay-type":"","overlay-color":"","overlay-opacity":"","overlay-gradient":""},"mobile":{"background-color":"var(--ast-global-color-5)","background-image":"","background-repeat":"repeat","background-position":"center center","background-size":"auto","background-attachment":"scroll","background-type":"","background-media":"","overlay-type":"","overlay-color":"","overlay-opacity":"","overlay-gradient":""}}},"product_brand":[],"product_cat":[85],"product_tag":[],"class_list":{"0":"post-34814","1":"product","2":"type-product","3":"status-publish","4":"has-post-thumbnail","6":"product_cat-necklace-box","7":"desktop-align-left","8":"tablet-align-left","9":"mobile-align-left","10":"ast-product-gallery-layout-horizontal","11":"ast-product-tabs-layout-horizontal","13":"first","14":"instock","15":"product-type-simple"},"_links":{"self":[{"href":"https:\/\/reanpackaging.com\/de\/wp-json\/wp\/v2\/product\/34814","targetHints":{"allow":["GET"]}}],"collection":[{"href":"https:\/\/reanpackaging.com\/de\/wp-json\/wp\/v2\/product"}],"about":[{"href":"https:\/\/reanpackaging.com\/de\/wp-json\/wp\/v2\/types\/product"}],"wp:featuredmedia":[{"embeddable":true,"href":"https:\/\/reanpackaging.com\/de\/wp-json\/wp\/v2\/media\/34735"}],"wp:attachment":[{"href":"https:\/\/reanpackaging.com\/de\/wp-json\/wp\/v2\/media?parent=34814"}],"wp:term":[{"taxonomy":"product_brand","embeddable":true,"href":"https:\/\/reanpackaging.com\/de\/wp-json\/wp\/v2\/product_brand?post=34814"},{"taxonomy":"product_cat","embeddable":true,"href":"https:\/\/reanpackaging.com\/de\/wp-json\/wp\/v2\/product_cat?post=34814"},{"taxonomy":"product_tag","embeddable":true,"href":"https:\/\/reanpackaging.com\/de\/wp-json\/wp\/v2\/product_tag?post=34814"}],"curies":[{"name":"wp","href":"https:\/\/api.w.org\/{rel}","templated":true}]}}