{"id":36355,"date":"2025-01-09T16:05:24","date_gmt":"2025-01-09T16:05:24","guid":{"rendered":"https:\/\/reanpackaging.com\/product\/wholesales-jewelry-cardboard-paper-box-7-5x7-5x2-5cm-with-pe-film-for-necklace-earring-bracelet-ring-jewelry-box\/"},"modified":"2025-01-09T16:45:05","modified_gmt":"2025-01-09T16:45:05","slug":"wholesales-jewelry-cardboard-paper-box-7-5x7-5x2-5cm-with-pe-film-for-necklace-earring-bracelet-ring-jewelry-box","status":"publish","type":"product","link":"https:\/\/reanpackaging.com\/de\/produkt\/wholesales-jewelry-cardboard-paper-box-7-5x7-5x2-5cm-with-pe-film-for-necklace-earring-bracelet-ring-jewelry-box\/","title":{"rendered":"Gro\u00dfhandel Schmuck Pappschachtel 7,5\u00d77,5\u00d72,5cm mit PE-Folie f\u00fcr Halskette Ohrring Armband Ring Schmuckschachtel"},"content":{"rendered":"<h4>Andere Attribute<\/h4>\n<table border=\"1\">\n<tbody>\n<tr>\n<td><strong>Schmuck Verpackung &amp; Display Typ<\/strong><\/td>\n<td>Etuis &amp; Displays<\/td>\n<\/tr>\n<tr>\n<td><strong>Name<\/strong><\/td>\n<td>Schmuckk\u00e4stchen<\/td>\n<\/tr>\n<tr>\n<td><strong>Nachfrage nach Aktien<\/strong><\/td>\n<td>500St\u00fcck<\/td>\n<\/tr>\n<tr>\n<td><strong>Lieferfrist<\/strong><\/td>\n<td>h\u00e4ngt von der Menge<\/td>\n<\/tr>\n<tr>\n<td><strong>Logo<\/strong><\/td>\n<td>Ihr Logo hinzuf\u00fcgen k\u00f6nnen<\/td>\n<\/tr>\n<tr>\n<td><strong>Gr\u00f6\u00dfe<\/strong><\/td>\n<td>7.5*7.5*2.5<\/td>\n<\/tr>\n<tr>\n<td><strong>Farbe<\/strong><\/td>\n<td>schwarz wei\u00df rosa<\/td>\n<\/tr>\n<\/tbody>\n<\/table>\n<p><img decoding=\"async\" class=\"detail-desc-decorate-image\" style=\"max-width: 100%; height: auto; display: block; margin: 0 auto;\" src=\"https:\/\/reanpackaging.com\/wp-content\/uploads\/2025\/01\/1-description-wholesales-Jewelry-Cardboard-Paper-Box-7.5\u00d77.5\u00d72.5cm-with-PE-film-for-Necklace-Earring-Bracelet-Ring-Jewelry-Box.jpg\" \/><br \/>\n<img decoding=\"async\" class=\"detail-desc-decorate-image\" style=\"max-width: 100%; height: auto; display: block; margin: 0 auto;\" src=\"https:\/\/reanpackaging.com\/wp-content\/uploads\/2025\/01\/2-description-wholesales-Jewelry-Cardboard-Paper-Box-7.5\u00d77.5\u00d72.5cm-with-PE-film-for-Necklace-Earring-Bracelet-Ring-Jewelry-Box.jpg\" \/><\/p>","protected":false},"excerpt":{"rendered":"<p>Andere Attribute Schmuck Verpackung &amp; Display Typ Cases &amp; Displays Name Schmuckk\u00e4stchen moq f\u00fcr Best\u00e4nde 500pcs Lieferzeit h\u00e4ngt von der Menge Logo kann Ihr Logo hinzuf\u00fcgen Gr\u00f6\u00dfe 7,5 * 7,5 * 2,5 Farbe schwarz wei\u00df rosa<\/p>","protected":false},"featured_media":36344,"template":"","meta":{"_seopress_robots_primary_cat":"none","_seopress_titles_title":"wholesales Jewelry Cardboard Paper Box 7.5\u00d77.5\u00d72.5cm with PE film for Necklace Earring Bracelet Ring Jewelry Box","_seopress_titles_desc":"","_seopress_robots_index":"","site-sidebar-layout":"default","site-content-layout":"","ast-site-content-layout":"default","site-content-style":"default","site-sidebar-style":"default","ast-global-header-display":"","ast-banner-title-visibility":"","ast-main-header-display":"","ast-hfb-above-header-display":"","ast-hfb-below-header-display":"","ast-hfb-mobile-header-display":"","site-post-title":"","ast-breadcrumbs-content":"","ast-featured-img":"","footer-sml-layout":"","ast-disable-related-posts":"","theme-transparent-header-meta":"default","adv-header-id-meta":"","stick-header-meta":"default","header-above-stick-meta":"","header-main-stick-meta":"","header-below-stick-meta":"","astra-migrate-meta-layouts":"set","ast-page-background-enabled":"default","ast-page-background-meta":{"desktop":{"background-color":"","background-image":"","background-repeat":"repeat","background-position":"center center","background-size":"auto","background-attachment":"scroll","background-type":"","background-media":"","overlay-type":"","overlay-color":"","overlay-opacity":"","overlay-gradient":""},"tablet":{"background-color":"","background-image":"","background-repeat":"repeat","background-position":"center center","background-size":"auto","background-attachment":"scroll","background-type":"","background-media":"","overlay-type":"","overlay-color":"","overlay-opacity":"","overlay-gradient":""},"mobile":{"background-color":"","background-image":"","background-repeat":"repeat","background-position":"center center","background-size":"auto","background-attachment":"scroll","background-type":"","background-media":"","overlay-type":"","overlay-color":"","overlay-opacity":"","overlay-gradient":""}},"ast-content-background-meta":{"desktop":{"background-color":"var(--ast-global-color-5)","background-image":"","background-repeat":"repeat","background-position":"center center","background-size":"auto","background-attachment":"scroll","background-type":"","background-media":"","overlay-type":"","overlay-color":"","overlay-opacity":"","overlay-gradient":""},"tablet":{"background-color":"var(--ast-global-color-5)","background-image":"","background-repeat":"repeat","background-position":"center center","background-size":"auto","background-attachment":"scroll","background-type":"","background-media":"","overlay-type":"","overlay-color":"","overlay-opacity":"","overlay-gradient":""},"mobile":{"background-color":"var(--ast-global-color-5)","background-image":"","background-repeat":"repeat","background-position":"center center","background-size":"auto","background-attachment":"scroll","background-type":"","background-media":"","overlay-type":"","overlay-color":"","overlay-opacity":"","overlay-gradient":""}}},"product_brand":[],"product_cat":[86],"product_tag":[],"class_list":{"0":"post-36355","1":"product","2":"type-product","3":"status-publish","4":"has-post-thumbnail","6":"product_cat-bracelet-box","7":"desktop-align-left","8":"tablet-align-left","9":"mobile-align-left","10":"ast-product-gallery-layout-horizontal","11":"ast-product-tabs-layout-horizontal","13":"first","14":"instock","15":"product-type-simple"},"_links":{"self":[{"href":"https:\/\/reanpackaging.com\/de\/wp-json\/wp\/v2\/product\/36355","targetHints":{"allow":["GET"]}}],"collection":[{"href":"https:\/\/reanpackaging.com\/de\/wp-json\/wp\/v2\/product"}],"about":[{"href":"https:\/\/reanpackaging.com\/de\/wp-json\/wp\/v2\/types\/product"}],"wp:featuredmedia":[{"embeddable":true,"href":"https:\/\/reanpackaging.com\/de\/wp-json\/wp\/v2\/media\/36344"}],"wp:attachment":[{"href":"https:\/\/reanpackaging.com\/de\/wp-json\/wp\/v2\/media?parent=36355"}],"wp:term":[{"taxonomy":"product_brand","embeddable":true,"href":"https:\/\/reanpackaging.com\/de\/wp-json\/wp\/v2\/product_brand?post=36355"},{"taxonomy":"product_cat","embeddable":true,"href":"https:\/\/reanpackaging.com\/de\/wp-json\/wp\/v2\/product_cat?post=36355"},{"taxonomy":"product_tag","embeddable":true,"href":"https:\/\/reanpackaging.com\/de\/wp-json\/wp\/v2\/product_tag?post=36355"}],"curies":[{"name":"wp","href":"https:\/\/api.w.org\/{rel}","templated":true}]}}