{"id":36371,"date":"2025-01-09T16:06:08","date_gmt":"2025-01-09T16:06:08","guid":{"rendered":"https:\/\/reanpackaging.com\/product\/fashion-gift-accessories-gift-box-accessories-necklace-earrings-bracelet-accessories-gift-box\/"},"modified":"2025-01-09T16:26:01","modified_gmt":"2025-01-09T16:26:01","slug":"fashion-gift-accessories-gift-box-accessories-necklace-earrings-bracelet-accessories-gift-box","status":"publish","type":"product","link":"https:\/\/reanpackaging.com\/de\/produkt\/fashion-gift-accessories-gift-box-accessories-necklace-earrings-bracelet-accessories-gift-box\/","title":{"rendered":"Mode geschenk zubeh\u00f6r geschenkbox zubeh\u00f6r halskette ohrringe armband zubeh\u00f6r geschenkbox"},"content":{"rendered":"<h4>Branchenspezifische Attribute<\/h4>\n<table border=\"1\">\n<tbody>\n<tr>\n<td><strong>Schmuckk\u00e4stchen Material<\/strong><\/td>\n<td>Papier<\/td>\n<\/tr>\n<\/tbody>\n<\/table>\n<h4>Andere Attribute<\/h4>\n<table border=\"1\">\n<tbody>\n<tr>\n<td><strong>Gr\u00f6\u00dfe<\/strong><\/td>\n<td>Mehr Gr\u00f6\u00dfe f\u00fcr Ihre Wahl<\/td>\n<\/tr>\n<tr>\n<td><strong>Name des Produkts<\/strong><\/td>\n<td>Schmuckk\u00e4stchen mit Papierschublade<\/td>\n<\/tr>\n<tr>\n<td><strong>Farbe<\/strong><\/td>\n<td>Kundenspezifische Farbe<\/td>\n<\/tr>\n<tr>\n<td><strong>Gr\u00f6\u00dfe<\/strong><\/td>\n<td>Kundenspezifisch<\/td>\n<\/tr>\n<tr>\n<td><strong>Verwendung<\/strong><\/td>\n<td>Halsketten, Ohrringe, Ringe, Uhren, Armb\u00e4nder, Schmuck<\/td>\n<\/tr>\n<tr>\n<td><strong>Papierdruck<\/strong><\/td>\n<td>Spot-Farb-\/Vierfarb-\/Monochromdruck<\/td>\n<\/tr>\n<tr>\n<td><strong>Auskleidung<\/strong><\/td>\n<td>Pappe, Samt, Satinstoff, EVA-Schaum<\/td>\n<\/tr>\n<tr>\n<td><strong>Zubeh\u00f6r<\/strong><\/td>\n<td>Magnet, Band, EVA-Schaum, Kunststoffschale, Schwamm, Rei\u00dfverschluss<\/td>\n<\/tr>\n<tr>\n<td><strong>Merkmal<\/strong><\/td>\n<td>Recycelbar, umweltfreundlich<\/td>\n<\/tr>\n<tr>\n<td><strong>Form<\/strong><\/td>\n<td>Rechteckig, Quadratisch, Rund, Anpassen<\/td>\n<\/tr>\n<tr>\n<td><strong>Stil<\/strong><\/td>\n<td>Modisch und einfach<\/td>\n<\/tr>\n<\/tbody>\n<\/table>","protected":false},"excerpt":{"rendered":"<p>Industry-Specific Attributes Jewelry Boxes Material Paper Other Attributes size More Size For Your Option Product name Paper drawer jewelry box Color Customized Color Size Customized Usage Necklaces, earrings, rings, watches, bracelets, jewelry Paper printing Spot-color \/four-color\/monochrome printing Lining Cardboard, velvet, satin cloth, EVA foam Accessories Magnet, ribbon, EVA foam , plastic tray, sponge, zipper Feature [&hellip;]<\/p>\n","protected":false},"featured_media":36188,"template":"","meta":{"_seopress_robots_primary_cat":"none","_seopress_titles_title":"Fashion gift accessories gift box accessories necklace earrings bracelet accessories gift box","_seopress_titles_desc":"","_seopress_robots_index":"","site-sidebar-layout":"default","site-content-layout":"","ast-site-content-layout":"default","site-content-style":"default","site-sidebar-style":"default","ast-global-header-display":"","ast-banner-title-visibility":"","ast-main-header-display":"","ast-hfb-above-header-display":"","ast-hfb-below-header-display":"","ast-hfb-mobile-header-display":"","site-post-title":"","ast-breadcrumbs-content":"","ast-featured-img":"","footer-sml-layout":"","ast-disable-related-posts":"","theme-transparent-header-meta":"default","adv-header-id-meta":"","stick-header-meta":"default","header-above-stick-meta":"","header-main-stick-meta":"","header-below-stick-meta":"","astra-migrate-meta-layouts":"set","ast-page-background-enabled":"default","ast-page-background-meta":{"desktop":{"background-color":"","background-image":"","background-repeat":"repeat","background-position":"center center","background-size":"auto","background-attachment":"scroll","background-type":"","background-media":"","overlay-type":"","overlay-color":"","overlay-opacity":"","overlay-gradient":""},"tablet":{"background-color":"","background-image":"","background-repeat":"repeat","background-position":"center center","background-size":"auto","background-attachment":"scroll","background-type":"","background-media":"","overlay-type":"","overlay-color":"","overlay-opacity":"","overlay-gradient":""},"mobile":{"background-color":"","background-image":"","background-repeat":"repeat","background-position":"center center","background-size":"auto","background-attachment":"scroll","background-type":"","background-media":"","overlay-type":"","overlay-color":"","overlay-opacity":"","overlay-gradient":""}},"ast-content-background-meta":{"desktop":{"background-color":"var(--ast-global-color-5)","background-image":"","background-repeat":"repeat","background-position":"center center","background-size":"auto","background-attachment":"scroll","background-type":"","background-media":"","overlay-type":"","overlay-color":"","overlay-opacity":"","overlay-gradient":""},"tablet":{"background-color":"var(--ast-global-color-5)","background-image":"","background-repeat":"repeat","background-position":"center center","background-size":"auto","background-attachment":"scroll","background-type":"","background-media":"","overlay-type":"","overlay-color":"","overlay-opacity":"","overlay-gradient":""},"mobile":{"background-color":"var(--ast-global-color-5)","background-image":"","background-repeat":"repeat","background-position":"center center","background-size":"auto","background-attachment":"scroll","background-type":"","background-media":"","overlay-type":"","overlay-color":"","overlay-opacity":"","overlay-gradient":""}}},"product_brand":[],"product_cat":[86],"product_tag":[],"class_list":{"0":"post-36371","1":"product","2":"type-product","3":"status-publish","4":"has-post-thumbnail","6":"product_cat-bracelet-box","7":"desktop-align-left","8":"tablet-align-left","9":"mobile-align-left","10":"ast-product-gallery-layout-horizontal","11":"ast-product-tabs-layout-horizontal","13":"first","14":"instock","15":"product-type-simple"},"_links":{"self":[{"href":"https:\/\/reanpackaging.com\/de\/wp-json\/wp\/v2\/product\/36371","targetHints":{"allow":["GET"]}}],"collection":[{"href":"https:\/\/reanpackaging.com\/de\/wp-json\/wp\/v2\/product"}],"about":[{"href":"https:\/\/reanpackaging.com\/de\/wp-json\/wp\/v2\/types\/product"}],"wp:featuredmedia":[{"embeddable":true,"href":"https:\/\/reanpackaging.com\/de\/wp-json\/wp\/v2\/media\/36188"}],"wp:attachment":[{"href":"https:\/\/reanpackaging.com\/de\/wp-json\/wp\/v2\/media?parent=36371"}],"wp:term":[{"taxonomy":"product_brand","embeddable":true,"href":"https:\/\/reanpackaging.com\/de\/wp-json\/wp\/v2\/product_brand?post=36371"},{"taxonomy":"product_cat","embeddable":true,"href":"https:\/\/reanpackaging.com\/de\/wp-json\/wp\/v2\/product_cat?post=36371"},{"taxonomy":"product_tag","embeddable":true,"href":"https:\/\/reanpackaging.com\/de\/wp-json\/wp\/v2\/product_tag?post=36371"}],"curies":[{"name":"wp","href":"https:\/\/api.w.org\/{rel}","templated":true}]}}