{"id":41723,"date":"2025-01-19T09:43:44","date_gmt":"2025-01-19T09:43:44","guid":{"rendered":"https:\/\/reanpackaging.com\/product\/customize-wholesale-everlasting-rose-immortal-gift-box-real-stabilized-eternal-forever-decorative-flower-preserved-roses-in-box\/"},"modified":"2025-01-19T09:43:51","modified_gmt":"2025-01-19T09:43:51","slug":"customize-wholesale-everlasting-rose-immortal-gift-box-real-stabilized-eternal-forever-decorative-flower-preserved-roses-in-box","status":"publish","type":"product","link":"https:\/\/reanpackaging.com\/de\/produkt\/customize-wholesale-everlasting-rose-immortal-gift-box-real-stabilized-eternal-forever-decorative-flower-preserved-roses-in-box\/","title":{"rendered":"Anpassen Gro\u00dfhandel ewige Rose unsterblich Geschenk Box Real Stabilisiert Eternal Forever dekorative Blume konserviert Rosen in Box"},"content":{"rendered":"<h4>Branchenspezifische Attribute<\/h4>\n<table border=\"1\">\n<tr>\n<td><strong>Anlass<\/strong><\/td>\n<td>Aprilscherz, Schulanfang, Chinesisches Neujahr, Weihnachten, Tag der Erde, Ostern, Vatertag, Schulabschluss, Halloween, Muttertag, Neujahr, Thanksgiving, Valentinstag, Sonstiges<\/td>\n<\/tr>\n<\/table>\n<h4>Andere Attribute<\/h4>\n<table border=\"1\">\n<tr>\n<td><strong>Gr\u00f6\u00dfe<\/strong><\/td>\n<td>\u00fcber 20 Gr\u00f6\u00dfen und Typen verf\u00fcgbar<\/td>\n<\/tr>\n<tr>\n<td><strong>Herkunft<\/strong><\/td>\n<td>China<\/td>\n<\/tr>\n<tr>\n<td><strong>Anlass<\/strong><\/td>\n<td>Weihnachten, Muttertag, Neujahr, Valentinstag<\/td>\n<\/tr>\n<tr>\n<td><strong>Produktname<\/strong><\/td>\n<td>Konservierte echte Rosen in quadratischer Schachtel<\/td>\n<\/tr>\n<tr>\n<td><strong>Material<\/strong><\/td>\n<td>100% Nat\u00fcrliche echte frische Blume<\/td>\n<\/tr>\n<tr>\n<td><strong>Qualit\u00e4t<\/strong><\/td>\n<td>A-Note<\/td>\n<\/tr>\n<tr>\n<td><strong>Farbe<\/strong><\/td>\n<td>Kundenspezifische Farbe<\/td>\n<\/tr>\n<tr>\n<td><strong>Typ<\/strong><\/td>\n<td>Konservierte Blumen und Pflanzen<\/td>\n<\/tr>\n<tr>\n<td><strong>OEM &amp; ODM<\/strong><\/td>\n<td>Annehmbar<\/td>\n<\/tr>\n<tr>\n<td><strong>Technik<\/strong><\/td>\n<td>Handgefertigt<\/td>\n<\/tr>\n<tr>\n<td><strong>Lieferfrist<\/strong><\/td>\n<td>3-5 Tage<\/td>\n<\/tr>\n<\/table>\n<p><img decoding=\"async\" class=\"detail-desc-decorate-image\" src=\"https:\/\/reanpackaging.com\/wp-content\/uploads\/2025\/01\/1-description-Customize-Wholesale-Everlasting-Rose-Immortal-Gift-Box-Real-Stabilized-Eternal-Forever-Decorative-Flower-Preserved-Roses-in-Box.jpg\" slate-data-type=\"image\" style=\"max-width: 100%; height: auto; display: block; margin: 0 auto;\"><br \/>\n<img decoding=\"async\" class=\"detail-desc-decorate-image\" src=\"https:\/\/reanpackaging.com\/wp-content\/uploads\/2025\/01\/2-description-Customize-Wholesale-Everlasting-Rose-Immortal-Gift-Box-Real-Stabilized-Eternal-Forever-Decorative-Flower-Preserved-Roses-in-Box.jpg\" slate-data-type=\"image\" style=\"max-width: 100%; height: auto; display: block; margin: 0 auto;\"><br \/>\n<img decoding=\"async\" class=\"detail-desc-decorate-image\" src=\"https:\/\/reanpackaging.com\/wp-content\/uploads\/2025\/01\/3-description-Customize-Wholesale-Everlasting-Rose-Immortal-Gift-Box-Real-Stabilized-Eternal-Forever-Decorative-Flower-Preserved-Roses-in-Box.jpg\" slate-data-type=\"image\" style=\"max-width: 100%; height: auto; display: block; margin: 0 auto;\"><br \/>\n<img decoding=\"async\" class=\"detail-desc-decorate-image\" src=\"https:\/\/reanpackaging.com\/wp-content\/uploads\/2025\/01\/4-description-Customize-Wholesale-Everlasting-Rose-Immortal-Gift-Box-Real-Stabilized-Eternal-Forever-Decorative-Flower-Preserved-Roses-in-Box.jpg\" slate-data-type=\"image\" style=\"max-width: 100%; height: auto; display: block; margin: 0 auto;\"><br \/>\n<img decoding=\"async\" class=\"detail-desc-decorate-image\" src=\"https:\/\/reanpackaging.com\/wp-content\/uploads\/2025\/01\/5-description-Customize-Wholesale-Everlasting-Rose-Immortal-Gift-Box-Real-Stabilized-Eternal-Forever-Decorative-Flower-Preserved-Roses-in-Box.jpg\" slate-data-type=\"image\" style=\"max-width: 100%; height: auto; display: block; margin: 0 auto;\"><br \/>\n<img decoding=\"async\" class=\"detail-desc-decorate-image\" src=\"https:\/\/reanpackaging.com\/wp-content\/uploads\/2025\/01\/6-description-Customize-Wholesale-Everlasting-Rose-Immortal-Gift-Box-Real-Stabilized-Eternal-Forever-Decorative-Flower-Preserved-Roses-in-Box.jpg\" slate-data-type=\"image\" style=\"max-width: 100%; height: auto; display: block; margin: 0 auto;\"><br \/>\n<img decoding=\"async\" class=\"detail-desc-decorate-image\" src=\"https:\/\/reanpackaging.com\/wp-content\/uploads\/2025\/01\/7-description-Customize-Wholesale-Everlasting-Rose-Immortal-Gift-Box-Real-Stabilized-Eternal-Forever-Decorative-Flower-Preserved-Roses-in-Box.jpg\" slate-data-type=\"image\" style=\"max-width: 100%; height: auto; display: block; margin: 0 auto;\"><\/p>","protected":false},"excerpt":{"rendered":"<p>Industry-Specific Attributes Occasion April Fool&#8217;s Day, Back to School, Chinese New Year, Christmas, Earth Day, Easter, Father&#8217;s Day, Graduation, Halloween, Mother&#8217;s Day, New Year, Thanksgiving, Valentine&#8217;s Day, Other Other Attributes Size over 20 sizes and types available Origin China Occasion Christmas, Mother&#8217;s Day, New Year, Valentine&#8217;s Day Product Name Preserved Real Roses in Square Box [&hellip;]<\/p>\n","protected":false},"featured_media":41445,"template":"","meta":{"_seopress_robots_primary_cat":"","_seopress_titles_title":"","_seopress_titles_desc":"","_seopress_robots_index":"","site-sidebar-layout":"default","site-content-layout":"","ast-site-content-layout":"default","site-content-style":"default","site-sidebar-style":"default","ast-global-header-display":"","ast-banner-title-visibility":"","ast-main-header-display":"","ast-hfb-above-header-display":"","ast-hfb-below-header-display":"","ast-hfb-mobile-header-display":"","site-post-title":"","ast-breadcrumbs-content":"","ast-featured-img":"","footer-sml-layout":"","ast-disable-related-posts":"","theme-transparent-header-meta":"","adv-header-id-meta":"","stick-header-meta":"","header-above-stick-meta":"","header-main-stick-meta":"","header-below-stick-meta":"","astra-migrate-meta-layouts":"default","ast-page-background-enabled":"default","ast-page-background-meta":{"desktop":{"background-color":"","background-image":"","background-repeat":"repeat","background-position":"center center","background-size":"auto","background-attachment":"scroll","background-type":"","background-media":"","overlay-type":"","overlay-color":"","overlay-opacity":"","overlay-gradient":""},"tablet":{"background-color":"","background-image":"","background-repeat":"repeat","background-position":"center center","background-size":"auto","background-attachment":"scroll","background-type":"","background-media":"","overlay-type":"","overlay-color":"","overlay-opacity":"","overlay-gradient":""},"mobile":{"background-color":"","background-image":"","background-repeat":"repeat","background-position":"center center","background-size":"auto","background-attachment":"scroll","background-type":"","background-media":"","overlay-type":"","overlay-color":"","overlay-opacity":"","overlay-gradient":""}},"ast-content-background-meta":{"desktop":{"background-color":"var(--ast-global-color-5)","background-image":"","background-repeat":"repeat","background-position":"center center","background-size":"auto","background-attachment":"scroll","background-type":"","background-media":"","overlay-type":"","overlay-color":"","overlay-opacity":"","overlay-gradient":""},"tablet":{"background-color":"var(--ast-global-color-5)","background-image":"","background-repeat":"repeat","background-position":"center center","background-size":"auto","background-attachment":"scroll","background-type":"","background-media":"","overlay-type":"","overlay-color":"","overlay-opacity":"","overlay-gradient":""},"mobile":{"background-color":"var(--ast-global-color-5)","background-image":"","background-repeat":"repeat","background-position":"center center","background-size":"auto","background-attachment":"scroll","background-type":"","background-media":"","overlay-type":"","overlay-color":"","overlay-opacity":"","overlay-gradient":""}}},"product_brand":[],"product_cat":[89],"product_tag":[],"class_list":{"0":"post-41723","1":"product","2":"type-product","3":"status-publish","4":"has-post-thumbnail","6":"product_cat-flower-gift-boxes","7":"desktop-align-left","8":"tablet-align-left","9":"mobile-align-left","10":"ast-product-gallery-layout-horizontal","11":"ast-product-tabs-layout-horizontal","13":"first","14":"instock","15":"product-type-simple"},"_links":{"self":[{"href":"https:\/\/reanpackaging.com\/de\/wp-json\/wp\/v2\/product\/41723","targetHints":{"allow":["GET"]}}],"collection":[{"href":"https:\/\/reanpackaging.com\/de\/wp-json\/wp\/v2\/product"}],"about":[{"href":"https:\/\/reanpackaging.com\/de\/wp-json\/wp\/v2\/types\/product"}],"wp:featuredmedia":[{"embeddable":true,"href":"https:\/\/reanpackaging.com\/de\/wp-json\/wp\/v2\/media\/41445"}],"wp:attachment":[{"href":"https:\/\/reanpackaging.com\/de\/wp-json\/wp\/v2\/media?parent=41723"}],"wp:term":[{"taxonomy":"product_brand","embeddable":true,"href":"https:\/\/reanpackaging.com\/de\/wp-json\/wp\/v2\/product_brand?post=41723"},{"taxonomy":"product_cat","embeddable":true,"href":"https:\/\/reanpackaging.com\/de\/wp-json\/wp\/v2\/product_cat?post=41723"},{"taxonomy":"product_tag","embeddable":true,"href":"https:\/\/reanpackaging.com\/de\/wp-json\/wp\/v2\/product_tag?post=41723"}],"curies":[{"name":"wp","href":"https:\/\/api.w.org\/{rel}","templated":true}]}}