{"id":41734,"date":"2025-01-19T09:43:44","date_gmt":"2025-01-19T09:43:44","guid":{"rendered":"https:\/\/reanpackaging.com\/product\/indoor-bedroom-decorative-flower-gift-round-square-paper-cardboard-packaging-box-for-bouquets\/"},"modified":"2025-01-19T11:31:38","modified_gmt":"2025-01-19T11:31:38","slug":"indoor-bedroom-decorative-flower-gift-round-square-paper-cardboard-packaging-box-for-bouquets","status":"publish","type":"product","link":"https:\/\/reanpackaging.com\/de\/produkt\/indoor-bedroom-decorative-flower-gift-round-square-paper-cardboard-packaging-box-for-bouquets\/","title":{"rendered":"Indoor Schlafzimmer Dekorative Blume Geschenk rund quadratischen Papier Karton Verpackung Box f\u00fcr Blumenstr\u00e4u\u00dfe"},"content":{"rendered":"<h4>Branchenspezifische Attribute<\/h4>\n<table border=\"1\">\n<tbody>\n<tr>\n<td><strong>Industrielle Nutzung<\/strong><\/td>\n<td>Geschenk &amp; Kunsthandwerk<\/td>\n<\/tr>\n<tr>\n<td><strong>Papierart<\/strong><\/td>\n<td>Papier<\/td>\n<\/tr>\n<tr>\n<td><strong>Merkmal<\/strong><\/td>\n<td>Wiederverwertbar<\/td>\n<\/tr>\n<tr>\n<td><strong>Box-Typ<\/strong><\/td>\n<td>Starre Boxen<\/td>\n<\/tr>\n<\/tbody>\n<\/table>\n<h4>Andere Attribute<\/h4>\n<table border=\"1\">\n<tbody>\n<tr>\n<td><strong>Form<\/strong><\/td>\n<td>individuell, rund, quadratisch, leiterf\u00f6rmig, polygonal<\/td>\n<\/tr>\n<tr>\n<td><strong>Drucken Handhabung<\/strong><\/td>\n<td>Pr\u00e4gung, Glanzlaminierung, Mattlaminierung, Pr\u00e4gung, UV-Beschichtung, Lackierung<\/td>\n<\/tr>\n<tr>\n<td><strong>Individuelle Bestellung<\/strong><\/td>\n<td>Akzeptieren<\/td>\n<\/tr>\n<tr>\n<td><strong>Logo-Druck<\/strong><\/td>\n<td>benutzerdefinierte<\/td>\n<\/tr>\n<tr>\n<td><strong>Zubeh\u00f6r<\/strong><\/td>\n<td>Farbband, Handgriff<\/td>\n<\/tr>\n<tr>\n<td><strong>Liner-Typ<\/strong><\/td>\n<td>Pappe<\/td>\n<\/tr>\n<tr>\n<td><strong>Name des Produkts<\/strong><\/td>\n<td>Blumengeschenk runde quadratische Papierkartonverpackung f\u00fcr Blumenstr\u00e4u\u00dfe<\/td>\n<\/tr>\n<tr>\n<td><strong>Schl\u00fcsselw\u00f6rter<\/strong><\/td>\n<td>Blumengeschenkbox<\/td>\n<\/tr>\n<tr>\n<td><strong>Farbe<\/strong><\/td>\n<td>Benutzerdefiniert<\/td>\n<\/tr>\n<tr>\n<td><strong>Logo<\/strong><\/td>\n<td>Benutzerdefiniert<\/td>\n<\/tr>\n<tr>\n<td><strong>Material<\/strong><\/td>\n<td>Benutzerdefiniert<\/td>\n<\/tr>\n<tr>\n<td><strong>Gr\u00f6\u00dfe<\/strong><\/td>\n<td>Benutzerdefiniert<\/td>\n<\/tr>\n<tr>\n<td><strong>Paket<\/strong><\/td>\n<td>Polybeutel einzeln verpackt<\/td>\n<\/tr>\n<tr>\n<td><strong>MOQ<\/strong><\/td>\n<td>1000 St\u00fcck<\/td>\n<\/tr>\n<tr>\n<td><strong>Probezeit<\/strong><\/td>\n<td>7 Arbeitstage<\/td>\n<\/tr>\n<tr>\n<td><strong>Zertifikat<\/strong><\/td>\n<td>FSC<\/td>\n<\/tr>\n<\/tbody>\n<\/table>\n<p>&nbsp;<\/p>","protected":false},"excerpt":{"rendered":"<p>Industry-Specific Attributes Industrial Use Gift &amp; Craft Paper Type Paper Feature Recyclable box type Rigid Boxes Other Attributes Shape custom, round, square, ladder-shaped, polygon Printing Handling Embossing, Glossy Lamination, Matt Lamination, Stamping, UV Coating, Varnishing Custom Order Accept Logo printing custom Accessories Ribbon, Handle Liner type Paperboard Product name flower gift round square paper cardboard [&hellip;]<\/p>\n","protected":false},"featured_media":41511,"template":"","meta":{"_seopress_robots_primary_cat":"none","_seopress_titles_title":"","_seopress_titles_desc":"","_seopress_robots_index":"","site-sidebar-layout":"default","site-content-layout":"","ast-site-content-layout":"default","site-content-style":"default","site-sidebar-style":"default","ast-global-header-display":"","ast-banner-title-visibility":"","ast-main-header-display":"","ast-hfb-above-header-display":"","ast-hfb-below-header-display":"","ast-hfb-mobile-header-display":"","site-post-title":"","ast-breadcrumbs-content":"","ast-featured-img":"","footer-sml-layout":"","ast-disable-related-posts":"","theme-transparent-header-meta":"default","adv-header-id-meta":"","stick-header-meta":"default","header-above-stick-meta":"","header-main-stick-meta":"","header-below-stick-meta":"","astra-migrate-meta-layouts":"set","ast-page-background-enabled":"default","ast-page-background-meta":{"desktop":{"background-color":"","background-image":"","background-repeat":"repeat","background-position":"center center","background-size":"auto","background-attachment":"scroll","background-type":"","background-media":"","overlay-type":"","overlay-color":"","overlay-opacity":"","overlay-gradient":""},"tablet":{"background-color":"","background-image":"","background-repeat":"repeat","background-position":"center center","background-size":"auto","background-attachment":"scroll","background-type":"","background-media":"","overlay-type":"","overlay-color":"","overlay-opacity":"","overlay-gradient":""},"mobile":{"background-color":"","background-image":"","background-repeat":"repeat","background-position":"center center","background-size":"auto","background-attachment":"scroll","background-type":"","background-media":"","overlay-type":"","overlay-color":"","overlay-opacity":"","overlay-gradient":""}},"ast-content-background-meta":{"desktop":{"background-color":"var(--ast-global-color-5)","background-image":"","background-repeat":"repeat","background-position":"center center","background-size":"auto","background-attachment":"scroll","background-type":"","background-media":"","overlay-type":"","overlay-color":"","overlay-opacity":"","overlay-gradient":""},"tablet":{"background-color":"var(--ast-global-color-5)","background-image":"","background-repeat":"repeat","background-position":"center center","background-size":"auto","background-attachment":"scroll","background-type":"","background-media":"","overlay-type":"","overlay-color":"","overlay-opacity":"","overlay-gradient":""},"mobile":{"background-color":"var(--ast-global-color-5)","background-image":"","background-repeat":"repeat","background-position":"center center","background-size":"auto","background-attachment":"scroll","background-type":"","background-media":"","overlay-type":"","overlay-color":"","overlay-opacity":"","overlay-gradient":""}}},"product_brand":[],"product_cat":[89],"product_tag":[],"class_list":{"0":"post-41734","1":"product","2":"type-product","3":"status-publish","4":"has-post-thumbnail","6":"product_cat-flower-gift-boxes","7":"desktop-align-left","8":"tablet-align-left","9":"mobile-align-left","10":"ast-product-gallery-layout-horizontal","11":"ast-product-tabs-layout-horizontal","13":"first","14":"instock","15":"product-type-simple"},"_links":{"self":[{"href":"https:\/\/reanpackaging.com\/de\/wp-json\/wp\/v2\/product\/41734","targetHints":{"allow":["GET"]}}],"collection":[{"href":"https:\/\/reanpackaging.com\/de\/wp-json\/wp\/v2\/product"}],"about":[{"href":"https:\/\/reanpackaging.com\/de\/wp-json\/wp\/v2\/types\/product"}],"wp:featuredmedia":[{"embeddable":true,"href":"https:\/\/reanpackaging.com\/de\/wp-json\/wp\/v2\/media\/41511"}],"wp:attachment":[{"href":"https:\/\/reanpackaging.com\/de\/wp-json\/wp\/v2\/media?parent=41734"}],"wp:term":[{"taxonomy":"product_brand","embeddable":true,"href":"https:\/\/reanpackaging.com\/de\/wp-json\/wp\/v2\/product_brand?post=41734"},{"taxonomy":"product_cat","embeddable":true,"href":"https:\/\/reanpackaging.com\/de\/wp-json\/wp\/v2\/product_cat?post=41734"},{"taxonomy":"product_tag","embeddable":true,"href":"https:\/\/reanpackaging.com\/de\/wp-json\/wp\/v2\/product_tag?post=41734"}],"curies":[{"name":"wp","href":"https:\/\/api.w.org\/{rel}","templated":true}]}}