{"id":60228,"date":"2025-02-08T15:10:30","date_gmt":"2025-02-08T15:10:30","guid":{"rendered":"https:\/\/reanpackaging.com\/product\/size-logo-custom-brown-white-party-birthday-baby-bath-guest-gift-wrapping-craft-box-wholesale-large-gable-boxes\/"},"modified":"2025-02-08T15:56:25","modified_gmt":"2025-02-08T15:56:25","slug":"size-logo-custom-brown-white-party-birthday-baby-bath-guest-gift-wrapping-craft-box-wholesale-large-gable-boxes","status":"publish","type":"product","link":"https:\/\/reanpackaging.com\/de\/produkt\/size-logo-custom-brown-white-party-birthday-baby-bath-guest-gift-wrapping-craft-box-wholesale-large-gable-boxes\/","title":{"rendered":"Gr\u00f6\u00dfe Logo Benutzerdefinierte braun wei\u00df Party Geburtstag Baby Bad Gast Geschenkverpackung Handwerk Box Gro\u00dfhandel gro\u00dfe Giebel-Boxen"},"content":{"rendered":"<h4>Branchenspezifische Attribute<\/h4>\n<table border=\"1\">\n<tbody>\n<tr>\n<td><strong>Industrielle Nutzung<\/strong><\/td>\n<td>Geschenk &amp; Kunsthandwerk<\/td>\n<\/tr>\n<tr>\n<td><strong>Papierart<\/strong><\/td>\n<td>Beschichtetes Papier<\/td>\n<\/tr>\n<tr>\n<td><strong>Merkmal<\/strong><\/td>\n<td>Recycelte Materialien<\/td>\n<\/tr>\n<tr>\n<td><strong>Box-Typ<\/strong><\/td>\n<td>Starre Boxen<\/td>\n<\/tr>\n<\/tbody>\n<\/table>\n<h4>Andere Attribute<\/h4>\n<table border=\"1\">\n<tbody>\n<tr>\n<td><strong>Form<\/strong><\/td>\n<td>Kundenspezifische unterschiedliche Form<\/td>\n<\/tr>\n<tr>\n<td><strong>Drucken Handhabung<\/strong><\/td>\n<td>Mattlaminierung, Stanzen, Pr\u00e4gen, UV-Lackierung, individuelle Gestaltung<\/td>\n<\/tr>\n<tr>\n<td><strong>Individuelle Bestellung<\/strong><\/td>\n<td>Akzeptieren<\/td>\n<\/tr>\n<tr>\n<td><strong>Logo-Druck<\/strong><\/td>\n<td>Benutzerdefiniertes Logo<\/td>\n<\/tr>\n<tr>\n<td><strong>Zubeh\u00f6r<\/strong><\/td>\n<td>Magnetischer Verschluss, Handgriff<\/td>\n<\/tr>\n<tr>\n<td><strong>Name des Produkts<\/strong><\/td>\n<td>Druckpapier-Box<\/td>\n<\/tr>\n<tr>\n<td><strong>Material<\/strong><\/td>\n<td>Papier Karton<\/td>\n<\/tr>\n<tr>\n<td><strong>Verwendung<\/strong><\/td>\n<td>Verpackungsartikel<\/td>\n<\/tr>\n<tr>\n<td><strong>Gr\u00f6\u00dfe<\/strong><\/td>\n<td>Benutzerdefinierte Gr\u00f6\u00dfe akzeptiert<\/td>\n<\/tr>\n<tr>\n<td><strong>Farbe<\/strong><\/td>\n<td>CMYK<\/td>\n<\/tr>\n<tr>\n<td><strong>Logo<\/strong><\/td>\n<td>Logo des Kunden<\/td>\n<\/tr>\n<tr>\n<td><strong>Schl\u00fcsselwort<\/strong><\/td>\n<td>Verpackungskarton Papier Geschenk<\/td>\n<\/tr>\n<tr>\n<td><strong>Drucken<\/strong><\/td>\n<td>4c Offsetdruck<\/td>\n<\/tr>\n<tr>\n<td><strong>Gestaltung<\/strong><\/td>\n<td>PDF, AI, CDR, PSD<\/td>\n<\/tr>\n<\/tbody>\n<\/table>\n<p><img decoding=\"async\" class=\"detail-desc-decorate-image\" style=\"max-width: 100%; height: auto; display: block; margin: 0 auto;\" src=\"https:\/\/reanpackaging.com\/wp-content\/uploads\/2025\/02\/1-description-Size-logo-Custom-brown-white-Party-birthday-baby-bath-Guest-gift-wrapping-craft-box-wholesale-large-gable-boxes.jpg\" \/><br \/>\n<img decoding=\"async\" class=\"detail-desc-decorate-image\" style=\"max-width: 100%; height: auto; display: block; margin: 0 auto;\" src=\"https:\/\/reanpackaging.com\/wp-content\/uploads\/2025\/02\/2-description-Size-logo-Custom-brown-white-Party-birthday-baby-bath-Guest-gift-wrapping-craft-box-wholesale-large-gable-boxes.jpg\" \/><br \/>\n<img decoding=\"async\" class=\"detail-desc-decorate-image\" style=\"max-width: 100%; height: auto; display: block; margin: 0 auto;\" src=\"https:\/\/reanpackaging.com\/wp-content\/uploads\/2025\/02\/3-description-Size-logo-Custom-brown-white-Party-birthday-baby-bath-Guest-gift-wrapping-craft-box-wholesale-large-gable-boxes.jpg\" \/><br \/>\n<img decoding=\"async\" class=\"detail-desc-decorate-image\" style=\"max-width: 100%; height: auto; display: block; margin: 0 auto;\" src=\"https:\/\/reanpackaging.com\/wp-content\/uploads\/2025\/02\/4-description-Size-logo-Custom-brown-white-Party-birthday-baby-bath-Guest-gift-wrapping-craft-box-wholesale-large-gable-boxes.jpg\" \/><br \/>\n<img decoding=\"async\" class=\"detail-desc-decorate-image\" style=\"max-width: 100%; height: auto; display: block; margin: 0 auto;\" src=\"https:\/\/reanpackaging.com\/wp-content\/uploads\/2025\/02\/5-description-Size-logo-Custom-brown-white-Party-birthday-baby-bath-Guest-gift-wrapping-craft-box-wholesale-large-gable-boxes.jpg\" \/><\/p>","protected":false},"excerpt":{"rendered":"<p>Industry-Specific Attributes Industrial Use Gift &amp; Craft Paper Type Coated Paper Feature Recycled Materials box type Rigid Boxes Other Attributes Shape Customized Different Shape Printing Handling Matt Lamination, Stamping, Embossing, UV Coating, Custom Design Custom Order Accept Logo printing Custom Logo Accessories Magnetic closure, Handle Product name Printing Paper Box Material Paper Board Usage Packaging [&hellip;]<\/p>\n","protected":false},"featured_media":56913,"template":"","meta":{"_seopress_robots_primary_cat":"none","_seopress_titles_title":"","_seopress_titles_desc":"","_seopress_robots_index":"","site-sidebar-layout":"default","site-content-layout":"","ast-site-content-layout":"default","site-content-style":"default","site-sidebar-style":"default","ast-global-header-display":"","ast-banner-title-visibility":"","ast-main-header-display":"","ast-hfb-above-header-display":"","ast-hfb-below-header-display":"","ast-hfb-mobile-header-display":"","site-post-title":"","ast-breadcrumbs-content":"","ast-featured-img":"","footer-sml-layout":"","ast-disable-related-posts":"","theme-transparent-header-meta":"default","adv-header-id-meta":"","stick-header-meta":"default","header-above-stick-meta":"","header-main-stick-meta":"","header-below-stick-meta":"","astra-migrate-meta-layouts":"set","ast-page-background-enabled":"default","ast-page-background-meta":{"desktop":{"background-color":"","background-image":"","background-repeat":"repeat","background-position":"center center","background-size":"auto","background-attachment":"scroll","background-type":"","background-media":"","overlay-type":"","overlay-color":"","overlay-opacity":"","overlay-gradient":""},"tablet":{"background-color":"","background-image":"","background-repeat":"repeat","background-position":"center center","background-size":"auto","background-attachment":"scroll","background-type":"","background-media":"","overlay-type":"","overlay-color":"","overlay-opacity":"","overlay-gradient":""},"mobile":{"background-color":"","background-image":"","background-repeat":"repeat","background-position":"center center","background-size":"auto","background-attachment":"scroll","background-type":"","background-media":"","overlay-type":"","overlay-color":"","overlay-opacity":"","overlay-gradient":""}},"ast-content-background-meta":{"desktop":{"background-color":"var(--ast-global-color-5)","background-image":"","background-repeat":"repeat","background-position":"center center","background-size":"auto","background-attachment":"scroll","background-type":"","background-media":"","overlay-type":"","overlay-color":"","overlay-opacity":"","overlay-gradient":""},"tablet":{"background-color":"var(--ast-global-color-5)","background-image":"","background-repeat":"repeat","background-position":"center center","background-size":"auto","background-attachment":"scroll","background-type":"","background-media":"","overlay-type":"","overlay-color":"","overlay-opacity":"","overlay-gradient":""},"mobile":{"background-color":"var(--ast-global-color-5)","background-image":"","background-repeat":"repeat","background-position":"center center","background-size":"auto","background-attachment":"scroll","background-type":"","background-media":"","overlay-type":"","overlay-color":"","overlay-opacity":"","overlay-gradient":""}}},"product_brand":[],"product_cat":[92],"product_tag":[],"class_list":{"0":"post-60228","1":"product","2":"type-product","3":"status-publish","4":"has-post-thumbnail","6":"product_cat-gable-boxes","7":"desktop-align-left","8":"tablet-align-left","9":"mobile-align-left","10":"ast-product-gallery-layout-horizontal","11":"ast-product-tabs-layout-horizontal","13":"first","14":"instock","15":"product-type-simple"},"_links":{"self":[{"href":"https:\/\/reanpackaging.com\/de\/wp-json\/wp\/v2\/product\/60228","targetHints":{"allow":["GET"]}}],"collection":[{"href":"https:\/\/reanpackaging.com\/de\/wp-json\/wp\/v2\/product"}],"about":[{"href":"https:\/\/reanpackaging.com\/de\/wp-json\/wp\/v2\/types\/product"}],"wp:featuredmedia":[{"embeddable":true,"href":"https:\/\/reanpackaging.com\/de\/wp-json\/wp\/v2\/media\/56913"}],"wp:attachment":[{"href":"https:\/\/reanpackaging.com\/de\/wp-json\/wp\/v2\/media?parent=60228"}],"wp:term":[{"taxonomy":"product_brand","embeddable":true,"href":"https:\/\/reanpackaging.com\/de\/wp-json\/wp\/v2\/product_brand?post=60228"},{"taxonomy":"product_cat","embeddable":true,"href":"https:\/\/reanpackaging.com\/de\/wp-json\/wp\/v2\/product_cat?post=60228"},{"taxonomy":"product_tag","embeddable":true,"href":"https:\/\/reanpackaging.com\/de\/wp-json\/wp\/v2\/product_tag?post=60228"}],"curies":[{"name":"wp","href":"https:\/\/api.w.org\/{rel}","templated":true}]}}