{"id":6190,"date":"2023-09-18T15:30:55","date_gmt":"2023-09-18T15:30:55","guid":{"rendered":"http:\/\/ibn.wyd.mybluehost.me\/reanpackaging.com\/?post_type=product&#038;p=6190"},"modified":"2024-10-01T17:00:38","modified_gmt":"2024-10-01T17:00:38","slug":"manufacturers-personalised-luxury-boutique-gift-paper-bag-packaging-custom-white-pink-paper-thank-you-gift-bags-with-logo-print","status":"publish","type":"product","link":"https:\/\/reanpackaging.com\/de\/produkt\/hersteller-personalisierte-luxus-boutique-geschenk-papiertute-verpackung-benutzerdefinierte-weis-rosa-papier-dankeschon-geschenk-taschen-mit-logo-druck\/","title":{"rendered":"Hersteller personalisierte Luxus Boutique Geschenk Papiert\u00fcte Verpackung benutzerdefinierte wei\u00df rosa Papier Dankesch\u00f6n Geschenk-Taschen mit Logo-Druck"},"content":{"rendered":"<h4 class=\"md-end-block md-heading md-focus\"><span class=\"md-plain md-expand\">Branchenspezifische Attribute<\/span><\/h4>\n<table class=\"md-table\">\n<tbody>\n<tr class=\"md-end-block md-focus-container\">\n<td><span class=\"td-span md-focus\"><span class=\"md-pair-s md-expand\"><strong><span class=\"md-plain\">Industrielle Nutzung<\/span><\/strong><\/span><\/span><\/td>\n<td><span class=\"td-span\"><span class=\"md-plain\">Schuhe und Kleidung<\/span><\/span><\/td>\n<\/tr>\n<tr class=\"md-end-block\">\n<td><span class=\"td-span\"><span class=\"md-pair-s\"><strong><span class=\"md-plain\">Papierart<\/span><\/strong><\/span><\/span><\/td>\n<td><span class=\"td-span\"><span class=\"md-plain\">Kraftpapier<\/span><\/span><\/td>\n<\/tr>\n<tr class=\"md-end-block md-focus-container\">\n<td><span class=\"td-span\"><span class=\"md-pair-s\"><strong><span class=\"md-plain\">Merkmal<\/span><\/strong><\/span><\/span><\/td>\n<td><span class=\"td-span md-focus\"><span class=\"md-plain md-expand\">Recycelte Materialien<\/span><\/span><\/td>\n<\/tr>\n<\/tbody>\n<\/table>\n<h4 class=\"md-end-block md-heading md-focus\"><span class=\"md-plain md-expand\">Andere Attribute<\/span><\/h4>\n<table class=\"md-table\">\n<tbody>\n<tr class=\"md-end-block md-focus-container\">\n<td><span class=\"td-span md-focus\"><span class=\"md-pair-s md-expand\"><strong><span class=\"md-plain\">Handhabung der Oberfl\u00e4che<\/span><\/strong><\/span><\/span><\/td>\n<td><span class=\"td-span\"><span class=\"md-plain\">Flexodruck<\/span><\/span><\/td>\n<\/tr>\n<tr class=\"md-end-block\">\n<td><span class=\"td-span\"><span class=\"md-pair-s\"><strong><span class=\"md-plain\">Dichtung &amp; Griff<\/span><\/strong><\/span><\/span><\/td>\n<td><span class=\"td-span\"><span class=\"md-plain\">Handl\u00e4nge Handgriff<\/span><\/span><\/td>\n<\/tr>\n<tr class=\"md-end-block\">\n<td><span class=\"td-span\"><span class=\"md-pair-s\"><strong><span class=\"md-plain\">Individuelle Bestellung<\/span><\/strong><\/span><\/span><\/td>\n<td><span class=\"td-span\"><span class=\"md-plain\">Akzeptieren<\/span><\/span><\/td>\n<\/tr>\n<tr class=\"md-end-block\">\n<td><span class=\"td-span\"><span class=\"md-pair-s\"><strong><span class=\"md-plain\">Name des Produkts<\/span><\/strong><\/span><\/span><\/td>\n<td><span class=\"td-span\"><span class=\"md-plain\">Geschenkpapier-Verpackungstasche<\/span><\/span><\/td>\n<\/tr>\n<tr class=\"md-end-block\">\n<td><span class=\"td-span\"><span class=\"md-pair-s\"><strong><span class=\"md-plain\">Gr\u00f6\u00dfe:<\/span><\/strong><\/span><\/span><\/td>\n<td><span class=\"td-span\"><span class=\"md-plain\">Kundenspezifisch Annehmen<\/span><\/span><\/td>\n<\/tr>\n<tr class=\"md-end-block\">\n<td><span class=\"td-span\"><span class=\"md-pair-s\"><strong><span class=\"md-plain\">Logo:<\/span><\/strong><\/span><\/span><\/td>\n<td><span class=\"td-span\"><span class=\"md-plain\">Kundenspezifisches Logo oder Muster akzeptieren<\/span><\/span><\/td>\n<\/tr>\n<tr class=\"md-end-block\">\n<td><span class=\"td-span\"><span class=\"md-pair-s\"><strong><span class=\"md-plain\">Schl\u00fcsselwort<\/span><\/strong><\/span><\/span><\/td>\n<td><span class=\"td-span\"><span class=\"md-plain\">Papier-Einkaufstasche;Papier-Geschenktasche;Kleider-Verpackungstasche<\/span><\/span><\/td>\n<\/tr>\n<tr class=\"md-end-block\">\n<td><span class=\"td-span\"><span class=\"md-pair-s\"><strong><span class=\"md-plain\">Verwendung<\/span><\/strong><\/span><\/span><\/td>\n<td><span class=\"td-span\"><span class=\"md-plain\">Paket<\/span><\/span><\/td>\n<\/tr>\n<tr class=\"md-end-block\">\n<td><span class=\"td-span\"><span class=\"md-pair-s\"><strong><span class=\"md-plain\">MOQ<\/span><\/strong><\/span><\/span><\/td>\n<td><span class=\"td-span\"><span class=\"md-plain\">100 St\u00fcck<\/span><\/span><\/td>\n<\/tr>\n<tr class=\"md-end-block\">\n<td><span class=\"td-span\"><span class=\"md-pair-s\"><strong><span class=\"md-plain\">Industrielle Nutzung<\/span><\/strong><\/span><\/span><\/td>\n<td><span class=\"td-span\"><span class=\"md-plain\">Pepsi-Tasche zum Mitnehmen<\/span><\/span><\/td>\n<\/tr>\n<tr class=\"md-end-block\">\n<td><span class=\"td-span\"><span class=\"md-pair-s\"><strong><span class=\"md-plain\">Typ Fabrik<\/span><\/strong><\/span><\/span><\/td>\n<td><span class=\"td-span\"><span class=\"md-plain\">OEM- und ODM-Dienstleistungen<\/span><\/span><\/td>\n<\/tr>\n<tr class=\"md-end-block md-focus-container\">\n<td><span class=\"td-span\"><span class=\"md-pair-s\"><strong><span class=\"md-plain\">Tintenart<\/span><\/strong><\/span><\/span><\/td>\n<td><span class=\"td-span md-focus\"><span class=\"md-plain md-expand\">Umweltfreundliche Sojatinte auf Wasserbasis<\/span><\/span><\/td>\n<\/tr>\n<\/tbody>\n<\/table>\n<h4 class=\"md-end-block md-heading md-focus\"><span class=\"md-plain md-expand\">Spezifikation<\/span><\/h4>\n<table class=\"md-table\">\n<tbody>\n<tr class=\"md-end-block md-focus-container\">\n<td><span class=\"td-span md-focus\"><span class=\"md-pair-s md-expand\"><strong><span class=\"md-plain\">Material<\/span><\/strong><\/span><\/span><\/td>\n<td><span class=\"td-span\"><span class=\"md-plain\">Wei\u00dfes Kartonpapier, wei\u00dfes Kartonpapier, beschichtetes Papier, Kraftpapier, Wellpappe, Kunstdruckpapier, Karton, Spezialpapier, holzfreies Papier<\/span><\/span><\/td>\n<\/tr>\n<tr class=\"md-end-block\">\n<td><span class=\"td-span\"><span class=\"md-pair-s\"><strong><span class=\"md-plain\">Kunstdruckpapier<\/span><\/strong><\/span><\/span><\/td>\n<td><span class=\"td-span\"><span class=\"md-plain\">120g- 250g werden normalerweise f\u00fcr Papiert\u00fcten verwendet<\/span><\/span><\/td>\n<\/tr>\n<tr class=\"md-end-block\">\n<td><span class=\"td-span\"><span class=\"md-pair-s\"><strong><span class=\"md-plain\">Graue Pappe<\/span><\/strong><\/span><\/span><\/td>\n<td><span class=\"td-span\"><span class=\"md-plain\">650g bis 1600g werden normalerweise f\u00fcr Verpackungskartons verwendet.<\/span><\/span><\/td>\n<\/tr>\n<tr class=\"md-end-block\">\n<td><span class=\"td-span\"><span class=\"md-pair-s\"><strong><span class=\"md-plain\">Ausgefallenes Papier<\/span><\/strong><\/span><\/span><\/td>\n<td><span class=\"td-span\"><span class=\"md-plain\">100g, 120g, 130g, verschiedene Designs und Stile<\/span><\/span><\/td>\n<\/tr>\n<tr class=\"md-end-block\">\n<td><span class=\"td-span\"><span class=\"md-pair-s\"><strong><span class=\"md-plain\">Sonstiges Papier<\/span><\/strong><\/span><\/span><\/td>\n<td><span class=\"td-span\"><span class=\"md-plain\">Wellpapier, Leinenpapier, Pappe, Folienpapier, Recyclingmaterial<\/span><\/span><\/td>\n<\/tr>\n<tr class=\"md-end-block\">\n<td><span class=\"td-span\"><span class=\"md-pair-s\"><strong><span class=\"md-plain\">Zubeh\u00f6r<\/span><\/strong><\/span><\/span><\/td>\n<td><span class=\"td-span\"><span class=\"md-plain\">Magnet, Band, EVA-Form, Kunststoffschale, Schwamm, Blumen, PVC\/PET\/PP-Fenster<\/span><\/span><\/td>\n<\/tr>\n<tr class=\"md-end-block\">\n<td><span class=\"td-span\"><span class=\"md-pair-s\"><strong><span class=\"md-plain\">Drucken<\/span><\/strong><\/span><\/span><\/td>\n<td><span class=\"td-span\"><span class=\"md-plain\">CMYK-4-Farben-Offsetdruck, Siebdruck, Panton-Farben, UV-Druck.<\/span><\/span><\/td>\n<\/tr>\n<tr class=\"md-end-block\">\n<td><span class=\"td-span\"><span class=\"md-pair-s\"><strong><span class=\"md-plain\">Endfertigungstechnik<\/span><\/strong><\/span><\/span><\/td>\n<td><span class=\"td-span\"><span class=\"md-plain\">UV-Lackierung, Spotlackierung, Pr\u00e4gung, Glanz-\/Mattlaminierung, Folienpr\u00e4gung, Stanzung usw.<\/span><\/span><\/td>\n<\/tr>\n<tr class=\"md-end-block\">\n<td><span class=\"td-span\"><span class=\"md-pair-s\"><strong><span class=\"md-plain\">Marke<\/span><\/strong><\/span><\/span><\/td>\n<td><span class=\"td-span\"><span class=\"md-plain\">OEM und ODM sind verf\u00fcgbar, und wir k\u00f6nnen das LOGO drucken, das die Kunden liefern.<\/span><\/span><\/td>\n<\/tr>\n<tr class=\"md-end-block\">\n<td><span class=\"td-span\"><span class=\"md-pair-s\"><strong><span class=\"md-plain\">Druckbereich<\/span><\/strong><\/span><\/span><\/td>\n<td><span class=\"td-span\"><span class=\"md-plain\">100% Drucken oder nicht, die auf Anfrage.<\/span><\/span><\/td>\n<\/tr>\n<tr class=\"md-end-block\">\n<td><span class=\"td-span\"><span class=\"md-pair-s\"><strong><span class=\"md-plain\">Verpackung<\/span><\/strong><\/span><\/span><\/td>\n<td><span class=\"td-span\"><span class=\"md-plain\">Die Produkte werden in Standard-Exportkartons oder nach Kundenwunsch verpackt.<\/span><\/span><\/td>\n<\/tr>\n<tr class=\"md-end-block\">\n<td><span class=\"td-span\"><span class=\"md-pair-s\"><strong><span class=\"md-plain\">Industrie<\/span><\/strong><\/span><\/span><\/td>\n<td><span class=\"td-span\"><span class=\"md-plain\">Schokolade, Wein, Kosmetik, Parf\u00fcm, Kleidung, Schmuck, Tabak, Lebensmittel, Geschenkartikel, Waren des t\u00e4glichen Bedarfs, Verlage, Geschenkspielzeug, Spezialartikel usw.<\/span><\/span><\/td>\n<\/tr>\n<tr class=\"md-end-block\">\n<td><span class=\"td-span\"><span class=\"md-pair-s\"><strong><span class=\"md-plain\">Muster<\/span><\/strong><\/span><\/span><\/td>\n<td><span class=\"td-span\"><span class=\"md-plain\">3 ~ 5 Tage nach der Druckvorlage best\u00e4tigt werden.<\/span><\/span><\/td>\n<\/tr>\n<tr class=\"md-end-block md-focus-container\">\n<td><span class=\"td-span\"><span class=\"md-pair-s\"><strong><span class=\"md-plain\">Preis<\/span><\/strong><\/span><\/span><\/td>\n<td><span class=\"td-span md-focus\"><span class=\"md-plain md-expand\">Sie h\u00e4ngt von der Gr\u00f6\u00dfe, dem Material, dem Druck, der Nachbearbeitung, der Menge und der Verpackung ab.<\/span><\/span><\/td>\n<\/tr>\n<\/tbody>\n<\/table>\n<p><img fetchpriority=\"high\" decoding=\"async\" class=\"alignnone wp-image-6207\" src=\"http:\/\/ibn.wyd.mybluehost.me\/reanpackaging.com\/wp-content\/uploads\/2023\/09\/1-2-262x300.jpg\" alt=\"Hersteller Personalisierte Luxus Boutique Geschenk Papiert\u00fcte Verpackung Benutzerdefinierte Wei\u00dfes Rosa Papier Dankesch\u00f6n Geschenk Taschen mit Logo Print -Beschreibung - 1\" width=\"1336\" height=\"1530\" srcset=\"https:\/\/reanpackaging.com\/wp-content\/uploads\/2023\/09\/1-2-262x300.jpg 262w, https:\/\/reanpackaging.com\/wp-content\/uploads\/2023\/09\/1-2-768x880.jpg 768w, https:\/\/reanpackaging.com\/wp-content\/uploads\/2023\/09\/1-2-600x688.jpg 600w, https:\/\/reanpackaging.com\/wp-content\/uploads\/2023\/09\/1-2.jpg 800w\" sizes=\"(max-width: 1336px) 100vw, 1336px\" \/><\/p>\n<p><img decoding=\"async\" class=\"alignnone wp-image-6208\" src=\"http:\/\/ibn.wyd.mybluehost.me\/reanpackaging.com\/wp-content\/uploads\/2023\/09\/2-2-287x300.jpg\" alt=\"Hersteller Personalisierte Luxus Boutique Geschenk Papiert\u00fcte Verpackung Benutzerdefinierte Wei\u00df Rosa Papier Danke Geschenk Taschen mit Logo Print -Beschreibung - 2\" width=\"1336\" height=\"1397\" srcset=\"https:\/\/reanpackaging.com\/wp-content\/uploads\/2023\/09\/2-2-287x300.jpg 287w, https:\/\/reanpackaging.com\/wp-content\/uploads\/2023\/09\/2-2-768x803.jpg 768w, https:\/\/reanpackaging.com\/wp-content\/uploads\/2023\/09\/2-2-600x627.jpg 600w, https:\/\/reanpackaging.com\/wp-content\/uploads\/2023\/09\/2-2.jpg 800w\" sizes=\"(max-width: 1336px) 100vw, 1336px\" \/><\/p>\n<p><img decoding=\"async\" class=\"alignnone wp-image-6210\" src=\"http:\/\/ibn.wyd.mybluehost.me\/reanpackaging.com\/wp-content\/uploads\/2023\/09\/4-1-300x197.jpg\" alt=\"Hersteller personalisierte Luxus Boutique Geschenk Papiert\u00fcte Verpackung benutzerdefinierte wei\u00df rosa Papier Danke Geschenk Taschen mit Logo drucken -Beschreibung - 4\" width=\"1246\" height=\"818\" srcset=\"https:\/\/reanpackaging.com\/wp-content\/uploads\/2023\/09\/4-1-300x197.jpg 300w, https:\/\/reanpackaging.com\/wp-content\/uploads\/2023\/09\/4-1-768x503.jpg 768w, https:\/\/reanpackaging.com\/wp-content\/uploads\/2023\/09\/4-1-600x393.jpg 600w, https:\/\/reanpackaging.com\/wp-content\/uploads\/2023\/09\/4-1.jpg 800w\" sizes=\"(max-width: 1246px) 100vw, 1246px\" \/><\/p>\n<p><img loading=\"lazy\" decoding=\"async\" class=\"alignnone wp-image-6211\" src=\"http:\/\/ibn.wyd.mybluehost.me\/reanpackaging.com\/wp-content\/uploads\/2023\/09\/5-2-280x300.jpg\" alt=\"Hersteller personalisierte Luxus Boutique Geschenk Papiert\u00fcte Verpackung benutzerdefinierte wei\u00df rosa Papier Danke Geschenk Taschen mit Logo Print -Beschreibung - 5\" width=\"1208\" height=\"1294\" srcset=\"https:\/\/reanpackaging.com\/wp-content\/uploads\/2023\/09\/5-2-280x300.jpg 280w, https:\/\/reanpackaging.com\/wp-content\/uploads\/2023\/09\/5-2-768x822.jpg 768w, https:\/\/reanpackaging.com\/wp-content\/uploads\/2023\/09\/5-2-600x642.jpg 600w, https:\/\/reanpackaging.com\/wp-content\/uploads\/2023\/09\/5-2.jpg 800w\" sizes=\"(max-width: 1208px) 100vw, 1208px\" \/><\/p>\n<p><img loading=\"lazy\" decoding=\"async\" class=\"alignnone wp-image-6212\" src=\"http:\/\/ibn.wyd.mybluehost.me\/reanpackaging.com\/wp-content\/uploads\/2023\/09\/6-1-256x300.jpg\" alt=\"Hersteller personalisierte Luxus Boutique Geschenk Papiert\u00fcte Verpackung benutzerdefinierte wei\u00df rosa Papier Danke Geschenk Taschen mit Logo Print -Beschreibung - 6\" width=\"1144\" height=\"1341\" srcset=\"https:\/\/reanpackaging.com\/wp-content\/uploads\/2023\/09\/6-1-256x300.jpg 256w, https:\/\/reanpackaging.com\/wp-content\/uploads\/2023\/09\/6-1-768x900.jpg 768w, https:\/\/reanpackaging.com\/wp-content\/uploads\/2023\/09\/6-1-600x703.jpg 600w, https:\/\/reanpackaging.com\/wp-content\/uploads\/2023\/09\/6-1.jpg 800w\" sizes=\"(max-width: 1144px) 100vw, 1144px\" \/><\/p>\n<p><img loading=\"lazy\" decoding=\"async\" class=\"alignnone wp-image-6215\" src=\"http:\/\/ibn.wyd.mybluehost.me\/reanpackaging.com\/wp-content\/uploads\/2023\/09\/9-2-300x292.jpg\" alt=\"Hersteller personalisierte Luxus Boutique Geschenk Papiert\u00fcte Verpackung benutzerdefinierte wei\u00df rosa Papier Danke Geschenk Taschen mit Logo Print -Beschreibung - 9\" width=\"1142\" height=\"1112\" srcset=\"https:\/\/reanpackaging.com\/wp-content\/uploads\/2023\/09\/9-2-300x292.jpg 300w, https:\/\/reanpackaging.com\/wp-content\/uploads\/2023\/09\/9-2-768x748.jpg 768w, https:\/\/reanpackaging.com\/wp-content\/uploads\/2023\/09\/9-2-600x584.jpg 600w, https:\/\/reanpackaging.com\/wp-content\/uploads\/2023\/09\/9-2.jpg 800w\" sizes=\"(max-width: 1142px) 100vw, 1142px\" \/><\/p>\n<p><img loading=\"lazy\" decoding=\"async\" class=\"alignnone wp-image-6216\" src=\"http:\/\/ibn.wyd.mybluehost.me\/reanpackaging.com\/wp-content\/uploads\/2023\/09\/10-300x293.jpg\" alt=\"Hersteller personalisierte Luxus Boutique Geschenk Papiert\u00fcte Verpackung benutzerdefinierte wei\u00df rosa Papier Danke Geschenk Taschen mit Logo drucken -Beschreibung - 10\" width=\"1092\" height=\"1067\" srcset=\"https:\/\/reanpackaging.com\/wp-content\/uploads\/2023\/09\/10-300x293.jpg 300w, https:\/\/reanpackaging.com\/wp-content\/uploads\/2023\/09\/10-768x751.jpg 768w, https:\/\/reanpackaging.com\/wp-content\/uploads\/2023\/09\/10-600x587.jpg 600w, https:\/\/reanpackaging.com\/wp-content\/uploads\/2023\/09\/10.jpg 800w\" sizes=\"(max-width: 1092px) 100vw, 1092px\" \/><\/p>\n<p><img loading=\"lazy\" decoding=\"async\" class=\"alignnone wp-image-6217\" src=\"http:\/\/ibn.wyd.mybluehost.me\/reanpackaging.com\/wp-content\/uploads\/2023\/09\/11-220x300.jpg\" alt=\"Hersteller Personalisierte Luxus Boutique Geschenk Papiert\u00fcte Verpackung Benutzerdefinierte Wei\u00df Rosa Papier Danke Geschenk Taschen mit Logo Print -Beschreibung - 11\" width=\"1099\" height=\"1499\" srcset=\"https:\/\/reanpackaging.com\/wp-content\/uploads\/2023\/09\/11-220x300.jpg 220w, https:\/\/reanpackaging.com\/wp-content\/uploads\/2023\/09\/11-768x1049.jpg 768w\" sizes=\"(max-width: 1099px) 100vw, 1099px\" \/><\/p>","protected":false},"excerpt":{"rendered":"<p>Industry-specific attributes Industrial Use Shoes &amp; clothing Paper Type Kraft Paper Feature Recycled Materials Other Attributes Surface Handling Flexo Printing Sealing &amp; Handle Hand Length Handle Custom Order Accept Product name Gift Paper Packaging Bag Size: Customized Accept Logo: Accept Customized Logo or pattern Keyword paper shopping bag;paper gift bag;clothes packing bag Usage Package MOQ [&hellip;]<\/p>\n","protected":false},"featured_media":6193,"template":"","meta":{"_seopress_robots_primary_cat":"none","_seopress_titles_title":"","_seopress_titles_desc":"","_seopress_robots_index":"","site-sidebar-layout":"default","site-content-layout":"default","ast-site-content-layout":"default","site-content-style":"default","site-sidebar-style":"default","ast-global-header-display":"","ast-banner-title-visibility":"","ast-main-header-display":"","ast-hfb-above-header-display":"","ast-hfb-below-header-display":"","ast-hfb-mobile-header-display":"","site-post-title":"","ast-breadcrumbs-content":"","ast-featured-img":"","footer-sml-layout":"","ast-disable-related-posts":"","theme-transparent-header-meta":"default","adv-header-id-meta":"","stick-header-meta":"default","header-above-stick-meta":"","header-main-stick-meta":"","header-below-stick-meta":"","astra-migrate-meta-layouts":"set","ast-page-background-enabled":"default","ast-page-background-meta":{"desktop":{"background-color":"","background-image":"","background-repeat":"repeat","background-position":"center center","background-size":"auto","background-attachment":"scroll","background-type":"","background-media":"","overlay-type":"","overlay-color":"","overlay-opacity":"","overlay-gradient":""},"tablet":{"background-color":"","background-image":"","background-repeat":"repeat","background-position":"center center","background-size":"auto","background-attachment":"scroll","background-type":"","background-media":"","overlay-type":"","overlay-color":"","overlay-opacity":"","overlay-gradient":""},"mobile":{"background-color":"","background-image":"","background-repeat":"repeat","background-position":"center center","background-size":"auto","background-attachment":"scroll","background-type":"","background-media":"","overlay-type":"","overlay-color":"","overlay-opacity":"","overlay-gradient":""}},"ast-content-background-meta":{"desktop":{"background-color":"var(--ast-global-color-5)","background-image":"","background-repeat":"repeat","background-position":"center center","background-size":"auto","background-attachment":"scroll","background-type":"","background-media":"","overlay-type":"","overlay-color":"","overlay-opacity":"","overlay-gradient":""},"tablet":{"background-color":"var(--ast-global-color-5)","background-image":"","background-repeat":"repeat","background-position":"center center","background-size":"auto","background-attachment":"scroll","background-type":"","background-media":"","overlay-type":"","overlay-color":"","overlay-opacity":"","overlay-gradient":""},"mobile":{"background-color":"var(--ast-global-color-5)","background-image":"","background-repeat":"repeat","background-position":"center center","background-size":"auto","background-attachment":"scroll","background-type":"","background-media":"","overlay-type":"","overlay-color":"","overlay-opacity":"","overlay-gradient":""}}},"product_brand":[],"product_cat":[40,36,44],"product_tag":[],"class_list":{"0":"post-6190","1":"product","2":"type-product","3":"status-publish","4":"has-post-thumbnail","6":"product_cat-gift-bags","7":"product_cat-kraft-bags","8":"product_cat-paper-bags","9":"desktop-align-left","10":"tablet-align-left","11":"mobile-align-left","12":"ast-product-gallery-layout-horizontal","13":"ast-product-tabs-layout-horizontal","15":"first","16":"instock","17":"shipping-taxable","18":"purchasable","19":"product-type-simple"},"_links":{"self":[{"href":"https:\/\/reanpackaging.com\/de\/wp-json\/wp\/v2\/product\/6190","targetHints":{"allow":["GET"]}}],"collection":[{"href":"https:\/\/reanpackaging.com\/de\/wp-json\/wp\/v2\/product"}],"about":[{"href":"https:\/\/reanpackaging.com\/de\/wp-json\/wp\/v2\/types\/product"}],"wp:featuredmedia":[{"embeddable":true,"href":"https:\/\/reanpackaging.com\/de\/wp-json\/wp\/v2\/media\/6193"}],"wp:attachment":[{"href":"https:\/\/reanpackaging.com\/de\/wp-json\/wp\/v2\/media?parent=6190"}],"wp:term":[{"taxonomy":"product_brand","embeddable":true,"href":"https:\/\/reanpackaging.com\/de\/wp-json\/wp\/v2\/product_brand?post=6190"},{"taxonomy":"product_cat","embeddable":true,"href":"https:\/\/reanpackaging.com\/de\/wp-json\/wp\/v2\/product_cat?post=6190"},{"taxonomy":"product_tag","embeddable":true,"href":"https:\/\/reanpackaging.com\/de\/wp-json\/wp\/v2\/product_tag?post=6190"}],"curies":[{"name":"wp","href":"https:\/\/api.w.org\/{rel}","templated":true}]}}