{"id":6496,"date":"2023-09-20T14:47:06","date_gmt":"2023-09-20T14:47:06","guid":{"rendered":"http:\/\/ibn.wyd.mybluehost.me\/reanpackaging.com\/product\/custom-wholesale-kraft-paper-takeaway-die-cut-handle-paper-bag-for-fast-food-packaging\/"},"modified":"2024-10-01T16:59:42","modified_gmt":"2024-10-01T16:59:42","slug":"custom-wholesale-kraft-paper-takeaway-die-cut-handle-paper-bag-for-fast-food-packaging","status":"publish","type":"product","link":"https:\/\/reanpackaging.com\/de\/produkt\/benutzerdefinierte-groshandel-kraftpapier-zum-mitnehmen-gestanzt-griff-papiertute-fur-fast-food-verpackung\/","title":{"rendered":"benutzerdefinierte Gro\u00dfhandel Kraft Papier Takeaway gestanzt Griff Papiert\u00fcte f\u00fcr Fast-Food-Verpackung"},"content":{"rendered":"<h4>Branchenspezifische Attribute<\/h4>\n<table border=\"1\">\n<tbody>\n<tr>\n<td><strong>Industrielle Nutzung<\/strong><\/td>\n<td>Lebensmittel<\/td>\n<\/tr>\n<tr>\n<td><strong>Papierart<\/strong><\/td>\n<td>Kraftpapier<\/td>\n<\/tr>\n<tr>\n<td><strong>Merkmal<\/strong><\/td>\n<td>Biologisch abbaubar<\/td>\n<\/tr>\n<\/tbody>\n<\/table>\n<h4>Andere Attribute<\/h4>\n<table border=\"1\">\n<tbody>\n<tr>\n<td><strong>Ort der Herkunft<\/strong><\/td>\n<td>Hebei, China<\/td>\n<\/tr>\n<tr>\n<td><strong>Markenname<\/strong><\/td>\n<td>braune kraftgestanzte Papiert\u00fcte mit Griff<\/td>\n<\/tr>\n<tr>\n<td><strong>Modellnummer<\/strong><\/td>\n<td>braune kraftgestanzte Papiert\u00fcte mit Griff<\/td>\n<\/tr>\n<tr>\n<td><strong>Handhabung der Oberfl\u00e4che<\/strong><\/td>\n<td>Flexodruck<\/td>\n<\/tr>\n<tr>\n<td><strong>Dichtung &amp; Griff<\/strong><\/td>\n<td>Patch-Griff<\/td>\n<\/tr>\n<tr>\n<td><strong>Individuelle Bestellung<\/strong><\/td>\n<td>Akzeptieren<\/td>\n<\/tr>\n<tr>\n<td><strong>Merkmal<\/strong><\/td>\n<td>Feuchtigkeitsgesch\u00fctzt<\/td>\n<\/tr>\n<tr>\n<td><strong>Material<\/strong><\/td>\n<td>Papier<\/td>\n<\/tr>\n<tr>\n<td><strong>Artikel<\/strong><\/td>\n<td>braune kraftgestanzte Papiert\u00fcte mit Griff<\/td>\n<\/tr>\n<tr>\n<td><strong>Verwendung<\/strong><\/td>\n<td>F\u00fcr Fastfood-Takeaway-Papiert\u00fcte<\/td>\n<\/tr>\n<tr>\n<td><strong>Farbe<\/strong><\/td>\n<td>braune Farbe<\/td>\n<\/tr>\n<tr>\n<td><strong>Gestaltung<\/strong><\/td>\n<td>Kundenspezifisch<\/td>\n<\/tr>\n<tr>\n<td><strong>Dicke<\/strong><\/td>\n<td>80g, 100g oder kundenspezifisch<\/td>\n<\/tr>\n<tr>\n<td><strong>Vorteil<\/strong><\/td>\n<td>wiederverwertbar,Biologisch abbaubar;Recycelbar<\/td>\n<\/tr>\n<tr>\n<td><strong>Gr\u00f6\u00dfe<\/strong><\/td>\n<td>Ma\u00dfgeschneiderte Gr\u00f6\u00dfe<\/td>\n<\/tr>\n<tr>\n<td><strong>Logo<\/strong><\/td>\n<td>Kundenspezifisches Logo akzeptieren<\/td>\n<\/tr>\n<\/tbody>\n<\/table>\n<p><img fetchpriority=\"high\" decoding=\"async\" class=\"alignnone wp-image-6557\" src=\"http:\/\/ibn.wyd.mybluehost.me\/reanpackaging.com\/wp-content\/uploads\/2023\/09\/1-min-description-custom-wholesale-kraft-paper-takeaway-die-cut-handle-paper-bag-for-fast-food-packaging-300x289.jpg\" alt=\"benutzerdefinierte Gro\u00dfhandel Kraftpapier zum Mitnehmen gestanzt Griff Papiert\u00fcte f\u00fcr Fast-Food-Verpackung\" width=\"1302\" height=\"1254\" srcset=\"https:\/\/reanpackaging.com\/wp-content\/uploads\/2023\/09\/1-min-description-custom-wholesale-kraft-paper-takeaway-die-cut-handle-paper-bag-for-fast-food-packaging-300x289.jpg 300w, https:\/\/reanpackaging.com\/wp-content\/uploads\/2023\/09\/1-min-description-custom-wholesale-kraft-paper-takeaway-die-cut-handle-paper-bag-for-fast-food-packaging-1024x987.jpg 1024w, https:\/\/reanpackaging.com\/wp-content\/uploads\/2023\/09\/1-min-description-custom-wholesale-kraft-paper-takeaway-die-cut-handle-paper-bag-for-fast-food-packaging-768x740.jpg 768w, https:\/\/reanpackaging.com\/wp-content\/uploads\/2023\/09\/1-min-description-custom-wholesale-kraft-paper-takeaway-die-cut-handle-paper-bag-for-fast-food-packaging-600x578.jpg 600w, https:\/\/reanpackaging.com\/wp-content\/uploads\/2023\/09\/1-min-description-custom-wholesale-kraft-paper-takeaway-die-cut-handle-paper-bag-for-fast-food-packaging.jpg 1300w\" sizes=\"(max-width: 1302px) 100vw, 1302px\" \/><\/p>\n<p><img decoding=\"async\" class=\"alignnone wp-image-6558\" src=\"http:\/\/ibn.wyd.mybluehost.me\/reanpackaging.com\/wp-content\/uploads\/2023\/09\/2-min-description-custom-wholesale-kraft-paper-takeaway-die-cut-handle-paper-bag-for-fast-food-packaging-300x181.jpg\" alt=\"benutzerdefinierte Gro\u00dfhandel Kraftpapier zum Mitnehmen gestanzt Griff Papiert\u00fcte f\u00fcr Fast-Food-Verpackung\" width=\"1299\" height=\"784\" srcset=\"https:\/\/reanpackaging.com\/wp-content\/uploads\/2023\/09\/2-min-description-custom-wholesale-kraft-paper-takeaway-die-cut-handle-paper-bag-for-fast-food-packaging-300x181.jpg 300w, https:\/\/reanpackaging.com\/wp-content\/uploads\/2023\/09\/2-min-description-custom-wholesale-kraft-paper-takeaway-die-cut-handle-paper-bag-for-fast-food-packaging-1024x618.jpg 1024w, https:\/\/reanpackaging.com\/wp-content\/uploads\/2023\/09\/2-min-description-custom-wholesale-kraft-paper-takeaway-die-cut-handle-paper-bag-for-fast-food-packaging-768x464.jpg 768w, https:\/\/reanpackaging.com\/wp-content\/uploads\/2023\/09\/2-min-description-custom-wholesale-kraft-paper-takeaway-die-cut-handle-paper-bag-for-fast-food-packaging-600x362.jpg 600w, https:\/\/reanpackaging.com\/wp-content\/uploads\/2023\/09\/2-min-description-custom-wholesale-kraft-paper-takeaway-die-cut-handle-paper-bag-for-fast-food-packaging.jpg 1300w\" sizes=\"(max-width: 1299px) 100vw, 1299px\" \/><\/p>\n<p>&nbsp;<\/p>","protected":false},"excerpt":{"rendered":"<p>Industry-Specific Attributes Industrial Use Food Paper Type Kraft Paper Feature Bio-degradable Other Attributes Place of Origin Hebei, China Brand Name brown kraft die cut handle paper bag Model Number brown kraft die cut handle paper bag Surface Handling Flexo Printing Sealing &amp; Handle Patch Handle Custom Order Accept Feature Moisture Proof Material Paper Item brown [&hellip;]<\/p>\n","protected":false},"featured_media":6497,"template":"","meta":{"_seopress_robots_primary_cat":"none","_seopress_titles_title":"","_seopress_titles_desc":"","_seopress_robots_index":"","site-sidebar-layout":"default","site-content-layout":"default","ast-site-content-layout":"default","site-content-style":"default","site-sidebar-style":"default","ast-global-header-display":"","ast-banner-title-visibility":"","ast-main-header-display":"","ast-hfb-above-header-display":"","ast-hfb-below-header-display":"","ast-hfb-mobile-header-display":"","site-post-title":"","ast-breadcrumbs-content":"","ast-featured-img":"","footer-sml-layout":"","ast-disable-related-posts":"","theme-transparent-header-meta":"default","adv-header-id-meta":"","stick-header-meta":"default","header-above-stick-meta":"","header-main-stick-meta":"","header-below-stick-meta":"","astra-migrate-meta-layouts":"set","ast-page-background-enabled":"default","ast-page-background-meta":{"desktop":{"background-color":"","background-image":"","background-repeat":"repeat","background-position":"center center","background-size":"auto","background-attachment":"scroll","background-type":"","background-media":"","overlay-type":"","overlay-color":"","overlay-opacity":"","overlay-gradient":""},"tablet":{"background-color":"","background-image":"","background-repeat":"repeat","background-position":"center center","background-size":"auto","background-attachment":"scroll","background-type":"","background-media":"","overlay-type":"","overlay-color":"","overlay-opacity":"","overlay-gradient":""},"mobile":{"background-color":"","background-image":"","background-repeat":"repeat","background-position":"center center","background-size":"auto","background-attachment":"scroll","background-type":"","background-media":"","overlay-type":"","overlay-color":"","overlay-opacity":"","overlay-gradient":""}},"ast-content-background-meta":{"desktop":{"background-color":"var(--ast-global-color-5)","background-image":"","background-repeat":"repeat","background-position":"center center","background-size":"auto","background-attachment":"scroll","background-type":"","background-media":"","overlay-type":"","overlay-color":"","overlay-opacity":"","overlay-gradient":""},"tablet":{"background-color":"var(--ast-global-color-5)","background-image":"","background-repeat":"repeat","background-position":"center center","background-size":"auto","background-attachment":"scroll","background-type":"","background-media":"","overlay-type":"","overlay-color":"","overlay-opacity":"","overlay-gradient":""},"mobile":{"background-color":"var(--ast-global-color-5)","background-image":"","background-repeat":"repeat","background-position":"center center","background-size":"auto","background-attachment":"scroll","background-type":"","background-media":"","overlay-type":"","overlay-color":"","overlay-opacity":"","overlay-gradient":""}}},"product_brand":[],"product_cat":[40,36,44,34,32,41],"product_tag":[],"class_list":{"0":"post-6496","1":"product","2":"type-product","3":"status-publish","4":"has-post-thumbnail","6":"product_cat-gift-bags","7":"product_cat-kraft-bags","8":"product_cat-paper-bags","9":"product_cat-paper-bags-with-handles","10":"product_cat-retail-packaging","11":"product_cat-shopping-bags","12":"desktop-align-left","13":"tablet-align-left","14":"mobile-align-left","15":"ast-product-gallery-layout-horizontal","16":"ast-product-tabs-layout-horizontal","18":"first","19":"instock","20":"purchasable","21":"product-type-simple"},"_links":{"self":[{"href":"https:\/\/reanpackaging.com\/de\/wp-json\/wp\/v2\/product\/6496","targetHints":{"allow":["GET"]}}],"collection":[{"href":"https:\/\/reanpackaging.com\/de\/wp-json\/wp\/v2\/product"}],"about":[{"href":"https:\/\/reanpackaging.com\/de\/wp-json\/wp\/v2\/types\/product"}],"wp:featuredmedia":[{"embeddable":true,"href":"https:\/\/reanpackaging.com\/de\/wp-json\/wp\/v2\/media\/6497"}],"wp:attachment":[{"href":"https:\/\/reanpackaging.com\/de\/wp-json\/wp\/v2\/media?parent=6496"}],"wp:term":[{"taxonomy":"product_brand","embeddable":true,"href":"https:\/\/reanpackaging.com\/de\/wp-json\/wp\/v2\/product_brand?post=6496"},{"taxonomy":"product_cat","embeddable":true,"href":"https:\/\/reanpackaging.com\/de\/wp-json\/wp\/v2\/product_cat?post=6496"},{"taxonomy":"product_tag","embeddable":true,"href":"https:\/\/reanpackaging.com\/de\/wp-json\/wp\/v2\/product_tag?post=6496"}],"curies":[{"name":"wp","href":"https:\/\/api.w.org\/{rel}","templated":true}]}}