{"id":6706,"date":"2023-09-21T07:25:09","date_gmt":"2023-09-21T07:25:09","guid":{"rendered":"http:\/\/ibn.wyd.mybluehost.me\/reanpackaging.com\/product\/bto-luxury-gift-paper-bag-custom-printing-logo-various-color-wholesale-paper-shopping-bags-with-handle-for-small-business\/"},"modified":"2024-10-01T16:59:38","modified_gmt":"2024-10-01T16:59:38","slug":"bto-luxury-gift-paper-bag-custom-printing-logo-various-color-wholesale-paper-shopping-bags-with-handle-for-small-business","status":"publish","type":"product","link":"https:\/\/reanpackaging.com\/de\/produkt\/bto-luxus-geschenk-papiertute-benutzerdefinierte-druck-logo-verschiedene-farbe-groshandel-papier-einkaufstaschen-mit-griff-fur-kleine-unternehmen\/","title":{"rendered":"Bto Luxus Geschenk Papier Tasche benutzerdefinierte Druck Logo verschiedene Farbe Gro\u00dfhandel Papier Einkaufstaschen mit Griff f\u00fcr kleine Unternehmen"},"content":{"rendered":"<h4>Branchenspezifische Attribute<\/h4>\n<table border=\"1\">\n<tbody>\n<tr>\n<td><strong>Industrielle Nutzung<\/strong><\/td>\n<td>Business&amp;Shopping<\/td>\n<\/tr>\n<tr>\n<td><strong>Papierart<\/strong><\/td>\n<td>Kunstdruckpapier<\/td>\n<\/tr>\n<tr>\n<td><strong>Merkmal<\/strong><\/td>\n<td>Wiederverwertbar<\/td>\n<\/tr>\n<\/tbody>\n<\/table>\n<h4>Andere Attribute<\/h4>\n<table border=\"1\">\n<tbody>\n<tr>\n<td><strong>Ort der Herkunft<\/strong><\/td>\n<td>Sichuan, China<\/td>\n<\/tr>\n<tr>\n<td><strong>Markenname<\/strong><\/td>\n<td>BTO<\/td>\n<\/tr>\n<tr>\n<td><strong>Modellnummer<\/strong><\/td>\n<td>Personalisierung<\/td>\n<\/tr>\n<tr>\n<td><strong>Handhabung der Oberfl\u00e4che<\/strong><\/td>\n<td>Offsetdruck<\/td>\n<\/tr>\n<tr>\n<td><strong>Dichtung &amp; Griff<\/strong><\/td>\n<td>Handl\u00e4nge Handgriff<\/td>\n<\/tr>\n<tr>\n<td><strong>Individuelle Bestellung<\/strong><\/td>\n<td>Akzeptieren<\/td>\n<\/tr>\n<tr>\n<td><strong>Name des Produkts<\/strong><\/td>\n<td>Benutzerdefinierte Papier-Schmuck-Verpackung Tasche laminiert Kunst Papier Tasche wei\u00df<\/td>\n<\/tr>\n<tr>\n<td><strong>Logo<\/strong><\/td>\n<td>Akzeptieren Sie kundenspezifischen Logodruck<\/td>\n<\/tr>\n<tr>\n<td><strong>Farbe<\/strong><\/td>\n<td>Es gibt verschiedene Farben f\u00fcr Ihre Referenz<\/td>\n<\/tr>\n<tr>\n<td><strong>Drucken<\/strong><\/td>\n<td>Wie von Ihnen gew\u00fcnscht<\/td>\n<\/tr>\n<tr>\n<td><strong>Verwendung<\/strong><\/td>\n<td>Lebensmittelgesch\u00e4ft<\/td>\n<\/tr>\n<tr>\n<td><strong>Probezeit<\/strong><\/td>\n<td>2-3 Tage<\/td>\n<\/tr>\n<tr>\n<td><strong>Material<\/strong><\/td>\n<td>Kraftpapier<\/td>\n<\/tr>\n<tr>\n<td><strong>Versandart<\/strong><\/td>\n<td>See, Luft und Express<\/td>\n<\/tr>\n<tr>\n<td><strong>Gr\u00f6\u00dfe<\/strong><\/td>\n<td>Benutzerdefinierte Gr\u00f6\u00dfe akzeptiert<\/td>\n<\/tr>\n<tr>\n<td><strong>Muster<\/strong><\/td>\n<td>Gratisprobe<\/td>\n<\/tr>\n<\/tbody>\n<\/table>\n<p><img fetchpriority=\"high\" decoding=\"async\" class=\"alignnone  wp-image-6780\" src=\"http:\/\/ibn.wyd.mybluehost.me\/reanpackaging.com\/wp-content\/uploads\/2023\/09\/7-min-5-300x160.jpg\" alt=\"bto Luxus Geschenk Papiert\u00fcte benutzerdefinierte Druck Logo verschiedene Farbe Gro\u00dfhandel Papier Einkaufstaschen mit Griff f\u00fcr kleine Unternehmen\" width=\"1307\" height=\"697\" srcset=\"https:\/\/reanpackaging.com\/wp-content\/uploads\/2023\/09\/7-min-5-300x160.jpg 300w, https:\/\/reanpackaging.com\/wp-content\/uploads\/2023\/09\/7-min-5-600x320.jpg 600w, https:\/\/reanpackaging.com\/wp-content\/uploads\/2023\/09\/7-min-5.jpg 750w\" sizes=\"(max-width: 1307px) 100vw, 1307px\" \/><\/p>\n<p><img decoding=\"async\" class=\"alignnone  wp-image-6781\" src=\"http:\/\/ibn.wyd.mybluehost.me\/reanpackaging.com\/wp-content\/uploads\/2023\/09\/8-min-6-300x160.jpg\" alt=\"bto Luxus Geschenk Papiert\u00fcte benutzerdefinierte Druck Logo verschiedene Farbe Gro\u00dfhandel Papier Einkaufstaschen mit Griff f\u00fcr kleine Unternehmen\" width=\"1298\" height=\"692\" srcset=\"https:\/\/reanpackaging.com\/wp-content\/uploads\/2023\/09\/8-min-6-300x160.jpg 300w, https:\/\/reanpackaging.com\/wp-content\/uploads\/2023\/09\/8-min-6-600x320.jpg 600w, https:\/\/reanpackaging.com\/wp-content\/uploads\/2023\/09\/8-min-6.jpg 750w\" sizes=\"(max-width: 1298px) 100vw, 1298px\" \/><\/p>\n<p><img decoding=\"async\" class=\"alignnone  wp-image-6782\" src=\"http:\/\/ibn.wyd.mybluehost.me\/reanpackaging.com\/wp-content\/uploads\/2023\/09\/9-min-6-264x300.jpg\" alt=\"bto Luxus Geschenk Papiert\u00fcte benutzerdefinierte Druck Logo verschiedene Farbe Gro\u00dfhandel Papier Einkaufstaschen mit Griff f\u00fcr kleine Unternehmen\" width=\"1301\" height=\"1478\" srcset=\"https:\/\/reanpackaging.com\/wp-content\/uploads\/2023\/09\/9-min-6-264x300.jpg 264w, https:\/\/reanpackaging.com\/wp-content\/uploads\/2023\/09\/9-min-6-600x682.jpg 600w, https:\/\/reanpackaging.com\/wp-content\/uploads\/2023\/09\/9-min-6.jpg 750w\" sizes=\"(max-width: 1301px) 100vw, 1301px\" \/><\/p>\n<p><img loading=\"lazy\" decoding=\"async\" class=\"alignnone  wp-image-6783\" src=\"http:\/\/ibn.wyd.mybluehost.me\/reanpackaging.com\/wp-content\/uploads\/2023\/09\/10-min-3-205x300.jpg\" alt=\"bto Luxus Geschenk Papiert\u00fcte benutzerdefinierte Druck Logo verschiedene Farbe Gro\u00dfhandel Papier Einkaufstaschen mit Griff f\u00fcr kleine Unternehmen\" width=\"1302\" height=\"1905\" \/><\/p>\n<p><img loading=\"lazy\" decoding=\"async\" class=\"alignnone  wp-image-6784\" src=\"http:\/\/ibn.wyd.mybluehost.me\/reanpackaging.com\/wp-content\/uploads\/2023\/09\/11-min-2-232x300.jpg\" alt=\"bto Luxus Geschenk Papiert\u00fcte benutzerdefinierte Druck Logo verschiedene Farbe Gro\u00dfhandel Papier Einkaufstaschen mit Griff f\u00fcr kleine Unternehmen\" width=\"1301\" height=\"1682\" srcset=\"https:\/\/reanpackaging.com\/wp-content\/uploads\/2023\/09\/11-min-2-232x300.jpg 232w, https:\/\/reanpackaging.com\/wp-content\/uploads\/2023\/09\/11-min-2-600x776.jpg 600w, https:\/\/reanpackaging.com\/wp-content\/uploads\/2023\/09\/11-min-2.jpg 750w\" sizes=\"(max-width: 1301px) 100vw, 1301px\" \/><\/p>\n<p><img loading=\"lazy\" decoding=\"async\" class=\"alignnone  wp-image-6785\" src=\"http:\/\/ibn.wyd.mybluehost.me\/reanpackaging.com\/wp-content\/uploads\/2023\/09\/12-min-2-286x300.jpg\" alt=\"bto Luxus Geschenk Papiert\u00fcte benutzerdefinierte Druck Logo verschiedene Farbe Gro\u00dfhandel Papier Einkaufstaschen mit Griff f\u00fcr kleine Unternehmen\" width=\"1301\" height=\"1365\" srcset=\"https:\/\/reanpackaging.com\/wp-content\/uploads\/2023\/09\/12-min-2-286x300.jpg 286w, https:\/\/reanpackaging.com\/wp-content\/uploads\/2023\/09\/12-min-2-600x630.jpg 600w, https:\/\/reanpackaging.com\/wp-content\/uploads\/2023\/09\/12-min-2.jpg 750w\" sizes=\"(max-width: 1301px) 100vw, 1301px\" \/><\/p>\n<p><img loading=\"lazy\" decoding=\"async\" class=\"alignnone  wp-image-6786\" src=\"http:\/\/ibn.wyd.mybluehost.me\/reanpackaging.com\/wp-content\/uploads\/2023\/09\/13-min-2-194x300.jpg\" alt=\"bto Luxus Geschenk Papiert\u00fcte benutzerdefinierte Druck Logo verschiedene Farbe Gro\u00dfhandel Papier Einkaufstaschen mit Griff f\u00fcr kleine Unternehmen\" width=\"1300\" height=\"2010\" srcset=\"https:\/\/reanpackaging.com\/wp-content\/uploads\/2023\/09\/13-min-2-194x300.jpg 194w, https:\/\/reanpackaging.com\/wp-content\/uploads\/2023\/09\/13-min-2-662x1024.jpg 662w, https:\/\/reanpackaging.com\/wp-content\/uploads\/2023\/09\/13-min-2-600x928.jpg 600w, https:\/\/reanpackaging.com\/wp-content\/uploads\/2023\/09\/13-min-2.jpg 750w\" sizes=\"(max-width: 1300px) 100vw, 1300px\" \/><\/p>","protected":false},"excerpt":{"rendered":"<p>Industry-Specific Attributes Industrial Use Business&amp;Shopping Paper Type Art Paper Feature Recyclable Other Attributes Place of Origin Sichuan, China Brand Name BTO Model Number customization Surface Handling Offset printing Sealing &amp; Handle Hand Length Handle Custom Order Accept Product name Custom Paper Jewelry Packaging bag Laminated Art Paper Bag White Logo Accept Customized Logo Printing Color [&hellip;]<\/p>\n","protected":false},"featured_media":6670,"template":"","meta":{"_seopress_robots_primary_cat":"none","_seopress_titles_title":"","_seopress_titles_desc":"","_seopress_robots_index":"","site-sidebar-layout":"default","site-content-layout":"default","ast-site-content-layout":"default","site-content-style":"default","site-sidebar-style":"default","ast-global-header-display":"","ast-banner-title-visibility":"","ast-main-header-display":"","ast-hfb-above-header-display":"","ast-hfb-below-header-display":"","ast-hfb-mobile-header-display":"","site-post-title":"","ast-breadcrumbs-content":"","ast-featured-img":"","footer-sml-layout":"","ast-disable-related-posts":"","theme-transparent-header-meta":"default","adv-header-id-meta":"","stick-header-meta":"default","header-above-stick-meta":"","header-main-stick-meta":"","header-below-stick-meta":"","astra-migrate-meta-layouts":"set","ast-page-background-enabled":"default","ast-page-background-meta":{"desktop":{"background-color":"","background-image":"","background-repeat":"repeat","background-position":"center center","background-size":"auto","background-attachment":"scroll","background-type":"","background-media":"","overlay-type":"","overlay-color":"","overlay-opacity":"","overlay-gradient":""},"tablet":{"background-color":"","background-image":"","background-repeat":"repeat","background-position":"center center","background-size":"auto","background-attachment":"scroll","background-type":"","background-media":"","overlay-type":"","overlay-color":"","overlay-opacity":"","overlay-gradient":""},"mobile":{"background-color":"","background-image":"","background-repeat":"repeat","background-position":"center center","background-size":"auto","background-attachment":"scroll","background-type":"","background-media":"","overlay-type":"","overlay-color":"","overlay-opacity":"","overlay-gradient":""}},"ast-content-background-meta":{"desktop":{"background-color":"var(--ast-global-color-5)","background-image":"","background-repeat":"repeat","background-position":"center center","background-size":"auto","background-attachment":"scroll","background-type":"","background-media":"","overlay-type":"","overlay-color":"","overlay-opacity":"","overlay-gradient":""},"tablet":{"background-color":"var(--ast-global-color-5)","background-image":"","background-repeat":"repeat","background-position":"center center","background-size":"auto","background-attachment":"scroll","background-type":"","background-media":"","overlay-type":"","overlay-color":"","overlay-opacity":"","overlay-gradient":""},"mobile":{"background-color":"var(--ast-global-color-5)","background-image":"","background-repeat":"repeat","background-position":"center center","background-size":"auto","background-attachment":"scroll","background-type":"","background-media":"","overlay-type":"","overlay-color":"","overlay-opacity":"","overlay-gradient":""}}},"product_brand":[],"product_cat":[40,36,44,34,41],"product_tag":[],"class_list":{"0":"post-6706","1":"product","2":"type-product","3":"status-publish","4":"has-post-thumbnail","6":"product_cat-gift-bags","7":"product_cat-kraft-bags","8":"product_cat-paper-bags","9":"product_cat-paper-bags-with-handles","10":"product_cat-shopping-bags","11":"desktop-align-left","12":"tablet-align-left","13":"mobile-align-left","14":"ast-product-gallery-layout-horizontal","15":"ast-product-tabs-layout-horizontal","17":"first","18":"instock","19":"purchasable","20":"product-type-simple"},"_links":{"self":[{"href":"https:\/\/reanpackaging.com\/de\/wp-json\/wp\/v2\/product\/6706","targetHints":{"allow":["GET"]}}],"collection":[{"href":"https:\/\/reanpackaging.com\/de\/wp-json\/wp\/v2\/product"}],"about":[{"href":"https:\/\/reanpackaging.com\/de\/wp-json\/wp\/v2\/types\/product"}],"wp:featuredmedia":[{"embeddable":true,"href":"https:\/\/reanpackaging.com\/de\/wp-json\/wp\/v2\/media\/6670"}],"wp:attachment":[{"href":"https:\/\/reanpackaging.com\/de\/wp-json\/wp\/v2\/media?parent=6706"}],"wp:term":[{"taxonomy":"product_brand","embeddable":true,"href":"https:\/\/reanpackaging.com\/de\/wp-json\/wp\/v2\/product_brand?post=6706"},{"taxonomy":"product_cat","embeddable":true,"href":"https:\/\/reanpackaging.com\/de\/wp-json\/wp\/v2\/product_cat?post=6706"},{"taxonomy":"product_tag","embeddable":true,"href":"https:\/\/reanpackaging.com\/de\/wp-json\/wp\/v2\/product_tag?post=6706"}],"curies":[{"name":"wp","href":"https:\/\/api.w.org\/{rel}","templated":true}]}}