{"id":6903,"date":"2023-09-21T13:22:09","date_gmt":"2023-09-21T13:22:09","guid":{"rendered":"http:\/\/ibn.wyd.mybluehost.me\/reanpackaging.com\/product\/proper-price-top-quality-wrap-packaging-air-bubble-inflatable-air-column-bag-for-wine-bottle\/"},"modified":"2023-09-21T13:37:06","modified_gmt":"2023-09-21T13:37:06","slug":"proper-price-top-quality-wrap-packaging-air-bubble-inflatable-air-column-bag-for-wine-bottle","status":"publish","type":"product","link":"https:\/\/reanpackaging.com\/de\/produkt\/richtigen-preis-top-qualitat-wickeln-verpackung-luftblase-aufblasbare-luft-spalte-tasche-fur-weinflasche\/","title":{"rendered":"Proper Preis Top-Qualit\u00e4t wickeln Verpackung Luftblase aufblasbare Lufts\u00e4ule Tasche f\u00fcr Weinflasche"},"content":{"rendered":"<h4>Branchenspezifische Attribute<\/h4>\n<table border=\"1\">\n<tbody>\n<tr>\n<td><strong>Material<\/strong><\/td>\n<td>PA+PE<\/td>\n<\/tr>\n<tr>\n<td><strong>Typ<\/strong><\/td>\n<td>Kantenschutz<\/td>\n<\/tr>\n<\/tbody>\n<\/table>\n<h4>Andere Attribute<\/h4>\n<table border=\"1\">\n<tbody>\n<tr>\n<td><strong>Produktname<\/strong><\/td>\n<td>Lufts\u00e4ulenbeutel<\/td>\n<\/tr>\n<tr>\n<td><strong>Farbe<\/strong><\/td>\n<td>Transparenter Luftkissenbeutel<\/td>\n<\/tr>\n<tr>\n<td><strong>Gr\u00f6\u00dfe<\/strong><\/td>\n<td>Ma\u00dfgeschneiderte Gr\u00f6\u00dfe<\/td>\n<\/tr>\n<tr>\n<td><strong>Merkmal<\/strong><\/td>\n<td>Umweltfreundlich<\/td>\n<\/tr>\n<tr>\n<td><strong>Anmeldung<\/strong><\/td>\n<td>Schutz der Verpackung<\/td>\n<\/tr>\n<tr>\n<td><strong>Form<\/strong><\/td>\n<td>Q-Typ<\/td>\n<\/tr>\n<tr>\n<td><strong>Anpassen<\/strong><\/td>\n<td>Acce<\/td>\n<\/tr>\n<tr>\n<td><strong>Zertifikat<\/strong><\/td>\n<td>ISO9001<\/td>\n<\/tr>\n<tr>\n<td><strong>MOQ<\/strong><\/td>\n<td>1St\u00fcck<\/td>\n<\/tr>\n<tr>\n<td><strong>Verpacken<\/strong><\/td>\n<td>Karton Schachtel<\/td>\n<\/tr>\n<\/tbody>\n<\/table>\n<p><img fetchpriority=\"high\" decoding=\"async\" class=\"alignnone wp-image-6929\" src=\"http:\/\/ibn.wyd.mybluehost.me\/reanpackaging.com\/wp-content\/uploads\/2023\/09\/a-description-Proper-Price-Top-Quality-Wrap-Packaging-Air-Bubble-Inflatable-Air-Column-Bag-For-Wine-Bottle-300x300.jpg\" alt=\"richtigen Preis Top-Qualit\u00e4t wickeln Verpackung Luftblase aufblasbare Luft Spalte Tasche f\u00fcr Weinflasche\" width=\"1301\" height=\"1301\" srcset=\"https:\/\/reanpackaging.com\/wp-content\/uploads\/2023\/09\/a-description-Proper-Price-Top-Quality-Wrap-Packaging-Air-Bubble-Inflatable-Air-Column-Bag-For-Wine-Bottle-300x300.jpg 300w, https:\/\/reanpackaging.com\/wp-content\/uploads\/2023\/09\/a-description-Proper-Price-Top-Quality-Wrap-Packaging-Air-Bubble-Inflatable-Air-Column-Bag-For-Wine-Bottle-150x150.jpg 150w, https:\/\/reanpackaging.com\/wp-content\/uploads\/2023\/09\/a-description-Proper-Price-Top-Quality-Wrap-Packaging-Air-Bubble-Inflatable-Air-Column-Bag-For-Wine-Bottle-600x600.jpg 600w, https:\/\/reanpackaging.com\/wp-content\/uploads\/2023\/09\/a-description-Proper-Price-Top-Quality-Wrap-Packaging-Air-Bubble-Inflatable-Air-Column-Bag-For-Wine-Bottle-100x100.jpg 100w, https:\/\/reanpackaging.com\/wp-content\/uploads\/2023\/09\/a-description-Proper-Price-Top-Quality-Wrap-Packaging-Air-Bubble-Inflatable-Air-Column-Bag-For-Wine-Bottle.jpg 750w\" sizes=\"(max-width: 1301px) 100vw, 1301px\" \/><\/p>\n<p><img decoding=\"async\" class=\"alignnone wp-image-6933\" src=\"http:\/\/ibn.wyd.mybluehost.me\/reanpackaging.com\/wp-content\/uploads\/2023\/09\/b-description-Proper-Price-Top-Quality-Wrap-Packaging-Air-Bubble-Inflatable-Air-Column-Bag-For-Wine-Bottle-300x298.jpg\" alt=\"richtigen Preis Top-Qualit\u00e4t wickeln Verpackung Luftblase aufblasbare Luft Spalte Tasche f\u00fcr Weinflasche\" width=\"1300\" height=\"1291\" srcset=\"https:\/\/reanpackaging.com\/wp-content\/uploads\/2023\/09\/b-description-Proper-Price-Top-Quality-Wrap-Packaging-Air-Bubble-Inflatable-Air-Column-Bag-For-Wine-Bottle-300x298.jpg 300w, https:\/\/reanpackaging.com\/wp-content\/uploads\/2023\/09\/b-description-Proper-Price-Top-Quality-Wrap-Packaging-Air-Bubble-Inflatable-Air-Column-Bag-For-Wine-Bottle-150x150.jpg 150w, https:\/\/reanpackaging.com\/wp-content\/uploads\/2023\/09\/b-description-Proper-Price-Top-Quality-Wrap-Packaging-Air-Bubble-Inflatable-Air-Column-Bag-For-Wine-Bottle-600x596.jpg 600w, https:\/\/reanpackaging.com\/wp-content\/uploads\/2023\/09\/b-description-Proper-Price-Top-Quality-Wrap-Packaging-Air-Bubble-Inflatable-Air-Column-Bag-For-Wine-Bottle-100x100.jpg 100w, https:\/\/reanpackaging.com\/wp-content\/uploads\/2023\/09\/b-description-Proper-Price-Top-Quality-Wrap-Packaging-Air-Bubble-Inflatable-Air-Column-Bag-For-Wine-Bottle.jpg 750w\" sizes=\"(max-width: 1300px) 100vw, 1300px\" \/><\/p>\n<p><img decoding=\"async\" class=\"alignnone wp-image-6939\" src=\"http:\/\/ibn.wyd.mybluehost.me\/reanpackaging.com\/wp-content\/uploads\/2023\/09\/c-description-Proper-Price-Top-Quality-Wrap-Packaging-Air-Bubble-Inflatable-Air-Column-Bag-For-Wine-Bottle-300x160.jpg\" alt=\"richtigen Preis Top-Qualit\u00e4t wickeln Verpackung Luftblase aufblasbare Luft Spalte Tasche f\u00fcr Weinflasche\" width=\"1303\" height=\"695\" srcset=\"https:\/\/reanpackaging.com\/wp-content\/uploads\/2023\/09\/c-description-Proper-Price-Top-Quality-Wrap-Packaging-Air-Bubble-Inflatable-Air-Column-Bag-For-Wine-Bottle-300x160.jpg 300w, https:\/\/reanpackaging.com\/wp-content\/uploads\/2023\/09\/c-description-Proper-Price-Top-Quality-Wrap-Packaging-Air-Bubble-Inflatable-Air-Column-Bag-For-Wine-Bottle-600x320.jpg 600w, https:\/\/reanpackaging.com\/wp-content\/uploads\/2023\/09\/c-description-Proper-Price-Top-Quality-Wrap-Packaging-Air-Bubble-Inflatable-Air-Column-Bag-For-Wine-Bottle.jpg 750w\" sizes=\"(max-width: 1303px) 100vw, 1303px\" \/><\/p>","protected":false},"excerpt":{"rendered":"<p>Industrie-spezifische Attribute Material PA+PE Typ Kantenschutz Andere Attribute Produktname Lufts\u00e4ulenbeutel Farbe Transparenter Luftkissenbeutel Gr\u00f6\u00dfe Kundenspezifisch Gr\u00f6\u00dfe Merkmal Umweltfreundlich Anwendung Verpackungsschutz Form Q-Typ Kundenspezifisch Acce Zertifikat ISO9001 MOQ 1St\u00fcck Verpackung Karton Box<\/p>","protected":false},"featured_media":6798,"template":"","meta":{"_seopress_robots_primary_cat":"none","_seopress_titles_title":"","_seopress_titles_desc":"","_seopress_robots_index":"","site-sidebar-layout":"default","site-content-layout":"default","ast-site-content-layout":"default","site-content-style":"default","site-sidebar-style":"default","ast-global-header-display":"","ast-banner-title-visibility":"","ast-main-header-display":"","ast-hfb-above-header-display":"","ast-hfb-below-header-display":"","ast-hfb-mobile-header-display":"","site-post-title":"","ast-breadcrumbs-content":"","ast-featured-img":"","footer-sml-layout":"","ast-disable-related-posts":"","theme-transparent-header-meta":"default","adv-header-id-meta":"","stick-header-meta":"default","header-above-stick-meta":"","header-main-stick-meta":"","header-below-stick-meta":"","astra-migrate-meta-layouts":"default","ast-page-background-enabled":"default","ast-page-background-meta":{"desktop":{"background-color":"","background-image":"","background-repeat":"repeat","background-position":"center center","background-size":"auto","background-attachment":"scroll","background-type":"","background-media":"","overlay-type":"","overlay-color":"","overlay-opacity":"","overlay-gradient":""},"tablet":{"background-color":"","background-image":"","background-repeat":"repeat","background-position":"center center","background-size":"auto","background-attachment":"scroll","background-type":"","background-media":"","overlay-type":"","overlay-color":"","overlay-opacity":"","overlay-gradient":""},"mobile":{"background-color":"","background-image":"","background-repeat":"repeat","background-position":"center center","background-size":"auto","background-attachment":"scroll","background-type":"","background-media":"","overlay-type":"","overlay-color":"","overlay-opacity":"","overlay-gradient":""}},"ast-content-background-meta":{"desktop":{"background-color":"var(--ast-global-color-5)","background-image":"","background-repeat":"repeat","background-position":"center center","background-size":"auto","background-attachment":"scroll","background-type":"","background-media":"","overlay-type":"","overlay-color":"","overlay-opacity":"","overlay-gradient":""},"tablet":{"background-color":"var(--ast-global-color-5)","background-image":"","background-repeat":"repeat","background-position":"center center","background-size":"auto","background-attachment":"scroll","background-type":"","background-media":"","overlay-type":"","overlay-color":"","overlay-opacity":"","overlay-gradient":""},"mobile":{"background-color":"var(--ast-global-color-5)","background-image":"","background-repeat":"repeat","background-position":"center center","background-size":"auto","background-attachment":"scroll","background-type":"","background-media":"","overlay-type":"","overlay-color":"","overlay-opacity":"","overlay-gradient":""}}},"product_brand":[],"product_cat":[45],"product_tag":[],"class_list":{"0":"post-6903","1":"product","2":"type-product","3":"status-publish","4":"has-post-thumbnail","6":"product_cat-bubble-wrap","7":"desktop-align-left","8":"tablet-align-left","9":"mobile-align-left","10":"ast-product-gallery-layout-horizontal","11":"ast-product-tabs-layout-horizontal","13":"first","14":"instock","15":"product-type-simple"},"_links":{"self":[{"href":"https:\/\/reanpackaging.com\/de\/wp-json\/wp\/v2\/product\/6903","targetHints":{"allow":["GET"]}}],"collection":[{"href":"https:\/\/reanpackaging.com\/de\/wp-json\/wp\/v2\/product"}],"about":[{"href":"https:\/\/reanpackaging.com\/de\/wp-json\/wp\/v2\/types\/product"}],"wp:featuredmedia":[{"embeddable":true,"href":"https:\/\/reanpackaging.com\/de\/wp-json\/wp\/v2\/media\/6798"}],"wp:attachment":[{"href":"https:\/\/reanpackaging.com\/de\/wp-json\/wp\/v2\/media?parent=6903"}],"wp:term":[{"taxonomy":"product_brand","embeddable":true,"href":"https:\/\/reanpackaging.com\/de\/wp-json\/wp\/v2\/product_brand?post=6903"},{"taxonomy":"product_cat","embeddable":true,"href":"https:\/\/reanpackaging.com\/de\/wp-json\/wp\/v2\/product_cat?post=6903"},{"taxonomy":"product_tag","embeddable":true,"href":"https:\/\/reanpackaging.com\/de\/wp-json\/wp\/v2\/product_tag?post=6903"}],"curies":[{"name":"wp","href":"https:\/\/api.w.org\/{rel}","templated":true}]}}