{"id":7453,"date":"2023-09-23T08:35:21","date_gmt":"2023-09-23T08:35:21","guid":{"rendered":"http:\/\/ibn.wyd.mybluehost.me\/reanpackaging.com\/product\/china-factory-manufacturer-high-heat-adhesive-tape-for-auto-use-printed-masking-tape-for-3d-print-color-paper-tapes\/"},"modified":"2024-10-01T16:57:53","modified_gmt":"2024-10-01T16:57:53","slug":"china-factory-manufacturer-high-heat-adhesive-tape-for-auto-use-printed-masking-tape-for-3d-print-color-paper-tapes","status":"publish","type":"product","link":"https:\/\/reanpackaging.com\/de\/produkt\/china-fabrik-hersteller-hohe-hitze-klebeband-fur-auto-verwenden-gedruckt-abdeckband-fur-3d-druck-farbe-papier-bander\/","title":{"rendered":"China Factory Hersteller hohe Hitze Klebeband f\u00fcr Auto verwenden gedruckt Abdeckband f\u00fcr 3D-Druck Farbe Papier B\u00e4nder"},"content":{"rendered":"<h4>Branchenspezifische Attribute<\/h4>\n<table border=\"1\">\n<tbody>\n<tr>\n<td><strong>Kleber<\/strong><\/td>\n<td>Gummi<\/td>\n<\/tr>\n<tr>\n<td><strong>Klebeseite<\/strong><\/td>\n<td>Einseitig<\/td>\n<\/tr>\n<tr>\n<td><strong>Klebstoff Typ<\/strong><\/td>\n<td>Druckempfindlich, Hot Melt<\/td>\n<\/tr>\n<tr>\n<td><strong>Design Druck<\/strong><\/td>\n<td>Angebot Drucken<\/td>\n<\/tr>\n<tr>\n<td><strong>Material<\/strong><\/td>\n<td>Strukturiertes Papier<\/td>\n<\/tr>\n<tr>\n<td><strong>Merkmal<\/strong><\/td>\n<td>Hitzebest\u00e4ndig<\/td>\n<\/tr>\n<tr>\n<td><strong>Verwenden Sie<\/strong><\/td>\n<td>MASKEN<\/td>\n<\/tr>\n<\/tbody>\n<\/table>\n<h4>Andere Attribute<\/h4>\n<table border=\"1\">\n<tbody>\n<tr>\n<td><strong>Name des Produkts<\/strong><\/td>\n<td>Auto-Klebeband Papier-Abdeckband<\/td>\n<\/tr>\n<tr>\n<td><strong>Farbe<\/strong><\/td>\n<td>Blau, Wei\u00df, Rot, Gelb, Orange, Gr\u00fcn, Lila<\/td>\n<\/tr>\n<tr>\n<td><strong>Bescheinigungen<\/strong><\/td>\n<td>ISO 9001:2015 \/ SGS<\/td>\n<\/tr>\n<tr>\n<td><strong>Anmeldung<\/strong><\/td>\n<td>Malerei<\/td>\n<\/tr>\n<tr>\n<td><strong>Breite<\/strong><\/td>\n<td>8mm, 10mm, 10mm, 12mm, 24mm oder kundenspezifisch<\/td>\n<\/tr>\n<tr>\n<td><strong>Dicke<\/strong><\/td>\n<td>0,145 mm<\/td>\n<\/tr>\n<tr>\n<td><strong>BusinessType<\/strong><\/td>\n<td>Professioneller Hersteller<\/td>\n<\/tr>\n<tr>\n<td><strong>Gestanzter Service<\/strong><\/td>\n<td>Ja<\/td>\n<\/tr>\n<tr>\n<td><strong>OEM<\/strong><\/td>\n<td>Akzeptieren<\/td>\n<\/tr>\n<tr>\n<td><strong>Merkmal<\/strong><\/td>\n<td>Spr\u00fch-Abschirmung<\/td>\n<\/tr>\n<\/tbody>\n<\/table>\n<p><img decoding=\"async\" class=\"detail-desc-decorate-image aligncenter\" style=\"max-width: 100%; height: auto; margin: 0 auto 5px;\" src=\"http:\/\/ibn.wyd.mybluehost.me\/reanpackaging.com\/wp-content\/uploads\/2023\/09\/2-description-China-Factory-Manufacturer-High-Heat-Adhesive-Tape-For-Auto-Use-Printed-Masking-Tape-For-3D-Print-Color-Paper-Tapes.jpg\" \/><br \/>\n<img decoding=\"async\" class=\"detail-desc-decorate-image aligncenter\" style=\"max-width: 100%; height: auto; margin: 0 auto 5px;\" src=\"http:\/\/ibn.wyd.mybluehost.me\/reanpackaging.com\/wp-content\/uploads\/2023\/09\/3-description-China-Factory-Manufacturer-High-Heat-Adhesive-Tape-For-Auto-Use-Printed-Masking-Tape-For-3D-Print-Color-Paper-Tapes.jpg\" \/><br \/>\n<img decoding=\"async\" class=\"detail-desc-decorate-image aligncenter\" style=\"max-width: 100%; height: auto; margin: 0 auto 5px;\" src=\"http:\/\/ibn.wyd.mybluehost.me\/reanpackaging.com\/wp-content\/uploads\/2023\/09\/4-description-China-Factory-Manufacturer-High-Heat-Adhesive-Tape-For-Auto-Use-Printed-Masking-Tape-For-3D-Print-Color-Paper-Tapes.jpg\" \/><\/p>","protected":false},"excerpt":{"rendered":"<p>Industry-Specific Attributes Adhesive Rubber Adhesive Side Single Sided Adhesive Type Pressure Sensitive, Hot Melt Design Printing Offer Printing Material Textured Paper Feature Heat-Resistant Use MASKING Other Attributes Product name Auto Adhesive Tape Paper Masking Tape Color Blue,White,Red,Yellow,Orange,Green,Purple Certificates ISO 9001:2015 \/ SGS Application Painting Width 8mm ,10mm,10mm,12mm,24mm Or Custom Thickness 0.145mm BusinessType Professional manufacturer Die-cut [&hellip;]<\/p>\n","protected":false},"featured_media":7294,"template":"","meta":{"_seopress_robots_primary_cat":"none","_seopress_titles_title":"","_seopress_titles_desc":"","_seopress_robots_index":"","site-sidebar-layout":"default","site-content-layout":"default","ast-site-content-layout":"default","site-content-style":"default","site-sidebar-style":"default","ast-global-header-display":"","ast-banner-title-visibility":"","ast-main-header-display":"","ast-hfb-above-header-display":"","ast-hfb-below-header-display":"","ast-hfb-mobile-header-display":"","site-post-title":"","ast-breadcrumbs-content":"","ast-featured-img":"","footer-sml-layout":"","ast-disable-related-posts":"","theme-transparent-header-meta":"default","adv-header-id-meta":"","stick-header-meta":"default","header-above-stick-meta":"","header-main-stick-meta":"","header-below-stick-meta":"","astra-migrate-meta-layouts":"set","ast-page-background-enabled":"default","ast-page-background-meta":{"desktop":{"background-color":"","background-image":"","background-repeat":"repeat","background-position":"center center","background-size":"auto","background-attachment":"scroll","background-type":"","background-media":"","overlay-type":"","overlay-color":"","overlay-opacity":"","overlay-gradient":""},"tablet":{"background-color":"","background-image":"","background-repeat":"repeat","background-position":"center center","background-size":"auto","background-attachment":"scroll","background-type":"","background-media":"","overlay-type":"","overlay-color":"","overlay-opacity":"","overlay-gradient":""},"mobile":{"background-color":"","background-image":"","background-repeat":"repeat","background-position":"center center","background-size":"auto","background-attachment":"scroll","background-type":"","background-media":"","overlay-type":"","overlay-color":"","overlay-opacity":"","overlay-gradient":""}},"ast-content-background-meta":{"desktop":{"background-color":"var(--ast-global-color-5)","background-image":"","background-repeat":"repeat","background-position":"center center","background-size":"auto","background-attachment":"scroll","background-type":"","background-media":"","overlay-type":"","overlay-color":"","overlay-opacity":"","overlay-gradient":""},"tablet":{"background-color":"var(--ast-global-color-5)","background-image":"","background-repeat":"repeat","background-position":"center center","background-size":"auto","background-attachment":"scroll","background-type":"","background-media":"","overlay-type":"","overlay-color":"","overlay-opacity":"","overlay-gradient":""},"mobile":{"background-color":"var(--ast-global-color-5)","background-image":"","background-repeat":"repeat","background-position":"center center","background-size":"auto","background-attachment":"scroll","background-type":"","background-media":"","overlay-type":"","overlay-color":"","overlay-opacity":"","overlay-gradient":""}}},"product_brand":[],"product_cat":[46],"product_tag":[],"class_list":{"0":"post-7453","1":"product","2":"type-product","3":"status-publish","4":"has-post-thumbnail","6":"product_cat-custom-print-tape","7":"desktop-align-left","8":"tablet-align-left","9":"mobile-align-left","10":"ast-product-gallery-layout-horizontal","11":"ast-product-tabs-layout-horizontal","13":"first","14":"instock","15":"purchasable","16":"product-type-simple"},"_links":{"self":[{"href":"https:\/\/reanpackaging.com\/de\/wp-json\/wp\/v2\/product\/7453","targetHints":{"allow":["GET"]}}],"collection":[{"href":"https:\/\/reanpackaging.com\/de\/wp-json\/wp\/v2\/product"}],"about":[{"href":"https:\/\/reanpackaging.com\/de\/wp-json\/wp\/v2\/types\/product"}],"wp:featuredmedia":[{"embeddable":true,"href":"https:\/\/reanpackaging.com\/de\/wp-json\/wp\/v2\/media\/7294"}],"wp:attachment":[{"href":"https:\/\/reanpackaging.com\/de\/wp-json\/wp\/v2\/media?parent=7453"}],"wp:term":[{"taxonomy":"product_brand","embeddable":true,"href":"https:\/\/reanpackaging.com\/de\/wp-json\/wp\/v2\/product_brand?post=7453"},{"taxonomy":"product_cat","embeddable":true,"href":"https:\/\/reanpackaging.com\/de\/wp-json\/wp\/v2\/product_cat?post=7453"},{"taxonomy":"product_tag","embeddable":true,"href":"https:\/\/reanpackaging.com\/de\/wp-json\/wp\/v2\/product_tag?post=7453"}],"curies":[{"name":"wp","href":"https:\/\/api.w.org\/{rel}","templated":true}]}}