{"id":7743,"date":"2023-09-23T10:47:33","date_gmt":"2023-09-23T10:47:33","guid":{"rendered":"http:\/\/ibn.wyd.mybluehost.me\/reanpackaging.com\/product\/cheap-custom-recycle-reusable-small-eco-non-woven-storage-fabric-bag\/"},"modified":"2023-09-23T12:30:27","modified_gmt":"2023-09-23T12:30:27","slug":"cheap-custom-recycle-reusable-small-eco-non-woven-storage-fabric-bag","status":"publish","type":"product","link":"https:\/\/reanpackaging.com\/de\/produkt\/cheap-custom-recycle-reusable-small-eco-non-woven-storage-fabric-bag\/","title":{"rendered":"G\u00fcnstige benutzerdefinierte Recyceln wiederverwendbare kleine Eco nicht gewebt Lagerung Stoff Tasche"},"content":{"rendered":"<h4>Branchenspezifische Attribute<\/h4>\n<table border=\"1\">\n<tbody>\n<tr>\n<td><strong>Material<\/strong><\/td>\n<td>Vliesstoff<\/td>\n<\/tr>\n<\/tbody>\n<\/table>\n<h4>Andere Attribute<\/h4>\n<table border=\"1\">\n<tbody>\n<tr>\n<td><strong>Stil<\/strong><\/td>\n<td>Behandelt<\/td>\n<\/tr>\n<tr>\n<td><strong>Muster Typ<\/strong><\/td>\n<td>Benutzerdefiniert<\/td>\n<\/tr>\n<tr>\n<td><strong>Gr\u00f6\u00dfe<\/strong><\/td>\n<td>Klein(20-30cm)<\/td>\n<\/tr>\n<tr>\n<td><strong>Name des Produkts<\/strong><\/td>\n<td>Nicht gewebte Tasche<\/td>\n<\/tr>\n<tr>\n<td><strong>Gr\u00f6\u00dfe<\/strong><\/td>\n<td>24.13*29.21cm<\/td>\n<\/tr>\n<tr>\n<td><strong>Farbe<\/strong><\/td>\n<td>Kundenspezifische Farbe<\/td>\n<\/tr>\n<tr>\n<td><strong>Logo<\/strong><\/td>\n<td>Kundenspezifisches Logo akzeptieren<\/td>\n<\/tr>\n<tr>\n<td><strong>Gestaltung<\/strong><\/td>\n<td>Kundenspezifischer Entwurf<\/td>\n<\/tr>\n<tr>\n<td><strong>MOQ<\/strong><\/td>\n<td>1000 St\u00fcck<\/td>\n<\/tr>\n<tr>\n<td><strong>Verwendung<\/strong><\/td>\n<td>Verpackung, Werbung, Promotion<\/td>\n<\/tr>\n<tr>\n<td><strong>Merkmal<\/strong><\/td>\n<td>Umweltfreundlich<\/td>\n<\/tr>\n<tr>\n<td><strong>Probezeit<\/strong><\/td>\n<td>3-5 Tage<\/td>\n<\/tr>\n<tr>\n<td><strong>Lieferfrist<\/strong><\/td>\n<td>25-40 Tage nach Zahlung<\/td>\n<\/tr>\n<\/tbody>\n<\/table>\n<p><img decoding=\"async\" class=\"detail-desc-decorate-image aligncenter\" style=\"max-width: 100%; height: auto; margin: 0 auto 5px;\" src=\"http:\/\/ibn.wyd.mybluehost.me\/reanpackaging.com\/wp-content\/uploads\/2023\/09\/3-description-Cheap-Custom-Recycle-Reusable-Small-Eco-Non-Woven-Storage-Fabric-Bag.jpg\" \/><br \/>\n<img decoding=\"async\" class=\"detail-desc-decorate-image aligncenter\" style=\"max-width: 100%; height: auto; margin: 0 auto 5px;\" src=\"http:\/\/ibn.wyd.mybluehost.me\/reanpackaging.com\/wp-content\/uploads\/2023\/09\/4-description-Cheap-Custom-Recycle-Reusable-Small-Eco-Non-Woven-Storage-Fabric-Bag.jpg\" \/><br \/>\n<img decoding=\"async\" class=\"detail-desc-decorate-image aligncenter\" style=\"max-width: 100%; height: auto; margin: 0 auto 5px;\" src=\"http:\/\/ibn.wyd.mybluehost.me\/reanpackaging.com\/wp-content\/uploads\/2023\/09\/5-description-Cheap-Custom-Recycle-Reusable-Small-Eco-Non-Woven-Storage-Fabric-Bag.jpg\" \/><br \/>\n<img decoding=\"async\" class=\"detail-desc-decorate-image aligncenter\" style=\"max-width: 100%; height: auto; margin: 0 auto 5px;\" src=\"http:\/\/ibn.wyd.mybluehost.me\/reanpackaging.com\/wp-content\/uploads\/2023\/09\/6-description-Cheap-Custom-Recycle-Reusable-Small-Eco-Non-Woven-Storage-Fabric-Bag.jpg\" \/><br \/>\n<img decoding=\"async\" class=\"detail-desc-decorate-image aligncenter\" style=\"max-width: 100%; height: auto; margin: 0 auto 5px;\" src=\"http:\/\/ibn.wyd.mybluehost.me\/reanpackaging.com\/wp-content\/uploads\/2023\/09\/7-description-Cheap-Custom-Recycle-Reusable-Small-Eco-Non-Woven-Storage-Fabric-Bag.jpg\" \/><br \/>\n<img decoding=\"async\" class=\"detail-desc-decorate-image aligncenter\" style=\"max-width: 100%; height: auto; margin: 0 auto 5px;\" src=\"http:\/\/ibn.wyd.mybluehost.me\/reanpackaging.com\/wp-content\/uploads\/2023\/09\/8-description-Cheap-Custom-Recycle-Reusable-Small-Eco-Non-Woven-Storage-Fabric-Bag.jpg\" \/><br \/>\n<img decoding=\"async\" class=\"detail-desc-decorate-image aligncenter\" style=\"max-width: 100%; height: auto; margin: 0 auto 5px;\" src=\"http:\/\/ibn.wyd.mybluehost.me\/reanpackaging.com\/wp-content\/uploads\/2023\/09\/9-description-Cheap-Custom-Recycle-Reusable-Small-Eco-Non-Woven-Storage-Fabric-Bag.jpg\" \/><\/p>","protected":false},"excerpt":{"rendered":"<p>Industrie-spezifische Attribute Material Non-Woven Andere Attribute Style Handled Pattern Type Custom Gr\u00f6\u00dfe Small(20-30cm) Produktname Non Woven Bag Gr\u00f6\u00dfe 24.13*29.21cm Farbe Customized Color Logo Accept Customized Logo Design Customized Desgin MOQ 1000 Pcs Usage Package,advertising,promotional Feature Eco-friendly Sample time 3-5 days Delivery time 25-40 days after payment<\/p>","protected":false},"featured_media":7619,"template":"","meta":{"_seopress_robots_primary_cat":"none","_seopress_titles_title":"","_seopress_titles_desc":"","_seopress_robots_index":"","site-sidebar-layout":"default","site-content-layout":"default","ast-site-content-layout":"default","site-content-style":"default","site-sidebar-style":"default","ast-global-header-display":"","ast-banner-title-visibility":"","ast-main-header-display":"","ast-hfb-above-header-display":"","ast-hfb-below-header-display":"","ast-hfb-mobile-header-display":"","site-post-title":"","ast-breadcrumbs-content":"","ast-featured-img":"","footer-sml-layout":"","ast-disable-related-posts":"","theme-transparent-header-meta":"default","adv-header-id-meta":"","stick-header-meta":"default","header-above-stick-meta":"","header-main-stick-meta":"","header-below-stick-meta":"","astra-migrate-meta-layouts":"default","ast-page-background-enabled":"default","ast-page-background-meta":{"desktop":{"background-color":"","background-image":"","background-repeat":"repeat","background-position":"center center","background-size":"auto","background-attachment":"scroll","background-type":"","background-media":"","overlay-type":"","overlay-color":"","overlay-opacity":"","overlay-gradient":""},"tablet":{"background-color":"","background-image":"","background-repeat":"repeat","background-position":"center center","background-size":"auto","background-attachment":"scroll","background-type":"","background-media":"","overlay-type":"","overlay-color":"","overlay-opacity":"","overlay-gradient":""},"mobile":{"background-color":"","background-image":"","background-repeat":"repeat","background-position":"center center","background-size":"auto","background-attachment":"scroll","background-type":"","background-media":"","overlay-type":"","overlay-color":"","overlay-opacity":"","overlay-gradient":""}},"ast-content-background-meta":{"desktop":{"background-color":"var(--ast-global-color-5)","background-image":"","background-repeat":"repeat","background-position":"center center","background-size":"auto","background-attachment":"scroll","background-type":"","background-media":"","overlay-type":"","overlay-color":"","overlay-opacity":"","overlay-gradient":""},"tablet":{"background-color":"var(--ast-global-color-5)","background-image":"","background-repeat":"repeat","background-position":"center center","background-size":"auto","background-attachment":"scroll","background-type":"","background-media":"","overlay-type":"","overlay-color":"","overlay-opacity":"","overlay-gradient":""},"mobile":{"background-color":"var(--ast-global-color-5)","background-image":"","background-repeat":"repeat","background-position":"center center","background-size":"auto","background-attachment":"scroll","background-type":"","background-media":"","overlay-type":"","overlay-color":"","overlay-opacity":"","overlay-gradient":""}}},"product_brand":[],"product_cat":[43,44,41],"product_tag":[],"class_list":{"0":"post-7743","1":"product","2":"type-product","3":"status-publish","4":"has-post-thumbnail","6":"product_cat-non-woven-bags","7":"product_cat-paper-bags","8":"product_cat-shopping-bags","9":"desktop-align-left","10":"tablet-align-left","11":"mobile-align-left","12":"ast-product-gallery-layout-horizontal","13":"ast-product-tabs-layout-horizontal","15":"first","16":"instock","17":"product-type-simple"},"_links":{"self":[{"href":"https:\/\/reanpackaging.com\/de\/wp-json\/wp\/v2\/product\/7743","targetHints":{"allow":["GET"]}}],"collection":[{"href":"https:\/\/reanpackaging.com\/de\/wp-json\/wp\/v2\/product"}],"about":[{"href":"https:\/\/reanpackaging.com\/de\/wp-json\/wp\/v2\/types\/product"}],"wp:featuredmedia":[{"embeddable":true,"href":"https:\/\/reanpackaging.com\/de\/wp-json\/wp\/v2\/media\/7619"}],"wp:attachment":[{"href":"https:\/\/reanpackaging.com\/de\/wp-json\/wp\/v2\/media?parent=7743"}],"wp:term":[{"taxonomy":"product_brand","embeddable":true,"href":"https:\/\/reanpackaging.com\/de\/wp-json\/wp\/v2\/product_brand?post=7743"},{"taxonomy":"product_cat","embeddable":true,"href":"https:\/\/reanpackaging.com\/de\/wp-json\/wp\/v2\/product_cat?post=7743"},{"taxonomy":"product_tag","embeddable":true,"href":"https:\/\/reanpackaging.com\/de\/wp-json\/wp\/v2\/product_tag?post=7743"}],"curies":[{"name":"wp","href":"https:\/\/api.w.org\/{rel}","templated":true}]}}