{"id":7748,"date":"2023-09-23T10:47:33","date_gmt":"2023-09-23T10:47:33","guid":{"rendered":"http:\/\/ibn.wyd.mybluehost.me\/reanpackaging.com\/product\/different-colors-printed-logo-laminated-recyclable-non-woven-tote-shopping-bag-eco-friendly-nonwoven-carry-tote-bag\/"},"modified":"2024-10-01T16:56:39","modified_gmt":"2024-10-01T16:56:39","slug":"different-colors-printed-logo-laminated-recyclable-non-woven-tote-shopping-bag-eco-friendly-nonwoven-carry-tote-bag","status":"publish","type":"product","link":"https:\/\/reanpackaging.com\/de\/produkt\/verschiedene-farben-gedruckt-logo-laminiert-recycelbar-nicht-gewebte-einkaufstasche-umweltfreundlich-nicht-gewebte-tragetasche-tasche\/","title":{"rendered":"Verschiedene Farben gedruckt Logo laminiert recycelbar nicht gewebte Tragetasche Einkaufstasche umweltfreundlich nicht gewebt tragen Tragetasche"},"content":{"rendered":"<h4>Branchenspezifische Attribute<\/h4>\n<table border=\"1\">\n<tbody>\n<tr>\n<td><strong>Material<\/strong><\/td>\n<td>Vliesstoff<\/td>\n<\/tr>\n<\/tbody>\n<\/table>\n<h4>Andere Attribute<\/h4>\n<table border=\"1\">\n<tbody>\n<tr>\n<td><strong>Stil<\/strong><\/td>\n<td>Behandelt<\/td>\n<\/tr>\n<tr>\n<td><strong>Muster Typ<\/strong><\/td>\n<td>Geometrisch<\/td>\n<\/tr>\n<tr>\n<td><strong>Gr\u00f6\u00dfe<\/strong><\/td>\n<td>Klein(20-30cm)<\/td>\n<\/tr>\n<tr>\n<td><strong>GR\u00d6SSE<\/strong><\/td>\n<td>Kundenspezifisch, verschiedene Gr\u00f6\u00dfen sind verf\u00fcgbar!<\/td>\n<\/tr>\n<tr>\n<td><strong>Material<\/strong><\/td>\n<td>60-120gsm Vliesstoff<\/td>\n<\/tr>\n<tr>\n<td><strong>Drucken<\/strong><\/td>\n<td>Offsetdruck\/ Siebdruck\/ Hei\u00dfpr\u00e4gung\/ laminiert<\/td>\n<\/tr>\n<tr>\n<td><strong>Farbe<\/strong><\/td>\n<td>Optional, jede Farbe f\u00fcr Sie brauchen!<\/td>\n<\/tr>\n<tr>\n<td><strong>Gestaltung<\/strong><\/td>\n<td>Ma\u00dfgeschneiderte Designs sind verf\u00fcgbar<\/td>\n<\/tr>\n<tr>\n<td><strong>Verpackung<\/strong><\/td>\n<td>100-200St\u00fcck\/Karton, Standard-Exportkartonqualit\u00e4t<\/td>\n<\/tr>\n<tr>\n<td><strong>Durchlaufzeit f\u00fcr Muster<\/strong><\/td>\n<td>3 Tage nach Erhalt der Musterkosten<\/td>\n<\/tr>\n<tr>\n<td><strong>MOQ<\/strong><\/td>\n<td>500St\u00fcck<\/td>\n<\/tr>\n<tr>\n<td><strong>Musterkosten Produktionsvorlaufzeit<\/strong><\/td>\n<td>10-20 Tage nach Best\u00e4tigung der Bestellung<\/td>\n<\/tr>\n<\/tbody>\n<\/table>\n<p><img decoding=\"async\" class=\"detail-desc-decorate-image aligncenter\" style=\"max-width: 100%; height: auto; margin: 0 auto 5px;\" src=\"http:\/\/ibn.wyd.mybluehost.me\/reanpackaging.com\/wp-content\/uploads\/2023\/09\/3-description-Different-Colors-Printed-Logo-Laminated-Recyclable-Non-Woven-Tote-Shopping-Bag-Eco-Friendly-Nonwoven-Carry-Tote-Bag.jpg\" \/><br \/>\n<img decoding=\"async\" class=\"detail-desc-decorate-image aligncenter\" style=\"max-width: 100%; height: auto; margin: 0 auto 5px;\" src=\"http:\/\/ibn.wyd.mybluehost.me\/reanpackaging.com\/wp-content\/uploads\/2023\/09\/4-description-Different-Colors-Printed-Logo-Laminated-Recyclable-Non-Woven-Tote-Shopping-Bag-Eco-Friendly-Nonwoven-Carry-Tote-Bag.jpg\" \/><br \/>\n<img decoding=\"async\" class=\"detail-desc-decorate-image aligncenter\" style=\"max-width: 100%; height: auto; margin: 0 auto 5px;\" src=\"http:\/\/ibn.wyd.mybluehost.me\/reanpackaging.com\/wp-content\/uploads\/2023\/09\/5-description-Different-Colors-Printed-Logo-Laminated-Recyclable-Non-Woven-Tote-Shopping-Bag-Eco-Friendly-Nonwoven-Carry-Tote-Bag.jpg\" \/><br \/>\n<img decoding=\"async\" class=\"detail-desc-decorate-image aligncenter\" style=\"max-width: 100%; height: auto; margin: 0 auto 5px;\" src=\"http:\/\/ibn.wyd.mybluehost.me\/reanpackaging.com\/wp-content\/uploads\/2023\/09\/6-description-Different-Colors-Printed-Logo-Laminated-Recyclable-Non-Woven-Tote-Shopping-Bag-Eco-Friendly-Nonwoven-Carry-Tote-Bag.jpg\" \/><br \/>\n<img decoding=\"async\" class=\"detail-desc-decorate-image aligncenter\" style=\"max-width: 100%; height: auto; margin: 0 auto 5px;\" src=\"http:\/\/ibn.wyd.mybluehost.me\/reanpackaging.com\/wp-content\/uploads\/2023\/09\/7-description-Different-Colors-Printed-Logo-Laminated-Recyclable-Non-Woven-Tote-Shopping-Bag-Eco-Friendly-Nonwoven-Carry-Tote-Bag.jpg\" \/><\/p>","protected":false},"excerpt":{"rendered":"<p>Industry-Specific Attributes Material Non-Woven Other Attributes Style Handled Pattern Type Geometric Size Small(20-30cm) SIZE Customized, Different sizes are available! Material 60-120gsm non woven fabric Printing Offset printing\/ silkscreen printing\/ hot stamping\/ laminated color Optional, Any Color for you need! Design Customized designs are available Packaging 100-200pcs\/carton, standard export carton quality Sample leadtime 3 days after [&hellip;]<\/p>\n","protected":false},"featured_media":7666,"template":"","meta":{"_seopress_robots_primary_cat":"none","_seopress_titles_title":"","_seopress_titles_desc":"","_seopress_robots_index":"","site-sidebar-layout":"default","site-content-layout":"default","ast-site-content-layout":"default","site-content-style":"default","site-sidebar-style":"default","ast-global-header-display":"","ast-banner-title-visibility":"","ast-main-header-display":"","ast-hfb-above-header-display":"","ast-hfb-below-header-display":"","ast-hfb-mobile-header-display":"","site-post-title":"","ast-breadcrumbs-content":"","ast-featured-img":"","footer-sml-layout":"","ast-disable-related-posts":"","theme-transparent-header-meta":"default","adv-header-id-meta":"","stick-header-meta":"default","header-above-stick-meta":"","header-main-stick-meta":"","header-below-stick-meta":"","astra-migrate-meta-layouts":"set","ast-page-background-enabled":"default","ast-page-background-meta":{"desktop":{"background-color":"","background-image":"","background-repeat":"repeat","background-position":"center center","background-size":"auto","background-attachment":"scroll","background-type":"","background-media":"","overlay-type":"","overlay-color":"","overlay-opacity":"","overlay-gradient":""},"tablet":{"background-color":"","background-image":"","background-repeat":"repeat","background-position":"center center","background-size":"auto","background-attachment":"scroll","background-type":"","background-media":"","overlay-type":"","overlay-color":"","overlay-opacity":"","overlay-gradient":""},"mobile":{"background-color":"","background-image":"","background-repeat":"repeat","background-position":"center center","background-size":"auto","background-attachment":"scroll","background-type":"","background-media":"","overlay-type":"","overlay-color":"","overlay-opacity":"","overlay-gradient":""}},"ast-content-background-meta":{"desktop":{"background-color":"var(--ast-global-color-5)","background-image":"","background-repeat":"repeat","background-position":"center center","background-size":"auto","background-attachment":"scroll","background-type":"","background-media":"","overlay-type":"","overlay-color":"","overlay-opacity":"","overlay-gradient":""},"tablet":{"background-color":"var(--ast-global-color-5)","background-image":"","background-repeat":"repeat","background-position":"center center","background-size":"auto","background-attachment":"scroll","background-type":"","background-media":"","overlay-type":"","overlay-color":"","overlay-opacity":"","overlay-gradient":""},"mobile":{"background-color":"var(--ast-global-color-5)","background-image":"","background-repeat":"repeat","background-position":"center center","background-size":"auto","background-attachment":"scroll","background-type":"","background-media":"","overlay-type":"","overlay-color":"","overlay-opacity":"","overlay-gradient":""}}},"product_brand":[],"product_cat":[43,44,41],"product_tag":[],"class_list":{"0":"post-7748","1":"product","2":"type-product","3":"status-publish","4":"has-post-thumbnail","6":"product_cat-non-woven-bags","7":"product_cat-paper-bags","8":"product_cat-shopping-bags","9":"desktop-align-left","10":"tablet-align-left","11":"mobile-align-left","12":"ast-product-gallery-layout-horizontal","13":"ast-product-tabs-layout-horizontal","15":"first","16":"instock","17":"purchasable","18":"product-type-simple"},"_links":{"self":[{"href":"https:\/\/reanpackaging.com\/de\/wp-json\/wp\/v2\/product\/7748","targetHints":{"allow":["GET"]}}],"collection":[{"href":"https:\/\/reanpackaging.com\/de\/wp-json\/wp\/v2\/product"}],"about":[{"href":"https:\/\/reanpackaging.com\/de\/wp-json\/wp\/v2\/types\/product"}],"wp:featuredmedia":[{"embeddable":true,"href":"https:\/\/reanpackaging.com\/de\/wp-json\/wp\/v2\/media\/7666"}],"wp:attachment":[{"href":"https:\/\/reanpackaging.com\/de\/wp-json\/wp\/v2\/media?parent=7748"}],"wp:term":[{"taxonomy":"product_brand","embeddable":true,"href":"https:\/\/reanpackaging.com\/de\/wp-json\/wp\/v2\/product_brand?post=7748"},{"taxonomy":"product_cat","embeddable":true,"href":"https:\/\/reanpackaging.com\/de\/wp-json\/wp\/v2\/product_cat?post=7748"},{"taxonomy":"product_tag","embeddable":true,"href":"https:\/\/reanpackaging.com\/de\/wp-json\/wp\/v2\/product_tag?post=7748"}],"curies":[{"name":"wp","href":"https:\/\/api.w.org\/{rel}","templated":true}]}}