{"id":82295,"date":"2025-02-22T12:54:22","date_gmt":"2025-02-22T12:54:22","guid":{"rendered":"https:\/\/reanpackaging.com\/product\/packaging-pillow-pack-boxes-underwear-box-for-sweater\/"},"modified":"2025-02-22T12:54:29","modified_gmt":"2025-02-22T12:54:29","slug":"packaging-pillow-pack-boxes-underwear-box-for-sweater","status":"publish","type":"product","link":"https:\/\/reanpackaging.com\/de\/produkt\/packaging-pillow-pack-boxes-underwear-box-for-sweater\/","title":{"rendered":"Verpackung Kissen Pack Boxen Unterw\u00e4sche Box f\u00fcr Pullover"},"content":{"rendered":"<h4>Branchenspezifische Attribute<\/h4>\n<table border=\"1\">\n<tr>\n<td><strong>Industrielle Nutzung<\/strong><\/td>\n<td>Schuhe und Kleidung<\/td>\n<\/tr>\n<tr>\n<td><strong>Papierart<\/strong><\/td>\n<td>Beschichtetes Papier<\/td>\n<\/tr>\n<tr>\n<td><strong>Merkmal<\/strong><\/td>\n<td>Recycelte Materialien<\/td>\n<\/tr>\n<tr>\n<td><strong>Box-Typ<\/strong><\/td>\n<td>Andere<\/td>\n<\/tr>\n<\/table>\n<h4>Andere Attribute<\/h4>\n<table border=\"1\">\n<tr>\n<td><strong>Drucken Handhabung<\/strong><\/td>\n<td>Mattes Laminieren, Offsetdruck, Pr\u00e4gen\/Entpr\u00e4gen, Lackieren, Stanzen, Flexodruck, Pr\u00e4gen, gl\u00e4nzendes Laminieren, Siebdruck, membranae tectoria, VANISHING, UV-Lackierung<\/td>\n<\/tr>\n<tr>\n<td><strong>Individuelle Bestellung<\/strong><\/td>\n<td>Akzeptieren<\/td>\n<\/tr>\n<tr>\n<td><strong>Liner-Typ<\/strong><\/td>\n<td>Pappe<\/td>\n<\/tr>\n<tr>\n<td><strong>Name des Produkts<\/strong><\/td>\n<td>W\u00e4schebox<\/td>\n<\/tr>\n<tr>\n<td><strong>Verwendung<\/strong><\/td>\n<td>Verpackung<\/td>\n<\/tr>\n<tr>\n<td><strong>Gr\u00f6\u00dfe<\/strong><\/td>\n<td>33*6*20+33.5*9*24cm<\/td>\n<\/tr>\n<tr>\n<td><strong>Stil<\/strong><\/td>\n<td>Luxus<\/td>\n<\/tr>\n<tr>\n<td><strong>Muster<\/strong><\/td>\n<td>Erh\u00e4ltlich<\/td>\n<\/tr>\n<tr>\n<td><strong>MOQ<\/strong><\/td>\n<td>500St\u00fcck<\/td>\n<\/tr>\n<tr>\n<td><strong>Anmeldung<\/strong><\/td>\n<td>Kleidung Paket Box<\/td>\n<\/tr>\n<tr>\n<td><strong>Handwerkliches K\u00f6nnen<\/strong><\/td>\n<td>Offsetdruck, Goldpr\u00e4gung, Silberpr\u00e4gung<\/td>\n<\/tr>\n<tr>\n<td><strong>Farbe drucken<\/strong><\/td>\n<td>rosa,wei\u00df<\/td>\n<\/tr>\n<\/table>","protected":false},"excerpt":{"rendered":"<p>Industry-Specific Attributes Industrial Use Shoes &#038; clothing Paper Type Coated Paper Feature Recycled Materials box type Others Other Attributes Printing Handling Matt Lamination, Offset printing, Embossing\/Debossing, Varnishing, Stamping, Flexographic Printing, Embossing, Glossy Lamination, Silk screen printing, membranae tectoria, VANISHING, UV Coating Custom Order Accept Liner type Paperboard Product name underwear box Usage Packaging Size 33*6*20+33.5*9*24cm [&hellip;]<\/p>\n","protected":false},"featured_media":81119,"template":"","meta":{"_seopress_robots_primary_cat":"","_seopress_titles_title":"","_seopress_titles_desc":"","_seopress_robots_index":"","site-sidebar-layout":"default","site-content-layout":"","ast-site-content-layout":"default","site-content-style":"default","site-sidebar-style":"default","ast-global-header-display":"","ast-banner-title-visibility":"","ast-main-header-display":"","ast-hfb-above-header-display":"","ast-hfb-below-header-display":"","ast-hfb-mobile-header-display":"","site-post-title":"","ast-breadcrumbs-content":"","ast-featured-img":"","footer-sml-layout":"","ast-disable-related-posts":"","theme-transparent-header-meta":"","adv-header-id-meta":"","stick-header-meta":"","header-above-stick-meta":"","header-main-stick-meta":"","header-below-stick-meta":"","astra-migrate-meta-layouts":"default","ast-page-background-enabled":"default","ast-page-background-meta":{"desktop":{"background-color":"","background-image":"","background-repeat":"repeat","background-position":"center center","background-size":"auto","background-attachment":"scroll","background-type":"","background-media":"","overlay-type":"","overlay-color":"","overlay-opacity":"","overlay-gradient":""},"tablet":{"background-color":"","background-image":"","background-repeat":"repeat","background-position":"center center","background-size":"auto","background-attachment":"scroll","background-type":"","background-media":"","overlay-type":"","overlay-color":"","overlay-opacity":"","overlay-gradient":""},"mobile":{"background-color":"","background-image":"","background-repeat":"repeat","background-position":"center center","background-size":"auto","background-attachment":"scroll","background-type":"","background-media":"","overlay-type":"","overlay-color":"","overlay-opacity":"","overlay-gradient":""}},"ast-content-background-meta":{"desktop":{"background-color":"var(--ast-global-color-5)","background-image":"","background-repeat":"repeat","background-position":"center center","background-size":"auto","background-attachment":"scroll","background-type":"","background-media":"","overlay-type":"","overlay-color":"","overlay-opacity":"","overlay-gradient":""},"tablet":{"background-color":"var(--ast-global-color-5)","background-image":"","background-repeat":"repeat","background-position":"center center","background-size":"auto","background-attachment":"scroll","background-type":"","background-media":"","overlay-type":"","overlay-color":"","overlay-opacity":"","overlay-gradient":""},"mobile":{"background-color":"var(--ast-global-color-5)","background-image":"","background-repeat":"repeat","background-position":"center center","background-size":"auto","background-attachment":"scroll","background-type":"","background-media":"","overlay-type":"","overlay-color":"","overlay-opacity":"","overlay-gradient":""}}},"product_brand":[],"product_cat":[94],"product_tag":[],"class_list":{"0":"post-82295","1":"product","2":"type-product","3":"status-publish","4":"has-post-thumbnail","6":"product_cat-pillow-boxes","7":"desktop-align-left","8":"tablet-align-left","9":"mobile-align-left","10":"ast-product-gallery-layout-horizontal","11":"ast-product-tabs-layout-horizontal","13":"first","14":"instock","15":"product-type-simple"},"_links":{"self":[{"href":"https:\/\/reanpackaging.com\/de\/wp-json\/wp\/v2\/product\/82295","targetHints":{"allow":["GET"]}}],"collection":[{"href":"https:\/\/reanpackaging.com\/de\/wp-json\/wp\/v2\/product"}],"about":[{"href":"https:\/\/reanpackaging.com\/de\/wp-json\/wp\/v2\/types\/product"}],"wp:featuredmedia":[{"embeddable":true,"href":"https:\/\/reanpackaging.com\/de\/wp-json\/wp\/v2\/media\/81119"}],"wp:attachment":[{"href":"https:\/\/reanpackaging.com\/de\/wp-json\/wp\/v2\/media?parent=82295"}],"wp:term":[{"taxonomy":"product_brand","embeddable":true,"href":"https:\/\/reanpackaging.com\/de\/wp-json\/wp\/v2\/product_brand?post=82295"},{"taxonomy":"product_cat","embeddable":true,"href":"https:\/\/reanpackaging.com\/de\/wp-json\/wp\/v2\/product_cat?post=82295"},{"taxonomy":"product_tag","embeddable":true,"href":"https:\/\/reanpackaging.com\/de\/wp-json\/wp\/v2\/product_tag?post=82295"}],"curies":[{"name":"wp","href":"https:\/\/api.w.org\/{rel}","templated":true}]}}