{"id":8584,"date":"2023-09-24T09:43:50","date_gmt":"2023-09-24T09:43:50","guid":{"rendered":"http:\/\/ibn.wyd.mybluehost.me\/reanpackaging.com\/product\/boite-cadeau-karton-emballage-corrugated-carton-paper-gift-mailer-box-custom-printed-shipping-packaging-boxes-for-small-business\/"},"modified":"2024-10-01T16:53:21","modified_gmt":"2024-10-01T16:53:21","slug":"boite-cadeau-karton-emballage-corrugated-carton-paper-gift-mailer-box-custom-printed-shipping-packaging-boxes-for-small-business","status":"publish","type":"product","link":"https:\/\/reanpackaging.com\/de\/produkt\/boite-cadeau-karton-emballage-wellpappe-papier-geschenk-mailer-box-benutzerdefinierte-gedruckt-versandverpackungen-boxen-fur-kleine-unternehmen\/","title":{"rendered":"Boite Cadeau Karton Emballage Wellpappe Papier Geschenk Mailer Box benutzerdefinierte gedruckt Versandverpackungen Boxen f\u00fcr kleine Unternehmen"},"content":{"rendered":"<h4>Branchenspezifische Attribute<\/h4>\n<table border=\"1\">\n<tr>\n<td><strong>Industrielle Nutzung<\/strong><\/td>\n<td>Schuhe und Kleidung<\/td>\n<\/tr>\n<tr>\n<td><strong>Papierart<\/strong><\/td>\n<td>Wellpappe<\/td>\n<\/tr>\n<tr>\n<td><strong>Merkmal<\/strong><\/td>\n<td>Recycelte Materialien<\/td>\n<\/tr>\n<\/table>\n<h4>Andere Attribute<\/h4>\n<table border=\"1\">\n<tr>\n<td><strong>Box Typ<\/strong><\/td>\n<td>Ordner<\/td>\n<\/tr>\n<tr>\n<td><strong>Drucken Handhabung<\/strong><\/td>\n<td>Pr\u00e4gung, Mattlaminierung, UV-Lackierung, Sonstige, Lackierung, VANISHING, Gl\u00e4nzende Laminierung, Pr\u00e4gung, Goldfolie<\/td>\n<\/tr>\n<tr>\n<td><strong>Individuelle Bestellung<\/strong><\/td>\n<td>Akzeptieren<\/td>\n<\/tr>\n<tr>\n<td><strong>Form<\/strong><\/td>\n<td>Benutzerdefinierte Formen akzeptieren<\/td>\n<\/tr>\n<tr>\n<td><strong>Name des Gegenstands<\/strong><\/td>\n<td>Verpackungskisten aus Wellpappe, individuell bedruckt<\/td>\n<\/tr>\n<tr>\n<td><strong>Gr\u00f6\u00dfe<\/strong><\/td>\n<td>Benutzerdefinierte Gr\u00f6\u00dfe akzeptiert<\/td>\n<\/tr>\n<tr>\n<td><strong>Farbe<\/strong><\/td>\n<td>CMYK-Druck oder Pantone<\/td>\n<\/tr>\n<tr>\n<td><strong>Oberfl\u00e4che<\/strong><\/td>\n<td>Lackbeschichtung, Gold-\/Silberpr\u00e4gung, Spot-UV, Pr\u00e4gung, Entpr\u00e4gung<\/td>\n<\/tr>\n<tr>\n<td><strong>Material<\/strong><\/td>\n<td>Pappe, Wellpappe, wei\u00dfes Kartonpapier, Graukarte<\/td>\n<\/tr>\n<tr>\n<td><strong>Form<\/strong><\/td>\n<td>Kundenspezifische Form<\/td>\n<\/tr>\n<tr>\n<td><strong>Artikel<\/strong><\/td>\n<td>Elegante Papierverpackungsschachteln<\/td>\n<\/tr>\n<tr>\n<td><strong>Schl\u00fcsselwort<\/strong><\/td>\n<td>Verpackungskisten<\/td>\n<\/tr>\n<tr>\n<td><strong>Verpacken<\/strong><\/td>\n<td>Kundenspezifische Verpackung<\/td>\n<\/tr>\n<tr>\n<td><strong>Industrielle Nutzung<\/strong><\/td>\n<td>Geschenkverpackung<\/td>\n<\/tr>\n<\/table>","protected":false},"excerpt":{"rendered":"<p>Industry-Specific Attributes Industrial Use Shoes &#038; clothing Paper Type Corrugated Board Feature Recycled Materials Other Attributes Box Type Folders Printing Handling Embossing, Matt Lamination, UV Coating, Other, Varnishing, VANISHING, Glossy Lamination, Stamping, Gold Foil Custom Order Accept Shape Accept custom shapes Item name Corrugated Packaging Boxes Custom Printed Size Custom Size Accepted Color CMYK Printing [&hellip;]<\/p>\n","protected":false},"featured_media":8450,"template":"","meta":{"_seopress_robots_primary_cat":"none","_seopress_titles_title":"","_seopress_titles_desc":"","_seopress_robots_index":"","site-sidebar-layout":"default","site-content-layout":"","ast-site-content-layout":"default","site-content-style":"default","site-sidebar-style":"default","ast-global-header-display":"","ast-banner-title-visibility":"","ast-main-header-display":"","ast-hfb-above-header-display":"","ast-hfb-below-header-display":"","ast-hfb-mobile-header-display":"","site-post-title":"","ast-breadcrumbs-content":"","ast-featured-img":"","footer-sml-layout":"","ast-disable-related-posts":"","theme-transparent-header-meta":"default","adv-header-id-meta":"","stick-header-meta":"default","header-above-stick-meta":"","header-main-stick-meta":"","header-below-stick-meta":"","astra-migrate-meta-layouts":"set","ast-page-background-enabled":"default","ast-page-background-meta":{"desktop":{"background-color":"","background-image":"","background-repeat":"repeat","background-position":"center center","background-size":"auto","background-attachment":"scroll","background-type":"","background-media":"","overlay-type":"","overlay-color":"","overlay-opacity":"","overlay-gradient":""},"tablet":{"background-color":"","background-image":"","background-repeat":"repeat","background-position":"center center","background-size":"auto","background-attachment":"scroll","background-type":"","background-media":"","overlay-type":"","overlay-color":"","overlay-opacity":"","overlay-gradient":""},"mobile":{"background-color":"","background-image":"","background-repeat":"repeat","background-position":"center center","background-size":"auto","background-attachment":"scroll","background-type":"","background-media":"","overlay-type":"","overlay-color":"","overlay-opacity":"","overlay-gradient":""}},"ast-content-background-meta":{"desktop":{"background-color":"var(--ast-global-color-5)","background-image":"","background-repeat":"repeat","background-position":"center center","background-size":"auto","background-attachment":"scroll","background-type":"","background-media":"","overlay-type":"","overlay-color":"","overlay-opacity":"","overlay-gradient":""},"tablet":{"background-color":"var(--ast-global-color-5)","background-image":"","background-repeat":"repeat","background-position":"center center","background-size":"auto","background-attachment":"scroll","background-type":"","background-media":"","overlay-type":"","overlay-color":"","overlay-opacity":"","overlay-gradient":""},"mobile":{"background-color":"var(--ast-global-color-5)","background-image":"","background-repeat":"repeat","background-position":"center center","background-size":"auto","background-attachment":"scroll","background-type":"","background-media":"","overlay-type":"","overlay-color":"","overlay-opacity":"","overlay-gradient":""}}},"product_brand":[],"product_cat":[49,29,32],"product_tag":[],"class_list":{"0":"post-8584","1":"product","2":"type-product","3":"status-publish","4":"has-post-thumbnail","6":"product_cat-custom-packaging-boxes","7":"product_cat-packaging-boxes","8":"product_cat-retail-packaging","9":"desktop-align-left","10":"tablet-align-left","11":"mobile-align-left","12":"ast-product-gallery-layout-horizontal","13":"ast-product-tabs-layout-horizontal","15":"first","16":"instock","17":"purchasable","18":"product-type-simple"},"_links":{"self":[{"href":"https:\/\/reanpackaging.com\/de\/wp-json\/wp\/v2\/product\/8584","targetHints":{"allow":["GET"]}}],"collection":[{"href":"https:\/\/reanpackaging.com\/de\/wp-json\/wp\/v2\/product"}],"about":[{"href":"https:\/\/reanpackaging.com\/de\/wp-json\/wp\/v2\/types\/product"}],"wp:featuredmedia":[{"embeddable":true,"href":"https:\/\/reanpackaging.com\/de\/wp-json\/wp\/v2\/media\/8450"}],"wp:attachment":[{"href":"https:\/\/reanpackaging.com\/de\/wp-json\/wp\/v2\/media?parent=8584"}],"wp:term":[{"taxonomy":"product_brand","embeddable":true,"href":"https:\/\/reanpackaging.com\/de\/wp-json\/wp\/v2\/product_brand?post=8584"},{"taxonomy":"product_cat","embeddable":true,"href":"https:\/\/reanpackaging.com\/de\/wp-json\/wp\/v2\/product_cat?post=8584"},{"taxonomy":"product_tag","embeddable":true,"href":"https:\/\/reanpackaging.com\/de\/wp-json\/wp\/v2\/product_tag?post=8584"}],"curies":[{"name":"wp","href":"https:\/\/api.w.org\/{rel}","templated":true}]}}