{"id":95411,"date":"2025-03-08T20:47:39","date_gmt":"2025-03-08T20:47:39","guid":{"rendered":"https:\/\/reanpackaging.com\/product\/luxury-custom-logo-magnetic-wine-box-empty-wine-bottle-packaging-with-leather-paper-sleeve-for-tequila-vodka-embossed-printing\/"},"modified":"2025-03-08T20:48:21","modified_gmt":"2025-03-08T20:48:21","slug":"luxury-custom-logo-magnetic-wine-box-empty-wine-bottle-packaging-with-leather-paper-sleeve-for-tequila-vodka-embossed-printing","status":"publish","type":"product","link":"https:\/\/reanpackaging.com\/de\/produkt\/luxury-custom-logo-magnetic-wine-box-empty-wine-bottle-packaging-with-leather-paper-sleeve-for-tequila-vodka-embossed-printing\/","title":{"rendered":"Luxus benutzerdefinierte Logo magnetische Wein-Box leere Weinflasche Verpackung mit Leder Papierh\u00fclle f\u00fcr Tequila &amp; Wodka gepr\u00e4gten Druck"},"content":{"rendered":"<h4>Branchenspezifische Attribute<\/h4>\n<table border=\"1\">\n<tr>\n<td><strong>Industrielle Nutzung<\/strong><\/td>\n<td>Getr\u00e4nke<\/td>\n<\/tr>\n<tr>\n<td><strong>Papierart<\/strong><\/td>\n<td>Pappe<\/td>\n<\/tr>\n<tr>\n<td><strong>Merkmal<\/strong><\/td>\n<td>Handgefertigt<\/td>\n<\/tr>\n<tr>\n<td><strong>Box-Typ<\/strong><\/td>\n<td>Andere<\/td>\n<\/tr>\n<\/table>\n<h4>Andere Attribute<\/h4>\n<table border=\"1\">\n<tr>\n<td><strong>Form<\/strong><\/td>\n<td>Benutzerdefinierte andere Form<\/td>\n<\/tr>\n<tr>\n<td><strong>Drucken Handhabung<\/strong><\/td>\n<td>Mattes Laminieren, Lackieren, Stanzen, Pr\u00e4gen, gl\u00e4nzendes Laminieren, UV-Lackieren, VANISHING, Goldfolie, individuelle Gestaltung<\/td>\n<\/tr>\n<tr>\n<td><strong>Individuelle Bestellung<\/strong><\/td>\n<td>Akzeptieren<\/td>\n<\/tr>\n<tr>\n<td><strong>Material<\/strong><\/td>\n<td>Pappe<\/td>\n<\/tr>\n<tr>\n<td><strong>Farbe<\/strong><\/td>\n<td>OEM<\/td>\n<\/tr>\n<tr>\n<td><strong>Funktion<\/strong><\/td>\n<td>Geschenkbox<\/td>\n<\/tr>\n<tr>\n<td><strong>Merkmal<\/strong><\/td>\n<td>Individuell geformt<\/td>\n<\/tr>\n<tr>\n<td><strong>Anmeldung<\/strong><\/td>\n<td>Lebensmittel und Getr\u00e4nke<\/td>\n<\/tr>\n<tr>\n<td><strong>Zertifikat<\/strong><\/td>\n<td>ISO9001\/BSCI<\/td>\n<\/tr>\n<tr>\n<td><strong>Drucktyp<\/strong><\/td>\n<td>Offsetdruck<\/td>\n<\/tr>\n<\/table>","protected":false},"excerpt":{"rendered":"<p>Industry-Specific Attributes Industrial Use Beverage Paper Type Paperboard Feature Handmade box type Others Other Attributes Shape Custom Different Shape Printing Handling Matt Lamination, Varnishing, Stamping, Embossing, Glossy Lamination, UV Coating, VANISHING, Gold Foil, Custom Design Custom Order Accept Material Paperboard Color OEM Function Gift Box Feature Custom Shaped Application Food and Beverage Certificate ISO9001\/BSCI Printing [&hellip;]<\/p>\n","protected":false},"featured_media":95136,"template":"","meta":{"_seopress_robots_primary_cat":"","_seopress_titles_title":"","_seopress_titles_desc":"","_seopress_robots_index":"","site-sidebar-layout":"default","site-content-layout":"","ast-site-content-layout":"default","site-content-style":"default","site-sidebar-style":"default","ast-global-header-display":"","ast-banner-title-visibility":"","ast-main-header-display":"","ast-hfb-above-header-display":"","ast-hfb-below-header-display":"","ast-hfb-mobile-header-display":"","site-post-title":"","ast-breadcrumbs-content":"","ast-featured-img":"","footer-sml-layout":"","ast-disable-related-posts":"","theme-transparent-header-meta":"","adv-header-id-meta":"","stick-header-meta":"","header-above-stick-meta":"","header-main-stick-meta":"","header-below-stick-meta":"","astra-migrate-meta-layouts":"default","ast-page-background-enabled":"default","ast-page-background-meta":{"desktop":{"background-color":"","background-image":"","background-repeat":"repeat","background-position":"center center","background-size":"auto","background-attachment":"scroll","background-type":"","background-media":"","overlay-type":"","overlay-color":"","overlay-opacity":"","overlay-gradient":""},"tablet":{"background-color":"","background-image":"","background-repeat":"repeat","background-position":"center center","background-size":"auto","background-attachment":"scroll","background-type":"","background-media":"","overlay-type":"","overlay-color":"","overlay-opacity":"","overlay-gradient":""},"mobile":{"background-color":"","background-image":"","background-repeat":"repeat","background-position":"center center","background-size":"auto","background-attachment":"scroll","background-type":"","background-media":"","overlay-type":"","overlay-color":"","overlay-opacity":"","overlay-gradient":""}},"ast-content-background-meta":{"desktop":{"background-color":"var(--ast-global-color-5)","background-image":"","background-repeat":"repeat","background-position":"center center","background-size":"auto","background-attachment":"scroll","background-type":"","background-media":"","overlay-type":"","overlay-color":"","overlay-opacity":"","overlay-gradient":""},"tablet":{"background-color":"var(--ast-global-color-5)","background-image":"","background-repeat":"repeat","background-position":"center center","background-size":"auto","background-attachment":"scroll","background-type":"","background-media":"","overlay-type":"","overlay-color":"","overlay-opacity":"","overlay-gradient":""},"mobile":{"background-color":"var(--ast-global-color-5)","background-image":"","background-repeat":"repeat","background-position":"center center","background-size":"auto","background-attachment":"scroll","background-type":"","background-media":"","overlay-type":"","overlay-color":"","overlay-opacity":"","overlay-gradient":""}}},"product_brand":[],"product_cat":[95],"product_tag":[],"class_list":{"0":"post-95411","1":"product","2":"type-product","3":"status-publish","4":"has-post-thumbnail","6":"product_cat-wine-box","7":"desktop-align-left","8":"tablet-align-left","9":"mobile-align-left","10":"ast-product-gallery-layout-horizontal","11":"ast-product-tabs-layout-horizontal","13":"first","14":"instock","15":"product-type-simple"},"_links":{"self":[{"href":"https:\/\/reanpackaging.com\/de\/wp-json\/wp\/v2\/product\/95411","targetHints":{"allow":["GET"]}}],"collection":[{"href":"https:\/\/reanpackaging.com\/de\/wp-json\/wp\/v2\/product"}],"about":[{"href":"https:\/\/reanpackaging.com\/de\/wp-json\/wp\/v2\/types\/product"}],"wp:featuredmedia":[{"embeddable":true,"href":"https:\/\/reanpackaging.com\/de\/wp-json\/wp\/v2\/media\/95136"}],"wp:attachment":[{"href":"https:\/\/reanpackaging.com\/de\/wp-json\/wp\/v2\/media?parent=95411"}],"wp:term":[{"taxonomy":"product_brand","embeddable":true,"href":"https:\/\/reanpackaging.com\/de\/wp-json\/wp\/v2\/product_brand?post=95411"},{"taxonomy":"product_cat","embeddable":true,"href":"https:\/\/reanpackaging.com\/de\/wp-json\/wp\/v2\/product_cat?post=95411"},{"taxonomy":"product_tag","embeddable":true,"href":"https:\/\/reanpackaging.com\/de\/wp-json\/wp\/v2\/product_tag?post=95411"}],"curies":[{"name":"wp","href":"https:\/\/api.w.org\/{rel}","templated":true}]}}