{"id":9993,"date":"2023-09-26T06:51:01","date_gmt":"2023-09-26T06:51:01","guid":{"rendered":"http:\/\/ibn.wyd.mybluehost.me\/reanpackaging.com\/product\/custom-luxury-clothing-retail-pink-gift-bag-bolsas-de-papel-shopping-packaging-paper-bags-with-your-own-logo-for-clothes\/"},"modified":"2023-09-26T06:51:02","modified_gmt":"2023-09-26T06:51:02","slug":"custom-luxury-clothing-retail-pink-gift-bag-bolsas-de-papel-shopping-packaging-paper-bags-with-your-own-logo-for-clothes","status":"publish","type":"product","link":"https:\/\/reanpackaging.com\/de\/produkt\/custom-luxury-clothing-retail-pink-gift-bag-bolsas-de-papel-shopping-packaging-paper-bags-with-your-own-logo-for-clothes\/","title":{"rendered":"Benutzerdefinierte Luxus Kleidung Einzelhandel rosa Geschenk Tasche Bolsas De Papel Einkaufen Verpackung Papiert\u00fcten mit Ihrem eigenen Logo f\u00fcr Kleidung"},"content":{"rendered":"<h4>Branchenspezifische Attribute<\/h4>\n<table border=\"1\">\n<tr>\n<td><strong>Industrielle Nutzung<\/strong><\/td>\n<td>Papiert\u00fcte<\/td>\n<\/tr>\n<tr>\n<td><strong>Papierart<\/strong><\/td>\n<td>Beschichtetes Papier<\/td>\n<\/tr>\n<tr>\n<td><strong>Merkmal<\/strong><\/td>\n<td>Wiederverwertbar<\/td>\n<\/tr>\n<\/table>\n<h4>Andere Attribute<\/h4>\n<table border=\"1\">\n<tr>\n<td><strong>Handhabung der Oberfl\u00e4che<\/strong><\/td>\n<td>Offsetdruck<\/td>\n<\/tr>\n<tr>\n<td><strong>Dichtung &amp; Griff<\/strong><\/td>\n<td>Handl\u00e4nge Handgriff<\/td>\n<\/tr>\n<tr>\n<td><strong>Individuelle Bestellung<\/strong><\/td>\n<td>Akzeptieren<\/td>\n<\/tr>\n<tr>\n<td><strong>Name des Erzeugnisses<\/strong><\/td>\n<td>Einkaufsverpackungen Papier Geschenkt\u00fcten<\/td>\n<\/tr>\n<tr>\n<td><strong>Industrielle Nutzung<\/strong><\/td>\n<td>Papiers\u00e4cke mit Griffen f\u00fcr Kleidungsst\u00fccke<\/td>\n<\/tr>\n<tr>\n<td><strong>Merkmal<\/strong><\/td>\n<td>Verpackungsbeutel<\/td>\n<\/tr>\n<tr>\n<td><strong>Gr\u00f6\u00dfe der Kraftpapiert\u00fcte<\/strong><\/td>\n<td>Benutzerdefiniert<\/td>\n<\/tr>\n<tr>\n<td><strong>Format der Druckvorlage<\/strong><\/td>\n<td>PDF, AI, CDR<\/td>\n<\/tr>\n<tr>\n<td><strong>Entwurfsdienstleistung<\/strong><\/td>\n<td>Kostenlos<\/td>\n<\/tr>\n<tr>\n<td><strong>OEM-Service<\/strong><\/td>\n<td>Willkommen<\/td>\n<\/tr>\n<tr>\n<td><strong>Probezeit<\/strong><\/td>\n<td>3-5 Arbeitstage<\/td>\n<\/tr>\n<tr>\n<td><strong>MOQ<\/strong><\/td>\n<td>1000 St\u00fcck<\/td>\n<\/tr>\n<\/table>\n<p><img decoding=\"async\" class=\"detail-desc-decorate-image\" src=\"http:\/\/ibn.wyd.mybluehost.me\/reanpackaging.com\/wp-content\/uploads\/2023\/09\/10-description-Custom-Luxury-Clothing-Retail-Pink-Gift-Bag-Bolsas-De-Papel-Shopping-Packaging-Paper-Bags-With-Your-Own-Logo-For-Clothes.jpg\" slate-data-type=\"image\" style=\"max-width: 100%; height: auto; display: block; margin: 0 auto;\"><br \/>\n<img decoding=\"async\" class=\"detail-desc-decorate-image\" src=\"http:\/\/ibn.wyd.mybluehost.me\/reanpackaging.com\/wp-content\/uploads\/2023\/09\/11-description-Custom-Luxury-Clothing-Retail-Pink-Gift-Bag-Bolsas-De-Papel-Shopping-Packaging-Paper-Bags-With-Your-Own-Logo-For-Clothes.jpg\" slate-data-type=\"image\" style=\"max-width: 100%; height: auto; display: block; margin: 0 auto;\"><br \/>\n<img decoding=\"async\" class=\"detail-desc-decorate-image\" src=\"http:\/\/ibn.wyd.mybluehost.me\/reanpackaging.com\/wp-content\/uploads\/2023\/09\/8-description-Custom-Luxury-Clothing-Retail-Pink-Gift-Bag-Bolsas-De-Papel-Shopping-Packaging-Paper-Bags-With-Your-Own-Logo-For-Clothes.jpg\" slate-data-type=\"image\" style=\"max-width: 100%; height: auto; display: block; margin: 0 auto;\"><br \/>\n<img decoding=\"async\" class=\"detail-desc-decorate-image\" src=\"http:\/\/ibn.wyd.mybluehost.me\/reanpackaging.com\/wp-content\/uploads\/2023\/09\/9-description-Custom-Luxury-Clothing-Retail-Pink-Gift-Bag-Bolsas-De-Papel-Shopping-Packaging-Paper-Bags-With-Your-Own-Logo-For-Clothes.jpg\" slate-data-type=\"image\" style=\"max-width: 100%; height: auto; display: block; margin: 0 auto;\"><\/p>","protected":false},"excerpt":{"rendered":"<p>Industry-Specific Attributes Industrial Use paper bag Paper Type Coated Paper Feature Recyclable Other Attributes Surface Handling Offset printing Sealing &#038; Handle Hand Length Handle Custom Order Accept Commodity name Shopping Packaging Paper Gift Bags Industrial Use Paper Bags With Handles For Clothes Feature Packaging bag Size of kraft paper bag Custom Artwork format PDF, AI, [&hellip;]<\/p>\n","protected":false},"featured_media":9910,"template":"","meta":{"_seopress_robots_primary_cat":"","_seopress_titles_title":"","_seopress_titles_desc":"","_seopress_robots_index":"","site-sidebar-layout":"default","site-content-layout":"","ast-site-content-layout":"default","site-content-style":"default","site-sidebar-style":"default","ast-global-header-display":"","ast-banner-title-visibility":"","ast-main-header-display":"","ast-hfb-above-header-display":"","ast-hfb-below-header-display":"","ast-hfb-mobile-header-display":"","site-post-title":"","ast-breadcrumbs-content":"","ast-featured-img":"","footer-sml-layout":"","ast-disable-related-posts":"","theme-transparent-header-meta":"","adv-header-id-meta":"","stick-header-meta":"","header-above-stick-meta":"","header-main-stick-meta":"","header-below-stick-meta":"","astra-migrate-meta-layouts":"default","ast-page-background-enabled":"default","ast-page-background-meta":{"desktop":{"background-color":"","background-image":"","background-repeat":"repeat","background-position":"center center","background-size":"auto","background-attachment":"scroll","background-type":"","background-media":"","overlay-type":"","overlay-color":"","overlay-opacity":"","overlay-gradient":""},"tablet":{"background-color":"","background-image":"","background-repeat":"repeat","background-position":"center center","background-size":"auto","background-attachment":"scroll","background-type":"","background-media":"","overlay-type":"","overlay-color":"","overlay-opacity":"","overlay-gradient":""},"mobile":{"background-color":"","background-image":"","background-repeat":"repeat","background-position":"center center","background-size":"auto","background-attachment":"scroll","background-type":"","background-media":"","overlay-type":"","overlay-color":"","overlay-opacity":"","overlay-gradient":""}},"ast-content-background-meta":{"desktop":{"background-color":"var(--ast-global-color-5)","background-image":"","background-repeat":"repeat","background-position":"center center","background-size":"auto","background-attachment":"scroll","background-type":"","background-media":"","overlay-type":"","overlay-color":"","overlay-opacity":"","overlay-gradient":""},"tablet":{"background-color":"var(--ast-global-color-5)","background-image":"","background-repeat":"repeat","background-position":"center center","background-size":"auto","background-attachment":"scroll","background-type":"","background-media":"","overlay-type":"","overlay-color":"","overlay-opacity":"","overlay-gradient":""},"mobile":{"background-color":"var(--ast-global-color-5)","background-image":"","background-repeat":"repeat","background-position":"center center","background-size":"auto","background-attachment":"scroll","background-type":"","background-media":"","overlay-type":"","overlay-color":"","overlay-opacity":"","overlay-gradient":""}}},"product_brand":[],"product_cat":[40,32],"product_tag":[],"class_list":{"0":"post-9993","1":"product","2":"type-product","3":"status-publish","4":"has-post-thumbnail","6":"product_cat-gift-bags","7":"product_cat-retail-packaging","8":"desktop-align-left","9":"tablet-align-left","10":"mobile-align-left","11":"ast-product-gallery-layout-horizontal","12":"ast-product-tabs-layout-horizontal","14":"first","15":"instock","16":"product-type-simple"},"_links":{"self":[{"href":"https:\/\/reanpackaging.com\/de\/wp-json\/wp\/v2\/product\/9993","targetHints":{"allow":["GET"]}}],"collection":[{"href":"https:\/\/reanpackaging.com\/de\/wp-json\/wp\/v2\/product"}],"about":[{"href":"https:\/\/reanpackaging.com\/de\/wp-json\/wp\/v2\/types\/product"}],"wp:featuredmedia":[{"embeddable":true,"href":"https:\/\/reanpackaging.com\/de\/wp-json\/wp\/v2\/media\/9910"}],"wp:attachment":[{"href":"https:\/\/reanpackaging.com\/de\/wp-json\/wp\/v2\/media?parent=9993"}],"wp:term":[{"taxonomy":"product_brand","embeddable":true,"href":"https:\/\/reanpackaging.com\/de\/wp-json\/wp\/v2\/product_brand?post=9993"},{"taxonomy":"product_cat","embeddable":true,"href":"https:\/\/reanpackaging.com\/de\/wp-json\/wp\/v2\/product_cat?post=9993"},{"taxonomy":"product_tag","embeddable":true,"href":"https:\/\/reanpackaging.com\/de\/wp-json\/wp\/v2\/product_tag?post=9993"}],"curies":[{"name":"wp","href":"https:\/\/api.w.org\/{rel}","templated":true}]}}