{"id":17200,"date":"2024-04-28T15:56:49","date_gmt":"2024-04-28T15:56:49","guid":{"rendered":"https:\/\/reanpackaging.com\/product\/custom-kraft-wine-carrier-paper-bag-2-bottle-for-wineries-gift-shops-paperboard-paper-bag-with-die-cut-window-carrying-handle\/"},"modified":"2024-10-01T16:32:54","modified_gmt":"2024-10-01T16:32:54","slug":"custom-kraft-wine-carrier-paper-bag-2-bottle-for-wineries-gift-shops-paperboard-paper-bag-with-die-cut-window-carrying-handle","status":"publish","type":"product","link":"https:\/\/reanpackaging.com\/el\/product\/custom-kraft-wine-carrier-paper-bag-2-bottle-for-wineries-gift-shops-paperboard-paper-bag-with-die-cut-window-carrying-handle\/","title":{"rendered":"\u03a0\u03c1\u03bf\u03c3\u03b1\u03c1\u03bc\u03bf\u03c3\u03bc\u03ad\u03bd\u03b7 Kraft \u03ba\u03c1\u03b1\u03c3\u03af \u03bc\u03b5\u03c4\u03b1\u03c6\u03bf\u03c1\u03ad\u03b1 \u03c7\u03b1\u03c1\u03c4\u03af \u03c4\u03c3\u03ac\u03bd\u03c4\u03b1 2 \u03bc\u03c0\u03bf\u03c5\u03ba\u03ac\u03bb\u03b9 \u03b3\u03b9\u03b1 \u03bf\u03b9\u03bd\u03bf\u03c0\u03bf\u03b9\u03b5\u03af\u03b1 \u03ba\u03b1\u03c4\u03b1\u03c3\u03c4\u03ae\u03bc\u03b1\u03c4\u03b1 \u03b4\u03ce\u03c1\u03c9\u03bd \u03c7\u03b1\u03c1\u03c4\u03cc\u03bd\u03b9 \u03c7\u03b1\u03c1\u03c4\u03af \u03c4\u03c3\u03ac\u03bd\u03c4\u03b1 \u03bc\u03b5 Die-cut \u03c0\u03b1\u03c1\u03ac\u03b8\u03c5\u03c1\u03bf \u03bb\u03b1\u03b2\u03ae \u03bc\u03b5\u03c4\u03b1\u03c6\u03bf\u03c1\u03ac\u03c2"},"content":{"rendered":"<h4>\u03a7\u03b1\u03c1\u03b1\u03ba\u03c4\u03b7\u03c1\u03b9\u03c3\u03c4\u03b9\u03ba\u03ac \u03b5\u03b9\u03b4\u03b9\u03ba\u03ac \u03b3\u03b9\u03b1 \u03c4\u03b7 \u03b2\u03b9\u03bf\u03bc\u03b7\u03c7\u03b1\u03bd\u03af\u03b1<\/h4>\n<table border=\"1\">\n<tr>\n<td><strong>\u0392\u03b9\u03bf\u03bc\u03b7\u03c7\u03b1\u03bd\u03b9\u03ba\u03ae \u03c7\u03c1\u03ae\u03c3\u03b7<\/strong><\/td>\n<td>\u0394\u03ce\u03c1\u03bf &amp; \u03a7\u03b5\u03b9\u03c1\u03bf\u03c4\u03b5\u03c7\u03bd\u03af\u03b1<\/td>\n<\/tr>\n<tr>\n<td><strong>\u03a4\u03cd\u03c0\u03bf\u03c2 \u03c7\u03b1\u03c1\u03c4\u03b9\u03bf\u03cd<\/strong><\/td>\n<td>\u03c7\u03b1\u03c1\u03c4\u03af \u03ba\u03c1\u03b1\u03c6\u03c4 \/ \u03c7\u03b1\u03c1\u03c4\u03bf\u03c3\u03b1\u03ba\u03bf\u03cd\u03bb\u03b1<\/td>\n<\/tr>\n<tr>\n<td><strong>\u03a7\u03b1\u03c1\u03b1\u03ba\u03c4\u03b7\u03c1\u03b9\u03c3\u03c4\u03b9\u03ba\u03cc \u03b3\u03bd\u03ce\u03c1\u03b9\u03c3\u03bc\u03b1<\/strong><\/td>\n<td>\u0391\u03bd\u03b1\u03ba\u03c5\u03ba\u03bb\u03ce\u03c3\u03b9\u03bc\u03b1<\/td>\n<\/tr>\n<\/table>\n<h4>\u0386\u03bb\u03bb\u03b1 \u03c7\u03b1\u03c1\u03b1\u03ba\u03c4\u03b7\u03c1\u03b9\u03c3\u03c4\u03b9\u03ba\u03ac<\/h4>\n<table border=\"1\">\n<tr>\n<td><strong>\u03a4\u03cc\u03c0\u03bf\u03c2 \u03c0\u03c1\u03bf\u03ad\u03bb\u03b5\u03c5\u03c3\u03b7\u03c2<\/strong><\/td>\n<td>\u039a\u03af\u03bd\u03b1<\/td>\n<\/tr>\n<tr>\n<td><strong>\u038c\u03bd\u03bf\u03bc\u03b1 \u03bc\u03ac\u03c1\u03ba\u03b1\u03c2<\/strong><\/td>\n<td>\u03a0\u03b1\u03ba\u03ad\u03c4\u03bf Maibao<\/td>\n<\/tr>\n<tr>\n<td><strong>\u0391\u03c1\u03b9\u03b8\u03bc\u03cc\u03c2 \u03bc\u03bf\u03bd\u03c4\u03ad\u03bb\u03bf\u03c5<\/strong><\/td>\n<td>MB-KP3<\/td>\n<\/tr>\n<tr>\n<td><strong>\u03a7\u03b5\u03b9\u03c1\u03b9\u03c3\u03bc\u03cc\u03c2 \u03b5\u03c0\u03b9\u03c6\u03ac\u03bd\u03b5\u03b9\u03b1\u03c2<\/strong><\/td>\n<td>\u0395\u03ba\u03c4\u03cd\u03c0\u03c9\u03c3\u03b7 Offset<\/td>\n<\/tr>\n<tr>\n<td><strong>\u03a3\u03c6\u03c1\u03ac\u03b3\u03b9\u03c3\u03b7 &amp; \u03bb\u03b1\u03b2\u03ae<\/strong><\/td>\n<td>\u039b\u03b1\u03b2\u03ae \u03bc\u03ae\u03ba\u03bf\u03c5\u03c2 \u03c7\u03b5\u03c1\u03b9\u03bf\u03cd<\/td>\n<\/tr>\n<tr>\n<td><strong>\u03a0\u03c1\u03bf\u03c3\u03b1\u03c1\u03bc\u03bf\u03c3\u03bc\u03ad\u03bd\u03b7 \u03c0\u03b1\u03c1\u03b1\u03b3\u03b3\u03b5\u03bb\u03af\u03b1<\/strong><\/td>\n<td>\u0391\u03c0\u03bf\u03b4\u03bf\u03c7\u03ae<\/td>\n<\/tr>\n<tr>\n<td><strong>\u039c\u03ad\u03b3\u03b5\u03b8\u03bf\u03c2<\/strong><\/td>\n<td>5\u00d73.75\u00d78,5.25x3x8.5,8\u00d74.75\u00d710,10x5x13,16x6x12inches, or Customized<\/td>\n<\/tr>\n<tr>\n<td><strong>\u03a7\u03b5\u03b9\u03c1\u03b9\u03c3\u03bc\u03cc\u03c2 \u03b5\u03c0\u03b9\u03c6\u03ac\u03bd\u03b5\u03b9\u03b1\u03c2<\/strong><\/td>\n<td>\u0395\u03ba\u03c4\u03cd\u03c0\u03c9\u03c3\u03b7 Flexo, \u03b3\u03c5\u03b1\u03bb\u03b9\u03c3\u03c4\u03b5\u03c1\u03ae\/\u03bc\u03b1\u03c4 \u03c0\u03bb\u03b1\u03c3\u03c4\u03b9\u03ba\u03bf\u03c0\u03bf\u03af\u03b7\u03c3\u03b7, Spot UV, \u03c7\u03c1\u03c5\u03c3\u03ae\/\u03b1\u03c3\u03b7\u03bc\u03ad\u03bd\u03b9\u03b1 \u03b8\u03b5\u03c1\u03bc\u03ae \u03c3\u03c6\u03c1\u03ac\u03b3\u03b9\u03c3\u03b7<\/td>\n<\/tr>\n<tr>\n<td><strong>\u03a7\u03c1\u03ce\u03bc\u03b1<\/strong><\/td>\n<td>\u039a\u03b1\u03c6\u03ad, \u03bb\u03b5\u03c5\u03ba\u03cc \u03ba\u03b1\u03b9 \u03ac\u03bb\u03bb\u03b1 \u03c7\u03c1\u03ce\u03bc\u03b1\u03c4\u03b1 CMYK\/Pantone, \u03ad\u03c9\u03c2 \u03ba\u03b1\u03b9 10 \u03c7\u03c1\u03ce\u03bc\u03b1\u03c4\u03b1<\/td>\n<\/tr>\n<tr>\n<td><strong>\u03a0\u03ac\u03c7\u03bf\u03c2<\/strong><\/td>\n<td>80gsm, 90gsm, 100gsm, 110gsm, 120gsm \u03ae \u03c0\u03c1\u03bf\u03c3\u03b1\u03c1\u03bc\u03bf\u03c3\u03bc\u03ad\u03bd\u03bf<\/td>\n<\/tr>\n<tr>\n<td><strong>\u03a3\u03c6\u03c1\u03ac\u03b3\u03b9\u03c3\u03b7 &amp; \u03bb\u03b1\u03b2\u03ae<\/strong><\/td>\n<td>\u03a3\u03c4\u03c1\u03b9\u03c6\u03c4\u03ae \u03bb\u03b1\u03b2\u03ae, \u03b5\u03c0\u03af\u03c0\u03b5\u03b4\u03b7 \u03bb\u03b1\u03b2\u03ae, \u03bb\u03b1\u03b2\u03ae \u03ba\u03bf\u03c0\u03ae\u03c2, \u03ba\u03bf\u03c1\u03b4\u03ad\u03bb\u03b1, \u03c3\u03c7\u03bf\u03b9\u03bd\u03af PP, \u03b2\u03b1\u03bc\u03b2\u03ac\u03ba\u03b9 \u03ba.\u03bb\u03c0.<\/td>\n<\/tr>\n<tr>\n<td><strong>\u03a4\u03cd\u03c0\u03bf\u03c2 \u03bc\u03b5\u03bb\u03b1\u03bd\u03b9\u03bf\u03cd<\/strong><\/td>\n<td>\u039f\u03b9\u03ba\u03bf\u03bb\u03bf\u03b3\u03b9\u03ba\u03cc \u03bc\u03b5\u03bb\u03ac\u03bd\u03b9 \u03c3\u03cc\u03b3\u03b9\u03b1\u03c2 \u03bc\u03b5 \u03b2\u03ac\u03c3\u03b7 \u03c4\u03bf \u03bd\u03b5\u03c1\u03cc<\/td>\n<\/tr>\n<tr>\n<td><strong>\u03a3\u03c4\u03bf\u03b9\u03c7\u03b5\u03af\u03bf<\/strong><\/td>\n<td>\u039a\u03b1\u03c6\u03ad \u03c7\u03b1\u03c1\u03c4\u03bf\u03c3\u03b1\u03ba\u03bf\u03cd\u03bb\u03b1 Kraft Craft \u03bc\u03b5 \u03bb\u03b1\u03b2\u03ad\u03c2<\/td>\n<\/tr>\n<tr>\n<td><strong>\u0392\u03b9\u03bf\u03bc\u03b7\u03c7\u03b1\u03bd\u03b9\u03ba\u03ae \u03c7\u03c1\u03ae\u03c3\u03b7<\/strong><\/td>\n<td>\u03a4\u03c1\u03cc\u03c6\u03b9\u03bc\u03b1 \u03a0\u03bf\u03c4\u03ac \u0391\u03b3\u03bf\u03c1\u03ad\u03c2 \u03b4\u03ce\u03c1\u03c9\u03bd \u03a3\u03c5\u03c3\u03ba\u03b5\u03c5\u03b1\u03c3\u03af\u03b1 \u03c3\u03c5\u03c3\u03ba\u03b5\u03c5\u03b1\u03c3\u03af\u03b1\u03c2<\/td>\n<\/tr>\n<tr>\n<td><strong>\u03a7\u03c1\u03ae\u03c3\u03b7<\/strong><\/td>\n<td>\u03a4\u03c1\u03cc\u03c6\u03b9\u03bc\u03b1 \u03a0\u03bf\u03c4\u03ac \u0391\u03b3\u03bf\u03c1\u03ad\u03c2 \u03b4\u03ce\u03c1\u03c9\u03bd \u0388\u03bd\u03b4\u03c5\u03c3\u03b7<\/td>\n<\/tr>\n<\/table>\n<p><img decoding=\"async\" class=\"detail-desc-decorate-image\" src=\"https:\/\/reanpackaging.com\/wp-content\/uploads\/2024\/04\/3-description-Custom-Kraft-Wine-Carrier-Paper-Bag-2-Bottle-for-wineries-gift-shops-paperboard-Paper-Bag-with-Die-cut-window-carrying-handle.jpg\" slate-data-type=\"image\" style=\"max-width: 100%; height: auto; display: block; margin: 0 auto;\"><br \/>\n<img decoding=\"async\" class=\"detail-desc-decorate-image\" src=\"https:\/\/reanpackaging.com\/wp-content\/uploads\/2024\/04\/5-description-Custom-Kraft-Wine-Carrier-Paper-Bag-2-Bottle-for-wineries-gift-shops-paperboard-Paper-Bag-with-Die-cut-window-carrying-handle.jpg\" slate-data-type=\"image\" style=\"max-width: 100%; height: auto; display: block; margin: 0 auto;\"><br \/>\n<img decoding=\"async\" class=\"detail-desc-decorate-image\" src=\"https:\/\/reanpackaging.com\/wp-content\/uploads\/2024\/04\/7-description-Custom-Kraft-Wine-Carrier-Paper-Bag-2-Bottle-for-wineries-gift-shops-paperboard-Paper-Bag-with-Die-cut-window-carrying-handle.jpg\" slate-data-type=\"image\" style=\"max-width: 100%; height: auto; display: block; margin: 0 auto;\"><br \/>\n<img decoding=\"async\" class=\"detail-desc-decorate-image\" src=\"https:\/\/reanpackaging.com\/wp-content\/uploads\/2024\/04\/8-description-Custom-Kraft-Wine-Carrier-Paper-Bag-2-Bottle-for-wineries-gift-shops-paperboard-Paper-Bag-with-Die-cut-window-carrying-handle.jpg\" slate-data-type=\"image\" style=\"max-width: 100%; height: auto; display: block; margin: 0 auto;\"><br \/>\n<img decoding=\"async\" class=\"detail-desc-decorate-image\" src=\"https:\/\/reanpackaging.com\/wp-content\/uploads\/2024\/04\/9-description-Custom-Kraft-Wine-Carrier-Paper-Bag-2-Bottle-for-wineries-gift-shops-paperboard-Paper-Bag-with-Die-cut-window-carrying-handle.jpg\" slate-data-type=\"image\" style=\"max-width: 100%; height: auto; display: block; margin: 0 auto;\"><\/p>","protected":false},"excerpt":{"rendered":"<p>Industry-Specific Attributes Industrial Use Gift &#038; Craft Paper Type kraft paper\/craft paper bag Feature Recyclable Other Attributes Place of Origin China Brand Name Maibao Package Model Number MB&#8211;KP3 Surface Handling Offset printing Sealing &#038; Handle Hand Length Handle Custom Order Accept Size 5&#215;3.75&#215;8,5.25x3x8.5,8&#215;4.75&#215;10,10x5x13,16x6x12inches, or Customized Surface Handling Flexo Printing,Glossy\/Matt Lamination,Spot UV,Gold\/Silver Hot Stamping Color Brown, [&hellip;]<\/p>\n","protected":false},"featured_media":16967,"template":"","meta":{"_seopress_robots_primary_cat":"none","_seopress_titles_title":"","_seopress_titles_desc":"","_seopress_robots_index":"","site-sidebar-layout":"default","site-content-layout":"","ast-site-content-layout":"default","site-content-style":"default","site-sidebar-style":"default","ast-global-header-display":"","ast-banner-title-visibility":"","ast-main-header-display":"","ast-hfb-above-header-display":"","ast-hfb-below-header-display":"","ast-hfb-mobile-header-display":"","site-post-title":"","ast-breadcrumbs-content":"","ast-featured-img":"","footer-sml-layout":"","ast-disable-related-posts":"","theme-transparent-header-meta":"default","adv-header-id-meta":"","stick-header-meta":"default","header-above-stick-meta":"","header-main-stick-meta":"","header-below-stick-meta":"","astra-migrate-meta-layouts":"set","ast-page-background-enabled":"default","ast-page-background-meta":{"desktop":{"background-color":"","background-image":"","background-repeat":"repeat","background-position":"center center","background-size":"auto","background-attachment":"scroll","background-type":"","background-media":"","overlay-type":"","overlay-color":"","overlay-opacity":"","overlay-gradient":""},"tablet":{"background-color":"","background-image":"","background-repeat":"repeat","background-position":"center center","background-size":"auto","background-attachment":"scroll","background-type":"","background-media":"","overlay-type":"","overlay-color":"","overlay-opacity":"","overlay-gradient":""},"mobile":{"background-color":"","background-image":"","background-repeat":"repeat","background-position":"center center","background-size":"auto","background-attachment":"scroll","background-type":"","background-media":"","overlay-type":"","overlay-color":"","overlay-opacity":"","overlay-gradient":""}},"ast-content-background-meta":{"desktop":{"background-color":"var(--ast-global-color-5)","background-image":"","background-repeat":"repeat","background-position":"center center","background-size":"auto","background-attachment":"scroll","background-type":"","background-media":"","overlay-type":"","overlay-color":"","overlay-opacity":"","overlay-gradient":""},"tablet":{"background-color":"var(--ast-global-color-5)","background-image":"","background-repeat":"repeat","background-position":"center center","background-size":"auto","background-attachment":"scroll","background-type":"","background-media":"","overlay-type":"","overlay-color":"","overlay-opacity":"","overlay-gradient":""},"mobile":{"background-color":"var(--ast-global-color-5)","background-image":"","background-repeat":"repeat","background-position":"center center","background-size":"auto","background-attachment":"scroll","background-type":"","background-media":"","overlay-type":"","overlay-color":"","overlay-opacity":"","overlay-gradient":""}}},"product_brand":[],"product_cat":[59],"product_tag":[],"class_list":{"0":"post-17200","1":"product","2":"type-product","3":"status-publish","4":"has-post-thumbnail","6":"product_cat-paper-wine-bag","7":"desktop-align-left","8":"tablet-align-left","9":"mobile-align-left","10":"ast-product-gallery-layout-horizontal","11":"ast-product-tabs-layout-horizontal","13":"first","14":"instock","15":"purchasable","16":"product-type-simple"},"_links":{"self":[{"href":"https:\/\/reanpackaging.com\/el\/wp-json\/wp\/v2\/product\/17200","targetHints":{"allow":["GET"]}}],"collection":[{"href":"https:\/\/reanpackaging.com\/el\/wp-json\/wp\/v2\/product"}],"about":[{"href":"https:\/\/reanpackaging.com\/el\/wp-json\/wp\/v2\/types\/product"}],"wp:featuredmedia":[{"embeddable":true,"href":"https:\/\/reanpackaging.com\/el\/wp-json\/wp\/v2\/media\/16967"}],"wp:attachment":[{"href":"https:\/\/reanpackaging.com\/el\/wp-json\/wp\/v2\/media?parent=17200"}],"wp:term":[{"taxonomy":"product_brand","embeddable":true,"href":"https:\/\/reanpackaging.com\/el\/wp-json\/wp\/v2\/product_brand?post=17200"},{"taxonomy":"product_cat","embeddable":true,"href":"https:\/\/reanpackaging.com\/el\/wp-json\/wp\/v2\/product_cat?post=17200"},{"taxonomy":"product_tag","embeddable":true,"href":"https:\/\/reanpackaging.com\/el\/wp-json\/wp\/v2\/product_tag?post=17200"}],"curies":[{"name":"wp","href":"https:\/\/api.w.org\/{rel}","templated":true}]}}