{"id":10003,"date":"2023-09-26T06:51:01","date_gmt":"2023-09-26T06:51:01","guid":{"rendered":"http:\/\/ibn.wyd.mybluehost.me\/reanpackaging.com\/product\/organza-pouches-candy-bags-9x12-10x15-red-sheer-organza-gift-bag-with-ribbon-bow-drawstring-organza-bag-for-cosmetics-jewelry\/"},"modified":"2024-10-01T16:48:08","modified_gmt":"2024-10-01T16:48:08","slug":"organza-pouches-candy-bags-9x12-10x15-red-sheer-organza-gift-bag-with-ribbon-bow-drawstring-organza-bag-for-cosmetics-jewelry","status":"publish","type":"product","link":"https:\/\/reanpackaging.com\/es\/producto\/organza-pouches-candy-bags-9x12-10x15-red-sheer-organza-gift-bag-with-ribbon-bow-drawstring-organza-bag-for-cosmetics-jewelry\/","title":{"rendered":"Organza Bolsas Bolsas de caramelos 9X12 10X15 Rojo Sheer Organza Bolsa de regalo con lazo de cinta de cord\u00f3n bolsa de organza para cosm\u00e9ticos Joyer\u00eda"},"content":{"rendered":"<\/table>\n<h4>Otros atributos<\/h4>\n<table border=\"1\">\n<tr>\n<td><strong>Material<\/strong><\/td>\n<td>Organza<\/td>\n<\/tr>\n<tr>\n<td><strong>Uso industrial<\/strong><\/td>\n<td>CANDY<\/td>\n<\/tr>\n<tr>\n<td><strong>Material<\/strong><\/td>\n<td>Organza<\/td>\n<\/tr>\n<tr>\n<td><strong>Nombre del producto<\/strong><\/td>\n<td>Bolsa de regalo de organza con lazo de cinta Bolsa de organza con cord\u00f3n para cosm\u00e9ticos<\/td>\n<\/tr>\n<tr>\n<td><strong>Talla<\/strong><\/td>\n<td>5x7cm, 8x12cm, 10x15cm, 20x30cm, 30x40cm o cualquier otro tama\u00f1o personalizado<\/td>\n<\/tr>\n<tr>\n<td><strong>Color<\/strong><\/td>\n<td>Color natural, marfil, negro, azul, rosa, rojo o cualquier otro color.<\/td>\n<\/tr>\n<tr>\n<td><strong>Estilo<\/strong><\/td>\n<td>Cord\u00f3n, mochila, lujo<\/td>\n<\/tr>\n<tr>\n<td><strong>LOGO<\/strong><\/td>\n<td>Acepta LOGO personalizado<\/td>\n<\/tr>\n<tr>\n<td><strong>Impresi\u00f3n de LOGOTIPOS<\/strong><\/td>\n<td>serigraf\u00eda, l\u00e1mina de oro, bordado, relieve, etiqueta de costura...etc.<\/td>\n<\/tr>\n<tr>\n<td><strong>Aplicaci\u00f3n<\/strong><\/td>\n<td>Promoci\u00f3n, paquete de regalo, bolsa de joyer\u00eda, bolsa de zapatos, bolsa de polvo de bolso...etc.<\/td>\n<\/tr>\n<tr>\n<td><strong>Espesor<\/strong><\/td>\n<td>120GSM ~ 250GSM<\/td>\n<\/tr>\n<tr>\n<td><strong>Condiciones comerciales<\/strong><\/td>\n<td>EXW, Puerta a Puerta, FOB...<\/td>\n<\/tr>\n<\/table>\n<p><img decoding=\"async\" class=\"detail-desc-decorate-image\" src=\"http:\/\/ibn.wyd.mybluehost.me\/reanpackaging.com\/wp-content\/uploads\/2023\/09\/7-description-Organza-Pouches-Candy-Bags-9X12-10X15-Red-Sheer-Organza-Gift-Bag-With-Ribbon-Bow-Drawstring-Organza-Bag-For-Cosmetics-Jewelry.jpg\" slate-data-type=\"image\" style=\"max-width: 100%; height: auto; display: block; margin: 0 auto;\"><br \/>\n<img decoding=\"async\" class=\"detail-desc-decorate-image\" src=\"http:\/\/ibn.wyd.mybluehost.me\/reanpackaging.com\/wp-content\/uploads\/2023\/09\/8-description-Organza-Pouches-Candy-Bags-9X12-10X15-Red-Sheer-Organza-Gift-Bag-With-Ribbon-Bow-Drawstring-Organza-Bag-For-Cosmetics-Jewelry.jpg\" slate-data-type=\"image\" style=\"max-width: 100%; height: auto; display: block; margin: 0 auto;\"><br \/>\n<img decoding=\"async\" class=\"detail-desc-decorate-image\" src=\"http:\/\/ibn.wyd.mybluehost.me\/reanpackaging.com\/wp-content\/uploads\/2023\/09\/9-description-Organza-Pouches-Candy-Bags-9X12-10X15-Red-Sheer-Organza-Gift-Bag-With-Ribbon-Bow-Drawstring-Organza-Bag-For-Cosmetics-Jewelry.jpg\" slate-data-type=\"image\" style=\"max-width: 100%; height: auto; display: block; margin: 0 auto;\"><\/p>","protected":false},"excerpt":{"rendered":"<p>Other Attributes Material Organza Industrial Use CANDY Material Organza Product name Organza Gift Bag with Ribbon Bow Drawstring Organza Bag for Cosmetics Size 5x7cm, 8x12cm, 10x15cm, 20x30cm, 30x40cm or any other customized sizes Color Natural color, ivory, black, blue, pink, red or any other colors. Style Drawstring, backpack, luxury LOGO Accept customized LOGO LOGO printing [&hellip;]<\/p>\n","protected":false},"featured_media":9961,"template":"","meta":{"_seopress_robots_primary_cat":"none","_seopress_titles_title":"","_seopress_titles_desc":"","_seopress_robots_index":"","site-sidebar-layout":"default","site-content-layout":"","ast-site-content-layout":"default","site-content-style":"default","site-sidebar-style":"default","ast-global-header-display":"","ast-banner-title-visibility":"","ast-main-header-display":"","ast-hfb-above-header-display":"","ast-hfb-below-header-display":"","ast-hfb-mobile-header-display":"","site-post-title":"","ast-breadcrumbs-content":"","ast-featured-img":"","footer-sml-layout":"","ast-disable-related-posts":"","theme-transparent-header-meta":"default","adv-header-id-meta":"","stick-header-meta":"default","header-above-stick-meta":"","header-main-stick-meta":"","header-below-stick-meta":"","astra-migrate-meta-layouts":"set","ast-page-background-enabled":"default","ast-page-background-meta":{"desktop":{"background-color":"","background-image":"","background-repeat":"repeat","background-position":"center center","background-size":"auto","background-attachment":"scroll","background-type":"","background-media":"","overlay-type":"","overlay-color":"","overlay-opacity":"","overlay-gradient":""},"tablet":{"background-color":"","background-image":"","background-repeat":"repeat","background-position":"center center","background-size":"auto","background-attachment":"scroll","background-type":"","background-media":"","overlay-type":"","overlay-color":"","overlay-opacity":"","overlay-gradient":""},"mobile":{"background-color":"","background-image":"","background-repeat":"repeat","background-position":"center center","background-size":"auto","background-attachment":"scroll","background-type":"","background-media":"","overlay-type":"","overlay-color":"","overlay-opacity":"","overlay-gradient":""}},"ast-content-background-meta":{"desktop":{"background-color":"var(--ast-global-color-5)","background-image":"","background-repeat":"repeat","background-position":"center center","background-size":"auto","background-attachment":"scroll","background-type":"","background-media":"","overlay-type":"","overlay-color":"","overlay-opacity":"","overlay-gradient":""},"tablet":{"background-color":"var(--ast-global-color-5)","background-image":"","background-repeat":"repeat","background-position":"center center","background-size":"auto","background-attachment":"scroll","background-type":"","background-media":"","overlay-type":"","overlay-color":"","overlay-opacity":"","overlay-gradient":""},"mobile":{"background-color":"var(--ast-global-color-5)","background-image":"","background-repeat":"repeat","background-position":"center center","background-size":"auto","background-attachment":"scroll","background-type":"","background-media":"","overlay-type":"","overlay-color":"","overlay-opacity":"","overlay-gradient":""}}},"product_brand":[],"product_cat":[40,32],"product_tag":[],"class_list":{"0":"post-10003","1":"product","2":"type-product","3":"status-publish","4":"has-post-thumbnail","6":"product_cat-gift-bags","7":"product_cat-retail-packaging","8":"desktop-align-left","9":"tablet-align-left","10":"mobile-align-left","11":"ast-product-gallery-layout-horizontal","12":"ast-product-tabs-layout-horizontal","14":"first","15":"instock","16":"purchasable","17":"product-type-simple"},"_links":{"self":[{"href":"https:\/\/reanpackaging.com\/es\/wp-json\/wp\/v2\/product\/10003","targetHints":{"allow":["GET"]}}],"collection":[{"href":"https:\/\/reanpackaging.com\/es\/wp-json\/wp\/v2\/product"}],"about":[{"href":"https:\/\/reanpackaging.com\/es\/wp-json\/wp\/v2\/types\/product"}],"wp:featuredmedia":[{"embeddable":true,"href":"https:\/\/reanpackaging.com\/es\/wp-json\/wp\/v2\/media\/9961"}],"wp:attachment":[{"href":"https:\/\/reanpackaging.com\/es\/wp-json\/wp\/v2\/media?parent=10003"}],"wp:term":[{"taxonomy":"product_brand","embeddable":true,"href":"https:\/\/reanpackaging.com\/es\/wp-json\/wp\/v2\/product_brand?post=10003"},{"taxonomy":"product_cat","embeddable":true,"href":"https:\/\/reanpackaging.com\/es\/wp-json\/wp\/v2\/product_cat?post=10003"},{"taxonomy":"product_tag","embeddable":true,"href":"https:\/\/reanpackaging.com\/es\/wp-json\/wp\/v2\/product_tag?post=10003"}],"curies":[{"name":"wp","href":"https:\/\/api.w.org\/{rel}","templated":true}]}}