{"id":10667,"date":"2023-09-27T07:08:01","date_gmt":"2023-09-27T07:08:01","guid":{"rendered":"http:\/\/ibn.wyd.mybluehost.me\/reanpackaging.com\/product\/custom-print-logo-plastic-ziplock-pouch-zip-lock-pvc-small-square-frosted-zipper-bag-6cm-for-earring-necklace-jewelry-packaging\/"},"modified":"2024-10-01T16:44:17","modified_gmt":"2024-10-01T16:44:17","slug":"custom-print-logo-plastic-ziplock-pouch-zip-lock-pvc-small-square-frosted-zipper-bag-6cm-for-earring-necklace-jewelry-packaging","status":"publish","type":"product","link":"https:\/\/reanpackaging.com\/es\/producto\/custom-print-logo-plastic-ziplock-pouch-zip-lock-pvc-small-square-frosted-zipper-bag-6cm-for-earring-necklace-jewelry-packaging\/","title":{"rendered":"Personalizado Imprimir Logo Bolsa Ziplock pl\u00e1stico Zip Lock Pvc Peque\u00f1o Cuadrado Esmerilado Cremallera Bolsa 6Cm Para Pendientes Collar Joyer\u00eda Embalaje"},"content":{"rendered":"<h4>Atributos espec\u00edficos del sector<\/h4>\n<table border=\"1\">\n<tr>\n<td><strong>Uso industrial<\/strong><\/td>\n<td>Joyer\u00eda &amp; Relojer\u00eda &amp; Gafas<\/td>\n<\/tr>\n<tr>\n<td><strong>Tipo de bolsa<\/strong><\/td>\n<td>Bolsa con cremallera<\/td>\n<\/tr>\n<tr>\n<td><strong>Caracter\u00edstica<\/strong><\/td>\n<td>Reciclable<\/td>\n<\/tr>\n<tr>\n<td><strong>Tipo de pl\u00e1stico<\/strong><\/td>\n<td>PVC<\/td>\n<\/tr>\n<\/table>\n<h4>Otros atributos<\/h4>\n<table border=\"1\">\n<tr>\n<td><strong>Manipulaci\u00f3n de superficies<\/strong><\/td>\n<td>Serigraf\u00eda<\/td>\n<\/tr>\n<tr>\n<td><strong>Estructura material<\/strong><\/td>\n<td>PVC<\/td>\n<\/tr>\n<tr>\n<td><strong>Sellado y asa<\/strong><\/td>\n<td>Cremallera superior<\/td>\n<\/tr>\n<tr>\n<td><strong>Pedido a medida<\/strong><\/td>\n<td>Acepte<\/td>\n<\/tr>\n<tr>\n<td><strong>Nombre del producto<\/strong><\/td>\n<td>Envasado de joyas Bolsa Ziplock<\/td>\n<\/tr>\n<tr>\n<td><strong>OEM<\/strong><\/td>\n<td>Asistencia OEM<\/td>\n<\/tr>\n<tr>\n<td><strong>Color<\/strong><\/td>\n<td>hasta 10 o Color personalizado<\/td>\n<\/tr>\n<tr>\n<td><strong>Talla<\/strong><\/td>\n<td>Se aceptan tallas especiales<\/td>\n<\/tr>\n<tr>\n<td><strong>Logotipo<\/strong><\/td>\n<td>Acepta logotipos personalizados<\/td>\n<\/tr>\n<tr>\n<td><strong>Caracter\u00edstica<\/strong><\/td>\n<td>Resistencia a los golpes Reciclable A prueba de humedad<\/td>\n<\/tr>\n<tr>\n<td><strong>Certificado<\/strong><\/td>\n<td>BSCI\/BRC\/ISO9001\/OU\/REACH\/ROHS, etc.<\/td>\n<\/tr>\n<tr>\n<td><strong>Formato de las ilustraciones<\/strong><\/td>\n<td>AI PDF PSD CDR<\/td>\n<\/tr>\n<tr>\n<td><strong>Impresi\u00f3n<\/strong><\/td>\n<td>Huecograbado\/Serigraf\u00eda\/Impresi\u00f3n digital<\/td>\n<\/tr>\n<\/table>\n<p><img decoding=\"async\" class=\"detail-desc-decorate-image\" src=\"http:\/\/ibn.wyd.mybluehost.me\/reanpackaging.com\/wp-content\/uploads\/2023\/09\/1-description-Custom-Print-Logo-Plastic-Ziplock-Pouch-Zip-Lock-Pvc-Small-Square-Frosted-Zipper-Bag-6Cm-For-Earring-Necklace-Jewelry-Packaging.jpg\" slate-data-type=\"image\" style=\"max-width: 100%; height: auto; display: block; margin: 0 auto;\"><br \/>\n<img decoding=\"async\" class=\"detail-desc-decorate-image\" src=\"http:\/\/ibn.wyd.mybluehost.me\/reanpackaging.com\/wp-content\/uploads\/2023\/09\/10-description-Custom-Print-Logo-Plastic-Ziplock-Pouch-Zip-Lock-Pvc-Small-Square-Frosted-Zipper-Bag-6Cm-For-Earring-Necklace-Jewelry-Packaging.jpg\" slate-data-type=\"image\" style=\"max-width: 100%; height: auto; display: block; margin: 0 auto;\"><br \/>\n<img decoding=\"async\" class=\"detail-desc-decorate-image\" src=\"http:\/\/ibn.wyd.mybluehost.me\/reanpackaging.com\/wp-content\/uploads\/2023\/09\/11-description-Custom-Print-Logo-Plastic-Ziplock-Pouch-Zip-Lock-Pvc-Small-Square-Frosted-Zipper-Bag-6Cm-For-Earring-Necklace-Jewelry-Packaging.jpg\" slate-data-type=\"image\" style=\"max-width: 100%; height: auto; display: block; margin: 0 auto;\"><br \/>\n<img decoding=\"async\" class=\"detail-desc-decorate-image\" src=\"http:\/\/ibn.wyd.mybluehost.me\/reanpackaging.com\/wp-content\/uploads\/2023\/09\/12-description-Custom-Print-Logo-Plastic-Ziplock-Pouch-Zip-Lock-Pvc-Small-Square-Frosted-Zipper-Bag-6Cm-For-Earring-Necklace-Jewelry-Packaging.jpg\" slate-data-type=\"image\" style=\"max-width: 100%; height: auto; display: block; margin: 0 auto;\"><br \/>\n<img decoding=\"async\" class=\"detail-desc-decorate-image\" src=\"http:\/\/ibn.wyd.mybluehost.me\/reanpackaging.com\/wp-content\/uploads\/2023\/09\/13-description-Custom-Print-Logo-Plastic-Ziplock-Pouch-Zip-Lock-Pvc-Small-Square-Frosted-Zipper-Bag-6Cm-For-Earring-Necklace-Jewelry-Packaging.jpg\" slate-data-type=\"image\" style=\"max-width: 100%; height: auto; display: block; margin: 0 auto;\"><br \/>\n<img decoding=\"async\" class=\"detail-desc-decorate-image\" src=\"http:\/\/ibn.wyd.mybluehost.me\/reanpackaging.com\/wp-content\/uploads\/2023\/09\/14-description-Custom-Print-Logo-Plastic-Ziplock-Pouch-Zip-Lock-Pvc-Small-Square-Frosted-Zipper-Bag-6Cm-For-Earring-Necklace-Jewelry-Packaging.jpg\" slate-data-type=\"image\" style=\"max-width: 100%; height: auto; display: block; margin: 0 auto;\"><br \/>\n<img decoding=\"async\" class=\"detail-desc-decorate-image\" src=\"http:\/\/ibn.wyd.mybluehost.me\/reanpackaging.com\/wp-content\/uploads\/2023\/09\/15-description-Custom-Print-Logo-Plastic-Ziplock-Pouch-Zip-Lock-Pvc-Small-Square-Frosted-Zipper-Bag-6Cm-For-Earring-Necklace-Jewelry-Packaging.jpg\" slate-data-type=\"image\" style=\"max-width: 100%; height: auto; display: block; margin: 0 auto;\"><br \/>\n<img decoding=\"async\" class=\"detail-desc-decorate-image\" src=\"http:\/\/ibn.wyd.mybluehost.me\/reanpackaging.com\/wp-content\/uploads\/2023\/09\/2-description-Custom-Print-Logo-Plastic-Ziplock-Pouch-Zip-Lock-Pvc-Small-Square-Frosted-Zipper-Bag-6Cm-For-Earring-Necklace-Jewelry-Packaging.jpg\" slate-data-type=\"image\" style=\"max-width: 100%; height: auto; display: block; margin: 0 auto;\"><br \/>\n<img decoding=\"async\" class=\"detail-desc-decorate-image\" src=\"http:\/\/ibn.wyd.mybluehost.me\/reanpackaging.com\/wp-content\/uploads\/2023\/09\/3-description-Custom-Print-Logo-Plastic-Ziplock-Pouch-Zip-Lock-Pvc-Small-Square-Frosted-Zipper-Bag-6Cm-For-Earring-Necklace-Jewelry-Packaging.jpg\" slate-data-type=\"image\" style=\"max-width: 100%; height: auto; display: block; margin: 0 auto;\"><br \/>\n<img decoding=\"async\" class=\"detail-desc-decorate-image\" src=\"http:\/\/ibn.wyd.mybluehost.me\/reanpackaging.com\/wp-content\/uploads\/2023\/09\/4-description-Custom-Print-Logo-Plastic-Ziplock-Pouch-Zip-Lock-Pvc-Small-Square-Frosted-Zipper-Bag-6Cm-For-Earring-Necklace-Jewelry-Packaging.jpg\" slate-data-type=\"image\" style=\"max-width: 100%; height: auto; display: block; margin: 0 auto;\"><br \/>\n<img decoding=\"async\" class=\"detail-desc-decorate-image\" src=\"http:\/\/ibn.wyd.mybluehost.me\/reanpackaging.com\/wp-content\/uploads\/2023\/09\/5-description-Custom-Print-Logo-Plastic-Ziplock-Pouch-Zip-Lock-Pvc-Small-Square-Frosted-Zipper-Bag-6Cm-For-Earring-Necklace-Jewelry-Packaging.jpg\" slate-data-type=\"image\" style=\"max-width: 100%; height: auto; display: block; margin: 0 auto;\"><br \/>\n<img decoding=\"async\" class=\"detail-desc-decorate-image\" src=\"http:\/\/ibn.wyd.mybluehost.me\/reanpackaging.com\/wp-content\/uploads\/2023\/09\/6-description-Custom-Print-Logo-Plastic-Ziplock-Pouch-Zip-Lock-Pvc-Small-Square-Frosted-Zipper-Bag-6Cm-For-Earring-Necklace-Jewelry-Packaging.jpg\" slate-data-type=\"image\" style=\"max-width: 100%; height: auto; display: block; margin: 0 auto;\"><br \/>\n<img decoding=\"async\" class=\"detail-desc-decorate-image\" src=\"http:\/\/ibn.wyd.mybluehost.me\/reanpackaging.com\/wp-content\/uploads\/2023\/09\/7-description-Custom-Print-Logo-Plastic-Ziplock-Pouch-Zip-Lock-Pvc-Small-Square-Frosted-Zipper-Bag-6Cm-For-Earring-Necklace-Jewelry-Packaging.jpg\" slate-data-type=\"image\" style=\"max-width: 100%; height: auto; display: block; margin: 0 auto;\"><br \/>\n<img decoding=\"async\" class=\"detail-desc-decorate-image\" src=\"http:\/\/ibn.wyd.mybluehost.me\/reanpackaging.com\/wp-content\/uploads\/2023\/09\/9-description-Custom-Print-Logo-Plastic-Ziplock-Pouch-Zip-Lock-Pvc-Small-Square-Frosted-Zipper-Bag-6Cm-For-Earring-Necklace-Jewelry-Packaging.jpg\" slate-data-type=\"image\" style=\"max-width: 100%; height: auto; display: block; margin: 0 auto;\"><\/p>","protected":false},"excerpt":{"rendered":"<p>Industry-Specific Attributes Industrial Use Jewelry &#038; Watch &#038; Eyewear Bag Type Zipper Bag Feature Recyclable Plastic Type PVC Other Attributes Surface Handling Screen Printing Material Structure PVC Sealing &#038; Handle Zipper Top Custom Order Accept Product name Jewelry Packaging Ziplock Pouch OEM OEM support Color up to 10 or Customized Color Size Custom Size Accepted [&hellip;]<\/p>\n","protected":false},"featured_media":10583,"template":"","meta":{"_seopress_robots_primary_cat":"none","_seopress_titles_title":"","_seopress_titles_desc":"","_seopress_robots_index":"","site-sidebar-layout":"default","site-content-layout":"","ast-site-content-layout":"default","site-content-style":"default","site-sidebar-style":"default","ast-global-header-display":"","ast-banner-title-visibility":"","ast-main-header-display":"","ast-hfb-above-header-display":"","ast-hfb-below-header-display":"","ast-hfb-mobile-header-display":"","site-post-title":"","ast-breadcrumbs-content":"","ast-featured-img":"","footer-sml-layout":"","ast-disable-related-posts":"","theme-transparent-header-meta":"default","adv-header-id-meta":"","stick-header-meta":"default","header-above-stick-meta":"","header-main-stick-meta":"","header-below-stick-meta":"","astra-migrate-meta-layouts":"set","ast-page-background-enabled":"default","ast-page-background-meta":{"desktop":{"background-color":"","background-image":"","background-repeat":"repeat","background-position":"center center","background-size":"auto","background-attachment":"scroll","background-type":"","background-media":"","overlay-type":"","overlay-color":"","overlay-opacity":"","overlay-gradient":""},"tablet":{"background-color":"","background-image":"","background-repeat":"repeat","background-position":"center center","background-size":"auto","background-attachment":"scroll","background-type":"","background-media":"","overlay-type":"","overlay-color":"","overlay-opacity":"","overlay-gradient":""},"mobile":{"background-color":"","background-image":"","background-repeat":"repeat","background-position":"center center","background-size":"auto","background-attachment":"scroll","background-type":"","background-media":"","overlay-type":"","overlay-color":"","overlay-opacity":"","overlay-gradient":""}},"ast-content-background-meta":{"desktop":{"background-color":"var(--ast-global-color-5)","background-image":"","background-repeat":"repeat","background-position":"center center","background-size":"auto","background-attachment":"scroll","background-type":"","background-media":"","overlay-type":"","overlay-color":"","overlay-opacity":"","overlay-gradient":""},"tablet":{"background-color":"var(--ast-global-color-5)","background-image":"","background-repeat":"repeat","background-position":"center center","background-size":"auto","background-attachment":"scroll","background-type":"","background-media":"","overlay-type":"","overlay-color":"","overlay-opacity":"","overlay-gradient":""},"mobile":{"background-color":"var(--ast-global-color-5)","background-image":"","background-repeat":"repeat","background-position":"center center","background-size":"auto","background-attachment":"scroll","background-type":"","background-media":"","overlay-type":"","overlay-color":"","overlay-opacity":"","overlay-gradient":""}}},"product_brand":[],"product_cat":[38],"product_tag":[],"class_list":{"0":"post-10667","1":"product","2":"type-product","3":"status-publish","4":"has-post-thumbnail","6":"product_cat-plastic-bags","7":"desktop-align-left","8":"tablet-align-left","9":"mobile-align-left","10":"ast-product-gallery-layout-horizontal","11":"ast-product-tabs-layout-horizontal","13":"first","14":"instock","15":"purchasable","16":"product-type-simple"},"_links":{"self":[{"href":"https:\/\/reanpackaging.com\/es\/wp-json\/wp\/v2\/product\/10667","targetHints":{"allow":["GET"]}}],"collection":[{"href":"https:\/\/reanpackaging.com\/es\/wp-json\/wp\/v2\/product"}],"about":[{"href":"https:\/\/reanpackaging.com\/es\/wp-json\/wp\/v2\/types\/product"}],"wp:featuredmedia":[{"embeddable":true,"href":"https:\/\/reanpackaging.com\/es\/wp-json\/wp\/v2\/media\/10583"}],"wp:attachment":[{"href":"https:\/\/reanpackaging.com\/es\/wp-json\/wp\/v2\/media?parent=10667"}],"wp:term":[{"taxonomy":"product_brand","embeddable":true,"href":"https:\/\/reanpackaging.com\/es\/wp-json\/wp\/v2\/product_brand?post=10667"},{"taxonomy":"product_cat","embeddable":true,"href":"https:\/\/reanpackaging.com\/es\/wp-json\/wp\/v2\/product_cat?post=10667"},{"taxonomy":"product_tag","embeddable":true,"href":"https:\/\/reanpackaging.com\/es\/wp-json\/wp\/v2\/product_tag?post=10667"}],"curies":[{"name":"wp","href":"https:\/\/api.w.org\/{rel}","templated":true}]}}