{"id":14154,"date":"2023-11-05T14:02:59","date_gmt":"2023-11-05T14:02:59","guid":{"rendered":"http:\/\/ibn.wyd.mybluehost.me\/reanpackaging.com\/product\/shiny-double-face-velvet-ribbon-25-mm-for-gift-wrapping-christmas-tree-wreath-decoration\/"},"modified":"2024-10-01T16:38:48","modified_gmt":"2024-10-01T16:38:48","slug":"shiny-double-face-velvet-ribbon-25-mm-for-gift-wrapping-christmas-tree-wreath-decoration","status":"publish","type":"product","link":"https:\/\/reanpackaging.com\/es\/producto\/shiny-double-face-velvet-ribbon-25-mm-for-gift-wrapping-christmas-tree-wreath-decoration\/","title":{"rendered":"Cinta de terciopelo de doble cara brillante 25 Mm para envolver regalos Decoraci\u00f3n del \u00e1rbol de Navidad Guirnalda"},"content":{"rendered":"<h4>Atributos espec\u00edficos del sector<\/h4>\n<table border=\"1\">\n<tr>\n<td><strong>Plazo de pedido de muestras: 7 d\u00edas<\/strong><\/td>\n<td>Ayuda<\/td>\n<\/tr>\n<tr>\n<td><strong>Material<\/strong><\/td>\n<td>100% Poli\u00e9ster<\/td>\n<\/tr>\n<tr>\n<td><strong>Tipo de tejido<\/strong><\/td>\n<td>Terciopelo<\/td>\n<\/tr>\n<tr>\n<td><strong>T\u00e9cnicas<\/strong><\/td>\n<td>Impreso<\/td>\n<\/tr>\n<\/table>\n<h4>Otros atributos<\/h4>\n<table border=\"1\">\n<tr>\n<td><strong>Caracter\u00edstica<\/strong><\/td>\n<td>Alta tenacidad<\/td>\n<\/tr>\n<tr>\n<td><strong>Anchura<\/strong><\/td>\n<td>1&#8243;, 1-1\/2&#8243;<\/td>\n<\/tr>\n<tr>\n<td><strong>Estilo<\/strong><\/td>\n<td>Doble cara<\/td>\n<\/tr>\n<tr>\n<td><strong>Patr\u00f3n<\/strong><\/td>\n<td>celebraciones<\/td>\n<\/tr>\n<tr>\n<td><strong>Tipo de producto<\/strong><\/td>\n<td>CINTA<\/td>\n<\/tr>\n<tr>\n<td><strong>Palabra clave<\/strong><\/td>\n<td>Cinta de terciopelo<\/td>\n<\/tr>\n<tr>\n<td><strong>Anchura<\/strong><\/td>\n<td>1 pulgada,1,5 pulgadas<\/td>\n<\/tr>\n<tr>\n<td><strong>MOQ<\/strong><\/td>\n<td>500 metros<\/td>\n<\/tr>\n<tr>\n<td><strong>ODM,OEM<\/strong><\/td>\n<td>S\u00cd<\/td>\n<\/tr>\n<tr>\n<td><strong>Plazos de entrega<\/strong><\/td>\n<td>3-10 d\u00edas para colores en stock<\/td>\n<\/tr>\n<tr>\n<td><strong>Paquete<\/strong><\/td>\n<td>Paquete a granel y negociable<\/td>\n<\/tr>\n<tr>\n<td><strong>color<\/strong><\/td>\n<td>100 colores en stock, tambi\u00e9n se pueden personalizar<\/td>\n<\/tr>\n<tr>\n<td><strong>Logotipo<\/strong><\/td>\n<td>Acepta logotipos personalizados<\/td>\n<\/tr>\n<tr>\n<td><strong>Utilizaci\u00f3n<\/strong><\/td>\n<td>Embalaje de regalos<\/td>\n<\/tr>\n<\/table>\n<p><img decoding=\"async\" class=\"detail-desc-decorate-image\" src=\"http:\/\/ibn.wyd.mybluehost.me\/reanpackaging.com\/wp-content\/uploads\/2023\/11\/2-description-Shiny-Double-Face-Velvet-Ribbon-25-Mm-For-Gift-Wrapping-Christmas-Tree-Wreath-Decoration.jpg\" slate-data-type=\"image\" style=\"max-width: 100%; height: auto; display: block; margin: 0 auto;\"><br \/>\n<img decoding=\"async\" class=\"detail-desc-decorate-image\" src=\"http:\/\/ibn.wyd.mybluehost.me\/reanpackaging.com\/wp-content\/uploads\/2023\/11\/3-description-Shiny-Double-Face-Velvet-Ribbon-25-Mm-For-Gift-Wrapping-Christmas-Tree-Wreath-Decoration.jpg\" slate-data-type=\"image\" style=\"max-width: 100%; height: auto; display: block; margin: 0 auto;\"><br \/>\n<img decoding=\"async\" class=\"detail-desc-decorate-image\" src=\"http:\/\/ibn.wyd.mybluehost.me\/reanpackaging.com\/wp-content\/uploads\/2023\/11\/4-description-Shiny-Double-Face-Velvet-Ribbon-25-Mm-For-Gift-Wrapping-Christmas-Tree-Wreath-Decoration.jpg\" slate-data-type=\"image\" style=\"max-width: 100%; height: auto; display: block; margin: 0 auto;\"><br \/>\n<img decoding=\"async\" class=\"detail-desc-decorate-image\" src=\"http:\/\/ibn.wyd.mybluehost.me\/reanpackaging.com\/wp-content\/uploads\/2023\/11\/5-description-Shiny-Double-Face-Velvet-Ribbon-25-Mm-For-Gift-Wrapping-Christmas-Tree-Wreath-Decoration.jpg\" slate-data-type=\"image\" style=\"max-width: 100%; height: auto; display: block; margin: 0 auto;\"><br \/>\n<img decoding=\"async\" class=\"detail-desc-decorate-image\" src=\"http:\/\/ibn.wyd.mybluehost.me\/reanpackaging.com\/wp-content\/uploads\/2023\/11\/6-description-Shiny-Double-Face-Velvet-Ribbon-25-Mm-For-Gift-Wrapping-Christmas-Tree-Wreath-Decoration.jpg\" slate-data-type=\"image\" style=\"max-width: 100%; height: auto; display: block; margin: 0 auto;\"><br \/>\n<img decoding=\"async\" class=\"detail-desc-decorate-image\" src=\"http:\/\/ibn.wyd.mybluehost.me\/reanpackaging.com\/wp-content\/uploads\/2023\/11\/7-description-Shiny-Double-Face-Velvet-Ribbon-25-Mm-For-Gift-Wrapping-Christmas-Tree-Wreath-Decoration.jpg\" slate-data-type=\"image\" style=\"max-width: 100%; height: auto; display: block; margin: 0 auto;\"><br \/>\n<img decoding=\"async\" class=\"detail-desc-decorate-image\" src=\"http:\/\/ibn.wyd.mybluehost.me\/reanpackaging.com\/wp-content\/uploads\/2023\/11\/8-description-Shiny-Double-Face-Velvet-Ribbon-25-Mm-For-Gift-Wrapping-Christmas-Tree-Wreath-Decoration.jpg\" slate-data-type=\"image\" style=\"max-width: 100%; height: auto; display: block; margin: 0 auto;\"><br \/>\n<img decoding=\"async\" class=\"detail-desc-decorate-image\" src=\"http:\/\/ibn.wyd.mybluehost.me\/reanpackaging.com\/wp-content\/uploads\/2023\/11\/12-description-Shiny-Double-Face-Velvet-Ribbon-25-Mm-For-Gift-Wrapping-Christmas-Tree-Wreath-Decoration.jpg\" slate-data-type=\"image\" style=\"max-width: 100%; height: auto; display: block; margin: 0 auto;\"><br \/>\n<img decoding=\"async\" class=\"detail-desc-decorate-image\" src=\"http:\/\/ibn.wyd.mybluehost.me\/reanpackaging.com\/wp-content\/uploads\/2023\/11\/13-description-Shiny-Double-Face-Velvet-Ribbon-25-Mm-For-Gift-Wrapping-Christmas-Tree-Wreath-Decoration.jpg\" slate-data-type=\"image\" style=\"max-width: 100%; height: auto; display: block; margin: 0 auto;\"><br \/>\n<img decoding=\"async\" class=\"detail-desc-decorate-image\" src=\"http:\/\/ibn.wyd.mybluehost.me\/reanpackaging.com\/wp-content\/uploads\/2023\/11\/14-description-Shiny-Double-Face-Velvet-Ribbon-25-Mm-For-Gift-Wrapping-Christmas-Tree-Wreath-Decoration.jpg\" slate-data-type=\"image\" style=\"max-width: 100%; height: auto; display: block; margin: 0 auto;\"><\/p>","protected":false},"excerpt":{"rendered":"<p>Industry-Specific Attributes 7 days sample order lead time Support Material 100% Polyester Fabric Type Velvet Technics Printed Other Attributes Feature High Tenacity Width 1&#8243;, 1-1\/2&#8243; Style Double Face Pattern celebrations Product Type RIBBONS Keyword Velvet ribbon Width 1 inch,1.5 inches MOQ 500 meters ODM,OEM YES Lead Time 3-10 days for stock colors Package Bulk package [&hellip;]<\/p>\n","protected":false},"featured_media":13900,"template":"","meta":{"_seopress_robots_primary_cat":"none","_seopress_titles_title":"","_seopress_titles_desc":"","_seopress_robots_index":"","site-sidebar-layout":"default","site-content-layout":"","ast-site-content-layout":"default","site-content-style":"default","site-sidebar-style":"default","ast-global-header-display":"","ast-banner-title-visibility":"","ast-main-header-display":"","ast-hfb-above-header-display":"","ast-hfb-below-header-display":"","ast-hfb-mobile-header-display":"","site-post-title":"","ast-breadcrumbs-content":"","ast-featured-img":"","footer-sml-layout":"","ast-disable-related-posts":"","theme-transparent-header-meta":"default","adv-header-id-meta":"","stick-header-meta":"default","header-above-stick-meta":"","header-main-stick-meta":"","header-below-stick-meta":"","astra-migrate-meta-layouts":"set","ast-page-background-enabled":"default","ast-page-background-meta":{"desktop":{"background-color":"","background-image":"","background-repeat":"repeat","background-position":"center center","background-size":"auto","background-attachment":"scroll","background-type":"","background-media":"","overlay-type":"","overlay-color":"","overlay-opacity":"","overlay-gradient":""},"tablet":{"background-color":"","background-image":"","background-repeat":"repeat","background-position":"center center","background-size":"auto","background-attachment":"scroll","background-type":"","background-media":"","overlay-type":"","overlay-color":"","overlay-opacity":"","overlay-gradient":""},"mobile":{"background-color":"","background-image":"","background-repeat":"repeat","background-position":"center center","background-size":"auto","background-attachment":"scroll","background-type":"","background-media":"","overlay-type":"","overlay-color":"","overlay-opacity":"","overlay-gradient":""}},"ast-content-background-meta":{"desktop":{"background-color":"var(--ast-global-color-5)","background-image":"","background-repeat":"repeat","background-position":"center center","background-size":"auto","background-attachment":"scroll","background-type":"","background-media":"","overlay-type":"","overlay-color":"","overlay-opacity":"","overlay-gradient":""},"tablet":{"background-color":"var(--ast-global-color-5)","background-image":"","background-repeat":"repeat","background-position":"center center","background-size":"auto","background-attachment":"scroll","background-type":"","background-media":"","overlay-type":"","overlay-color":"","overlay-opacity":"","overlay-gradient":""},"mobile":{"background-color":"var(--ast-global-color-5)","background-image":"","background-repeat":"repeat","background-position":"center center","background-size":"auto","background-attachment":"scroll","background-type":"","background-media":"","overlay-type":"","overlay-color":"","overlay-opacity":"","overlay-gradient":""}}},"product_brand":[],"product_cat":[55,51],"product_tag":[],"class_list":{"0":"post-14154","1":"product","2":"type-product","3":"status-publish","4":"has-post-thumbnail","6":"product_cat-ribbon","7":"product_cat-shipping-supplies","8":"desktop-align-left","9":"tablet-align-left","10":"mobile-align-left","11":"ast-product-gallery-layout-horizontal","12":"ast-product-tabs-layout-horizontal","14":"first","15":"instock","16":"purchasable","17":"product-type-simple"},"_links":{"self":[{"href":"https:\/\/reanpackaging.com\/es\/wp-json\/wp\/v2\/product\/14154","targetHints":{"allow":["GET"]}}],"collection":[{"href":"https:\/\/reanpackaging.com\/es\/wp-json\/wp\/v2\/product"}],"about":[{"href":"https:\/\/reanpackaging.com\/es\/wp-json\/wp\/v2\/types\/product"}],"wp:featuredmedia":[{"embeddable":true,"href":"https:\/\/reanpackaging.com\/es\/wp-json\/wp\/v2\/media\/13900"}],"wp:attachment":[{"href":"https:\/\/reanpackaging.com\/es\/wp-json\/wp\/v2\/media?parent=14154"}],"wp:term":[{"taxonomy":"product_brand","embeddable":true,"href":"https:\/\/reanpackaging.com\/es\/wp-json\/wp\/v2\/product_brand?post=14154"},{"taxonomy":"product_cat","embeddable":true,"href":"https:\/\/reanpackaging.com\/es\/wp-json\/wp\/v2\/product_cat?post=14154"},{"taxonomy":"product_tag","embeddable":true,"href":"https:\/\/reanpackaging.com\/es\/wp-json\/wp\/v2\/product_tag?post=14154"}],"curies":[{"name":"wp","href":"https:\/\/api.w.org\/{rel}","templated":true}]}}