{"id":14171,"date":"2023-11-05T14:03:08","date_gmt":"2023-11-05T14:03:08","guid":{"rendered":"http:\/\/ibn.wyd.mybluehost.me\/reanpackaging.com\/product\/10-yards-5cm-polyester-red-glitter-riboons-golden-ribbon-metallic-edge-christmas-wired-ribbon-for-gift-box\/"},"modified":"2024-10-01T16:37:56","modified_gmt":"2024-10-01T16:37:56","slug":"10-yards-5cm-polyester-red-glitter-riboons-golden-ribbon-metallic-edge-christmas-wired-ribbon-for-gift-box","status":"publish","type":"product","link":"https:\/\/reanpackaging.com\/es\/producto\/10-yards-5cm-polyester-red-glitter-riboons-golden-ribbon-metallic-edge-christmas-wired-ribbon-for-gift-box\/","title":{"rendered":"10 Yardas 5Cm Poli\u00e9ster Rojo Purpurina Cintas Cinta Dorada Borde Met\u00e1lico Navidad Cinta Alambrada Para Caja De Regalo"},"content":{"rendered":"<h4>Atributos espec\u00edficos del sector<\/h4>\n<table border=\"1\">\n<tr>\n<td><strong>Plazo de pedido de muestras: 7 d\u00edas<\/strong><\/td>\n<td>Ayuda<\/td>\n<\/tr>\n<tr>\n<td><strong>Material<\/strong><\/td>\n<td>Poli\u00e9ster<\/td>\n<\/tr>\n<tr>\n<td><strong>Tipo de tejido<\/strong><\/td>\n<td>Otros<\/td>\n<\/tr>\n<tr>\n<td><strong>T\u00e9cnicas<\/strong><\/td>\n<td>Impreso<\/td>\n<\/tr>\n<\/table>\n<h4>Otros atributos<\/h4>\n<table border=\"1\">\n<tr>\n<td><strong>Caracter\u00edstica<\/strong><\/td>\n<td>Alta calidad, moda<\/td>\n<\/tr>\n<tr>\n<td><strong>Anchura<\/strong><\/td>\n<td>3,8 cm, 5,0 cm, 6,3 cm, 7,5 cm, 10 cm<\/td>\n<\/tr>\n<tr>\n<td><strong>Estilo<\/strong><\/td>\n<td>Una cara<\/td>\n<\/tr>\n<tr>\n<td><strong>Patr\u00f3n<\/strong><\/td>\n<td>Cinta de Navidad<\/td>\n<\/tr>\n<tr>\n<td><strong>Tipo de producto<\/strong><\/td>\n<td>CINTA<\/td>\n<\/tr>\n<tr>\n<td><strong>Nombre del producto<\/strong><\/td>\n<td>Cinta de Navidad con borde met\u00e1lico dorado para caja de regalo<\/td>\n<\/tr>\n<tr>\n<td><strong>Colores<\/strong><\/td>\n<td>Personalizado<\/td>\n<\/tr>\n<tr>\n<td><strong>MOQ<\/strong><\/td>\n<td>1 rollo de cinta navide\u00f1a con purpurina<\/td>\n<\/tr>\n<tr>\n<td><strong>Anchura<\/strong><\/td>\n<td>50 mm o seg\u00fan sus necesidades<\/td>\n<\/tr>\n<tr>\n<td><strong>Muestra<\/strong><\/td>\n<td>Gratis<\/td>\n<\/tr>\n<tr>\n<td><strong>OEM\/ODM<\/strong><\/td>\n<td>Aceptable<\/td>\n<\/tr>\n<tr>\n<td><strong>Logotipo\/patr\u00f3n<\/strong><\/td>\n<td>Cinta de Navidad personalizada seg\u00fan sus necesidades<\/td>\n<\/tr>\n<tr>\n<td><strong>Utilizaci\u00f3n<\/strong><\/td>\n<td>Decoraci\u00f3n de prendas de vestir, embalaje de regalos, etiquetas de ropa, zapatos a<\/td>\n<\/tr>\n<tr>\n<td><strong>Embalaje Stardards<\/strong><\/td>\n<td>10 yardas por rollo o a medida<\/td>\n<\/tr>\n<tr>\n<td><strong>M\u00e9todo de impresi\u00f3n<\/strong><\/td>\n<td>Transferencia t\u00e9rmica, tinta serigr\u00e1fica, impresi\u00f3n en l\u00e1minas de oro y plata, etc.<\/td>\n<\/tr>\n<\/table>\n<p><img decoding=\"async\" class=\"detail-desc-decorate-image\" src=\"http:\/\/ibn.wyd.mybluehost.me\/reanpackaging.com\/wp-content\/uploads\/2023\/11\/2-description-10-Yards-5Cm-Polyester-Red-Glitter-Riboons-Golden-Ribbon-Metallic-Edge-Christmas-Wired-Ribbon-For-Gift-Box.jpg\" slate-data-type=\"image\" style=\"max-width: 100%; height: auto; display: block; margin: 0 auto;\"><br \/>\n<img decoding=\"async\" class=\"detail-desc-decorate-image\" src=\"http:\/\/ibn.wyd.mybluehost.me\/reanpackaging.com\/wp-content\/uploads\/2023\/11\/3-description-10-Yards-5Cm-Polyester-Red-Glitter-Riboons-Golden-Ribbon-Metallic-Edge-Christmas-Wired-Ribbon-For-Gift-Box.jpg\" slate-data-type=\"image\" style=\"max-width: 100%; height: auto; display: block; margin: 0 auto;\"><br \/>\n<img decoding=\"async\" class=\"detail-desc-decorate-image\" src=\"http:\/\/ibn.wyd.mybluehost.me\/reanpackaging.com\/wp-content\/uploads\/2023\/11\/4-description-10-Yards-5Cm-Polyester-Red-Glitter-Riboons-Golden-Ribbon-Metallic-Edge-Christmas-Wired-Ribbon-For-Gift-Box.jpg\" slate-data-type=\"image\" style=\"max-width: 100%; height: auto; display: block; margin: 0 auto;\"><br \/>\n<img decoding=\"async\" class=\"detail-desc-decorate-image\" src=\"http:\/\/ibn.wyd.mybluehost.me\/reanpackaging.com\/wp-content\/uploads\/2023\/11\/5-description-10-Yards-5Cm-Polyester-Red-Glitter-Riboons-Golden-Ribbon-Metallic-Edge-Christmas-Wired-Ribbon-For-Gift-Box.jpg\" slate-data-type=\"image\" style=\"max-width: 100%; height: auto; display: block; margin: 0 auto;\"><br \/>\n<img decoding=\"async\" class=\"detail-desc-decorate-image\" src=\"http:\/\/ibn.wyd.mybluehost.me\/reanpackaging.com\/wp-content\/uploads\/2023\/11\/6-description-10-Yards-5Cm-Polyester-Red-Glitter-Riboons-Golden-Ribbon-Metallic-Edge-Christmas-Wired-Ribbon-For-Gift-Box.jpg\" slate-data-type=\"image\" style=\"max-width: 100%; height: auto; display: block; margin: 0 auto;\"><br \/>\n<img decoding=\"async\" class=\"detail-desc-decorate-image\" src=\"http:\/\/ibn.wyd.mybluehost.me\/reanpackaging.com\/wp-content\/uploads\/2023\/11\/7-description-10-Yards-5Cm-Polyester-Red-Glitter-Riboons-Golden-Ribbon-Metallic-Edge-Christmas-Wired-Ribbon-For-Gift-Box.jpg\" slate-data-type=\"image\" style=\"max-width: 100%; height: auto; display: block; margin: 0 auto;\"><br \/>\n<img decoding=\"async\" class=\"detail-desc-decorate-image\" src=\"http:\/\/ibn.wyd.mybluehost.me\/reanpackaging.com\/wp-content\/uploads\/2023\/11\/8-description-10-Yards-5Cm-Polyester-Red-Glitter-Riboons-Golden-Ribbon-Metallic-Edge-Christmas-Wired-Ribbon-For-Gift-Box.jpg\" slate-data-type=\"image\" style=\"max-width: 100%; height: auto; display: block; margin: 0 auto;\"><br \/>\n<img decoding=\"async\" class=\"detail-desc-decorate-image\" src=\"http:\/\/ibn.wyd.mybluehost.me\/reanpackaging.com\/wp-content\/uploads\/2023\/11\/9-description-10-Yards-5Cm-Polyester-Red-Glitter-Riboons-Golden-Ribbon-Metallic-Edge-Christmas-Wired-Ribbon-For-Gift-Box.jpg\" slate-data-type=\"image\" style=\"max-width: 100%; height: auto; display: block; margin: 0 auto;\"><\/p>","protected":false},"excerpt":{"rendered":"<p>Industry-Specific Attributes 7 days sample order lead time Support Material Polyester Fabric Type Other Technics Printed Other Attributes Feature High Quality, Fashion Width 3.8cm, 5.0cm, 6.3cm, 7.5cm, 10CM Style Single Face Pattern Christmas Ribbon Product Type RIBBONS Product name Golden Metallic edge Christmas wired ribbon for Gift box Colors Customized MOQ 1 Roll For glitter [&hellip;]<\/p>\n","protected":false},"featured_media":13544,"template":"","meta":{"_seopress_robots_primary_cat":"none","_seopress_titles_title":"","_seopress_titles_desc":"","_seopress_robots_index":"","site-sidebar-layout":"default","site-content-layout":"","ast-site-content-layout":"default","site-content-style":"default","site-sidebar-style":"default","ast-global-header-display":"","ast-banner-title-visibility":"","ast-main-header-display":"","ast-hfb-above-header-display":"","ast-hfb-below-header-display":"","ast-hfb-mobile-header-display":"","site-post-title":"","ast-breadcrumbs-content":"","ast-featured-img":"","footer-sml-layout":"","ast-disable-related-posts":"","theme-transparent-header-meta":"default","adv-header-id-meta":"","stick-header-meta":"default","header-above-stick-meta":"","header-main-stick-meta":"","header-below-stick-meta":"","astra-migrate-meta-layouts":"set","ast-page-background-enabled":"default","ast-page-background-meta":{"desktop":{"background-color":"","background-image":"","background-repeat":"repeat","background-position":"center center","background-size":"auto","background-attachment":"scroll","background-type":"","background-media":"","overlay-type":"","overlay-color":"","overlay-opacity":"","overlay-gradient":""},"tablet":{"background-color":"","background-image":"","background-repeat":"repeat","background-position":"center center","background-size":"auto","background-attachment":"scroll","background-type":"","background-media":"","overlay-type":"","overlay-color":"","overlay-opacity":"","overlay-gradient":""},"mobile":{"background-color":"","background-image":"","background-repeat":"repeat","background-position":"center center","background-size":"auto","background-attachment":"scroll","background-type":"","background-media":"","overlay-type":"","overlay-color":"","overlay-opacity":"","overlay-gradient":""}},"ast-content-background-meta":{"desktop":{"background-color":"var(--ast-global-color-5)","background-image":"","background-repeat":"repeat","background-position":"center center","background-size":"auto","background-attachment":"scroll","background-type":"","background-media":"","overlay-type":"","overlay-color":"","overlay-opacity":"","overlay-gradient":""},"tablet":{"background-color":"var(--ast-global-color-5)","background-image":"","background-repeat":"repeat","background-position":"center center","background-size":"auto","background-attachment":"scroll","background-type":"","background-media":"","overlay-type":"","overlay-color":"","overlay-opacity":"","overlay-gradient":""},"mobile":{"background-color":"var(--ast-global-color-5)","background-image":"","background-repeat":"repeat","background-position":"center center","background-size":"auto","background-attachment":"scroll","background-type":"","background-media":"","overlay-type":"","overlay-color":"","overlay-opacity":"","overlay-gradient":""}}},"product_brand":[],"product_cat":[55,51],"product_tag":[],"class_list":{"0":"post-14171","1":"product","2":"type-product","3":"status-publish","4":"has-post-thumbnail","6":"product_cat-ribbon","7":"product_cat-shipping-supplies","8":"desktop-align-left","9":"tablet-align-left","10":"mobile-align-left","11":"ast-product-gallery-layout-horizontal","12":"ast-product-tabs-layout-horizontal","14":"first","15":"instock","16":"purchasable","17":"product-type-simple"},"_links":{"self":[{"href":"https:\/\/reanpackaging.com\/es\/wp-json\/wp\/v2\/product\/14171","targetHints":{"allow":["GET"]}}],"collection":[{"href":"https:\/\/reanpackaging.com\/es\/wp-json\/wp\/v2\/product"}],"about":[{"href":"https:\/\/reanpackaging.com\/es\/wp-json\/wp\/v2\/types\/product"}],"wp:featuredmedia":[{"embeddable":true,"href":"https:\/\/reanpackaging.com\/es\/wp-json\/wp\/v2\/media\/13544"}],"wp:attachment":[{"href":"https:\/\/reanpackaging.com\/es\/wp-json\/wp\/v2\/media?parent=14171"}],"wp:term":[{"taxonomy":"product_brand","embeddable":true,"href":"https:\/\/reanpackaging.com\/es\/wp-json\/wp\/v2\/product_brand?post=14171"},{"taxonomy":"product_cat","embeddable":true,"href":"https:\/\/reanpackaging.com\/es\/wp-json\/wp\/v2\/product_cat?post=14171"},{"taxonomy":"product_tag","embeddable":true,"href":"https:\/\/reanpackaging.com\/es\/wp-json\/wp\/v2\/product_tag?post=14171"}],"curies":[{"name":"wp","href":"https:\/\/api.w.org\/{rel}","templated":true}]}}