{"id":14199,"date":"2023-11-05T14:03:18","date_gmt":"2023-11-05T14:03:18","guid":{"rendered":"http:\/\/ibn.wyd.mybluehost.me\/reanpackaging.com\/product\/the-new-gift-ribbon-bows-ribbon-bow-with-elastic-loop-satin-tie-packing-ribbon-bows-with-elastic-loop\/"},"modified":"2024-10-01T16:37:07","modified_gmt":"2024-10-01T16:37:07","slug":"the-new-gift-ribbon-bows-ribbon-bow-with-elastic-loop-satin-tie-packing-ribbon-bows-with-elastic-loop","status":"publish","type":"product","link":"https:\/\/reanpackaging.com\/es\/producto\/el-nuevo-regalo-lazo-de-cinta-lazo-de-cinta-con-lazo-elastico-lazo-de-saten-embalaje-lazos-de-cinta-con-lazo-elastico\/","title":{"rendered":"El Nuevo Regalo Lazo De Cinta Lazo De Cinta Con Lazo El\u00e1stico Lazo De Sat\u00e9n Lazo De Cinta De Embalaje Con Lazo El\u00e1stico"},"content":{"rendered":"<h4>Atributos espec\u00edficos del sector<\/h4>\n<table border=\"1\">\n<tr>\n<td><strong>Material<\/strong><\/td>\n<td>Poli\u00e9ster<\/td>\n<\/tr>\n<tr>\n<td><strong>Tipo<\/strong><\/td>\n<td>Lazo extensible<\/td>\n<\/tr>\n<tr>\n<td><strong>Estilo<\/strong><\/td>\n<td>Lustre<\/td>\n<\/tr>\n<tr>\n<td><strong>Ocasi\u00f3n<\/strong><\/td>\n<td>Boda<\/td>\n<\/tr>\n<\/table>\n<h4>Otros atributos<\/h4>\n<table border=\"1\">\n<tr>\n<td><strong>Talla<\/strong><\/td>\n<td>Tama\u00f1o personalizado seg\u00fan su caja<\/td>\n<\/tr>\n<tr>\n<td><strong>Colores<\/strong><\/td>\n<td>196 colores disponibles<\/td>\n<\/tr>\n<tr>\n<td><strong>Utilizaci\u00f3n<\/strong><\/td>\n<td>Para embalaje de cajas de regalo<\/td>\n<\/tr>\n<tr>\n<td><strong>MOQ<\/strong><\/td>\n<td>2000 unidades<\/td>\n<\/tr>\n<tr>\n<td><strong>Embalaje<\/strong><\/td>\n<td>100 unidades\/saco de polietileno<\/td>\n<\/tr>\n<tr>\n<td><strong>Logotipo\/patr\u00f3n<\/strong><\/td>\n<td>Logotipo impreso personalizado<\/td>\n<\/tr>\n<tr>\n<td><strong>Artesan\u00eda impresa<\/strong><\/td>\n<td>Grabado en relieve\/Tinta\/Puff\/Transferencia t\u00e9rmica\/Sublimaci\u00f3n\/Impresi\u00f3n en l\u00e1mina de oro y plata<\/td>\n<\/tr>\n<tr>\n<td><strong>Tiempo de muestreo<\/strong><\/td>\n<td>3-5 D\u00edas (muestra gratis, si tenemos stock)<\/td>\n<\/tr>\n<tr>\n<td><strong>Plazo de entrega<\/strong><\/td>\n<td>7-15 d\u00edas<\/td>\n<\/tr>\n<\/table>\n<p><img decoding=\"async\" class=\"detail-desc-decorate-image\" src=\"http:\/\/ibn.wyd.mybluehost.me\/reanpackaging.com\/wp-content\/uploads\/2023\/11\/4-description-The-New-Gift-Ribbon-Bows-Ribbon-Bow-With-Elastic-Loop-Satin-Tie-Packing-Ribbon-Bows-With-Elastic-Loop.jpg\" slate-data-type=\"image\" style=\"max-width: 100%; height: auto; display: block; margin: 0 auto;\"><br \/>\n<img decoding=\"async\" class=\"detail-desc-decorate-image\" src=\"http:\/\/ibn.wyd.mybluehost.me\/reanpackaging.com\/wp-content\/uploads\/2023\/11\/5-description-The-New-Gift-Ribbon-Bows-Ribbon-Bow-With-Elastic-Loop-Satin-Tie-Packing-Ribbon-Bows-With-Elastic-Loop.jpg\" slate-data-type=\"image\" style=\"max-width: 100%; height: auto; display: block; margin: 0 auto;\"><br \/>\n<img decoding=\"async\" class=\"detail-desc-decorate-image\" src=\"http:\/\/ibn.wyd.mybluehost.me\/reanpackaging.com\/wp-content\/uploads\/2023\/11\/6-description-The-New-Gift-Ribbon-Bows-Ribbon-Bow-With-Elastic-Loop-Satin-Tie-Packing-Ribbon-Bows-With-Elastic-Loop.jpg\" slate-data-type=\"image\" style=\"max-width: 100%; height: auto; display: block; margin: 0 auto;\"><br \/>\n<img decoding=\"async\" class=\"detail-desc-decorate-image\" src=\"http:\/\/ibn.wyd.mybluehost.me\/reanpackaging.com\/wp-content\/uploads\/2023\/11\/7-description-The-New-Gift-Ribbon-Bows-Ribbon-Bow-With-Elastic-Loop-Satin-Tie-Packing-Ribbon-Bows-With-Elastic-Loop.jpg\" slate-data-type=\"image\" style=\"max-width: 100%; height: auto; display: block; margin: 0 auto;\"><br \/>\n<img decoding=\"async\" class=\"detail-desc-decorate-image\" src=\"http:\/\/ibn.wyd.mybluehost.me\/reanpackaging.com\/wp-content\/uploads\/2023\/11\/9-description-The-New-Gift-Ribbon-Bows-Ribbon-Bow-With-Elastic-Loop-Satin-Tie-Packing-Ribbon-Bows-With-Elastic-Loop.jpg\" slate-data-type=\"image\" style=\"max-width: 100%; height: auto; display: block; margin: 0 auto;\"><br \/>\n<img decoding=\"async\" class=\"detail-desc-decorate-image\" src=\"http:\/\/ibn.wyd.mybluehost.me\/reanpackaging.com\/wp-content\/uploads\/2023\/11\/10-description-The-New-Gift-Ribbon-Bows-Ribbon-Bow-With-Elastic-Loop-Satin-Tie-Packing-Ribbon-Bows-With-Elastic-Loop.jpg\" slate-data-type=\"image\" style=\"max-width: 100%; height: auto; display: block; margin: 0 auto;\"><\/p>","protected":false},"excerpt":{"rendered":"<p>Industry-Specific Attributes Material Polyester Type Stretch Loop Style Luster Occasion Wedding Other Attributes Size Customized size according to your box Colors 196 colors available Usage For gift box packaging MOQ 2000 pcs Packing 100pcs\/poly bag Logo\/pattern Custom printed logo Printed craft Embossed\/Ink\/Puff\/Heat Transfer\/Sublimation\/Gold Silver Foil Printing Sample time 3-5 Days (sample free,if we have stock) [&hellip;]<\/p>\n","protected":false},"featured_media":13926,"template":"","meta":{"_seopress_robots_primary_cat":"none","_seopress_titles_title":"","_seopress_titles_desc":"","_seopress_robots_index":"","site-sidebar-layout":"default","site-content-layout":"","ast-site-content-layout":"default","site-content-style":"default","site-sidebar-style":"default","ast-global-header-display":"","ast-banner-title-visibility":"","ast-main-header-display":"","ast-hfb-above-header-display":"","ast-hfb-below-header-display":"","ast-hfb-mobile-header-display":"","site-post-title":"","ast-breadcrumbs-content":"","ast-featured-img":"","footer-sml-layout":"","ast-disable-related-posts":"","theme-transparent-header-meta":"default","adv-header-id-meta":"","stick-header-meta":"default","header-above-stick-meta":"","header-main-stick-meta":"","header-below-stick-meta":"","astra-migrate-meta-layouts":"set","ast-page-background-enabled":"default","ast-page-background-meta":{"desktop":{"background-color":"","background-image":"","background-repeat":"repeat","background-position":"center center","background-size":"auto","background-attachment":"scroll","background-type":"","background-media":"","overlay-type":"","overlay-color":"","overlay-opacity":"","overlay-gradient":""},"tablet":{"background-color":"","background-image":"","background-repeat":"repeat","background-position":"center center","background-size":"auto","background-attachment":"scroll","background-type":"","background-media":"","overlay-type":"","overlay-color":"","overlay-opacity":"","overlay-gradient":""},"mobile":{"background-color":"","background-image":"","background-repeat":"repeat","background-position":"center center","background-size":"auto","background-attachment":"scroll","background-type":"","background-media":"","overlay-type":"","overlay-color":"","overlay-opacity":"","overlay-gradient":""}},"ast-content-background-meta":{"desktop":{"background-color":"var(--ast-global-color-5)","background-image":"","background-repeat":"repeat","background-position":"center center","background-size":"auto","background-attachment":"scroll","background-type":"","background-media":"","overlay-type":"","overlay-color":"","overlay-opacity":"","overlay-gradient":""},"tablet":{"background-color":"var(--ast-global-color-5)","background-image":"","background-repeat":"repeat","background-position":"center center","background-size":"auto","background-attachment":"scroll","background-type":"","background-media":"","overlay-type":"","overlay-color":"","overlay-opacity":"","overlay-gradient":""},"mobile":{"background-color":"var(--ast-global-color-5)","background-image":"","background-repeat":"repeat","background-position":"center center","background-size":"auto","background-attachment":"scroll","background-type":"","background-media":"","overlay-type":"","overlay-color":"","overlay-opacity":"","overlay-gradient":""}}},"product_brand":[],"product_cat":[55,51],"product_tag":[],"class_list":{"0":"post-14199","1":"product","2":"type-product","3":"status-publish","4":"has-post-thumbnail","6":"product_cat-ribbon","7":"product_cat-shipping-supplies","8":"desktop-align-left","9":"tablet-align-left","10":"mobile-align-left","11":"ast-product-gallery-layout-horizontal","12":"ast-product-tabs-layout-horizontal","14":"first","15":"instock","16":"purchasable","17":"product-type-simple"},"_links":{"self":[{"href":"https:\/\/reanpackaging.com\/es\/wp-json\/wp\/v2\/product\/14199","targetHints":{"allow":["GET"]}}],"collection":[{"href":"https:\/\/reanpackaging.com\/es\/wp-json\/wp\/v2\/product"}],"about":[{"href":"https:\/\/reanpackaging.com\/es\/wp-json\/wp\/v2\/types\/product"}],"wp:featuredmedia":[{"embeddable":true,"href":"https:\/\/reanpackaging.com\/es\/wp-json\/wp\/v2\/media\/13926"}],"wp:attachment":[{"href":"https:\/\/reanpackaging.com\/es\/wp-json\/wp\/v2\/media?parent=14199"}],"wp:term":[{"taxonomy":"product_brand","embeddable":true,"href":"https:\/\/reanpackaging.com\/es\/wp-json\/wp\/v2\/product_brand?post=14199"},{"taxonomy":"product_cat","embeddable":true,"href":"https:\/\/reanpackaging.com\/es\/wp-json\/wp\/v2\/product_cat?post=14199"},{"taxonomy":"product_tag","embeddable":true,"href":"https:\/\/reanpackaging.com\/es\/wp-json\/wp\/v2\/product_tag?post=14199"}],"curies":[{"name":"wp","href":"https:\/\/api.w.org\/{rel}","templated":true}]}}