{"id":14205,"date":"2023-11-05T14:03:30","date_gmt":"2023-11-05T14:03:30","guid":{"rendered":"http:\/\/ibn.wyd.mybluehost.me\/reanpackaging.com\/product\/3-inch-cute-cartoon-print-animal-grosgrain-ribbon\/"},"modified":"2024-10-01T16:36:18","modified_gmt":"2024-10-01T16:36:18","slug":"3-inch-cute-cartoon-print-animal-grosgrain-ribbon","status":"publish","type":"product","link":"https:\/\/reanpackaging.com\/es\/producto\/3-inch-cute-cartoon-print-animal-grosgrain-ribbon\/","title":{"rendered":"Cinta de Grosgrain con estampado de animales de 3 pulgadas"},"content":{"rendered":"<h4>Atributos espec\u00edficos del sector<\/h4>\n<table border=\"1\">\n<tr>\n<td><strong>Plazo de pedido de muestras: 7 d\u00edas<\/strong><\/td>\n<td>Ayuda<\/td>\n<\/tr>\n<tr>\n<td><strong>Material<\/strong><\/td>\n<td>100% Poli\u00e9ster<\/td>\n<\/tr>\n<tr>\n<td><strong>Tipo de tejido<\/strong><\/td>\n<td>Grosgrain<\/td>\n<\/tr>\n<tr>\n<td><strong>T\u00e9cnicas<\/strong><\/td>\n<td>Impreso<\/td>\n<\/tr>\n<\/table>\n<h4>Otros atributos<\/h4>\n<table border=\"1\">\n<tr>\n<td><strong>Caracter\u00edstica<\/strong><\/td>\n<td>Alta tenacidad<\/td>\n<\/tr>\n<tr>\n<td><strong>Anchura<\/strong><\/td>\n<td>3&#8243;<\/td>\n<\/tr>\n<tr>\n<td><strong>Estilo<\/strong><\/td>\n<td>Una cara<\/td>\n<\/tr>\n<tr>\n<td><strong>Patr\u00f3n<\/strong><\/td>\n<td>Estampados de animales<\/td>\n<\/tr>\n<tr>\n<td><strong>Tipo de producto<\/strong><\/td>\n<td>CINTA<\/td>\n<\/tr>\n<tr>\n<td><strong>Nombre del art\u00edculo<\/strong><\/td>\n<td>Cinta de Grosgrain impresa de 3 pulgadas<\/td>\n<\/tr>\n<tr>\n<td><strong>Tipo<\/strong><\/td>\n<td>Cinta impresa<\/td>\n<\/tr>\n<tr>\n<td><strong>Decoraci\u00f3n<\/strong><\/td>\n<td>Accesorios de vestir,Embalaje de regalo,Artesan\u00eda para beb\u00e9s,Promoci\u00f3n deportiva<\/td>\n<\/tr>\n<tr>\n<td><strong>Material<\/strong><\/td>\n<td>100% poli\u00e9ster<\/td>\n<\/tr>\n<tr>\n<td><strong>Patr\u00f3n<\/strong><\/td>\n<td>Animales<\/td>\n<\/tr>\n<tr>\n<td><strong>Anchura<\/strong><\/td>\n<td>75 mm<\/td>\n<\/tr>\n<tr>\n<td><strong>Caracter\u00edstica<\/strong><\/td>\n<td>Cinta estampada para mo\u00f1o<\/td>\n<\/tr>\n<tr>\n<td><strong>Embalaje<\/strong><\/td>\n<td>50 yardas\/rollo<\/td>\n<\/tr>\n<tr>\n<td><strong>M\u00edn. Pedido<\/strong><\/td>\n<td>50 metros\/dise\u00f1o\/tama\u00f1o<\/td>\n<\/tr>\n<tr>\n<td><strong>Principal ventaja del producto<\/strong><\/td>\n<td>Impresi\u00f3n muy clara,Baja fuga lateral<\/td>\n<\/tr>\n<\/table>\n<p><img decoding=\"async\" class=\"detail-desc-decorate-image\" src=\"http:\/\/ibn.wyd.mybluehost.me\/reanpackaging.com\/wp-content\/uploads\/2023\/11\/4-description-3-Inch-Cute-Cartoon-Print-Animal-Grosgrain-Ribbon.jpg\" slate-data-type=\"image\" style=\"max-width: 100%; height: auto; display: block; margin: 0 auto;\"><\/p>","protected":false},"excerpt":{"rendered":"<p>Industry-Specific Attributes 7 days sample order lead time Support Material 100% Polyester Fabric Type Grosgrain Technics Printed Other Attributes Feature High Tenacity Width 3&#8243; Style Single Face Pattern Animal Prints Product Type RIBBONS Item name 3 Inch Printed Grosgrain Ribbon Type Printed Ribbon Decoration Garment accessories,Gift packing,baby craft,sports promotion Material 100% polyester Pattern Animal Width [&hellip;]<\/p>\n","protected":false},"featured_media":13366,"template":"","meta":{"_seopress_robots_primary_cat":"none","_seopress_titles_title":"","_seopress_titles_desc":"","_seopress_robots_index":"","site-sidebar-layout":"default","site-content-layout":"","ast-site-content-layout":"default","site-content-style":"default","site-sidebar-style":"default","ast-global-header-display":"","ast-banner-title-visibility":"","ast-main-header-display":"","ast-hfb-above-header-display":"","ast-hfb-below-header-display":"","ast-hfb-mobile-header-display":"","site-post-title":"","ast-breadcrumbs-content":"","ast-featured-img":"","footer-sml-layout":"","ast-disable-related-posts":"","theme-transparent-header-meta":"default","adv-header-id-meta":"","stick-header-meta":"default","header-above-stick-meta":"","header-main-stick-meta":"","header-below-stick-meta":"","astra-migrate-meta-layouts":"set","ast-page-background-enabled":"default","ast-page-background-meta":{"desktop":{"background-color":"","background-image":"","background-repeat":"repeat","background-position":"center center","background-size":"auto","background-attachment":"scroll","background-type":"","background-media":"","overlay-type":"","overlay-color":"","overlay-opacity":"","overlay-gradient":""},"tablet":{"background-color":"","background-image":"","background-repeat":"repeat","background-position":"center center","background-size":"auto","background-attachment":"scroll","background-type":"","background-media":"","overlay-type":"","overlay-color":"","overlay-opacity":"","overlay-gradient":""},"mobile":{"background-color":"","background-image":"","background-repeat":"repeat","background-position":"center center","background-size":"auto","background-attachment":"scroll","background-type":"","background-media":"","overlay-type":"","overlay-color":"","overlay-opacity":"","overlay-gradient":""}},"ast-content-background-meta":{"desktop":{"background-color":"var(--ast-global-color-5)","background-image":"","background-repeat":"repeat","background-position":"center center","background-size":"auto","background-attachment":"scroll","background-type":"","background-media":"","overlay-type":"","overlay-color":"","overlay-opacity":"","overlay-gradient":""},"tablet":{"background-color":"var(--ast-global-color-5)","background-image":"","background-repeat":"repeat","background-position":"center center","background-size":"auto","background-attachment":"scroll","background-type":"","background-media":"","overlay-type":"","overlay-color":"","overlay-opacity":"","overlay-gradient":""},"mobile":{"background-color":"var(--ast-global-color-5)","background-image":"","background-repeat":"repeat","background-position":"center center","background-size":"auto","background-attachment":"scroll","background-type":"","background-media":"","overlay-type":"","overlay-color":"","overlay-opacity":"","overlay-gradient":""}}},"product_brand":[],"product_cat":[55,51],"product_tag":[],"class_list":{"0":"post-14205","1":"product","2":"type-product","3":"status-publish","4":"has-post-thumbnail","6":"product_cat-ribbon","7":"product_cat-shipping-supplies","8":"desktop-align-left","9":"tablet-align-left","10":"mobile-align-left","11":"ast-product-gallery-layout-horizontal","12":"ast-product-tabs-layout-horizontal","14":"first","15":"instock","16":"purchasable","17":"product-type-simple"},"_links":{"self":[{"href":"https:\/\/reanpackaging.com\/es\/wp-json\/wp\/v2\/product\/14205","targetHints":{"allow":["GET"]}}],"collection":[{"href":"https:\/\/reanpackaging.com\/es\/wp-json\/wp\/v2\/product"}],"about":[{"href":"https:\/\/reanpackaging.com\/es\/wp-json\/wp\/v2\/types\/product"}],"wp:featuredmedia":[{"embeddable":true,"href":"https:\/\/reanpackaging.com\/es\/wp-json\/wp\/v2\/media\/13366"}],"wp:attachment":[{"href":"https:\/\/reanpackaging.com\/es\/wp-json\/wp\/v2\/media?parent=14205"}],"wp:term":[{"taxonomy":"product_brand","embeddable":true,"href":"https:\/\/reanpackaging.com\/es\/wp-json\/wp\/v2\/product_brand?post=14205"},{"taxonomy":"product_cat","embeddable":true,"href":"https:\/\/reanpackaging.com\/es\/wp-json\/wp\/v2\/product_cat?post=14205"},{"taxonomy":"product_tag","embeddable":true,"href":"https:\/\/reanpackaging.com\/es\/wp-json\/wp\/v2\/product_tag?post=14205"}],"curies":[{"name":"wp","href":"https:\/\/api.w.org\/{rel}","templated":true}]}}