{"id":17189,"date":"2024-04-28T15:56:49","date_gmt":"2024-04-28T15:56:49","guid":{"rendered":"https:\/\/reanpackaging.com\/product\/gift-bags-wholesale-cartoon-holiday-decoration-supplies-custom-christmas-decorations-wine-bottle-cover-drawstring-bag\/"},"modified":"2024-07-29T17:11:50","modified_gmt":"2024-07-29T17:11:50","slug":"gift-bags-wholesale-cartoon-holiday-decoration-supplies-custom-christmas-decorations-wine-bottle-cover-drawstring-bag","status":"publish","type":"product","link":"https:\/\/reanpackaging.com\/es\/producto\/gift-bags-wholesale-cartoon-holiday-decoration-supplies-custom-christmas-decorations-wine-bottle-cover-drawstring-bag\/","title":{"rendered":"Bolsas de regalo al por mayor de dibujos animados de vacaciones Decoraci\u00f3n de Navidad personalizada Decoraci\u00f3n de la botella de vino de la cubierta de la bolsa de cord\u00f3n"},"content":{"rendered":"<\/table>\n<h4>Otros atributos<\/h4>\n<table border=\"1\">\n<tr>\n<td><strong>Lugar de origen<\/strong><\/td>\n<td>Fujian<\/td>\n<\/tr>\n<tr>\n<td><strong>N\u00famero de modelo<\/strong><\/td>\n<td>SY<\/td>\n<\/tr>\n<tr>\n<td><strong>Marca<\/strong><\/td>\n<td>4-9-1008<\/td>\n<\/tr>\n<tr>\n<td><strong>Escenarios de uso<\/strong><\/td>\n<td>Navidad<\/td>\n<\/tr>\n<tr>\n<td><strong>Usuario final destinatario<\/strong><\/td>\n<td><\/td>\n<\/tr>\n<tr>\n<td><strong>Nombre del producto<\/strong><\/td>\n<td>Decoraci\u00f3n navide\u00f1a<\/td>\n<\/tr>\n<tr>\n<td><strong>Ocasi\u00f3n<\/strong><\/td>\n<td>Bodas, cumplea\u00f1os, negocios, otras fiestas, etc.<\/td>\n<\/tr>\n<tr>\n<td><strong>Material Peso<\/strong><\/td>\n<td>105gsm,128gsm,157gsm,200gsm,250gsm,300gsm etc<\/td>\n<\/tr>\n<tr>\n<td><strong>Impresi\u00f3n<\/strong><\/td>\n<td>Impresi\u00f3n por transferencia t\u00e9rmica, impresi\u00f3n por troquelado, impresi\u00f3n digital, etc.<\/td>\n<\/tr>\n<tr>\n<td><strong>Acabado de superficies<\/strong><\/td>\n<td>Brillante\/mate, estampado en oro\/plata, UV localizado, gofrado, etc.<\/td>\n<\/tr>\n<tr>\n<td><strong>MOQ<\/strong><\/td>\n<td>Para stock, 1 piezas; Para modificado para requisitos particulares, MOQ es mayor, p\u00f3ngase en contacto con nosotros.<\/td>\n<\/tr>\n<tr>\n<td><strong>Calidad<\/strong><\/td>\n<td>Estricto sistema de gesti\u00f3n de la calidad<\/td>\n<\/tr>\n<tr>\n<td><strong>Temas relevantes<\/strong><\/td>\n<td>Impresi\u00f3n comercial, impresi\u00f3n de envases, impresi\u00f3n de papel de regalo, etc.<\/td>\n<\/tr>\n<tr>\n<td><strong>Plazo de pago<\/strong><\/td>\n<td>L\/C, T\/T, garant\u00eda comercial, etc.<\/td>\n<\/tr>\n<tr>\n<td><strong>Forma de env\u00edo<\/strong><\/td>\n<td>Mar\u00edtimo, A\u00e9reo, Terrestre, Express, etc.<\/td>\n<\/tr>\n<\/table>\n<p><img decoding=\"async\" class=\"detail-desc-decorate-image\" src=\"https:\/\/reanpackaging.com\/wp-content\/uploads\/2024\/04\/4-description-Gift-Bags-Wholesale-Cartoon-Holiday-Decoration-Supplies-Custom-Christmas-Decorations-Wine-Bottle-Cover-Drawstring-Bag.jpg\" slate-data-type=\"image\" style=\"max-width: 100%; height: auto; display: block; margin: 0 auto;\"><br \/>\n<img decoding=\"async\" class=\"detail-desc-decorate-image\" src=\"https:\/\/reanpackaging.com\/wp-content\/uploads\/2024\/04\/5-description-Gift-Bags-Wholesale-Cartoon-Holiday-Decoration-Supplies-Custom-Christmas-Decorations-Wine-Bottle-Cover-Drawstring-Bag.jpg\" slate-data-type=\"image\" style=\"max-width: 100%; height: auto; display: block; margin: 0 auto;\"><br \/>\n<img decoding=\"async\" class=\"detail-desc-decorate-image\" src=\"https:\/\/reanpackaging.com\/wp-content\/uploads\/2024\/04\/7-description-Gift-Bags-Wholesale-Cartoon-Holiday-Decoration-Supplies-Custom-Christmas-Decorations-Wine-Bottle-Cover-Drawstring-Bag.jpg\" slate-data-type=\"image\" style=\"max-width: 100%; height: auto; display: block; margin: 0 auto;\"><br \/>\n<img decoding=\"async\" class=\"detail-desc-decorate-image\" src=\"https:\/\/reanpackaging.com\/wp-content\/uploads\/2024\/04\/9-description-Gift-Bags-Wholesale-Cartoon-Holiday-Decoration-Supplies-Custom-Christmas-Decorations-Wine-Bottle-Cover-Drawstring-Bag.jpg\" slate-data-type=\"image\" style=\"max-width: 100%; height: auto; display: block; margin: 0 auto;\"><\/p>","protected":false},"excerpt":{"rendered":"<p>Other Attributes Place of Origin Fujian Model Number SY Brand Name 4-9-1008 Usage Scenarios Christmas Target End User Product name Christmas Decorations Occasion Wedding , birthday , business, Other Party etc. Material Weight 105gsm,128gsm,157gsm,200gsm,250gsm,300gsm etc Printing Thermal transfer printing, Die cutting printing,Digital printing Etc. Surface Finishing Glossy\/Matt,Gold\/sliver Foil Stamping,Spot UV, Embossed etc. MOQ For stock, [&hellip;]<\/p>\n","protected":false},"featured_media":17044,"template":"","meta":{"_seopress_robots_primary_cat":"none","_seopress_titles_title":"","_seopress_titles_desc":"","_seopress_robots_index":"","site-sidebar-layout":"default","site-content-layout":"","ast-site-content-layout":"default","site-content-style":"default","site-sidebar-style":"default","ast-global-header-display":"","ast-banner-title-visibility":"","ast-main-header-display":"","ast-hfb-above-header-display":"","ast-hfb-below-header-display":"","ast-hfb-mobile-header-display":"","site-post-title":"","ast-breadcrumbs-content":"","ast-featured-img":"","footer-sml-layout":"","ast-disable-related-posts":"","theme-transparent-header-meta":"default","adv-header-id-meta":"","stick-header-meta":"default","header-above-stick-meta":"","header-main-stick-meta":"","header-below-stick-meta":"","astra-migrate-meta-layouts":"set","ast-page-background-enabled":"default","ast-page-background-meta":{"desktop":{"background-color":"","background-image":"","background-repeat":"repeat","background-position":"center center","background-size":"auto","background-attachment":"scroll","background-type":"","background-media":"","overlay-type":"","overlay-color":"","overlay-opacity":"","overlay-gradient":""},"tablet":{"background-color":"","background-image":"","background-repeat":"repeat","background-position":"center center","background-size":"auto","background-attachment":"scroll","background-type":"","background-media":"","overlay-type":"","overlay-color":"","overlay-opacity":"","overlay-gradient":""},"mobile":{"background-color":"","background-image":"","background-repeat":"repeat","background-position":"center center","background-size":"auto","background-attachment":"scroll","background-type":"","background-media":"","overlay-type":"","overlay-color":"","overlay-opacity":"","overlay-gradient":""}},"ast-content-background-meta":{"desktop":{"background-color":"var(--ast-global-color-5)","background-image":"","background-repeat":"repeat","background-position":"center center","background-size":"auto","background-attachment":"scroll","background-type":"","background-media":"","overlay-type":"","overlay-color":"","overlay-opacity":"","overlay-gradient":""},"tablet":{"background-color":"var(--ast-global-color-5)","background-image":"","background-repeat":"repeat","background-position":"center center","background-size":"auto","background-attachment":"scroll","background-type":"","background-media":"","overlay-type":"","overlay-color":"","overlay-opacity":"","overlay-gradient":""},"mobile":{"background-color":"var(--ast-global-color-5)","background-image":"","background-repeat":"repeat","background-position":"center center","background-size":"auto","background-attachment":"scroll","background-type":"","background-media":"","overlay-type":"","overlay-color":"","overlay-opacity":"","overlay-gradient":""}}},"product_brand":[],"product_cat":[59],"product_tag":[],"class_list":{"0":"post-17189","1":"product","2":"type-product","3":"status-publish","4":"has-post-thumbnail","6":"product_cat-paper-wine-bag","7":"desktop-align-left","8":"tablet-align-left","9":"mobile-align-left","10":"ast-product-gallery-layout-horizontal","11":"ast-product-tabs-layout-horizontal","13":"first","14":"instock","15":"product-type-simple"},"_links":{"self":[{"href":"https:\/\/reanpackaging.com\/es\/wp-json\/wp\/v2\/product\/17189","targetHints":{"allow":["GET"]}}],"collection":[{"href":"https:\/\/reanpackaging.com\/es\/wp-json\/wp\/v2\/product"}],"about":[{"href":"https:\/\/reanpackaging.com\/es\/wp-json\/wp\/v2\/types\/product"}],"wp:featuredmedia":[{"embeddable":true,"href":"https:\/\/reanpackaging.com\/es\/wp-json\/wp\/v2\/media\/17044"}],"wp:attachment":[{"href":"https:\/\/reanpackaging.com\/es\/wp-json\/wp\/v2\/media?parent=17189"}],"wp:term":[{"taxonomy":"product_brand","embeddable":true,"href":"https:\/\/reanpackaging.com\/es\/wp-json\/wp\/v2\/product_brand?post=17189"},{"taxonomy":"product_cat","embeddable":true,"href":"https:\/\/reanpackaging.com\/es\/wp-json\/wp\/v2\/product_cat?post=17189"},{"taxonomy":"product_tag","embeddable":true,"href":"https:\/\/reanpackaging.com\/es\/wp-json\/wp\/v2\/product_tag?post=17189"}],"curies":[{"name":"wp","href":"https:\/\/api.w.org\/{rel}","templated":true}]}}