{"id":18389,"date":"2024-05-06T06:17:43","date_gmt":"2024-05-06T06:17:43","guid":{"rendered":"https:\/\/reanpackaging.com\/product\/custom-logo-corrugated-packaging-cardboard-carton-shipping-mailer-box-cosmetic-set-cosmetics-mailing-skin-care-boxes\/"},"modified":"2024-07-29T16:06:54","modified_gmt":"2024-07-29T16:06:54","slug":"custom-logo-corrugated-packaging-cardboard-carton-shipping-mailer-box-cosmetic-set-cosmetics-mailing-skin-care-boxes","status":"publish","type":"product","link":"https:\/\/reanpackaging.com\/es\/producto\/custom-logo-corrugated-packaging-cardboard-carton-shipping-mailer-box-cosmetic-set-cosmetics-mailing-skin-care-boxes\/","title":{"rendered":"Logotipo personalizado corrugado Embalaje de cart\u00f3n Cart\u00f3n Env\u00edo Mailer Caja Cosm\u00e9ticos Set Cosm\u00e9ticos Mailing Cuidado de la Piel Cajas"},"content":{"rendered":"<h4>Atributos espec\u00edficos del sector<\/h4>\n<table border=\"1\">\n<tr>\n<td><strong>Uso industrial<\/strong><\/td>\n<td>Joyer\u00eda &amp; Relojer\u00eda &amp; Gafas\/Cosm\u00e9tica\/Negocios<\/td>\n<\/tr>\n<tr>\n<td><strong>Tipo de papel<\/strong><\/td>\n<td>Papel art\u00edstico\/papel estucado\/papel kraft\/cart\u00f3n marfil<\/td>\n<\/tr>\n<tr>\n<td><strong>Caracter\u00edstica<\/strong><\/td>\n<td>Materiales reciclados\/biodegradables<\/td>\n<\/tr>\n<\/table>\n<h4>Otros atributos<\/h4>\n<table border=\"1\">\n<tr>\n<td><strong>Lugar de origen<\/strong><\/td>\n<td>Shanghai, China<\/td>\n<\/tr>\n<tr>\n<td><strong>Tipo de caja<\/strong><\/td>\n<td>Otros<\/td>\n<\/tr>\n<tr>\n<td><strong>Marca<\/strong><\/td>\n<td>OEM<\/td>\n<\/tr>\n<tr>\n<td><strong>N\u00famero de modelo<\/strong><\/td>\n<td>OEM<\/td>\n<\/tr>\n<tr>\n<td><strong>Manipulaci\u00f3n de la impresi\u00f3n<\/strong><\/td>\n<td>VANISHING, l\u00e1mina de oro, barnizado, gofrado, laminado mate, lacado UV, laminado brillante, estampado<\/td>\n<\/tr>\n<tr>\n<td><strong>Pedido a medida<\/strong><\/td>\n<td>Acepte<\/td>\n<\/tr>\n<tr>\n<td><strong>Forma<\/strong><\/td>\n<td>OEM<\/td>\n<\/tr>\n<tr>\n<td><strong>Impresi\u00f3n de logotipos<\/strong><\/td>\n<td>Acepte<\/td>\n<\/tr>\n<tr>\n<td><strong>Accesorios<\/strong><\/td>\n<td>Asa, Cinta, Cierre magn\u00e9tico<\/td>\n<\/tr>\n<tr>\n<td><strong>Tipo de revestimiento<\/strong><\/td>\n<td>Pl\u00e1sticos, cart\u00f3n, esponja<\/td>\n<\/tr>\n<tr>\n<td><strong>Nombre del producto<\/strong><\/td>\n<td>Logotipo personalizado de cart\u00f3n cajas de env\u00edo Mailer Box<\/td>\n<\/tr>\n<tr>\n<td><strong>Utilizaci\u00f3n<\/strong><\/td>\n<td>cosm\u00e9ticos de color rosa mailing cuidado de la piel caja de embalaje<\/td>\n<\/tr>\n<tr>\n<td><strong>Accesorio<\/strong><\/td>\n<td>Cinta,Cord\u00f3n,Asa de pl\u00e1stico,Ventana de PVC,Precinto magn\u00e9tico u otros<\/td>\n<\/tr>\n<tr>\n<td><strong>Tiempo de muestreo<\/strong><\/td>\n<td>7 d\u00edas laborables para la muestra; 12 d\u00edas laborables para la producci\u00f3n en serie<\/td>\n<\/tr>\n<tr>\n<td><strong>Material<\/strong><\/td>\n<td>cart\u00f3n,papel kraft,papel ondulado en A,B,C,E,F,AB,BE,BC<\/td>\n<\/tr>\n<tr>\n<td><strong>Talla<\/strong><\/td>\n<td>Customzied Aceptar<\/td>\n<\/tr>\n<tr>\n<td><strong>Logotipo<\/strong><\/td>\n<td>Logotipo del cliente aceptable<\/td>\n<\/tr>\n<tr>\n<td><strong>Impresi\u00f3n<\/strong><\/td>\n<td>CMYK, Pantone\/PMS, Flexograf\u00eda, Offset, etc.<\/td>\n<\/tr>\n<tr>\n<td><strong>Color<\/strong><\/td>\n<td>Color personalizado<\/td>\n<\/tr>\n<tr>\n<td><strong>Palabra clave<\/strong><\/td>\n<td>Set de Cosm\u00e9tica Rosa Cajas de Cosm\u00e9tica Mailing Skin Care<\/td>\n<\/tr>\n<\/table>\n<p><img decoding=\"async\" class=\"detail-desc-decorate-image\" src=\"https:\/\/reanpackaging.com\/wp-content\/uploads\/2024\/05\/2-description-Custom-Logo-Corrugated-Packaging-Cardboard-Carton-Shipping-Mailer-Box-Cosmetic-Set-Cosmetics-Mailing-Skin-Care-Boxes.jpg\" slate-data-type=\"image\" style=\"max-width: 100%; height: auto; display: block; margin: 0 auto;\"><br \/>\n<img decoding=\"async\" class=\"detail-desc-decorate-image\" src=\"https:\/\/reanpackaging.com\/wp-content\/uploads\/2024\/05\/3-description-Custom-Logo-Corrugated-Packaging-Cardboard-Carton-Shipping-Mailer-Box-Cosmetic-Set-Cosmetics-Mailing-Skin-Care-Boxes.jpg\" slate-data-type=\"image\" style=\"max-width: 100%; height: auto; display: block; margin: 0 auto;\"><br \/>\n<img decoding=\"async\" class=\"detail-desc-decorate-image\" src=\"https:\/\/reanpackaging.com\/wp-content\/uploads\/2024\/05\/4-description-Custom-Logo-Corrugated-Packaging-Cardboard-Carton-Shipping-Mailer-Box-Cosmetic-Set-Cosmetics-Mailing-Skin-Care-Boxes.jpg\" slate-data-type=\"image\" style=\"max-width: 100%; height: auto; display: block; margin: 0 auto;\"><br \/>\n<img decoding=\"async\" class=\"detail-desc-decorate-image\" src=\"https:\/\/reanpackaging.com\/wp-content\/uploads\/2024\/05\/5-description-Custom-Logo-Corrugated-Packaging-Cardboard-Carton-Shipping-Mailer-Box-Cosmetic-Set-Cosmetics-Mailing-Skin-Care-Boxes.jpg\" slate-data-type=\"image\" style=\"max-width: 100%; height: auto; display: block; margin: 0 auto;\"><\/p>","protected":false},"excerpt":{"rendered":"<p>Industry-Specific Attributes Industrial Use Jewelry &#038; Watch &#038; Eyewear\/Cosmetic\/Business Paper Type Art Paper\/Coated Paper\/Kraft Paper\/ivory board Feature Recycled Materials\/Bio-degradable Other Attributes Place of Origin Shanghai, China Box Type Others Brand Name OEM Model Number OEM Printing Handling VANISHING, Gold Foil, Varnishing, Embossing, Matt Lamination, UV Coating, Glossy Lamination, Stamping Custom Order Accept Shape OEM Logo [&hellip;]<\/p>\n","protected":false},"featured_media":18315,"template":"","meta":{"_seopress_robots_primary_cat":"none","_seopress_titles_title":"","_seopress_titles_desc":"","_seopress_robots_index":"","_seopress_analysis_target_kw":"","site-sidebar-layout":"default","site-content-layout":"","ast-site-content-layout":"default","site-content-style":"default","site-sidebar-style":"default","ast-global-header-display":"","ast-banner-title-visibility":"","ast-main-header-display":"","ast-hfb-above-header-display":"","ast-hfb-below-header-display":"","ast-hfb-mobile-header-display":"","site-post-title":"","ast-breadcrumbs-content":"","ast-featured-img":"","footer-sml-layout":"","ast-disable-related-posts":"","theme-transparent-header-meta":"default","adv-header-id-meta":"","stick-header-meta":"default","header-above-stick-meta":"","header-main-stick-meta":"","header-below-stick-meta":"","astra-migrate-meta-layouts":"set","ast-page-background-enabled":"default","ast-page-background-meta":{"desktop":{"background-color":"","background-image":"","background-repeat":"repeat","background-position":"center center","background-size":"auto","background-attachment":"scroll","background-type":"","background-media":"","overlay-type":"","overlay-color":"","overlay-opacity":"","overlay-gradient":""},"tablet":{"background-color":"","background-image":"","background-repeat":"repeat","background-position":"center center","background-size":"auto","background-attachment":"scroll","background-type":"","background-media":"","overlay-type":"","overlay-color":"","overlay-opacity":"","overlay-gradient":""},"mobile":{"background-color":"","background-image":"","background-repeat":"repeat","background-position":"center center","background-size":"auto","background-attachment":"scroll","background-type":"","background-media":"","overlay-type":"","overlay-color":"","overlay-opacity":"","overlay-gradient":""}},"ast-content-background-meta":{"desktop":{"background-color":"var(--ast-global-color-5)","background-image":"","background-repeat":"repeat","background-position":"center center","background-size":"auto","background-attachment":"scroll","background-type":"","background-media":"","overlay-type":"","overlay-color":"","overlay-opacity":"","overlay-gradient":""},"tablet":{"background-color":"var(--ast-global-color-5)","background-image":"","background-repeat":"repeat","background-position":"center center","background-size":"auto","background-attachment":"scroll","background-type":"","background-media":"","overlay-type":"","overlay-color":"","overlay-opacity":"","overlay-gradient":""},"mobile":{"background-color":"var(--ast-global-color-5)","background-image":"","background-repeat":"repeat","background-position":"center center","background-size":"auto","background-attachment":"scroll","background-type":"","background-media":"","overlay-type":"","overlay-color":"","overlay-opacity":"","overlay-gradient":""}}},"product_brand":[],"product_cat":[47],"product_tag":[],"class_list":{"0":"post-18389","1":"product","2":"type-product","3":"status-publish","4":"has-post-thumbnail","6":"product_cat-mailer-boxes","7":"desktop-align-left","8":"tablet-align-left","9":"mobile-align-left","10":"ast-product-gallery-layout-horizontal","11":"ast-product-tabs-layout-horizontal","13":"first","14":"instock","15":"product-type-simple"},"_links":{"self":[{"href":"https:\/\/reanpackaging.com\/es\/wp-json\/wp\/v2\/product\/18389","targetHints":{"allow":["GET"]}}],"collection":[{"href":"https:\/\/reanpackaging.com\/es\/wp-json\/wp\/v2\/product"}],"about":[{"href":"https:\/\/reanpackaging.com\/es\/wp-json\/wp\/v2\/types\/product"}],"wp:featuredmedia":[{"embeddable":true,"href":"https:\/\/reanpackaging.com\/es\/wp-json\/wp\/v2\/media\/18315"}],"wp:attachment":[{"href":"https:\/\/reanpackaging.com\/es\/wp-json\/wp\/v2\/media?parent=18389"}],"wp:term":[{"taxonomy":"product_brand","embeddable":true,"href":"https:\/\/reanpackaging.com\/es\/wp-json\/wp\/v2\/product_brand?post=18389"},{"taxonomy":"product_cat","embeddable":true,"href":"https:\/\/reanpackaging.com\/es\/wp-json\/wp\/v2\/product_cat?post=18389"},{"taxonomy":"product_tag","embeddable":true,"href":"https:\/\/reanpackaging.com\/es\/wp-json\/wp\/v2\/product_tag?post=18389"}],"curies":[{"name":"wp","href":"https:\/\/api.w.org\/{rel}","templated":true}]}}