{"id":20749,"date":"2024-07-14T16:20:37","date_gmt":"2024-07-14T16:20:37","guid":{"rendered":"https:\/\/reanpackaging.com\/product\/jewelry-box-storage-bracelet-necklace-earring-case-satin-handle-square-paper-cardboard-gift-sliding-brown-packaging-box-jewelry\/"},"modified":"2024-10-01T16:23:21","modified_gmt":"2024-10-01T16:23:21","slug":"jewelry-box-storage-bracelet-necklace-earring-case-satin-handle-square-paper-cardboard-gift-sliding-brown-packaging-box-jewelry","status":"publish","type":"product","link":"https:\/\/reanpackaging.com\/es\/producto\/jewelry-box-storage-bracelet-necklace-earring-case-satin-handle-square-paper-cardboard-gift-sliding-brown-packaging-box-jewelry\/","title":{"rendered":"Caja de joyer\u00eda de almacenamiento pulsera collar pendiente caja de sat\u00e9n mango cuadrado de papel cart\u00f3n de regalo deslizante marr\u00f3n caja de embalaje de joyer\u00eda"},"content":{"rendered":"<h4>Atributos espec\u00edficos del sector<\/h4>\n<table border=\"1\">\n<tr>\n<td><strong>Material de los joyeros<\/strong><\/td>\n<td>Papel<\/td>\n<\/tr>\n<\/table>\n<h4>Otros atributos<\/h4>\n<table border=\"1\">\n<tr>\n<td><strong>Marca<\/strong><\/td>\n<td>Big Tree Packaging<\/td>\n<\/tr>\n<tr>\n<td><strong>N\u00famero de modelo<\/strong><\/td>\n<td>bigtreepack24<\/td>\n<\/tr>\n<tr>\n<td><strong>talla<\/strong><\/td>\n<td>Se puede personalizar<\/td>\n<\/tr>\n<tr>\n<td><strong>Color<\/strong><\/td>\n<td>Se puede personalizar<\/td>\n<\/tr>\n<tr>\n<td><strong>Talla<\/strong><\/td>\n<td>Se puede personalizar<\/td>\n<\/tr>\n<tr>\n<td><strong>Logotipo<\/strong><\/td>\n<td>Se puede personalizar<\/td>\n<\/tr>\n<tr>\n<td><strong>MOQ<\/strong><\/td>\n<td>2pcs para el dise\u00f1o de stock<\/td>\n<\/tr>\n<tr>\n<td><strong>Muestra<\/strong><\/td>\n<td>Gratis para dise\u00f1o de stock<\/td>\n<\/tr>\n<tr>\n<td><strong>Coste de la muestra<\/strong><\/td>\n<td>Se puede reembolsar una vez confirmado el pedido<\/td>\n<\/tr>\n<tr>\n<td><strong>Plazo de entrega de la muestra<\/strong><\/td>\n<td>5-7 d\u00edas <\/td>\n<\/tr>\n<tr>\n<td><strong>Env\u00edo<\/strong><\/td>\n<td>Env\u00edo por mar, aire, ferrocarril, cami\u00f3n, UPS, DHL, Fedex<\/td>\n<\/tr>\n<tr>\n<td><strong>Plazo de entrega<\/strong><\/td>\n<td>6-9 d\u00edas para el env\u00edo por DHL<\/td>\n<\/tr>\n<\/table>\n<p><img decoding=\"async\" class=\"detail-desc-decorate-image\" src=\"https:\/\/reanpackaging.com\/wp-content\/uploads\/2024\/07\/1-description-Jewelry-Box-Storage-Bracelet-Necklace-Earring-Case-Satin-Handle-Square-Paper-Cardboard-Gift-Sliding-Brown-Packaging-Box-Jewelry.jpg\" slate-data-type=\"image\" style=\"max-width: 100%; height: auto; display: block; margin: 0 auto;\"><br \/>\n<img decoding=\"async\" class=\"detail-desc-decorate-image\" src=\"https:\/\/reanpackaging.com\/wp-content\/uploads\/2024\/07\/2-description-Jewelry-Box-Storage-Bracelet-Necklace-Earring-Case-Satin-Handle-Square-Paper-Cardboard-Gift-Sliding-Brown-Packaging-Box-Jewelry.jpg\" slate-data-type=\"image\" style=\"max-width: 100%; height: auto; display: block; margin: 0 auto;\"><br \/>\n<img decoding=\"async\" class=\"detail-desc-decorate-image\" src=\"https:\/\/reanpackaging.com\/wp-content\/uploads\/2024\/07\/3-description-Jewelry-Box-Storage-Bracelet-Necklace-Earring-Case-Satin-Handle-Square-Paper-Cardboard-Gift-Sliding-Brown-Packaging-Box-Jewelry.jpg\" slate-data-type=\"image\" style=\"max-width: 100%; height: auto; display: block; margin: 0 auto;\"><br \/>\n<img decoding=\"async\" class=\"detail-desc-decorate-image\" src=\"https:\/\/reanpackaging.com\/wp-content\/uploads\/2024\/07\/4-description-Jewelry-Box-Storage-Bracelet-Necklace-Earring-Case-Satin-Handle-Square-Paper-Cardboard-Gift-Sliding-Brown-Packaging-Box-Jewelry.jpg\" slate-data-type=\"image\" style=\"max-width: 100%; height: auto; display: block; margin: 0 auto;\"><br \/>\n<img decoding=\"async\" class=\"detail-desc-decorate-image\" src=\"https:\/\/reanpackaging.com\/wp-content\/uploads\/2024\/07\/5-description-Jewelry-Box-Storage-Bracelet-Necklace-Earring-Case-Satin-Handle-Square-Paper-Cardboard-Gift-Sliding-Brown-Packaging-Box-Jewelry.jpg\" slate-data-type=\"image\" style=\"max-width: 100%; height: auto; display: block; margin: 0 auto;\"><br \/>\n<img decoding=\"async\" class=\"detail-desc-decorate-image\" src=\"https:\/\/reanpackaging.com\/wp-content\/uploads\/2024\/07\/6-description-Jewelry-Box-Storage-Bracelet-Necklace-Earring-Case-Satin-Handle-Square-Paper-Cardboard-Gift-Sliding-Brown-Packaging-Box-Jewelry.jpg\" slate-data-type=\"image\" style=\"max-width: 100%; height: auto; display: block; margin: 0 auto;\"><br \/>\n<img decoding=\"async\" class=\"detail-desc-decorate-image\" src=\"https:\/\/reanpackaging.com\/wp-content\/uploads\/2024\/07\/7-description-Jewelry-Box-Storage-Bracelet-Necklace-Earring-Case-Satin-Handle-Square-Paper-Cardboard-Gift-Sliding-Brown-Packaging-Box-Jewelry.jpg\" slate-data-type=\"image\" style=\"max-width: 100%; height: auto; display: block; margin: 0 auto;\"><br \/>\n<img decoding=\"async\" class=\"detail-desc-decorate-image\" src=\"https:\/\/reanpackaging.com\/wp-content\/uploads\/2024\/07\/8-description-Jewelry-Box-Storage-Bracelet-Necklace-Earring-Case-Satin-Handle-Square-Paper-Cardboard-Gift-Sliding-Brown-Packaging-Box-Jewelry.jpg\" slate-data-type=\"image\" style=\"max-width: 100%; height: auto; display: block; margin: 0 auto;\"><br \/>\n<img decoding=\"async\" class=\"detail-desc-decorate-image\" src=\"https:\/\/reanpackaging.com\/wp-content\/uploads\/2024\/07\/9-description-Jewelry-Box-Storage-Bracelet-Necklace-Earring-Case-Satin-Handle-Square-Paper-Cardboard-Gift-Sliding-Brown-Packaging-Box-Jewelry.jpg\" slate-data-type=\"image\" style=\"max-width: 100%; height: auto; display: block; margin: 0 auto;\"><br \/>\n<img decoding=\"async\" class=\"detail-desc-decorate-image\" src=\"https:\/\/reanpackaging.com\/wp-content\/uploads\/2024\/07\/10-description-Jewelry-Box-Storage-Bracelet-Necklace-Earring-Case-Satin-Handle-Square-Paper-Cardboard-Gift-Sliding-Brown-Packaging-Box-Jewelry.jpg\" slate-data-type=\"image\" style=\"max-width: 100%; height: auto; display: block; margin: 0 auto;\"><\/p>","protected":false},"excerpt":{"rendered":"<p>Industry-Specific Attributes Jewelry Boxes Material Paper Other Attributes Brand Name Big Tree Packaging Model Number bigtreepack24 size Can be customized Color Can be customized Size Can be customized Logo Can be customized MOQ 2pcs for stock design Sample Free for stock design Sample cost Can be refunded after order confirmed Sample lead time 5-7 days [&hellip;]<\/p>\n","protected":false},"featured_media":20611,"template":"","meta":{"_seopress_robots_primary_cat":"","_seopress_titles_title":"","_seopress_titles_desc":"","_seopress_robots_index":"","site-sidebar-layout":"default","site-content-layout":"","ast-site-content-layout":"default","site-content-style":"default","site-sidebar-style":"default","ast-global-header-display":"","ast-banner-title-visibility":"","ast-main-header-display":"","ast-hfb-above-header-display":"","ast-hfb-below-header-display":"","ast-hfb-mobile-header-display":"","site-post-title":"","ast-breadcrumbs-content":"","ast-featured-img":"","footer-sml-layout":"","ast-disable-related-posts":"","theme-transparent-header-meta":"","adv-header-id-meta":"","stick-header-meta":"","header-above-stick-meta":"","header-main-stick-meta":"","header-below-stick-meta":"","astra-migrate-meta-layouts":"default","ast-page-background-enabled":"default","ast-page-background-meta":{"desktop":{"background-color":"","background-image":"","background-repeat":"repeat","background-position":"center center","background-size":"auto","background-attachment":"scroll","background-type":"","background-media":"","overlay-type":"","overlay-color":"","overlay-opacity":"","overlay-gradient":""},"tablet":{"background-color":"","background-image":"","background-repeat":"repeat","background-position":"center center","background-size":"auto","background-attachment":"scroll","background-type":"","background-media":"","overlay-type":"","overlay-color":"","overlay-opacity":"","overlay-gradient":""},"mobile":{"background-color":"","background-image":"","background-repeat":"repeat","background-position":"center center","background-size":"auto","background-attachment":"scroll","background-type":"","background-media":"","overlay-type":"","overlay-color":"","overlay-opacity":"","overlay-gradient":""}},"ast-content-background-meta":{"desktop":{"background-color":"var(--ast-global-color-5)","background-image":"","background-repeat":"repeat","background-position":"center center","background-size":"auto","background-attachment":"scroll","background-type":"","background-media":"","overlay-type":"","overlay-color":"","overlay-opacity":"","overlay-gradient":""},"tablet":{"background-color":"var(--ast-global-color-5)","background-image":"","background-repeat":"repeat","background-position":"center center","background-size":"auto","background-attachment":"scroll","background-type":"","background-media":"","overlay-type":"","overlay-color":"","overlay-opacity":"","overlay-gradient":""},"mobile":{"background-color":"var(--ast-global-color-5)","background-image":"","background-repeat":"repeat","background-position":"center center","background-size":"auto","background-attachment":"scroll","background-type":"","background-media":"","overlay-type":"","overlay-color":"","overlay-opacity":"","overlay-gradient":""}}},"product_brand":[],"product_cat":[64],"product_tag":[],"class_list":{"0":"post-20749","1":"product","2":"type-product","3":"status-publish","4":"has-post-thumbnail","6":"product_cat-jewelry-gift-boxes","7":"desktop-align-left","8":"tablet-align-left","9":"mobile-align-left","10":"ast-product-gallery-layout-horizontal","11":"ast-product-tabs-layout-horizontal","13":"first","14":"instock","15":"purchasable","16":"product-type-simple"},"_links":{"self":[{"href":"https:\/\/reanpackaging.com\/es\/wp-json\/wp\/v2\/product\/20749","targetHints":{"allow":["GET"]}}],"collection":[{"href":"https:\/\/reanpackaging.com\/es\/wp-json\/wp\/v2\/product"}],"about":[{"href":"https:\/\/reanpackaging.com\/es\/wp-json\/wp\/v2\/types\/product"}],"wp:featuredmedia":[{"embeddable":true,"href":"https:\/\/reanpackaging.com\/es\/wp-json\/wp\/v2\/media\/20611"}],"wp:attachment":[{"href":"https:\/\/reanpackaging.com\/es\/wp-json\/wp\/v2\/media?parent=20749"}],"wp:term":[{"taxonomy":"product_brand","embeddable":true,"href":"https:\/\/reanpackaging.com\/es\/wp-json\/wp\/v2\/product_brand?post=20749"},{"taxonomy":"product_cat","embeddable":true,"href":"https:\/\/reanpackaging.com\/es\/wp-json\/wp\/v2\/product_cat?post=20749"},{"taxonomy":"product_tag","embeddable":true,"href":"https:\/\/reanpackaging.com\/es\/wp-json\/wp\/v2\/product_tag?post=20749"}],"curies":[{"name":"wp","href":"https:\/\/api.w.org\/{rel}","templated":true}]}}