{"id":23886,"date":"2024-08-03T06:18:26","date_gmt":"2024-08-03T06:18:26","guid":{"rendered":"https:\/\/reanpackaging.com\/product\/custom-rigid-paper-box-pull-out-jar-packaging-boxes-concentrate-container-packaging\/"},"modified":"2024-10-01T16:12:09","modified_gmt":"2024-10-01T16:12:09","slug":"custom-rigid-paper-box-pull-out-jar-packaging-boxes-concentrate-container-packaging","status":"publish","type":"product","link":"https:\/\/reanpackaging.com\/es\/producto\/custom-rigid-paper-box-pull-out-jar-packaging-boxes-concentrate-container-packaging\/","title":{"rendered":"Caja de papel r\u00edgido a medida cajas de envases de tarros extra\u00edbles envases de envases de concentrados"},"content":{"rendered":"<h4>Atributos espec\u00edficos del sector<\/h4>\n<table border=\"1\">\n<tbody>\n<tr>\n<td><strong>Uso industrial<\/strong><\/td>\n<td>Medicina<\/td>\n<\/tr>\n<tr>\n<td><strong>Tipo de papel<\/strong><\/td>\n<td>Papel estucado<\/td>\n<\/tr>\n<tr>\n<td><strong>Caracter\u00edstica<\/strong><\/td>\n<td>Reciclable<\/td>\n<\/tr>\n<\/tbody>\n<\/table>\n<h4>Otros atributos<\/h4>\n<table border=\"1\">\n<tbody>\n<tr>\n<td><strong>Tipo de caja<\/strong><\/td>\n<td>Cajas r\u00edgidas<\/td>\n<\/tr>\n<tr>\n<td><strong>Manipulaci\u00f3n de la impresi\u00f3n<\/strong><\/td>\n<td>Estampado en relieve, Laminaci\u00f3n brillante, Laminaci\u00f3n mate, Estampaci\u00f3n, Recubrimiento UV, Barnizado, BARNIZ, L\u00e1mina de oro<\/td>\n<\/tr>\n<tr>\n<td><strong>Pedido a medida<\/strong><\/td>\n<td>Acepte<\/td>\n<\/tr>\n<tr>\n<td><strong>Forma<\/strong><\/td>\n<td>Rect\u00e1ngulo<\/td>\n<\/tr>\n<tr>\n<td><strong>Nombre<\/strong><\/td>\n<td>Envasado en cajas de tarros<\/td>\n<\/tr>\n<tr>\n<td><strong>Material<\/strong><\/td>\n<td>Cart\u00f3n\/pl\u00e1stico bl\u00edster<\/td>\n<\/tr>\n<tr>\n<td><strong>Color<\/strong><\/td>\n<td>4C Printing\/ Pantone<\/td>\n<\/tr>\n<tr>\n<td><strong>Plantilla<\/strong><\/td>\n<td>Disponible<\/td>\n<\/tr>\n<tr>\n<td><strong>Acabado<\/strong><\/td>\n<td>Goil, papel de plata\/revestimiento UV\/gofrado\/laminado mate<\/td>\n<\/tr>\n<tr>\n<td><strong>Utilizaci\u00f3n<\/strong><\/td>\n<td>Caja de tarros<\/td>\n<\/tr>\n<tr>\n<td><strong>Tipo<\/strong><\/td>\n<td>Caja de regalo\/ Caja de papel kraft\/ Cart\u00f3n bl\u00edster<\/td>\n<\/tr>\n<tr>\n<td><strong>Logotipo<\/strong><\/td>\n<td>Logotipo de bienvenida<\/td>\n<\/tr>\n<tr>\n<td><strong>Utilice<\/strong><\/td>\n<td>Caja de regalo<\/td>\n<\/tr>\n<tr>\n<td><strong>Tiempo de muestreo<\/strong><\/td>\n<td>3.-5 d\u00edas laborables<\/td>\n<\/tr>\n<tr>\n<td><strong>Capacidad de suministro<\/strong><\/td>\n<td>Capacidad de suministro<\/td>\n<\/tr>\n<\/tbody>\n<\/table>\n<p><img decoding=\"async\" class=\"detail-desc-decorate-image\" style=\"max-width: 100%; height: auto; display: block; margin: 0 auto;\" src=\"https:\/\/reanpackaging.com\/wp-content\/uploads\/2024\/08\/1-description-Custom-rigid-paper-box-pull-out-jar-packaging-boxes-concentrate-container-packaging.jpg\" \/><br \/>\n<img decoding=\"async\" class=\"detail-desc-decorate-image\" style=\"max-width: 100%; height: auto; display: block; margin: 0 auto;\" src=\"https:\/\/reanpackaging.com\/wp-content\/uploads\/2024\/08\/2-description-Custom-rigid-paper-box-pull-out-jar-packaging-boxes-concentrate-container-packaging.jpg\" \/><br \/>\n<img decoding=\"async\" class=\"detail-desc-decorate-image\" style=\"max-width: 100%; height: auto; display: block; margin: 0 auto;\" src=\"https:\/\/reanpackaging.com\/wp-content\/uploads\/2024\/08\/3-description-Custom-rigid-paper-box-pull-out-jar-packaging-boxes-concentrate-container-packaging.jpg\" \/><br \/>\n<img decoding=\"async\" class=\"detail-desc-decorate-image\" style=\"max-width: 100%; height: auto; display: block; margin: 0 auto;\" src=\"https:\/\/reanpackaging.com\/wp-content\/uploads\/2024\/08\/4-description-Custom-rigid-paper-box-pull-out-jar-packaging-boxes-concentrate-container-packaging.jpg\" \/><br \/>\n<img decoding=\"async\" class=\"detail-desc-decorate-image\" style=\"max-width: 100%; height: auto; display: block; margin: 0 auto;\" src=\"https:\/\/reanpackaging.com\/wp-content\/uploads\/2024\/08\/5-description-Custom-rigid-paper-box-pull-out-jar-packaging-boxes-concentrate-container-packaging.jpg\" \/><\/p>","protected":false},"excerpt":{"rendered":"<p>Industry-Specific Attributes Industrial Use Medicine Paper Type Coated Paper Feature Recyclable Other Attributes Box Type Rigid Boxes Printing Handling Embossing, Glossy Lamination, Matt Lamination, Stamping, UV Coating, Varnishing, VANISHING, Gold Foil Custom Order Accept Shape Rectangle Name Jar Box Packaging Material Cardboard\/blister plastic Color 4C Printing\/ Pantone Template Available Finishing Goil, silver foil\/UV coating\/Embossing\/Matt Lamination [&hellip;]<\/p>\n","protected":false},"featured_media":23768,"template":"","meta":{"_seopress_robots_primary_cat":"none","_seopress_titles_title":"","_seopress_titles_desc":"","_seopress_robots_index":"","site-sidebar-layout":"default","site-content-layout":"","ast-site-content-layout":"default","site-content-style":"default","site-sidebar-style":"default","ast-global-header-display":"","ast-banner-title-visibility":"","ast-main-header-display":"","ast-hfb-above-header-display":"","ast-hfb-below-header-display":"","ast-hfb-mobile-header-display":"","site-post-title":"","ast-breadcrumbs-content":"","ast-featured-img":"","footer-sml-layout":"","ast-disable-related-posts":"","theme-transparent-header-meta":"default","adv-header-id-meta":"","stick-header-meta":"default","header-above-stick-meta":"","header-main-stick-meta":"","header-below-stick-meta":"","astra-migrate-meta-layouts":"set","ast-page-background-enabled":"default","ast-page-background-meta":{"desktop":{"background-color":"","background-image":"","background-repeat":"repeat","background-position":"center center","background-size":"auto","background-attachment":"scroll","background-type":"","background-media":"","overlay-type":"","overlay-color":"","overlay-opacity":"","overlay-gradient":""},"tablet":{"background-color":"","background-image":"","background-repeat":"repeat","background-position":"center center","background-size":"auto","background-attachment":"scroll","background-type":"","background-media":"","overlay-type":"","overlay-color":"","overlay-opacity":"","overlay-gradient":""},"mobile":{"background-color":"","background-image":"","background-repeat":"repeat","background-position":"center center","background-size":"auto","background-attachment":"scroll","background-type":"","background-media":"","overlay-type":"","overlay-color":"","overlay-opacity":"","overlay-gradient":""}},"ast-content-background-meta":{"desktop":{"background-color":"var(--ast-global-color-5)","background-image":"","background-repeat":"repeat","background-position":"center center","background-size":"auto","background-attachment":"scroll","background-type":"","background-media":"","overlay-type":"","overlay-color":"","overlay-opacity":"","overlay-gradient":""},"tablet":{"background-color":"var(--ast-global-color-5)","background-image":"","background-repeat":"repeat","background-position":"center center","background-size":"auto","background-attachment":"scroll","background-type":"","background-media":"","overlay-type":"","overlay-color":"","overlay-opacity":"","overlay-gradient":""},"mobile":{"background-color":"var(--ast-global-color-5)","background-image":"","background-repeat":"repeat","background-position":"center center","background-size":"auto","background-attachment":"scroll","background-type":"","background-media":"","overlay-type":"","overlay-color":"","overlay-opacity":"","overlay-gradient":""}}},"product_brand":[],"product_cat":[70],"product_tag":[],"class_list":{"0":"post-23886","1":"product","2":"type-product","3":"status-publish","4":"has-post-thumbnail","6":"product_cat-rigid-boxes","7":"desktop-align-left","8":"tablet-align-left","9":"mobile-align-left","10":"ast-product-gallery-layout-horizontal","11":"ast-product-tabs-layout-horizontal","13":"first","14":"instock","15":"purchasable","16":"product-type-simple"},"_links":{"self":[{"href":"https:\/\/reanpackaging.com\/es\/wp-json\/wp\/v2\/product\/23886","targetHints":{"allow":["GET"]}}],"collection":[{"href":"https:\/\/reanpackaging.com\/es\/wp-json\/wp\/v2\/product"}],"about":[{"href":"https:\/\/reanpackaging.com\/es\/wp-json\/wp\/v2\/types\/product"}],"wp:featuredmedia":[{"embeddable":true,"href":"https:\/\/reanpackaging.com\/es\/wp-json\/wp\/v2\/media\/23768"}],"wp:attachment":[{"href":"https:\/\/reanpackaging.com\/es\/wp-json\/wp\/v2\/media?parent=23886"}],"wp:term":[{"taxonomy":"product_brand","embeddable":true,"href":"https:\/\/reanpackaging.com\/es\/wp-json\/wp\/v2\/product_brand?post=23886"},{"taxonomy":"product_cat","embeddable":true,"href":"https:\/\/reanpackaging.com\/es\/wp-json\/wp\/v2\/product_cat?post=23886"},{"taxonomy":"product_tag","embeddable":true,"href":"https:\/\/reanpackaging.com\/es\/wp-json\/wp\/v2\/product_tag?post=23886"}],"curies":[{"name":"wp","href":"https:\/\/api.w.org\/{rel}","templated":true}]}}