{"id":25185,"date":"2024-08-10T13:59:29","date_gmt":"2024-08-10T13:59:29","guid":{"rendered":"https:\/\/reanpackaging.com\/product\/beautiful-magnetic-paper-chocolate-packaging-gift-boxes-with-divider-cardboard-customized-wedding-chocolate-boxes\/"},"modified":"2024-10-01T16:04:17","modified_gmt":"2024-10-01T16:04:17","slug":"beautiful-magnetic-paper-chocolate-packaging-gift-boxes-with-divider-cardboard-customized-wedding-chocolate-boxes","status":"publish","type":"product","link":"https:\/\/reanpackaging.com\/es\/producto\/beautiful-magnetic-paper-chocolate-packaging-gift-boxes-with-divider-cardboard-customized-wedding-chocolate-boxes\/","title":{"rendered":"Hermoso magn\u00e9tico de papel de embalaje de chocolate cajas de regalo con divisor de cart\u00f3n personalizado de la boda cajas de chocolate"},"content":{"rendered":"<h4>Atributos espec\u00edficos del sector<\/h4>\n<table border=\"1\">\n<tbody>\n<tr>\n<td><strong>Uso industrial<\/strong><\/td>\n<td>Alimentaci\u00f3n<\/td>\n<\/tr>\n<tr>\n<td><strong>Tipo de papel<\/strong><\/td>\n<td>Cart\u00f3n<\/td>\n<\/tr>\n<tr>\n<td><strong>Caracter\u00edstica<\/strong><\/td>\n<td>Reciclable<\/td>\n<\/tr>\n<\/tbody>\n<\/table>\n<h4>Otros atributos<\/h4>\n<table border=\"1\">\n<tbody>\n<tr>\n<td><strong>Tipo de caja<\/strong><\/td>\n<td>Cajas r\u00edgidas<\/td>\n<\/tr>\n<tr>\n<td><strong>Manipulaci\u00f3n de la impresi\u00f3n<\/strong><\/td>\n<td>Laminaci\u00f3n mate, barnizado, estampaci\u00f3n, gofrado, laminaci\u00f3n brillante, lacado UV, VANISHING, l\u00e1mina dorada<\/td>\n<\/tr>\n<tr>\n<td><strong>Pedido a medida<\/strong><\/td>\n<td>Acepte<\/td>\n<\/tr>\n<tr>\n<td><strong>Forma<\/strong><\/td>\n<td>Diferentes formas personalizadas<\/td>\n<\/tr>\n<tr>\n<td><strong>Nombre del producto<\/strong><\/td>\n<td>Caja de bombones<\/td>\n<\/tr>\n<tr>\n<td><strong>Utilizaci\u00f3n<\/strong><\/td>\n<td>Chocolate<\/td>\n<\/tr>\n<tr>\n<td><strong>Color<\/strong><\/td>\n<td>CMYK 4C \/ N\u00famero PMS<\/td>\n<\/tr>\n<tr>\n<td><strong>Talla<\/strong><\/td>\n<td>Se aceptan tallas especiales<\/td>\n<\/tr>\n<tr>\n<td><strong>Aplicaci\u00f3n<\/strong><\/td>\n<td>Restauraci\u00f3n<\/td>\n<\/tr>\n<tr>\n<td><strong>MOQ<\/strong><\/td>\n<td>100 unidades<\/td>\n<\/tr>\n<\/tbody>\n<\/table>\n<p><img decoding=\"async\" class=\"detail-desc-decorate-image\" style=\"max-width: 100%; height: auto; display: block; margin: 0 auto;\" src=\"https:\/\/reanpackaging.com\/wp-content\/uploads\/2024\/08\/2-description-Beautiful-Magnetic-Paper-Chocolate-Packaging-Gift-Boxes-With-Divider-Cardboard-Customized-Wedding-Chocolate-Boxes.jpg\" \/><br \/>\n<img decoding=\"async\" class=\"detail-desc-decorate-image\" style=\"max-width: 100%; height: auto; display: block; margin: 0 auto;\" src=\"https:\/\/reanpackaging.com\/wp-content\/uploads\/2024\/08\/3-description-Beautiful-Magnetic-Paper-Chocolate-Packaging-Gift-Boxes-With-Divider-Cardboard-Customized-Wedding-Chocolate-Boxes.jpg\" \/><br \/>\n<img decoding=\"async\" class=\"detail-desc-decorate-image\" style=\"max-width: 100%; height: auto; display: block; margin: 0 auto;\" src=\"https:\/\/reanpackaging.com\/wp-content\/uploads\/2024\/08\/4-description-Beautiful-Magnetic-Paper-Chocolate-Packaging-Gift-Boxes-With-Divider-Cardboard-Customized-Wedding-Chocolate-Boxes.jpg\" \/><br \/>\n<img decoding=\"async\" class=\"detail-desc-decorate-image\" style=\"max-width: 100%; height: auto; display: block; margin: 0 auto;\" src=\"https:\/\/reanpackaging.com\/wp-content\/uploads\/2024\/08\/5-description-Beautiful-Magnetic-Paper-Chocolate-Packaging-Gift-Boxes-With-Divider-Cardboard-Customized-Wedding-Chocolate-Boxes.jpg\" \/><br \/>\n<img decoding=\"async\" class=\"detail-desc-decorate-image\" style=\"max-width: 100%; height: auto; display: block; margin: 0 auto;\" src=\"https:\/\/reanpackaging.com\/wp-content\/uploads\/2024\/08\/6-description-Beautiful-Magnetic-Paper-Chocolate-Packaging-Gift-Boxes-With-Divider-Cardboard-Customized-Wedding-Chocolate-Boxes.jpg\" \/><\/p>","protected":false},"excerpt":{"rendered":"<p>Industry-Specific Attributes Industrial Use Food Paper Type Paperboard Feature Recyclable Other Attributes Box Type Rigid Boxes Printing Handling Matt Lamination, Varnishing, Stamping, Embossing, Glossy Lamination, UV Coating, VANISHING, Gold Foil Custom Order Accept Shape Customized Different Shape Product name Chocolate Box Usage Chocolate Color CMYK 4C \/ PMS Number Size Custom Size Accepted Application Food [&hellip;]<\/p>\n","protected":false},"featured_media":24960,"template":"","meta":{"_seopress_robots_primary_cat":"none","_seopress_titles_title":"","_seopress_titles_desc":"","_seopress_robots_index":"","site-sidebar-layout":"default","site-content-layout":"","ast-site-content-layout":"default","site-content-style":"default","site-sidebar-style":"default","ast-global-header-display":"","ast-banner-title-visibility":"","ast-main-header-display":"","ast-hfb-above-header-display":"","ast-hfb-below-header-display":"","ast-hfb-mobile-header-display":"","site-post-title":"","ast-breadcrumbs-content":"","ast-featured-img":"","footer-sml-layout":"","ast-disable-related-posts":"","theme-transparent-header-meta":"default","adv-header-id-meta":"","stick-header-meta":"default","header-above-stick-meta":"","header-main-stick-meta":"","header-below-stick-meta":"","astra-migrate-meta-layouts":"set","ast-page-background-enabled":"default","ast-page-background-meta":{"desktop":{"background-color":"","background-image":"","background-repeat":"repeat","background-position":"center center","background-size":"auto","background-attachment":"scroll","background-type":"","background-media":"","overlay-type":"","overlay-color":"","overlay-opacity":"","overlay-gradient":""},"tablet":{"background-color":"","background-image":"","background-repeat":"repeat","background-position":"center center","background-size":"auto","background-attachment":"scroll","background-type":"","background-media":"","overlay-type":"","overlay-color":"","overlay-opacity":"","overlay-gradient":""},"mobile":{"background-color":"","background-image":"","background-repeat":"repeat","background-position":"center center","background-size":"auto","background-attachment":"scroll","background-type":"","background-media":"","overlay-type":"","overlay-color":"","overlay-opacity":"","overlay-gradient":""}},"ast-content-background-meta":{"desktop":{"background-color":"var(--ast-global-color-5)","background-image":"","background-repeat":"repeat","background-position":"center center","background-size":"auto","background-attachment":"scroll","background-type":"","background-media":"","overlay-type":"","overlay-color":"","overlay-opacity":"","overlay-gradient":""},"tablet":{"background-color":"var(--ast-global-color-5)","background-image":"","background-repeat":"repeat","background-position":"center center","background-size":"auto","background-attachment":"scroll","background-type":"","background-media":"","overlay-type":"","overlay-color":"","overlay-opacity":"","overlay-gradient":""},"mobile":{"background-color":"var(--ast-global-color-5)","background-image":"","background-repeat":"repeat","background-position":"center center","background-size":"auto","background-attachment":"scroll","background-type":"","background-media":"","overlay-type":"","overlay-color":"","overlay-opacity":"","overlay-gradient":""}}},"product_brand":[],"product_cat":[72],"product_tag":[],"class_list":{"0":"post-25185","1":"product","2":"type-product","3":"status-publish","4":"has-post-thumbnail","6":"product_cat-chocolate-box","7":"desktop-align-left","8":"tablet-align-left","9":"mobile-align-left","10":"ast-product-gallery-layout-horizontal","11":"ast-product-tabs-layout-horizontal","13":"first","14":"instock","15":"purchasable","16":"product-type-simple"},"_links":{"self":[{"href":"https:\/\/reanpackaging.com\/es\/wp-json\/wp\/v2\/product\/25185","targetHints":{"allow":["GET"]}}],"collection":[{"href":"https:\/\/reanpackaging.com\/es\/wp-json\/wp\/v2\/product"}],"about":[{"href":"https:\/\/reanpackaging.com\/es\/wp-json\/wp\/v2\/types\/product"}],"wp:featuredmedia":[{"embeddable":true,"href":"https:\/\/reanpackaging.com\/es\/wp-json\/wp\/v2\/media\/24960"}],"wp:attachment":[{"href":"https:\/\/reanpackaging.com\/es\/wp-json\/wp\/v2\/media?parent=25185"}],"wp:term":[{"taxonomy":"product_brand","embeddable":true,"href":"https:\/\/reanpackaging.com\/es\/wp-json\/wp\/v2\/product_brand?post=25185"},{"taxonomy":"product_cat","embeddable":true,"href":"https:\/\/reanpackaging.com\/es\/wp-json\/wp\/v2\/product_cat?post=25185"},{"taxonomy":"product_tag","embeddable":true,"href":"https:\/\/reanpackaging.com\/es\/wp-json\/wp\/v2\/product_tag?post=25185"}],"curies":[{"name":"wp","href":"https:\/\/api.w.org\/{rel}","templated":true}]}}