{"id":25188,"date":"2024-08-10T13:59:29","date_gmt":"2024-08-10T13:59:29","guid":{"rendered":"https:\/\/reanpackaging.com\/product\/professional-manufacturer-customizable-magnetic-attraction-black-chocolate-box-transparent\/"},"modified":"2024-08-10T14:17:57","modified_gmt":"2024-08-10T14:17:57","slug":"professional-manufacturer-customizable-magnetic-attraction-black-chocolate-box-transparent","status":"publish","type":"product","link":"https:\/\/reanpackaging.com\/es\/producto\/professional-manufacturer-customizable-magnetic-attraction-black-chocolate-box-transparent\/","title":{"rendered":"Fabricante profesional Atracci\u00f3n magn\u00e9tica personalizable Caja de bombones negra transparente"},"content":{"rendered":"<h4>Atributos espec\u00edficos del sector<\/h4>\n<table border=\"1\">\n<tbody>\n<tr>\n<td><strong>Uso industrial<\/strong><\/td>\n<td>Alimentaci\u00f3n<\/td>\n<\/tr>\n<tr>\n<td><strong>Tipo de papel<\/strong><\/td>\n<td>Cart\u00f3n<\/td>\n<\/tr>\n<tr>\n<td><strong>Caracter\u00edstica<\/strong><\/td>\n<td>Reciclable<\/td>\n<\/tr>\n<\/tbody>\n<\/table>\n<h4>Otros atributos<\/h4>\n<table border=\"1\">\n<tbody>\n<tr>\n<td><strong>Tipo de caja<\/strong><\/td>\n<td>Cajas r\u00edgidas<\/td>\n<\/tr>\n<tr>\n<td><strong>Manipulaci\u00f3n de la impresi\u00f3n<\/strong><\/td>\n<td>Laminaci\u00f3n mate, barnizado, estampado, gofrado, laminaci\u00f3n brillante, lacado UV, VANISHING, l\u00e1mina de oro, personalizado<\/td>\n<\/tr>\n<tr>\n<td><strong>Pedido a medida<\/strong><\/td>\n<td>Acepte<\/td>\n<\/tr>\n<tr>\n<td><strong>Forma<\/strong><\/td>\n<td>rect\u00e1ngulo<\/td>\n<\/tr>\n<tr>\n<td><strong>Estructura material<\/strong><\/td>\n<td>personalizado<\/td>\n<\/tr>\n<tr>\n<td><strong>Muestra<\/strong><\/td>\n<td>Disponible en<\/td>\n<\/tr>\n<tr>\n<td><strong>Talla<\/strong><\/td>\n<td>Personalizado<\/td>\n<\/tr>\n<tr>\n<td><strong>Utilizaci\u00f3n<\/strong><\/td>\n<td>caja de embalaje para chocolate<\/td>\n<\/tr>\n<tr>\n<td><strong>Forma<\/strong><\/td>\n<td>Forma personalizada<\/td>\n<\/tr>\n<tr>\n<td><strong>Logotipo<\/strong><\/td>\n<td>Logotipo del cliente<\/td>\n<\/tr>\n<tr>\n<td><strong>Color<\/strong><\/td>\n<td>CMYK\/Color Pantone<\/td>\n<\/tr>\n<tr>\n<td><strong>Impresi\u00f3n<\/strong><\/td>\n<td>Impresi\u00f3n en cuatricrom\u00eda CMYK<\/td>\n<\/tr>\n<tr>\n<td><strong>Dise\u00f1o<\/strong><\/td>\n<td>Servicio prestado<\/td>\n<\/tr>\n<tr>\n<td><strong>Capacidad de suministro<\/strong><\/td>\n<td>Capacidad de suministro<\/td>\n<\/tr>\n<\/tbody>\n<\/table>\n<p><img decoding=\"async\" class=\"detail-desc-decorate-image\" style=\"max-width: 100%; height: auto; display: block; margin: 0 auto;\" src=\"https:\/\/reanpackaging.com\/wp-content\/uploads\/2024\/08\/2-description-Professional-Manufacturer-Customizable-Magnetic-Attraction-Black-Chocolate-Box-Transparent.jpg\" \/><br \/>\n<img decoding=\"async\" class=\"detail-desc-decorate-image\" style=\"max-width: 100%; height: auto; display: block; margin: 0 auto;\" src=\"https:\/\/reanpackaging.com\/wp-content\/uploads\/2024\/08\/3-description-Professional-Manufacturer-Customizable-Magnetic-Attraction-Black-Chocolate-Box-Transparent.jpg\" \/><br \/>\n<img decoding=\"async\" class=\"detail-desc-decorate-image\" style=\"max-width: 100%; height: auto; display: block; margin: 0 auto;\" src=\"https:\/\/reanpackaging.com\/wp-content\/uploads\/2024\/08\/4-description-Professional-Manufacturer-Customizable-Magnetic-Attraction-Black-Chocolate-Box-Transparent.jpg\" \/><br \/>\n<img decoding=\"async\" class=\"detail-desc-decorate-image\" style=\"max-width: 100%; height: auto; display: block; margin: 0 auto;\" src=\"https:\/\/reanpackaging.com\/wp-content\/uploads\/2024\/08\/5-description-Professional-Manufacturer-Customizable-Magnetic-Attraction-Black-Chocolate-Box-Transparent.jpg\" \/><br \/>\n<img decoding=\"async\" class=\"detail-desc-decorate-image\" style=\"max-width: 100%; height: auto; display: block; margin: 0 auto;\" src=\"https:\/\/reanpackaging.com\/wp-content\/uploads\/2024\/08\/6-description-Professional-Manufacturer-Customizable-Magnetic-Attraction-Black-Chocolate-Box-Transparent.jpg\" \/><br \/>\n<img decoding=\"async\" class=\"detail-desc-decorate-image\" style=\"max-width: 100%; height: auto; display: block; margin: 0 auto;\" src=\"https:\/\/reanpackaging.com\/wp-content\/uploads\/2024\/08\/7-description-Professional-Manufacturer-Customizable-Magnetic-Attraction-Black-Chocolate-Box-Transparent.jpg\" \/><br \/>\n<img decoding=\"async\" class=\"detail-desc-decorate-image\" style=\"max-width: 100%; height: auto; display: block; margin: 0 auto;\" src=\"https:\/\/reanpackaging.com\/wp-content\/uploads\/2024\/08\/8-description-Professional-Manufacturer-Customizable-Magnetic-Attraction-Black-Chocolate-Box-Transparent.jpg\" \/><br \/>\n<img decoding=\"async\" class=\"detail-desc-decorate-image\" style=\"max-width: 100%; height: auto; display: block; margin: 0 auto;\" src=\"https:\/\/reanpackaging.com\/wp-content\/uploads\/2024\/08\/9-description-Professional-Manufacturer-Customizable-Magnetic-Attraction-Black-Chocolate-Box-Transparent.jpg\" \/><\/p>","protected":false},"excerpt":{"rendered":"<p>Industry-Specific Attributes Industrial Use Food Paper Type Paperboard Feature Recyclable Other Attributes Box Type Rigid Boxes Printing Handling Matt Lamination, Varnishing, Stamping, Embossing, Glossy Lamination, UV Coating, VANISHING, Gold Foil, Customized Custom Order Accept Shape rectangle Material Structure customized Sample Avaialble Size Customized Usage chocolate packaging box Shape Customized Shape Logo Customer&#8217;s Logo Color CMYK\/Pantone [&hellip;]<\/p>\n","protected":false},"featured_media":25103,"template":"","meta":{"_seopress_robots_primary_cat":"none","_seopress_titles_title":"","_seopress_titles_desc":"","_seopress_robots_index":"","site-sidebar-layout":"default","site-content-layout":"","ast-site-content-layout":"default","site-content-style":"default","site-sidebar-style":"default","ast-global-header-display":"","ast-banner-title-visibility":"","ast-main-header-display":"","ast-hfb-above-header-display":"","ast-hfb-below-header-display":"","ast-hfb-mobile-header-display":"","site-post-title":"","ast-breadcrumbs-content":"","ast-featured-img":"","footer-sml-layout":"","ast-disable-related-posts":"","theme-transparent-header-meta":"default","adv-header-id-meta":"","stick-header-meta":"default","header-above-stick-meta":"","header-main-stick-meta":"","header-below-stick-meta":"","astra-migrate-meta-layouts":"set","ast-page-background-enabled":"default","ast-page-background-meta":{"desktop":{"background-color":"","background-image":"","background-repeat":"repeat","background-position":"center center","background-size":"auto","background-attachment":"scroll","background-type":"","background-media":"","overlay-type":"","overlay-color":"","overlay-opacity":"","overlay-gradient":""},"tablet":{"background-color":"","background-image":"","background-repeat":"repeat","background-position":"center center","background-size":"auto","background-attachment":"scroll","background-type":"","background-media":"","overlay-type":"","overlay-color":"","overlay-opacity":"","overlay-gradient":""},"mobile":{"background-color":"","background-image":"","background-repeat":"repeat","background-position":"center center","background-size":"auto","background-attachment":"scroll","background-type":"","background-media":"","overlay-type":"","overlay-color":"","overlay-opacity":"","overlay-gradient":""}},"ast-content-background-meta":{"desktop":{"background-color":"var(--ast-global-color-5)","background-image":"","background-repeat":"repeat","background-position":"center center","background-size":"auto","background-attachment":"scroll","background-type":"","background-media":"","overlay-type":"","overlay-color":"","overlay-opacity":"","overlay-gradient":""},"tablet":{"background-color":"var(--ast-global-color-5)","background-image":"","background-repeat":"repeat","background-position":"center center","background-size":"auto","background-attachment":"scroll","background-type":"","background-media":"","overlay-type":"","overlay-color":"","overlay-opacity":"","overlay-gradient":""},"mobile":{"background-color":"var(--ast-global-color-5)","background-image":"","background-repeat":"repeat","background-position":"center center","background-size":"auto","background-attachment":"scroll","background-type":"","background-media":"","overlay-type":"","overlay-color":"","overlay-opacity":"","overlay-gradient":""}}},"product_brand":[],"product_cat":[72],"product_tag":[],"class_list":{"0":"post-25188","1":"product","2":"type-product","3":"status-publish","4":"has-post-thumbnail","6":"product_cat-chocolate-box","7":"desktop-align-left","8":"tablet-align-left","9":"mobile-align-left","10":"ast-product-gallery-layout-horizontal","11":"ast-product-tabs-layout-horizontal","13":"first","14":"instock","15":"product-type-simple"},"_links":{"self":[{"href":"https:\/\/reanpackaging.com\/es\/wp-json\/wp\/v2\/product\/25188","targetHints":{"allow":["GET"]}}],"collection":[{"href":"https:\/\/reanpackaging.com\/es\/wp-json\/wp\/v2\/product"}],"about":[{"href":"https:\/\/reanpackaging.com\/es\/wp-json\/wp\/v2\/types\/product"}],"wp:featuredmedia":[{"embeddable":true,"href":"https:\/\/reanpackaging.com\/es\/wp-json\/wp\/v2\/media\/25103"}],"wp:attachment":[{"href":"https:\/\/reanpackaging.com\/es\/wp-json\/wp\/v2\/media?parent=25188"}],"wp:term":[{"taxonomy":"product_brand","embeddable":true,"href":"https:\/\/reanpackaging.com\/es\/wp-json\/wp\/v2\/product_brand?post=25188"},{"taxonomy":"product_cat","embeddable":true,"href":"https:\/\/reanpackaging.com\/es\/wp-json\/wp\/v2\/product_cat?post=25188"},{"taxonomy":"product_tag","embeddable":true,"href":"https:\/\/reanpackaging.com\/es\/wp-json\/wp\/v2\/product_tag?post=25188"}],"curies":[{"name":"wp","href":"https:\/\/api.w.org\/{rel}","templated":true}]}}