{"id":27813,"date":"2024-11-24T16:30:07","date_gmt":"2024-11-24T16:30:07","guid":{"rendered":"https:\/\/reanpackaging.com\/product\/custom-luxury-matte-white-black-gift-bag-printing-reusable-shopping-bag-multiple-ribbon-handle-white-board-can-print-patterns\/"},"modified":"2024-11-24T16:45:12","modified_gmt":"2024-11-24T16:45:12","slug":"custom-luxury-matte-white-black-gift-bag-printing-reusable-shopping-bag-multiple-ribbon-handle-white-board-can-print-patterns","status":"publish","type":"product","link":"https:\/\/reanpackaging.com\/es\/producto\/custom-luxury-matte-white-black-gift-bag-printing-reusable-shopping-bag-multiple-ribbon-handle-white-board-can-print-patterns\/","title":{"rendered":"Personalizado de lujo mate blanco Negro bolsa de regalo de impresi\u00f3n bolsa de la compra reutilizables M\u00faltiples asa de cinta tablero blanco puede imprimir patrones"},"content":{"rendered":"<h4>Atributos espec\u00edficos del sector<\/h4>\n<table border=\"1\">\n<tbody>\n<tr>\n<td><strong>Uso industrial<\/strong><\/td>\n<td>Joyas, relojes, gafas, ropa, regalos, documentos, cosm\u00e9ticos<\/td>\n<\/tr>\n<tr>\n<td><strong>Tipo de papel<\/strong><\/td>\n<td>Cart\u00f3n<\/td>\n<\/tr>\n<tr>\n<td><strong>Caracter\u00edstica<\/strong><\/td>\n<td>Materiales reciclados<\/td>\n<\/tr>\n<\/tbody>\n<\/table>\n<h4>Otros atributos<\/h4>\n<table border=\"1\">\n<tbody>\n<tr>\n<td><strong>Manipulaci\u00f3n de superficies<\/strong><\/td>\n<td>Impresi\u00f3n offset<\/td>\n<\/tr>\n<tr>\n<td><strong>Sellado y asa<\/strong><\/td>\n<td>Cord\u00f3n<\/td>\n<\/tr>\n<tr>\n<td><strong>Pedido a medida<\/strong><\/td>\n<td>Acepte<\/td>\n<\/tr>\n<tr>\n<td><strong>Estilo<\/strong><\/td>\n<td>Lujo<\/td>\n<\/tr>\n<tr>\n<td><strong>Impresi\u00f3n de logotipos<\/strong><\/td>\n<td>S\u00ed<\/td>\n<\/tr>\n<tr>\n<td><strong>Accesorios<\/strong><\/td>\n<td>MANGO<\/td>\n<\/tr>\n<tr>\n<td><strong>Manipulaci\u00f3n de la impresi\u00f3n<\/strong><\/td>\n<td>Serigraf\u00eda, Impresi\u00f3n offset, Impresi\u00f3n flexogr\u00e1fica, Gofrado\/grabado en relieve, Impresi\u00f3n digital<\/td>\n<\/tr>\n<\/tbody>\n<\/table>\n<p><img decoding=\"async\" class=\"detail-desc-decorate-image\" style=\"max-width: 100%; height: auto; display: block; margin: 0 auto;\" src=\"https:\/\/reanpackaging.com\/wp-content\/uploads\/2024\/11\/1-description-Custom-luxury-matte-white-Black-gift-bag-printing-reusable-shopping-bag-Multiple-ribbon-handle-white-board-can-print-patterns.jpg\" \/><br \/>\n<img decoding=\"async\" class=\"detail-desc-decorate-image\" style=\"max-width: 100%; height: auto; display: block; margin: 0 auto;\" src=\"https:\/\/reanpackaging.com\/wp-content\/uploads\/2024\/11\/2-description-Custom-luxury-matte-white-Black-gift-bag-printing-reusable-shopping-bag-Multiple-ribbon-handle-white-board-can-print-patterns.jpg\" \/><br \/>\n<img decoding=\"async\" class=\"detail-desc-decorate-image\" style=\"max-width: 100%; height: auto; display: block; margin: 0 auto;\" src=\"https:\/\/reanpackaging.com\/wp-content\/uploads\/2024\/11\/3-description-Custom-luxury-matte-white-Black-gift-bag-printing-reusable-shopping-bag-Multiple-ribbon-handle-white-board-can-print-patterns.jpg\" \/><br \/>\n<img decoding=\"async\" class=\"detail-desc-decorate-image\" style=\"max-width: 100%; height: auto; display: block; margin: 0 auto;\" src=\"https:\/\/reanpackaging.com\/wp-content\/uploads\/2024\/11\/4-description-Custom-luxury-matte-white-Black-gift-bag-printing-reusable-shopping-bag-Multiple-ribbon-handle-white-board-can-print-patterns.jpg\" \/><br \/>\n<img decoding=\"async\" class=\"detail-desc-decorate-image\" style=\"max-width: 100%; height: auto; display: block; margin: 0 auto;\" src=\"https:\/\/reanpackaging.com\/wp-content\/uploads\/2024\/11\/5-description-Custom-luxury-matte-white-Black-gift-bag-printing-reusable-shopping-bag-Multiple-ribbon-handle-white-board-can-print-patterns.jpg\" \/><\/p>","protected":false},"excerpt":{"rendered":"<p>Atributos espec\u00edficos de la industria Uso industrial Joyer\u00eda, relojer\u00eda, gafas, ropa, regalos, documentos, cosm\u00e9ticos Tipo de papel Cart\u00f3n Caracter\u00edsticas Materiales reciclados Otros atributos Superficie Manipulado Impresi\u00f3n offset Precinto y asa Cord\u00f3n Pedido personalizado Aceptar Estilo Lujo Impresi\u00f3n de logotipos S\u00ed Accesorios MANGO Impresi\u00f3n Manipulado Serigraf\u00eda, Impresi\u00f3n offset, Impresi\u00f3n flexogr\u00e1fica, Grabado en relieve\/grabado, Impresi\u00f3n digital<\/p>","protected":false},"featured_media":27665,"template":"","meta":{"_seopress_robots_primary_cat":"none","_seopress_titles_title":"","_seopress_titles_desc":"","_seopress_robots_index":"","site-sidebar-layout":"default","site-content-layout":"","ast-site-content-layout":"default","site-content-style":"default","site-sidebar-style":"default","ast-global-header-display":"","ast-banner-title-visibility":"","ast-main-header-display":"","ast-hfb-above-header-display":"","ast-hfb-below-header-display":"","ast-hfb-mobile-header-display":"","site-post-title":"","ast-breadcrumbs-content":"","ast-featured-img":"","footer-sml-layout":"","ast-disable-related-posts":"","theme-transparent-header-meta":"default","adv-header-id-meta":"","stick-header-meta":"default","header-above-stick-meta":"","header-main-stick-meta":"","header-below-stick-meta":"","astra-migrate-meta-layouts":"set","ast-page-background-enabled":"default","ast-page-background-meta":{"desktop":{"background-color":"","background-image":"","background-repeat":"repeat","background-position":"center center","background-size":"auto","background-attachment":"scroll","background-type":"","background-media":"","overlay-type":"","overlay-color":"","overlay-opacity":"","overlay-gradient":""},"tablet":{"background-color":"","background-image":"","background-repeat":"repeat","background-position":"center center","background-size":"auto","background-attachment":"scroll","background-type":"","background-media":"","overlay-type":"","overlay-color":"","overlay-opacity":"","overlay-gradient":""},"mobile":{"background-color":"","background-image":"","background-repeat":"repeat","background-position":"center center","background-size":"auto","background-attachment":"scroll","background-type":"","background-media":"","overlay-type":"","overlay-color":"","overlay-opacity":"","overlay-gradient":""}},"ast-content-background-meta":{"desktop":{"background-color":"var(--ast-global-color-5)","background-image":"","background-repeat":"repeat","background-position":"center center","background-size":"auto","background-attachment":"scroll","background-type":"","background-media":"","overlay-type":"","overlay-color":"","overlay-opacity":"","overlay-gradient":""},"tablet":{"background-color":"var(--ast-global-color-5)","background-image":"","background-repeat":"repeat","background-position":"center center","background-size":"auto","background-attachment":"scroll","background-type":"","background-media":"","overlay-type":"","overlay-color":"","overlay-opacity":"","overlay-gradient":""},"mobile":{"background-color":"var(--ast-global-color-5)","background-image":"","background-repeat":"repeat","background-position":"center center","background-size":"auto","background-attachment":"scroll","background-type":"","background-media":"","overlay-type":"","overlay-color":"","overlay-opacity":"","overlay-gradient":""}}},"product_brand":[],"product_cat":[76],"product_tag":[],"class_list":{"0":"post-27813","1":"product","2":"type-product","3":"status-publish","4":"has-post-thumbnail","6":"product_cat-white-paper-bags-with-handels","7":"desktop-align-left","8":"tablet-align-left","9":"mobile-align-left","10":"ast-product-gallery-layout-horizontal","11":"ast-product-tabs-layout-horizontal","13":"first","14":"instock","15":"product-type-simple"},"_links":{"self":[{"href":"https:\/\/reanpackaging.com\/es\/wp-json\/wp\/v2\/product\/27813","targetHints":{"allow":["GET"]}}],"collection":[{"href":"https:\/\/reanpackaging.com\/es\/wp-json\/wp\/v2\/product"}],"about":[{"href":"https:\/\/reanpackaging.com\/es\/wp-json\/wp\/v2\/types\/product"}],"wp:featuredmedia":[{"embeddable":true,"href":"https:\/\/reanpackaging.com\/es\/wp-json\/wp\/v2\/media\/27665"}],"wp:attachment":[{"href":"https:\/\/reanpackaging.com\/es\/wp-json\/wp\/v2\/media?parent=27813"}],"wp:term":[{"taxonomy":"product_brand","embeddable":true,"href":"https:\/\/reanpackaging.com\/es\/wp-json\/wp\/v2\/product_brand?post=27813"},{"taxonomy":"product_cat","embeddable":true,"href":"https:\/\/reanpackaging.com\/es\/wp-json\/wp\/v2\/product_cat?post=27813"},{"taxonomy":"product_tag","embeddable":true,"href":"https:\/\/reanpackaging.com\/es\/wp-json\/wp\/v2\/product_tag?post=27813"}],"curies":[{"name":"wp","href":"https:\/\/api.w.org\/{rel}","templated":true}]}}