{"id":28145,"date":"2024-11-26T12:42:52","date_gmt":"2024-11-26T12:42:52","guid":{"rendered":"https:\/\/reanpackaging.com\/product\/custom-wholesale-transparent-wedding-acrylic-display-gift-box-for-gift-cake-rose-flower-with-acrylic-cover-clear-lids\/"},"modified":"2024-11-26T13:17:40","modified_gmt":"2024-11-26T13:17:40","slug":"custom-wholesale-transparent-wedding-acrylic-display-gift-box-for-gift-cake-rose-flower-with-acrylic-cover-clear-lids","status":"publish","type":"product","link":"https:\/\/reanpackaging.com\/es\/producto\/custom-wholesale-transparent-wedding-acrylic-display-gift-box-for-gift-cake-rose-flower-with-acrylic-cover-clear-lids\/","title":{"rendered":"Venta al por mayor personalizado transparente de la boda de acr\u00edlico caja de regalo para el pastel de regalo de flores de rosa con tapa de acr\u00edlico tapas transparentes"},"content":{"rendered":"<h4>Otros atributos<\/h4>\n<table border=\"1\">\n<tbody>\n<tr>\n<td><strong>Nombre del producto<\/strong><\/td>\n<td>Caja acr\u00edlica transparente para regalo<\/td>\n<\/tr>\n<tr>\n<td><strong>Material<\/strong><\/td>\n<td>Acr\u00edlico pmma metacrilato<\/td>\n<\/tr>\n<tr>\n<td><strong>MOQ<\/strong><\/td>\n<td>100 piezas<\/td>\n<\/tr>\n<tr>\n<td><strong>OEM<\/strong><\/td>\n<td>Aceptable<\/td>\n<\/tr>\n<tr>\n<td><strong>Ventaja<\/strong><\/td>\n<td>15 a\u00f1os de experiencia<\/td>\n<\/tr>\n<tr>\n<td><strong>Dise\u00f1o<\/strong><\/td>\n<td>Dise\u00f1os OEM<\/td>\n<\/tr>\n<tr>\n<td><strong>Color<\/strong><\/td>\n<td>borrar<\/td>\n<\/tr>\n<tr>\n<td><strong>Logotipo<\/strong><\/td>\n<td>Logotipo personalizado<\/td>\n<\/tr>\n<tr>\n<td><strong>Impresi\u00f3n<\/strong><\/td>\n<td>UV Pritting<\/td>\n<\/tr>\n<\/tbody>\n<\/table>\n<p><img decoding=\"async\" class=\"detail-desc-decorate-image\" style=\"max-width: 100%; height: auto; display: block; margin: 0 auto;\" src=\"https:\/\/reanpackaging.com\/wp-content\/uploads\/2024\/11\/1-description-Custom-Wholesale-Transparent-Wedding-Acrylic-Display-Gift-Box-For-Gift-Cake-Rose-Flower-With-Acrylic-Cover-Clear-Lids.jpg\" \/><br \/>\n<img decoding=\"async\" class=\"detail-desc-decorate-image\" style=\"max-width: 100%; height: auto; display: block; margin: 0 auto;\" src=\"https:\/\/reanpackaging.com\/wp-content\/uploads\/2024\/11\/2-description-Custom-Wholesale-Transparent-Wedding-Acrylic-Display-Gift-Box-For-Gift-Cake-Rose-Flower-With-Acrylic-Cover-Clear-Lids.jpg\" \/><br \/>\n<img decoding=\"async\" class=\"detail-desc-decorate-image\" style=\"max-width: 100%; height: auto; display: block; margin: 0 auto;\" src=\"https:\/\/reanpackaging.com\/wp-content\/uploads\/2024\/11\/3-description-Custom-Wholesale-Transparent-Wedding-Acrylic-Display-Gift-Box-For-Gift-Cake-Rose-Flower-With-Acrylic-Cover-Clear-Lids.jpg\" \/><\/p>","protected":false},"excerpt":{"rendered":"<p>Otros atributos Nombre de producto Caja de regalo de acr\u00edlico transparente Material Acr\u00edlico pmma perspex MOQ 100 piezas OEM Accepatble Ventaja 15 a\u00f1os de experiencia Dise\u00f1o Dise\u00f1os OEM Color claro Logotipo Logotipo personalizado Impresi\u00f3n UV Pritting<\/p>","protected":false},"featured_media":28037,"template":"","meta":{"_seopress_robots_primary_cat":"none","_seopress_titles_title":"","_seopress_titles_desc":"","_seopress_robots_index":"","site-sidebar-layout":"default","site-content-layout":"","ast-site-content-layout":"default","site-content-style":"default","site-sidebar-style":"default","ast-global-header-display":"","ast-banner-title-visibility":"","ast-main-header-display":"","ast-hfb-above-header-display":"","ast-hfb-below-header-display":"","ast-hfb-mobile-header-display":"","site-post-title":"","ast-breadcrumbs-content":"","ast-featured-img":"","footer-sml-layout":"","ast-disable-related-posts":"","theme-transparent-header-meta":"default","adv-header-id-meta":"","stick-header-meta":"default","header-above-stick-meta":"","header-main-stick-meta":"","header-below-stick-meta":"","astra-migrate-meta-layouts":"set","ast-page-background-enabled":"default","ast-page-background-meta":{"desktop":{"background-color":"","background-image":"","background-repeat":"repeat","background-position":"center center","background-size":"auto","background-attachment":"scroll","background-type":"","background-media":"","overlay-type":"","overlay-color":"","overlay-opacity":"","overlay-gradient":""},"tablet":{"background-color":"","background-image":"","background-repeat":"repeat","background-position":"center center","background-size":"auto","background-attachment":"scroll","background-type":"","background-media":"","overlay-type":"","overlay-color":"","overlay-opacity":"","overlay-gradient":""},"mobile":{"background-color":"","background-image":"","background-repeat":"repeat","background-position":"center center","background-size":"auto","background-attachment":"scroll","background-type":"","background-media":"","overlay-type":"","overlay-color":"","overlay-opacity":"","overlay-gradient":""}},"ast-content-background-meta":{"desktop":{"background-color":"var(--ast-global-color-5)","background-image":"","background-repeat":"repeat","background-position":"center center","background-size":"auto","background-attachment":"scroll","background-type":"","background-media":"","overlay-type":"","overlay-color":"","overlay-opacity":"","overlay-gradient":""},"tablet":{"background-color":"var(--ast-global-color-5)","background-image":"","background-repeat":"repeat","background-position":"center center","background-size":"auto","background-attachment":"scroll","background-type":"","background-media":"","overlay-type":"","overlay-color":"","overlay-opacity":"","overlay-gradient":""},"mobile":{"background-color":"var(--ast-global-color-5)","background-image":"","background-repeat":"repeat","background-position":"center center","background-size":"auto","background-attachment":"scroll","background-type":"","background-media":"","overlay-type":"","overlay-color":"","overlay-opacity":"","overlay-gradient":""}}},"product_brand":[],"product_cat":[77],"product_tag":[],"class_list":{"0":"post-28145","1":"product","2":"type-product","3":"status-publish","4":"has-post-thumbnail","6":"product_cat-gift-boxes-with-clear-lids","7":"desktop-align-left","8":"tablet-align-left","9":"mobile-align-left","10":"ast-product-gallery-layout-horizontal","11":"ast-product-tabs-layout-horizontal","13":"first","14":"instock","15":"product-type-simple"},"_links":{"self":[{"href":"https:\/\/reanpackaging.com\/es\/wp-json\/wp\/v2\/product\/28145","targetHints":{"allow":["GET"]}}],"collection":[{"href":"https:\/\/reanpackaging.com\/es\/wp-json\/wp\/v2\/product"}],"about":[{"href":"https:\/\/reanpackaging.com\/es\/wp-json\/wp\/v2\/types\/product"}],"wp:featuredmedia":[{"embeddable":true,"href":"https:\/\/reanpackaging.com\/es\/wp-json\/wp\/v2\/media\/28037"}],"wp:attachment":[{"href":"https:\/\/reanpackaging.com\/es\/wp-json\/wp\/v2\/media?parent=28145"}],"wp:term":[{"taxonomy":"product_brand","embeddable":true,"href":"https:\/\/reanpackaging.com\/es\/wp-json\/wp\/v2\/product_brand?post=28145"},{"taxonomy":"product_cat","embeddable":true,"href":"https:\/\/reanpackaging.com\/es\/wp-json\/wp\/v2\/product_cat?post=28145"},{"taxonomy":"product_tag","embeddable":true,"href":"https:\/\/reanpackaging.com\/es\/wp-json\/wp\/v2\/product_tag?post=28145"}],"curies":[{"name":"wp","href":"https:\/\/api.w.org\/{rel}","templated":true}]}}